{"id":2320,"date":"2020-11-21T19:07:30","date_gmt":"2020-11-21T18:07:30","guid":{"rendered":"http:\/\/store.droneway.ma\/index.php\/produit\/bride-de-smartphone-magnetique-dji-om-4\/"},"modified":"2020-11-21T19:07:51","modified_gmt":"2020-11-21T18:07:51","slug":"bride-de-smartphone-magnetique-dji-om-4","status":"publish","type":"product","link":"https:\/\/store.droneway.ma\/index.php\/produit\/bride-de-smartphone-magnetique-dji-om-4\/","title":{"rendered":"Bride de smartphone magn\u00e9tique DJI OM 4"},"content":{"rendered":"<p>La bride de smartphone magn\u00e9tique DJI OM 4 permet de fixer rapidement votre t\u00e9l\u00e9phone sur le nouveau stabilisateur de chez DJI.\u00a0Elle dispose d&rsquo;une accroche magn\u00e9tique avec un design \u00e9pur\u00e9 et l\u00e9ger. Elle n&rsquo;impactera en rien le bon fonctionnement du smartphone m\u00eame si elle y reste accroch\u00e9e.\u00a0La bride comprend des aimants, donc nous vous conseillons grandement de la conserver \u00e0 l&rsquo;\u00e9cart des cartes magn\u00e9tiques ou tout autres dispositifs sujets \u00e0 interf\u00e9rence.<\/p>\n","protected":false},"excerpt":{"rendered":"<p>Accroche simple et efficace  Finition haut de gamme<\/p>\n","protected":false},"featured_media":2321,"template":"","meta":{"content-type":"","rop_custom_images_group":[],"rop_custom_messages_group":[],"rop_publish_now":"initial","rop_publish_now_accounts":[],"rop_publish_now_history":[],"rop_publish_now_status":"pending"},"product_brand":[],"product_cat":[23,60],"product_tag":[],"class_list":{"0":"post-2320","1":"product","2":"type-product","3":"status-publish","4":"has-post-thumbnail","6":"product_cat-dji-osmo","7":"product_cat-osmo-pocket","9":"first","10":"instock","11":"purchasable","12":"product-type-simple"},"jetpack-related-posts":[{"id":2316,"url":"https:\/\/store.droneway.ma\/index.php\/produit\/anneau-de-support-magnetique-dji-om-4\/","url_meta":{"origin":2320,"position":0},"title":"Anneau de support magn\u00e9tique DJI OM 4","author":"admin","date":"21 novembre 2020","format":false,"excerpt":"Anneau de support magn\u00e9tique pour DJI OM 4","rel":"","context":"Article similaire","block_context":{"text":"Article similaire","link":""},"img":{"alt_text":"Anneau de support magn\u00e9tique DJI OM 4","src":"https:\/\/i0.wp.com\/store.droneway.ma\/wp-content\/uploads\/2020\/11\/Anneau-de-support-magnetique-DJI-OM-4.jpg?resize=350%2C200&ssl=1","width":350,"height":200},"classes":[]},{"id":2301,"url":"https:\/\/store.droneway.ma\/index.php\/produit\/dji-om-4-osmo-mobile-4\/","url_meta":{"origin":2320,"position":1},"title":"DJI OM 4 &#8211; Osmo Mobile 4 SE","author":"admin","date":"21 novembre 2020","format":false,"excerpt":"Nouvelles fixations magn\u00e9tiques Tr\u00e9pied fourni Stabilisateur performant Modes intelligents Pliable et compact Consignes pour l'utilisation de l'anneau de fixation magn\u00e9tique :","rel":"","context":"Article similaire","block_context":{"text":"Article similaire","link":""},"img":{"alt_text":"DJI OM 4 - Osmo Mobile 4","src":"https:\/\/i0.wp.com\/store.droneway.ma\/wp-content\/uploads\/2020\/11\/DJI-OM-4-Osmo-Mobile-4.jpg?resize=350%2C200&ssl=1","width":350,"height":200,"srcset":"https:\/\/i0.wp.com\/store.droneway.ma\/wp-content\/uploads\/2020\/11\/DJI-OM-4-Osmo-Mobile-4.jpg?resize=350%2C200&ssl=1 1x, https:\/\/i0.wp.com\/store.droneway.ma\/wp-content\/uploads\/2020\/11\/DJI-OM-4-Osmo-Mobile-4.jpg?resize=525%2C300&ssl=1 1.5x, https:\/\/i0.wp.com\/store.droneway.ma\/wp-content\/uploads\/2020\/11\/DJI-OM-4-Osmo-Mobile-4.jpg?resize=700%2C400&ssl=1 2x"},"classes":[]},{"id":2347,"url":"https:\/\/store.droneway.ma\/index.php\/produit\/support-smartphone-pour-dji-pocket-2\/","url_meta":{"origin":2320,"position":2},"title":"Support smartphone pour DJI Pocket 2","author":"admin","date":"21 novembre 2020","format":false,"excerpt":"Maintient le smartphone et le DJI Pocket 2 ensemble Pas de vis 1\/4\" pour fixation sur tr\u00e9pied Cold shoe pour l'ajout de micro ou de LED Conception robuste","rel":"","context":"Article similaire","block_context":{"text":"Article similaire","link":""},"img":{"alt_text":"Support smartphone pour DJI Pocket 2","src":"https:\/\/i0.wp.com\/store.droneway.ma\/wp-content\/uploads\/2020\/11\/Support-smartphone-pour-DJI-Pocket-2.jpg?resize=350%2C200&ssl=1","width":350,"height":200,"srcset":"https:\/\/i0.wp.com\/store.droneway.ma\/wp-content\/uploads\/2020\/11\/Support-smartphone-pour-DJI-Pocket-2.jpg?resize=350%2C200&ssl=1 1x, https:\/\/i0.wp.com\/store.droneway.ma\/wp-content\/uploads\/2020\/11\/Support-smartphone-pour-DJI-Pocket-2.jpg?resize=525%2C300&ssl=1 1.5x, https:\/\/i0.wp.com\/store.droneway.ma\/wp-content\/uploads\/2020\/11\/Support-smartphone-pour-DJI-Pocket-2.jpg?resize=700%2C400&ssl=1 2x"},"classes":[]},{"id":2385,"url":"https:\/\/store.droneway.ma\/index.php\/produit\/support-smartphone-pour-dji-pocket-2-2\/","url_meta":{"origin":2320,"position":3},"title":"Support smartphone pour DJI Pocket 2","author":"admin","date":"21 novembre 2020","format":false,"excerpt":"Maintient le smartphone et le DJI Pocket 2 ensemble Pas de vis 1\/4\" pour fixation sur tr\u00e9pied Cold shoe pour l'ajout de micro ou de LED Conception robuste","rel":"","context":"Article similaire","block_context":{"text":"Article similaire","link":""},"img":{"alt_text":"Support smartphone pour DJI Pocket 2","src":"https:\/\/i0.wp.com\/store.droneway.ma\/wp-content\/uploads\/2020\/11\/Support-smartphone-pour-DJI-Pocket-2.jpg?resize=350%2C200&ssl=1","width":350,"height":200,"srcset":"https:\/\/i0.wp.com\/store.droneway.ma\/wp-content\/uploads\/2020\/11\/Support-smartphone-pour-DJI-Pocket-2.jpg?resize=350%2C200&ssl=1 1x, https:\/\/i0.wp.com\/store.droneway.ma\/wp-content\/uploads\/2020\/11\/Support-smartphone-pour-DJI-Pocket-2.jpg?resize=525%2C300&ssl=1 1.5x, https:\/\/i0.wp.com\/store.droneway.ma\/wp-content\/uploads\/2020\/11\/Support-smartphone-pour-DJI-Pocket-2.jpg?resize=700%2C400&ssl=1 2x"},"classes":[]},{"id":2339,"url":"https:\/\/store.droneway.ma\/index.php\/produit\/support-smartphone-compact-pour-dji-osmo-pocket-pgytech\/","url_meta":{"origin":2320,"position":4},"title":"Support smartphone compact pour DJI Osmo Pocket &#8211; PGYTECH","author":"admin","date":"21 novembre 2020","format":false,"excerpt":"D\u00e9couvrez le support en action :","rel":"","context":"Article similaire","block_context":{"text":"Article similaire","link":""},"img":{"alt_text":"Support smartphone compact pour DJI Osmo Pocket - PGYTECH","src":"https:\/\/i0.wp.com\/store.droneway.ma\/wp-content\/uploads\/2020\/11\/support-smartphone-compact-pour-dji-osmo-pocket-pgytech-p-image-206709-grande.jpg?resize=350%2C200&ssl=1","width":350,"height":200},"classes":[]},{"id":2287,"url":"https:\/\/store.droneway.ma\/index.php\/produit\/dji-osmo-action\/","url_meta":{"origin":2320,"position":5},"title":"DJI Osmo Action 2 Power Combo","author":"admin","date":"21 novembre 2020","format":false,"excerpt":"Filme en 4k \u00e0 60 images par seconde Deux \u00e9crans LCD Fonction Hyperlapse et Timelapse Stabilisation num\u00e9rique Rocksteady La cam\u00e9ra DJI Osmo Action 2 me suit en voyage \u00e0 l'\u00e9tranger.","rel":"","context":"Article similaire","block_context":{"text":"Article similaire","link":""},"img":{"alt_text":"","src":"https:\/\/i0.wp.com\/store.droneway.ma\/wp-content\/uploads\/2020\/11\/action-2.jpg?resize=350%2C200&ssl=1","width":350,"height":200,"srcset":"https:\/\/i0.wp.com\/store.droneway.ma\/wp-content\/uploads\/2020\/11\/action-2.jpg?resize=350%2C200&ssl=1 1x, https:\/\/i0.wp.com\/store.droneway.ma\/wp-content\/uploads\/2020\/11\/action-2.jpg?resize=525%2C300&ssl=1 1.5x, https:\/\/i0.wp.com\/store.droneway.ma\/wp-content\/uploads\/2020\/11\/action-2.jpg?resize=700%2C400&ssl=1 2x, https:\/\/i0.wp.com\/store.droneway.ma\/wp-content\/uploads\/2020\/11\/action-2.jpg?resize=1050%2C600&ssl=1 3x"},"classes":[]}],"jetpack_sharing_enabled":true,"_links":{"self":[{"href":"https:\/\/store.droneway.ma\/index.php\/wp-json\/wp\/v2\/product\/2320","targetHints":{"allow":["GET"]}}],"collection":[{"href":"https:\/\/store.droneway.ma\/index.php\/wp-json\/wp\/v2\/product"}],"about":[{"href":"https:\/\/store.droneway.ma\/index.php\/wp-json\/wp\/v2\/types\/product"}],"wp:featuredmedia":[{"embeddable":true,"href":"https:\/\/store.droneway.ma\/index.php\/wp-json\/wp\/v2\/media\/2321"}],"wp:attachment":[{"href":"https:\/\/store.droneway.ma\/index.php\/wp-json\/wp\/v2\/media?parent=2320"}],"wp:term":[{"taxonomy":"product_brand","embeddable":true,"href":"https:\/\/store.droneway.ma\/index.php\/wp-json\/wp\/v2\/product_brand?post=2320"},{"taxonomy":"product_cat","embeddable":true,"href":"https:\/\/store.droneway.ma\/index.php\/wp-json\/wp\/v2\/product_cat?post=2320"},{"taxonomy":"product_tag","embeddable":true,"href":"https:\/\/store.droneway.ma\/index.php\/wp-json\/wp\/v2\/product_tag?post=2320"}],"curies":[{"name":"wp","href":"https:\/\/api.w.org\/{rel}","templated":true}]}}