{"id":2316,"date":"2020-11-21T19:07:30","date_gmt":"2020-11-21T18:07:30","guid":{"rendered":"http:\/\/store.droneway.ma\/index.php\/produit\/anneau-de-support-magnetique-dji-om-4\/"},"modified":"2020-11-21T19:07:46","modified_gmt":"2020-11-21T18:07:46","slug":"anneau-de-support-magnetique-dji-om-4","status":"publish","type":"product","link":"https:\/\/store.droneway.ma\/index.php\/produit\/anneau-de-support-magnetique-dji-om-4\/","title":{"rendered":"Anneau de support magn\u00e9tique DJI OM 4"},"content":{"rendered":"<p>Remplacez l&rsquo;anneau de support magn\u00e9tique de votre stabilisateur DJI OM 4 par cette pi\u00e8ce officielle.  L&rsquo;accessoire se fixe au dos de votre smartphone (sans coque) \u00e0 l&rsquo;aide du rep\u00e8re fourni. Une fois l&rsquo;anneau install\u00e9 sur votre smartphone, pas besoin de l&rsquo;\u00e9quilibrer sur le DJI OM 4. En plus de proposer une fixation rapide, cet anneau peut vous servie au quotidien pour maintenir votre t\u00e9l\u00e9phone en utilisation.  Note : L&rsquo;aimant est puissant, conservez-le \u00e0 l&rsquo;\u00e9cart des \u00e9l\u00e9ments magn\u00e9tiques tels que les disques durs ou les stimulateurs cardiaques.<\/p>\n","protected":false},"excerpt":{"rendered":"<p>Anneau de support magn\u00e9tique pour DJI OM 4<\/p>\n","protected":false},"featured_media":2317,"template":"","meta":{"content-type":"","rop_custom_images_group":[],"rop_custom_messages_group":[],"rop_publish_now":"initial","rop_publish_now_accounts":[],"rop_publish_now_history":[],"rop_publish_now_status":"pending"},"product_brand":[],"product_cat":[23,61],"product_tag":[],"class_list":{"0":"post-2316","1":"product","2":"type-product","3":"status-publish","4":"has-post-thumbnail","6":"product_cat-dji-osmo","7":"product_cat-osmo-mobile","9":"first","10":"instock","11":"purchasable","12":"product-type-simple"},"jetpack-related-posts":[{"id":2301,"url":"https:\/\/store.droneway.ma\/index.php\/produit\/dji-om-4-osmo-mobile-4\/","url_meta":{"origin":2316,"position":0},"title":"DJI OM 4 &#8211; Osmo Mobile 4 SE","author":"admin","date":"21 novembre 2020","format":false,"excerpt":"Nouvelles fixations magn\u00e9tiques Tr\u00e9pied fourni Stabilisateur performant Modes intelligents Pliable et compact Consignes pour l'utilisation de l'anneau de fixation magn\u00e9tique :","rel":"","context":"Article similaire","block_context":{"text":"Article similaire","link":""},"img":{"alt_text":"DJI OM 4 - Osmo Mobile 4","src":"https:\/\/i0.wp.com\/store.droneway.ma\/wp-content\/uploads\/2020\/11\/DJI-OM-4-Osmo-Mobile-4.jpg?resize=350%2C200&ssl=1","width":350,"height":200,"srcset":"https:\/\/i0.wp.com\/store.droneway.ma\/wp-content\/uploads\/2020\/11\/DJI-OM-4-Osmo-Mobile-4.jpg?resize=350%2C200&ssl=1 1x, https:\/\/i0.wp.com\/store.droneway.ma\/wp-content\/uploads\/2020\/11\/DJI-OM-4-Osmo-Mobile-4.jpg?resize=525%2C300&ssl=1 1.5x, https:\/\/i0.wp.com\/store.droneway.ma\/wp-content\/uploads\/2020\/11\/DJI-OM-4-Osmo-Mobile-4.jpg?resize=700%2C400&ssl=1 2x"},"classes":[]},{"id":2320,"url":"https:\/\/store.droneway.ma\/index.php\/produit\/bride-de-smartphone-magnetique-dji-om-4\/","url_meta":{"origin":2316,"position":1},"title":"Bride de smartphone magn\u00e9tique DJI OM 4","author":"admin","date":"21 novembre 2020","format":false,"excerpt":"Accroche simple et efficace Finition haut de gamme","rel":"","context":"Article similaire","block_context":{"text":"Article similaire","link":""},"img":{"alt_text":"Bride de smartphone magn\u00e9tique DJI OM 4","src":"https:\/\/i0.wp.com\/store.droneway.ma\/wp-content\/uploads\/2020\/11\/Bride-de-smartphone-magnetique-DJI-OM-4.jpg?resize=350%2C200&ssl=1","width":350,"height":200,"srcset":"https:\/\/i0.wp.com\/store.droneway.ma\/wp-content\/uploads\/2020\/11\/Bride-de-smartphone-magnetique-DJI-OM-4.jpg?resize=350%2C200&ssl=1 1x, https:\/\/i0.wp.com\/store.droneway.ma\/wp-content\/uploads\/2020\/11\/Bride-de-smartphone-magnetique-DJI-OM-4.jpg?resize=525%2C300&ssl=1 1.5x, https:\/\/i0.wp.com\/store.droneway.ma\/wp-content\/uploads\/2020\/11\/Bride-de-smartphone-magnetique-DJI-OM-4.jpg?resize=700%2C400&ssl=1 2x, https:\/\/i0.wp.com\/store.droneway.ma\/wp-content\/uploads\/2020\/11\/Bride-de-smartphone-magnetique-DJI-OM-4.jpg?resize=1050%2C600&ssl=1 3x"},"classes":[]},{"id":2347,"url":"https:\/\/store.droneway.ma\/index.php\/produit\/support-smartphone-pour-dji-pocket-2\/","url_meta":{"origin":2316,"position":2},"title":"Support smartphone pour DJI Pocket 2","author":"admin","date":"21 novembre 2020","format":false,"excerpt":"Maintient le smartphone et le DJI Pocket 2 ensemble Pas de vis 1\/4\" pour fixation sur tr\u00e9pied Cold shoe pour l'ajout de micro ou de LED Conception robuste","rel":"","context":"Article similaire","block_context":{"text":"Article similaire","link":""},"img":{"alt_text":"Support smartphone pour DJI Pocket 2","src":"https:\/\/i0.wp.com\/store.droneway.ma\/wp-content\/uploads\/2020\/11\/Support-smartphone-pour-DJI-Pocket-2.jpg?resize=350%2C200&ssl=1","width":350,"height":200,"srcset":"https:\/\/i0.wp.com\/store.droneway.ma\/wp-content\/uploads\/2020\/11\/Support-smartphone-pour-DJI-Pocket-2.jpg?resize=350%2C200&ssl=1 1x, https:\/\/i0.wp.com\/store.droneway.ma\/wp-content\/uploads\/2020\/11\/Support-smartphone-pour-DJI-Pocket-2.jpg?resize=525%2C300&ssl=1 1.5x, https:\/\/i0.wp.com\/store.droneway.ma\/wp-content\/uploads\/2020\/11\/Support-smartphone-pour-DJI-Pocket-2.jpg?resize=700%2C400&ssl=1 2x"},"classes":[]},{"id":2385,"url":"https:\/\/store.droneway.ma\/index.php\/produit\/support-smartphone-pour-dji-pocket-2-2\/","url_meta":{"origin":2316,"position":3},"title":"Support smartphone pour DJI Pocket 2","author":"admin","date":"21 novembre 2020","format":false,"excerpt":"Maintient le smartphone et le DJI Pocket 2 ensemble Pas de vis 1\/4\" pour fixation sur tr\u00e9pied Cold shoe pour l'ajout de micro ou de LED Conception robuste","rel":"","context":"Article similaire","block_context":{"text":"Article similaire","link":""},"img":{"alt_text":"Support smartphone pour DJI Pocket 2","src":"https:\/\/i0.wp.com\/store.droneway.ma\/wp-content\/uploads\/2020\/11\/Support-smartphone-pour-DJI-Pocket-2.jpg?resize=350%2C200&ssl=1","width":350,"height":200,"srcset":"https:\/\/i0.wp.com\/store.droneway.ma\/wp-content\/uploads\/2020\/11\/Support-smartphone-pour-DJI-Pocket-2.jpg?resize=350%2C200&ssl=1 1x, https:\/\/i0.wp.com\/store.droneway.ma\/wp-content\/uploads\/2020\/11\/Support-smartphone-pour-DJI-Pocket-2.jpg?resize=525%2C300&ssl=1 1.5x, https:\/\/i0.wp.com\/store.droneway.ma\/wp-content\/uploads\/2020\/11\/Support-smartphone-pour-DJI-Pocket-2.jpg?resize=700%2C400&ssl=1 2x"},"classes":[]},{"id":2339,"url":"https:\/\/store.droneway.ma\/index.php\/produit\/support-smartphone-compact-pour-dji-osmo-pocket-pgytech\/","url_meta":{"origin":2316,"position":4},"title":"Support smartphone compact pour DJI Osmo Pocket &#8211; PGYTECH","author":"admin","date":"21 novembre 2020","format":false,"excerpt":"D\u00e9couvrez le support en action :","rel":"","context":"Article similaire","block_context":{"text":"Article similaire","link":""},"img":{"alt_text":"Support smartphone compact pour DJI Osmo Pocket - PGYTECH","src":"https:\/\/i0.wp.com\/store.droneway.ma\/wp-content\/uploads\/2020\/11\/support-smartphone-compact-pour-dji-osmo-pocket-pgytech-p-image-206709-grande.jpg?resize=350%2C200&ssl=1","width":350,"height":200},"classes":[]},{"id":2088,"url":"https:\/\/store.droneway.ma\/index.php\/produit\/support-smartphone-tablette-pour-dji-cendence-et-inspire-2\/","url_meta":{"origin":2316,"position":5},"title":"Support smartphone &#038; tablette pour DJI Cendence et Inspire 2","author":"admin","date":"21 novembre 2020","format":false,"excerpt":"Permet la fixation de smartphone et tablette Installation facile","rel":"","context":"Article similaire","block_context":{"text":"Article similaire","link":""},"img":{"alt_text":"Support smartphone & tablette pour DJI Cendence et Inspire 2","src":"https:\/\/i0.wp.com\/store.droneway.ma\/wp-content\/uploads\/2020\/11\/support-smartphone-tablette-pour-dji-cendence-p-image-188058-grande.jpg?resize=350%2C200&ssl=1","width":350,"height":200},"classes":[]}],"jetpack_sharing_enabled":true,"_links":{"self":[{"href":"https:\/\/store.droneway.ma\/index.php\/wp-json\/wp\/v2\/product\/2316","targetHints":{"allow":["GET"]}}],"collection":[{"href":"https:\/\/store.droneway.ma\/index.php\/wp-json\/wp\/v2\/product"}],"about":[{"href":"https:\/\/store.droneway.ma\/index.php\/wp-json\/wp\/v2\/types\/product"}],"wp:featuredmedia":[{"embeddable":true,"href":"https:\/\/store.droneway.ma\/index.php\/wp-json\/wp\/v2\/media\/2317"}],"wp:attachment":[{"href":"https:\/\/store.droneway.ma\/index.php\/wp-json\/wp\/v2\/media?parent=2316"}],"wp:term":[{"taxonomy":"product_brand","embeddable":true,"href":"https:\/\/store.droneway.ma\/index.php\/wp-json\/wp\/v2\/product_brand?post=2316"},{"taxonomy":"product_cat","embeddable":true,"href":"https:\/\/store.droneway.ma\/index.php\/wp-json\/wp\/v2\/product_cat?post=2316"},{"taxonomy":"product_tag","embeddable":true,"href":"https:\/\/store.droneway.ma\/index.php\/wp-json\/wp\/v2\/product_tag?post=2316"}],"curies":[{"name":"wp","href":"https:\/\/api.w.org\/{rel}","templated":true}]}}