{"id":2312,"date":"2020-11-21T19:07:30","date_gmt":"2020-11-21T18:07:30","guid":{"rendered":"http:\/\/store.droneway.ma\/index.php\/produit\/pochette-pour-dji-om4\/"},"modified":"2020-11-21T19:07:42","modified_gmt":"2020-11-21T18:07:42","slug":"pochette-pour-dji-om4","status":"publish","type":"product","link":"https:\/\/store.droneway.ma\/index.php\/produit\/pochette-pour-dji-om4\/","title":{"rendered":"Pochette pour DJI OM4"},"content":{"rendered":"<p>Stockez et emporter votre DJI OM4 partout avec vous avec cette sacoche DJI.  L&rsquo;accessoire est \u00e9quip\u00e9 d&rsquo;une sangle pour le porter \u00e0 l&rsquo;\u00e9paule ou bien en bandouli\u00e8re.<\/p>\n","protected":false},"excerpt":{"rendered":"<p>Pochette pour DJI OM4<\/p>\n","protected":false},"featured_media":2313,"template":"","meta":{"content-type":"","rop_custom_images_group":[],"rop_custom_messages_group":[],"rop_publish_now":"initial","rop_publish_now_accounts":[],"rop_publish_now_history":[],"rop_publish_now_status":"pending"},"product_brand":[],"product_cat":[23,61],"product_tag":[],"class_list":{"0":"post-2312","1":"product","2":"type-product","3":"status-publish","4":"has-post-thumbnail","6":"product_cat-dji-osmo","7":"product_cat-osmo-mobile","9":"first","10":"instock","11":"purchasable","12":"product-type-simple"},"jetpack-related-posts":[{"id":2293,"url":"https:\/\/store.droneway.ma\/index.php\/produit\/diving-kit-pour-dji-osmo-action\/","url_meta":{"origin":2312,"position":0},"title":"Diving Kit pour DJI Osmo Action","author":"admin","date":"21 novembre 2020","format":false,"excerpt":"Kit complet d\u00e9di\u00e9 \u00e0 la plong\u00e9e Doublez votre autonomie avec la batterie suppl\u00e9mentaire Poign\u00e9e flottante et fixation main et poignet incluse Pochette de rangement incluse","rel":"","context":"Article similaire","block_context":{"text":"Article similaire","link":""},"img":{"alt_text":"Diving Kit pour DJI Osmo Action","src":"https:\/\/i0.wp.com\/store.droneway.ma\/wp-content\/uploads\/2020\/11\/diving-kit-pour-dji-osmo-action-p-image-214101-grande.jpg?resize=350%2C200&ssl=1","width":350,"height":200,"srcset":"https:\/\/i0.wp.com\/store.droneway.ma\/wp-content\/uploads\/2020\/11\/diving-kit-pour-dji-osmo-action-p-image-214101-grande.jpg?resize=350%2C200&ssl=1 1x, https:\/\/i0.wp.com\/store.droneway.ma\/wp-content\/uploads\/2020\/11\/diving-kit-pour-dji-osmo-action-p-image-214101-grande.jpg?resize=525%2C300&ssl=1 1.5x, https:\/\/i0.wp.com\/store.droneway.ma\/wp-content\/uploads\/2020\/11\/diving-kit-pour-dji-osmo-action-p-image-214101-grande.jpg?resize=700%2C400&ssl=1 2x"},"classes":[]},{"id":2504,"url":"https:\/\/store.droneway.ma\/index.php\/produit\/dji-focus-wheel-pour-dji-ronin-s-sc\/","url_meta":{"origin":2312,"position":1},"title":"DJI Focus Wheel pour DJI Ronin-S\/SC","author":"admin","date":"21 novembre 2020","format":false,"excerpt":"Utilisez le DJI Focus Wheel sur le Ronin-S\/SC Meilleur contr\u00f4le de la mise au point Installation Plug & Play","rel":"","context":"Article similaire","block_context":{"text":"Article similaire","link":""},"img":{"alt_text":"DJI Focus Wheel pour DJI Ronin-S\/SC","src":"https:\/\/i0.wp.com\/store.droneway.ma\/wp-content\/uploads\/2020\/11\/DJI-Focus-Wheel-pour-DJI-Ronin-SSC.jpg?resize=350%2C200&ssl=1","width":350,"height":200},"classes":[]},{"id":2078,"url":"https:\/\/store.droneway.ma\/index.php\/produit\/cable-dalimentation-secteur-180w-pour-dji-inspire-2-dji-ronin-2\/","url_meta":{"origin":2312,"position":2},"title":"C\u00e2ble d&rsquo;alimentation secteur 180W pour DJI Inspire 2 &#038; DJI Ronin 2","author":"admin","date":"21 novembre 2020","format":false,"excerpt":"C\u00e2ble de charge pour chargeur 180 W, compatible avec le DJI Inspire 2 et le stabilisateur DJI Ronin 2.","rel":"","context":"Article similaire","block_context":{"text":"Article similaire","link":""},"img":{"alt_text":"","src":"https:\/\/i0.wp.com\/store.droneway.ma\/wp-content\/uploads\/2020\/11\/cable-ac-pour-adaptateur-secteur-180w-inspire-2-p-image-217792-grande.jpg?resize=350%2C200&ssl=1","width":350,"height":200},"classes":[]},{"id":2169,"url":"https:\/\/store.droneway.ma\/index.php\/produit\/dji-mavic-2-pro-dji-goggles-re\/","url_meta":{"origin":2312,"position":3},"title":"DJI Mavic 2 Pro &#038; DJI Goggles RE","author":"admin","date":"21 novembre 2020","format":false,"excerpt":"Int\u00e9grant une cam\u00e9ra Hasselblad avec capteur CMOS 1\" 20 MP, le DJI Mavic 2 Pro est capable de voler jusqu'\u00e0 31 minutes !","rel":"","context":"Article similaire","block_context":{"text":"Article similaire","link":""},"img":{"alt_text":"DJI Mavic 2 Pro & DJI Goggles RE","src":"https:\/\/i0.wp.com\/store.droneway.ma\/wp-content\/uploads\/2020\/11\/dji-mavic-2-pro-dji-goggles-re-p-image-200907-grande.jpg?resize=350%2C200&ssl=1","width":350,"height":200},"classes":[]},{"id":2214,"url":"https:\/\/store.droneway.ma\/index.php\/produit\/dji-flight-case-pour-dji-mavic-2-enterprise\/","url_meta":{"origin":2312,"position":4},"title":"DJI Flight Case pour DJI Mavic 2 Enterprise","author":"admin","date":"21 novembre 2020","format":false,"excerpt":"Cette valise dispose d'un nombre cons\u00e9quent d'emplacement afin d'int\u00e9grer les 3 modules du DJI Mavic 2 Enterprise ainsi que 6 batteries suppl\u00e9mentaires et les diff\u00e9rents c\u00e2bles et chargeur.","rel":"","context":"Article similaire","block_context":{"text":"Article similaire","link":""},"img":{"alt_text":"DJI Flight Case pour DJI Mavic 2 Enterprise","src":"https:\/\/i0.wp.com\/store.droneway.ma\/wp-content\/uploads\/2020\/11\/DJI-Flight-Case-pour-DJI-Mavic-2-Enterprise.jpg?resize=350%2C200&ssl=1","width":350,"height":200},"classes":[]},{"id":2486,"url":"https:\/\/store.droneway.ma\/index.php\/produit\/cable-dalimentation-secteur-180w-pour-dji-inspire-2-dji-ronin-2-2\/","url_meta":{"origin":2312,"position":5},"title":"C\u00e2ble d&rsquo;alimentation secteur 180W pour DJI Inspire 2 &#038; DJI Ronin 2","author":"admin","date":"21 novembre 2020","format":false,"excerpt":"C\u00e2ble AC pour adaptateur secteur 180W Inspire 2","rel":"","context":"Article similaire","block_context":{"text":"Article similaire","link":""},"img":{"alt_text":"","src":"https:\/\/i0.wp.com\/store.droneway.ma\/wp-content\/uploads\/2020\/11\/cable-ac-pour-adaptateur-secteur-180w-inspire-2-p-image-217792-grande.jpg?resize=350%2C200&ssl=1","width":350,"height":200},"classes":[]}],"jetpack_sharing_enabled":true,"_links":{"self":[{"href":"https:\/\/store.droneway.ma\/index.php\/wp-json\/wp\/v2\/product\/2312","targetHints":{"allow":["GET"]}}],"collection":[{"href":"https:\/\/store.droneway.ma\/index.php\/wp-json\/wp\/v2\/product"}],"about":[{"href":"https:\/\/store.droneway.ma\/index.php\/wp-json\/wp\/v2\/types\/product"}],"wp:featuredmedia":[{"embeddable":true,"href":"https:\/\/store.droneway.ma\/index.php\/wp-json\/wp\/v2\/media\/2313"}],"wp:attachment":[{"href":"https:\/\/store.droneway.ma\/index.php\/wp-json\/wp\/v2\/media?parent=2312"}],"wp:term":[{"taxonomy":"product_brand","embeddable":true,"href":"https:\/\/store.droneway.ma\/index.php\/wp-json\/wp\/v2\/product_brand?post=2312"},{"taxonomy":"product_cat","embeddable":true,"href":"https:\/\/store.droneway.ma\/index.php\/wp-json\/wp\/v2\/product_cat?post=2312"},{"taxonomy":"product_tag","embeddable":true,"href":"https:\/\/store.droneway.ma\/index.php\/wp-json\/wp\/v2\/product_tag?post=2312"}],"curies":[{"name":"wp","href":"https:\/\/api.w.org\/{rel}","templated":true}]}}