{"id":2307,"date":"2020-11-21T19:07:30","date_gmt":"2020-11-21T18:07:30","guid":{"rendered":"http:\/\/store.droneway.ma\/index.php\/produit\/mini-trepied-pgytech\/"},"modified":"2020-11-21T19:07:37","modified_gmt":"2020-11-21T18:07:37","slug":"mini-trepied-pgytech","status":"publish","type":"product","link":"https:\/\/store.droneway.ma\/index.php\/produit\/mini-trepied-pgytech\/","title":{"rendered":"Mini tr\u00e9pied &#8211; PGYTECH"},"content":{"rendered":"<p>Ce petit tr\u00e9pied du fabricant PGYTECH permet d&rsquo;installer toute cam\u00e9ra \u00e9quip\u00e9e d&rsquo;un pas de vis 1\/4&Prime;. Con\u00e7u d&rsquo;ABS et d&rsquo;un alliage d&rsquo;aluminium, ce mini tr\u00e9pied est robuste et solide. Les patins en silicone assurent une tr\u00e8s bonne stabilit\u00e9 du tr\u00e9pied sur toutes les surfaces.  Le tr\u00e9pied une fois repli\u00e9 peut \u00e9galement servir de selfie stick.<\/p>\n","protected":false},"excerpt":{"rendered":"<p>Patins antid\u00e9rapants  Sert aussi bien de tr\u00e9pied que de selfie stick  Conception en ABS et alliage d&rsquo;aluminium<\/p>\n","protected":false},"featured_media":1340,"template":"","meta":{"content-type":"","rop_custom_images_group":[],"rop_custom_messages_group":[],"rop_publish_now":"initial","rop_publish_now_accounts":[],"rop_publish_now_history":[],"rop_publish_now_status":"pending"},"product_brand":[],"product_cat":[23,61],"product_tag":[],"class_list":{"0":"post-2307","1":"product","2":"type-product","3":"status-publish","4":"has-post-thumbnail","6":"product_cat-dji-osmo","7":"product_cat-osmo-mobile","9":"first","10":"instock","11":"purchasable","12":"product-type-simple"},"jetpack-related-posts":[{"id":2294,"url":"https:\/\/store.droneway.ma\/index.php\/produit\/trepied-extensible-pour-action-cams-pgytech\/","url_meta":{"origin":2307,"position":0},"title":"Tr\u00e9pied extensible pour action cams &#8211; PGYTECH","author":"admin","date":"21 novembre 2020","format":false,"excerpt":"Deux fonctions en une : tr\u00e9pied et selfie-stick Embase tripod pour venir y fixer votre cam\u00e9ra Poign\u00e9e anti-d\u00e9rapante R\u00e9tractable","rel":"","context":"Article similaire","block_context":{"text":"Article similaire","link":""},"img":{"alt_text":"Tr\u00e9pied extensible pour action cams - PGYTECH","src":"https:\/\/i0.wp.com\/store.droneway.ma\/wp-content\/uploads\/2020\/11\/trepied-selfie-stick-pour-dji-osmo-action-pgytech-p-image-214260-grande.jpg?resize=350%2C200&ssl=1","width":350,"height":200,"srcset":"https:\/\/i0.wp.com\/store.droneway.ma\/wp-content\/uploads\/2020\/11\/trepied-selfie-stick-pour-dji-osmo-action-pgytech-p-image-214260-grande.jpg?resize=350%2C200&ssl=1 1x, https:\/\/i0.wp.com\/store.droneway.ma\/wp-content\/uploads\/2020\/11\/trepied-selfie-stick-pour-dji-osmo-action-pgytech-p-image-214260-grande.jpg?resize=525%2C300&ssl=1 1.5x, https:\/\/i0.wp.com\/store.droneway.ma\/wp-content\/uploads\/2020\/11\/trepied-selfie-stick-pour-dji-osmo-action-pgytech-p-image-214260-grande.jpg?resize=700%2C400&ssl=1 2x"},"classes":[]},{"id":2343,"url":"https:\/\/store.droneway.ma\/index.php\/produit\/mini-trepied-pour-dji-pocket-2\/","url_meta":{"origin":2307,"position":1},"title":"Mini tr\u00e9pied pour DJI Pocket 2","author":"admin","date":"21 novembre 2020","format":false,"excerpt":"Compatible DJI Pocket 2 Pliable Montage rapide","rel":"","context":"Article similaire","block_context":{"text":"Article similaire","link":""},"img":{"alt_text":"Mini tr\u00e9pied pour DJI Pocket 2","src":"https:\/\/i0.wp.com\/store.droneway.ma\/wp-content\/uploads\/2020\/11\/Mini-trepied-pour-DJI-Pocket-2.jpg?resize=350%2C200&ssl=1","width":350,"height":200,"srcset":"https:\/\/i0.wp.com\/store.droneway.ma\/wp-content\/uploads\/2020\/11\/Mini-trepied-pour-DJI-Pocket-2.jpg?resize=350%2C200&ssl=1 1x, https:\/\/i0.wp.com\/store.droneway.ma\/wp-content\/uploads\/2020\/11\/Mini-trepied-pour-DJI-Pocket-2.jpg?resize=525%2C300&ssl=1 1.5x, https:\/\/i0.wp.com\/store.droneway.ma\/wp-content\/uploads\/2020\/11\/Mini-trepied-pour-DJI-Pocket-2.jpg?resize=700%2C400&ssl=1 2x, https:\/\/i0.wp.com\/store.droneway.ma\/wp-content\/uploads\/2020\/11\/Mini-trepied-pour-DJI-Pocket-2.jpg?resize=1050%2C600&ssl=1 3x"},"classes":[]},{"id":2384,"url":"https:\/\/store.droneway.ma\/index.php\/produit\/mini-trepied-pour-dji-pocket-2-2\/","url_meta":{"origin":2307,"position":2},"title":"Mini tr\u00e9pied pour DJI Pocket 2","author":"admin","date":"21 novembre 2020","format":false,"excerpt":"Compatible DJI Pocket 2 Pliable Montage rapide","rel":"","context":"Article similaire","block_context":{"text":"Article similaire","link":""},"img":{"alt_text":"Mini tr\u00e9pied pour DJI Pocket 2","src":"https:\/\/i0.wp.com\/store.droneway.ma\/wp-content\/uploads\/2020\/11\/Mini-trepied-pour-DJI-Pocket-2.jpg?resize=350%2C200&ssl=1","width":350,"height":200,"srcset":"https:\/\/i0.wp.com\/store.droneway.ma\/wp-content\/uploads\/2020\/11\/Mini-trepied-pour-DJI-Pocket-2.jpg?resize=350%2C200&ssl=1 1x, https:\/\/i0.wp.com\/store.droneway.ma\/wp-content\/uploads\/2020\/11\/Mini-trepied-pour-DJI-Pocket-2.jpg?resize=525%2C300&ssl=1 1.5x, https:\/\/i0.wp.com\/store.droneway.ma\/wp-content\/uploads\/2020\/11\/Mini-trepied-pour-DJI-Pocket-2.jpg?resize=700%2C400&ssl=1 2x, https:\/\/i0.wp.com\/store.droneway.ma\/wp-content\/uploads\/2020\/11\/Mini-trepied-pour-DJI-Pocket-2.jpg?resize=1050%2C600&ssl=1 3x"},"classes":[]},{"id":2392,"url":"https:\/\/store.droneway.ma\/index.php\/produit\/vlog-set-pour-dji-pocket-2-pgytech\/","url_meta":{"origin":2307,"position":3},"title":"Vlog Set pour DJI Pocket 2 &#8211; PGYTECH","author":"admin","date":"21 novembre 2020","format":false,"excerpt":"Kit complet Optimis\u00e9 pour le DJI Pocket 2 Accessoires pour un setup vlog","rel":"","context":"Article similaire","block_context":{"text":"Article similaire","link":""},"img":{"alt_text":"Vlog Set pour DJI Pocket 2 - PGYTECH","src":"https:\/\/i0.wp.com\/store.droneway.ma\/wp-content\/uploads\/2020\/11\/vlog-set-pour-dji-pocket-2-pgytech-p-image-220639-grande.jpg?resize=350%2C200&ssl=1","width":350,"height":200,"srcset":"https:\/\/i0.wp.com\/store.droneway.ma\/wp-content\/uploads\/2020\/11\/vlog-set-pour-dji-pocket-2-pgytech-p-image-220639-grande.jpg?resize=350%2C200&ssl=1 1x, https:\/\/i0.wp.com\/store.droneway.ma\/wp-content\/uploads\/2020\/11\/vlog-set-pour-dji-pocket-2-pgytech-p-image-220639-grande.jpg?resize=525%2C300&ssl=1 1.5x, https:\/\/i0.wp.com\/store.droneway.ma\/wp-content\/uploads\/2020\/11\/vlog-set-pour-dji-pocket-2-pgytech-p-image-220639-grande.jpg?resize=700%2C400&ssl=1 2x"},"classes":[]},{"id":2543,"url":"https:\/\/store.droneway.ma\/index.php\/produit\/poignee-malette-pour-dji-rs-2-et-rsc-2\/","url_meta":{"origin":2307,"position":4},"title":"Poign\u00e9e malette pour DJI RS 2 et RSC 2","author":"admin","date":"21 novembre 2020","format":false,"excerpt":"Poign\u00e9e mallette en alliage d'aluminium 150g","rel":"","context":"Article similaire","block_context":{"text":"Article similaire","link":""},"img":{"alt_text":"Poign\u00e9e malette pour DJI RS 2 et RSC 2","src":"https:\/\/i0.wp.com\/store.droneway.ma\/wp-content\/uploads\/2020\/11\/Poignee-malette-pour-DJI-RS-2-et-RSC-2.jpg?resize=350%2C200&ssl=1","width":350,"height":200,"srcset":"https:\/\/i0.wp.com\/store.droneway.ma\/wp-content\/uploads\/2020\/11\/Poignee-malette-pour-DJI-RS-2-et-RSC-2.jpg?resize=350%2C200&ssl=1 1x, https:\/\/i0.wp.com\/store.droneway.ma\/wp-content\/uploads\/2020\/11\/Poignee-malette-pour-DJI-RS-2-et-RSC-2.jpg?resize=525%2C300&ssl=1 1.5x, https:\/\/i0.wp.com\/store.droneway.ma\/wp-content\/uploads\/2020\/11\/Poignee-malette-pour-DJI-RS-2-et-RSC-2.jpg?resize=700%2C400&ssl=1 2x, https:\/\/i0.wp.com\/store.droneway.ma\/wp-content\/uploads\/2020\/11\/Poignee-malette-pour-DJI-RS-2-et-RSC-2.jpg?resize=1050%2C600&ssl=1 3x, https:\/\/i0.wp.com\/store.droneway.ma\/wp-content\/uploads\/2020\/11\/Poignee-malette-pour-DJI-RS-2-et-RSC-2.jpg?resize=1400%2C800&ssl=1 4x"},"classes":[]},{"id":2516,"url":"https:\/\/store.droneway.ma\/index.php\/produit\/t2-tripod-pgy\/","url_meta":{"origin":2307,"position":5},"title":"T2 Tripod &#8211; PGY","author":"admin","date":"21 novembre 2020","format":false,"excerpt":"Tr\u00e9pied pour cam\u00e9ras et stabilisateurs 2 angles au choix : 45 et 75\u00b0 Mode poign\u00e9e Fixation 1\/4\"","rel":"","context":"Article similaire","block_context":{"text":"Article similaire","link":""},"img":{"alt_text":"T2 Tripod - PGY","src":"https:\/\/i0.wp.com\/store.droneway.ma\/wp-content\/uploads\/2020\/11\/T2-Tripod-PGY.jpg?resize=350%2C200&ssl=1","width":350,"height":200,"srcset":"https:\/\/i0.wp.com\/store.droneway.ma\/wp-content\/uploads\/2020\/11\/T2-Tripod-PGY.jpg?resize=350%2C200&ssl=1 1x, https:\/\/i0.wp.com\/store.droneway.ma\/wp-content\/uploads\/2020\/11\/T2-Tripod-PGY.jpg?resize=525%2C300&ssl=1 1.5x, https:\/\/i0.wp.com\/store.droneway.ma\/wp-content\/uploads\/2020\/11\/T2-Tripod-PGY.jpg?resize=700%2C400&ssl=1 2x"},"classes":[]}],"jetpack_sharing_enabled":true,"_links":{"self":[{"href":"https:\/\/store.droneway.ma\/index.php\/wp-json\/wp\/v2\/product\/2307","targetHints":{"allow":["GET"]}}],"collection":[{"href":"https:\/\/store.droneway.ma\/index.php\/wp-json\/wp\/v2\/product"}],"about":[{"href":"https:\/\/store.droneway.ma\/index.php\/wp-json\/wp\/v2\/types\/product"}],"wp:featuredmedia":[{"embeddable":true,"href":"https:\/\/store.droneway.ma\/index.php\/wp-json\/wp\/v2\/media\/1340"}],"wp:attachment":[{"href":"https:\/\/store.droneway.ma\/index.php\/wp-json\/wp\/v2\/media?parent=2307"}],"wp:term":[{"taxonomy":"product_brand","embeddable":true,"href":"https:\/\/store.droneway.ma\/index.php\/wp-json\/wp\/v2\/product_brand?post=2307"},{"taxonomy":"product_cat","embeddable":true,"href":"https:\/\/store.droneway.ma\/index.php\/wp-json\/wp\/v2\/product_cat?post=2307"},{"taxonomy":"product_tag","embeddable":true,"href":"https:\/\/store.droneway.ma\/index.php\/wp-json\/wp\/v2\/product_tag?post=2307"}],"curies":[{"name":"wp","href":"https:\/\/api.w.org\/{rel}","templated":true}]}}