{"id":2301,"date":"2020-11-21T19:07:30","date_gmt":"2020-11-21T18:07:30","guid":{"rendered":"http:\/\/store.droneway.ma\/index.php\/produit\/dji-om-4-osmo-mobile-4\/"},"modified":"2023-06-13T20:57:01","modified_gmt":"2023-06-13T18:57:01","slug":"dji-om-4-osmo-mobile-4","status":"publish","type":"product","link":"https:\/\/store.droneway.ma\/index.php\/produit\/dji-om-4-osmo-mobile-4\/","title":{"rendered":"DJI OM 4 &#8211; Osmo Mobile 4 SE"},"content":{"rendered":"<p>Le stabilisateur pour smartphones DJI OM 4 permet de r\u00e9aliser des vid\u00e9os fluides sans saccades et sublime votre quotidien gr\u00e2ce \u00e0 ses modes intelligents.  Le DJI OM 4 (pour Osmo Mobile 4) vient avec un tout nouveau syst\u00e8me de fixation magn\u00e9tique : vous n&rsquo;avez plus besoin d&rsquo;\u00e9quilibrer votre smartphone ! Deux accessoires sont fournis : un anneau et une pince magn\u00e9tique. Choisissez de coller l&rsquo;anneau adh\u00e9sif au dos de votre smartphone ou de passer par la pince magn\u00e9tique. Votre smartphone est pr\u00eat \u00e0 \u00eatre utilis\u00e9 sur le DJI Osmo Mobile 4 en quelques secondes !  Compact et pliable, le DJI OM 4 est tr\u00e8s simple \u00e0 utiliser via son application mobile DJI Mimo. C&rsquo;est l&rsquo;outil id\u00e9al pour poster sur vos diff\u00e9rents r\u00e9seaux sociaux gr\u00e2ce \u00e0 son mode portrait\/paysage interchangeable.  Profitez du mode Story de DJI Mimo pour cr\u00e9er de courtes vid\u00e9os dynamiques mais \u00e9galement d&rsquo;ActiveTrack 3.0, du DollyZoom et de pleins d&rsquo;autres modes cr\u00e9atifs pour cr\u00e9er du contenu vivant et in\u00e9dit !  Le DJI OM4 est compatible iOS et Android pour tous les smartphones qui p\u00e8sent entre 170 et 290 grammes et dont l&rsquo;\u00e9paisseur est comprise entre 6,9 \u00e0 10 mm.<\/p>\n","protected":false},"excerpt":{"rendered":"<p>Nouvelles fixations magn\u00e9tiques  Tr\u00e9pied fourni  Stabilisateur performant  Modes intelligents  Pliable et compact    Consignes pour l&rsquo;utilisation de l&rsquo;anneau de fixation magn\u00e9tique :<\/p>\n","protected":false},"featured_media":2302,"template":"","meta":{"content-type":"","rop_custom_images_group":[],"rop_custom_messages_group":[],"rop_publish_now":"initial","rop_publish_now_accounts":[],"rop_publish_now_history":[],"rop_publish_now_status":"pending"},"product_brand":[],"product_cat":[23,61],"product_tag":[],"class_list":{"0":"post-2301","1":"product","2":"type-product","3":"status-publish","4":"has-post-thumbnail","6":"product_cat-dji-osmo","7":"product_cat-osmo-mobile","9":"first","10":"instock","11":"featured","12":"purchasable","13":"product-type-simple"},"jetpack-related-posts":[{"id":2316,"url":"https:\/\/store.droneway.ma\/index.php\/produit\/anneau-de-support-magnetique-dji-om-4\/","url_meta":{"origin":2301,"position":0},"title":"Anneau de support magn\u00e9tique DJI OM 4","author":"admin","date":"21 novembre 2020","format":false,"excerpt":"Anneau de support magn\u00e9tique pour DJI OM 4","rel":"","context":"Article similaire","block_context":{"text":"Article similaire","link":""},"img":{"alt_text":"Anneau de support magn\u00e9tique DJI OM 4","src":"https:\/\/i0.wp.com\/store.droneway.ma\/wp-content\/uploads\/2020\/11\/Anneau-de-support-magnetique-DJI-OM-4.jpg?resize=350%2C200&ssl=1","width":350,"height":200},"classes":[]},{"id":2320,"url":"https:\/\/store.droneway.ma\/index.php\/produit\/bride-de-smartphone-magnetique-dji-om-4\/","url_meta":{"origin":2301,"position":1},"title":"Bride de smartphone magn\u00e9tique DJI OM 4","author":"admin","date":"21 novembre 2020","format":false,"excerpt":"Accroche simple et efficace Finition haut de gamme","rel":"","context":"Article similaire","block_context":{"text":"Article similaire","link":""},"img":{"alt_text":"Bride de smartphone magn\u00e9tique DJI OM 4","src":"https:\/\/i0.wp.com\/store.droneway.ma\/wp-content\/uploads\/2020\/11\/Bride-de-smartphone-magnetique-DJI-OM-4.jpg?resize=350%2C200&ssl=1","width":350,"height":200,"srcset":"https:\/\/i0.wp.com\/store.droneway.ma\/wp-content\/uploads\/2020\/11\/Bride-de-smartphone-magnetique-DJI-OM-4.jpg?resize=350%2C200&ssl=1 1x, https:\/\/i0.wp.com\/store.droneway.ma\/wp-content\/uploads\/2020\/11\/Bride-de-smartphone-magnetique-DJI-OM-4.jpg?resize=525%2C300&ssl=1 1.5x, https:\/\/i0.wp.com\/store.droneway.ma\/wp-content\/uploads\/2020\/11\/Bride-de-smartphone-magnetique-DJI-OM-4.jpg?resize=700%2C400&ssl=1 2x, https:\/\/i0.wp.com\/store.droneway.ma\/wp-content\/uploads\/2020\/11\/Bride-de-smartphone-magnetique-DJI-OM-4.jpg?resize=1050%2C600&ssl=1 3x"},"classes":[]},{"id":2325,"url":"https:\/\/store.droneway.ma\/index.php\/produit\/dji-osmo-mobile-5\/","url_meta":{"origin":2301,"position":2},"title":"DJI Osmo Mobile 5","author":"admin","date":"21 novembre 2020","format":false,"excerpt":"Stabilisateur 3 axes intelligent ActiveTrack 3.0, Hyperlapse, Timelapse, Dolly Zoom ... Bouton de contr\u00f4le pour le zoom Partage des vid\u00e9os sur les r\u00e9seaux Contr\u00f4le gestuel Application smartphone DJI Mimo Structure pliable","rel":"","context":"Article similaire","block_context":{"text":"Article similaire","link":""},"img":{"alt_text":"","src":"https:\/\/i0.wp.com\/store.droneway.ma\/wp-content\/uploads\/2020\/11\/osm5.png?resize=350%2C200&ssl=1","width":350,"height":200,"srcset":"https:\/\/i0.wp.com\/store.droneway.ma\/wp-content\/uploads\/2020\/11\/osm5.png?resize=350%2C200&ssl=1 1x, https:\/\/i0.wp.com\/store.droneway.ma\/wp-content\/uploads\/2020\/11\/osm5.png?resize=525%2C300&ssl=1 1.5x, https:\/\/i0.wp.com\/store.droneway.ma\/wp-content\/uploads\/2020\/11\/osm5.png?resize=700%2C400&ssl=1 2x, https:\/\/i0.wp.com\/store.droneway.ma\/wp-content\/uploads\/2020\/11\/osm5.png?resize=1050%2C600&ssl=1 3x, https:\/\/i0.wp.com\/store.droneway.ma\/wp-content\/uploads\/2020\/11\/osm5.png?resize=1400%2C800&ssl=1 4x"},"classes":[]},{"id":2339,"url":"https:\/\/store.droneway.ma\/index.php\/produit\/support-smartphone-compact-pour-dji-osmo-pocket-pgytech\/","url_meta":{"origin":2301,"position":3},"title":"Support smartphone compact pour DJI Osmo Pocket &#8211; PGYTECH","author":"admin","date":"21 novembre 2020","format":false,"excerpt":"D\u00e9couvrez le support en action :","rel":"","context":"Article similaire","block_context":{"text":"Article similaire","link":""},"img":{"alt_text":"Support smartphone compact pour DJI Osmo Pocket - PGYTECH","src":"https:\/\/i0.wp.com\/store.droneway.ma\/wp-content\/uploads\/2020\/11\/support-smartphone-compact-pour-dji-osmo-pocket-pgytech-p-image-206709-grande.jpg?resize=350%2C200&ssl=1","width":350,"height":200},"classes":[]},{"id":2328,"url":"https:\/\/store.droneway.ma\/index.php\/produit\/dji-pocket-2-creator-combo\/","url_meta":{"origin":2301,"position":4},"title":"DJI Pocket 2 Creator Combo","author":"admin","date":"21 novembre 2020","format":false,"excerpt":"Kit complet : cam\u00e9ra + accessoires cr\u00e9atifs Microphone performant, mini tr\u00e9pied et objectif grand angle Capteur CMOS 1\/1,7 pouce Vid\u00e9o 4K60p \/ Photos 64 MP DJI Matrix Stereo : son bluffant Editeur d'IA dans DJI Mimo","rel":"","context":"Article similaire","block_context":{"text":"Article similaire","link":""},"img":{"alt_text":"DJI Pocket 2 Creator Combo","src":"https:\/\/i0.wp.com\/store.droneway.ma\/wp-content\/uploads\/2020\/11\/dji-pocket-2-creator-combo-p-image-220477-grande.jpg?resize=350%2C200&ssl=1","width":350,"height":200,"srcset":"https:\/\/i0.wp.com\/store.droneway.ma\/wp-content\/uploads\/2020\/11\/dji-pocket-2-creator-combo-p-image-220477-grande.jpg?resize=350%2C200&ssl=1 1x, https:\/\/i0.wp.com\/store.droneway.ma\/wp-content\/uploads\/2020\/11\/dji-pocket-2-creator-combo-p-image-220477-grande.jpg?resize=525%2C300&ssl=1 1.5x, https:\/\/i0.wp.com\/store.droneway.ma\/wp-content\/uploads\/2020\/11\/dji-pocket-2-creator-combo-p-image-220477-grande.jpg?resize=700%2C400&ssl=1 2x"},"classes":[]},{"id":2347,"url":"https:\/\/store.droneway.ma\/index.php\/produit\/support-smartphone-pour-dji-pocket-2\/","url_meta":{"origin":2301,"position":5},"title":"Support smartphone pour DJI Pocket 2","author":"admin","date":"21 novembre 2020","format":false,"excerpt":"Maintient le smartphone et le DJI Pocket 2 ensemble Pas de vis 1\/4\" pour fixation sur tr\u00e9pied Cold shoe pour l'ajout de micro ou de LED Conception robuste","rel":"","context":"Article similaire","block_context":{"text":"Article similaire","link":""},"img":{"alt_text":"Support smartphone pour DJI Pocket 2","src":"https:\/\/i0.wp.com\/store.droneway.ma\/wp-content\/uploads\/2020\/11\/Support-smartphone-pour-DJI-Pocket-2.jpg?resize=350%2C200&ssl=1","width":350,"height":200,"srcset":"https:\/\/i0.wp.com\/store.droneway.ma\/wp-content\/uploads\/2020\/11\/Support-smartphone-pour-DJI-Pocket-2.jpg?resize=350%2C200&ssl=1 1x, https:\/\/i0.wp.com\/store.droneway.ma\/wp-content\/uploads\/2020\/11\/Support-smartphone-pour-DJI-Pocket-2.jpg?resize=525%2C300&ssl=1 1.5x, https:\/\/i0.wp.com\/store.droneway.ma\/wp-content\/uploads\/2020\/11\/Support-smartphone-pour-DJI-Pocket-2.jpg?resize=700%2C400&ssl=1 2x"},"classes":[]}],"jetpack_sharing_enabled":true,"_links":{"self":[{"href":"https:\/\/store.droneway.ma\/index.php\/wp-json\/wp\/v2\/product\/2301","targetHints":{"allow":["GET"]}}],"collection":[{"href":"https:\/\/store.droneway.ma\/index.php\/wp-json\/wp\/v2\/product"}],"about":[{"href":"https:\/\/store.droneway.ma\/index.php\/wp-json\/wp\/v2\/types\/product"}],"wp:featuredmedia":[{"embeddable":true,"href":"https:\/\/store.droneway.ma\/index.php\/wp-json\/wp\/v2\/media\/2302"}],"wp:attachment":[{"href":"https:\/\/store.droneway.ma\/index.php\/wp-json\/wp\/v2\/media?parent=2301"}],"wp:term":[{"taxonomy":"product_brand","embeddable":true,"href":"https:\/\/store.droneway.ma\/index.php\/wp-json\/wp\/v2\/product_brand?post=2301"},{"taxonomy":"product_cat","embeddable":true,"href":"https:\/\/store.droneway.ma\/index.php\/wp-json\/wp\/v2\/product_cat?post=2301"},{"taxonomy":"product_tag","embeddable":true,"href":"https:\/\/store.droneway.ma\/index.php\/wp-json\/wp\/v2\/product_tag?post=2301"}],"curies":[{"name":"wp","href":"https:\/\/api.w.org\/{rel}","templated":true}]}}