{"id":2298,"date":"2020-11-21T19:07:24","date_gmt":"2020-11-21T18:07:24","guid":{"rendered":"http:\/\/store.droneway.ma\/index.php\/produit\/caisson-etanche-dji-pour-osmo-action-dji\/"},"modified":"2020-11-21T19:07:28","modified_gmt":"2020-11-21T18:07:28","slug":"caisson-etanche-dji-pour-osmo-action-dji","status":"publish","type":"product","link":"https:\/\/store.droneway.ma\/index.php\/produit\/caisson-etanche-dji-pour-osmo-action-dji\/","title":{"rendered":"Caisson \u00e9tanche DJI pour Osmo Action &#8211; DJI"},"content":{"rendered":"<p>Vivez vos plus belles aventures sous-marines avec l\u2019Osmo Action gr\u00e2ce \u00e0 ce bo\u00eetier \u00e9tanche qui le prot\u00e8gera jusqu&rsquo;\u00e0 60 m\u00e8tres de profondeur !  Les grilles de dissipation de chaleur \u00e9viteront toute surchauffe \u00e0 l&rsquo;Osmo Action et limiteront ainsi l&rsquo;apparition de la bu\u00e9e lorsque celui-ci sera utiliser sous l&rsquo;eau.  Ce caisson, \u00e9labor\u00e9 en verre \u00e0 haute r\u00e9sistance, garantit un affichage clair et cristallin en toutes circonstances.<\/p>\n","protected":false},"excerpt":{"rendered":"<p>\u00c9tanche jusqu\u2019\u00e0 60 m\u00e8tres de profondeur  Verre \u00e0 haute r\u00e9sistance  Affichage clair<\/p>\n","protected":false},"featured_media":1135,"template":"","meta":{"content-type":"","rop_custom_images_group":[],"rop_custom_messages_group":[],"rop_publish_now":"initial","rop_publish_now_accounts":[],"rop_publish_now_history":[],"rop_publish_now_status":"pending"},"product_brand":[],"product_cat":[23,43],"product_tag":[],"class_list":{"0":"post-2298","1":"product","2":"type-product","3":"status-publish","4":"has-post-thumbnail","6":"product_cat-dji-osmo","7":"product_cat-osmo-action","9":"first","10":"instock","11":"purchasable","12":"product-type-simple"},"jetpack-related-posts":[{"id":2374,"url":"https:\/\/store.droneway.ma\/index.php\/produit\/caisson-etanche-pour-dji-pocket-2\/","url_meta":{"origin":2298,"position":0},"title":"Caisson \u00e9tanche pour DJI Pocket 2","author":"admin","date":"21 novembre 2020","format":false,"excerpt":"Etanche jusqu'\u00e0 60 m\u00a0 Installation ais\u00e9e","rel":"","context":"Article similaire","block_context":{"text":"Article similaire","link":""},"img":{"alt_text":"Caisson \u00e9tanche pour DJI Pocket 2","src":"https:\/\/i0.wp.com\/store.droneway.ma\/wp-content\/uploads\/2020\/11\/Caisson-etanche-pour-DJI-Pocket-2.jpg?resize=350%2C200&ssl=1","width":350,"height":200,"srcset":"https:\/\/i0.wp.com\/store.droneway.ma\/wp-content\/uploads\/2020\/11\/Caisson-etanche-pour-DJI-Pocket-2.jpg?resize=350%2C200&ssl=1 1x, https:\/\/i0.wp.com\/store.droneway.ma\/wp-content\/uploads\/2020\/11\/Caisson-etanche-pour-DJI-Pocket-2.jpg?resize=525%2C300&ssl=1 1.5x, https:\/\/i0.wp.com\/store.droneway.ma\/wp-content\/uploads\/2020\/11\/Caisson-etanche-pour-DJI-Pocket-2.jpg?resize=700%2C400&ssl=1 2x"},"classes":[]},{"id":2293,"url":"https:\/\/store.droneway.ma\/index.php\/produit\/diving-kit-pour-dji-osmo-action\/","url_meta":{"origin":2298,"position":1},"title":"Diving Kit pour DJI Osmo Action","author":"admin","date":"21 novembre 2020","format":false,"excerpt":"Kit complet d\u00e9di\u00e9 \u00e0 la plong\u00e9e Doublez votre autonomie avec la batterie suppl\u00e9mentaire Poign\u00e9e flottante et fixation main et poignet incluse Pochette de rangement incluse","rel":"","context":"Article similaire","block_context":{"text":"Article similaire","link":""},"img":{"alt_text":"Diving Kit pour DJI Osmo Action","src":"https:\/\/i0.wp.com\/store.droneway.ma\/wp-content\/uploads\/2020\/11\/diving-kit-pour-dji-osmo-action-p-image-214101-grande.jpg?resize=350%2C200&ssl=1","width":350,"height":200,"srcset":"https:\/\/i0.wp.com\/store.droneway.ma\/wp-content\/uploads\/2020\/11\/diving-kit-pour-dji-osmo-action-p-image-214101-grande.jpg?resize=350%2C200&ssl=1 1x, https:\/\/i0.wp.com\/store.droneway.ma\/wp-content\/uploads\/2020\/11\/diving-kit-pour-dji-osmo-action-p-image-214101-grande.jpg?resize=525%2C300&ssl=1 1.5x, https:\/\/i0.wp.com\/store.droneway.ma\/wp-content\/uploads\/2020\/11\/diving-kit-pour-dji-osmo-action-p-image-214101-grande.jpg?resize=700%2C400&ssl=1 2x"},"classes":[]},{"id":2296,"url":"https:\/\/store.droneway.ma\/index.php\/produit\/housse-en-silicone-pour-dji-osmo-action-dji\/","url_meta":{"origin":2298,"position":2},"title":"Housse en silicone pour DJI Osmo Action &#8211; DJI","author":"admin","date":"21 novembre 2020","format":false,"excerpt":"R\u00e9sistant Coloris Gris","rel":"","context":"Article similaire","block_context":{"text":"Article similaire","link":""},"img":{"alt_text":"Housse en silicone pour DJI Osmo Action - DJI","src":"https:\/\/i0.wp.com\/store.droneway.ma\/wp-content\/uploads\/2020\/11\/cynova-osmo-action-protective-sleeve-p-image-212094-grande.jpg?resize=350%2C200&ssl=1","width":350,"height":200,"srcset":"https:\/\/i0.wp.com\/store.droneway.ma\/wp-content\/uploads\/2020\/11\/cynova-osmo-action-protective-sleeve-p-image-212094-grande.jpg?resize=350%2C200&ssl=1 1x, https:\/\/i0.wp.com\/store.droneway.ma\/wp-content\/uploads\/2020\/11\/cynova-osmo-action-protective-sleeve-p-image-212094-grande.jpg?resize=525%2C300&ssl=1 1.5x"},"classes":[]},{"id":2290,"url":"https:\/\/store.droneway.ma\/index.php\/produit\/pack-de-4-filtres-nd-pl-pour-dji-osmo-action-pgytech\/","url_meta":{"origin":2298,"position":3},"title":"Pack de 4 filtres ND\/PL pour DJI Osmo Action- PGYTECH","author":"admin","date":"21 novembre 2020","format":false,"excerpt":"Kit complet de 4 filtres Verre trait\u00e9 anti-rayures et anti-eau et huile Sp\u00e9cialement con\u00e7us pour DJI Osmo Action","rel":"","context":"Article similaire","block_context":{"text":"Article similaire","link":""},"img":{"alt_text":"Pack de 4 filtres ND\/PL pour DJI Osmo Action- PGYTECH","src":"https:\/\/i0.wp.com\/store.droneway.ma\/wp-content\/uploads\/2020\/11\/pack-de-4-filtres-nd-pl-pour-dji-osmo-action-pgytech-p-image-210122-grande.jpg?resize=350%2C200&ssl=1","width":350,"height":200,"srcset":"https:\/\/i0.wp.com\/store.droneway.ma\/wp-content\/uploads\/2020\/11\/pack-de-4-filtres-nd-pl-pour-dji-osmo-action-pgytech-p-image-210122-grande.jpg?resize=350%2C200&ssl=1 1x, https:\/\/i0.wp.com\/store.droneway.ma\/wp-content\/uploads\/2020\/11\/pack-de-4-filtres-nd-pl-pour-dji-osmo-action-pgytech-p-image-210122-grande.jpg?resize=525%2C300&ssl=1 1.5x, https:\/\/i0.wp.com\/store.droneway.ma\/wp-content\/uploads\/2020\/11\/pack-de-4-filtres-nd-pl-pour-dji-osmo-action-pgytech-p-image-210122-grande.jpg?resize=700%2C400&ssl=1 2x"},"classes":[]},{"id":2291,"url":"https:\/\/store.droneway.ma\/index.php\/produit\/kit-de-3-filtres-nd-pl-gradues-pour-dji-osmo-action-pgytech\/","url_meta":{"origin":2298,"position":4},"title":"Kit de 3 filtres ND-PL gradu\u00e9s pour DJI Osmo Action &#8211; PGYTECH","author":"admin","date":"21 novembre 2020","format":false,"excerpt":"Kit compos\u00e9 de trois filtres ND, PL et gradu\u00e9s Filtres \u00e0 visser en lieu et place de la lentille d'origine Filtres ultra l\u00e9gers","rel":"","context":"Article similaire","block_context":{"text":"Article similaire","link":""},"img":{"alt_text":"Kit de 3 filtres ND-PL gradu\u00e9s pour DJI Osmo Action - PGYTECH","src":"https:\/\/i0.wp.com\/store.droneway.ma\/wp-content\/uploads\/2020\/11\/kit-de-3-filtres-nd-pl-gradues-pour-dji-osmo-pocket-pgytech-p-image-211825-grande.jpg?resize=350%2C200&ssl=1","width":350,"height":200,"srcset":"https:\/\/i0.wp.com\/store.droneway.ma\/wp-content\/uploads\/2020\/11\/kit-de-3-filtres-nd-pl-gradues-pour-dji-osmo-pocket-pgytech-p-image-211825-grande.jpg?resize=350%2C200&ssl=1 1x, https:\/\/i0.wp.com\/store.droneway.ma\/wp-content\/uploads\/2020\/11\/kit-de-3-filtres-nd-pl-gradues-pour-dji-osmo-pocket-pgytech-p-image-211825-grande.jpg?resize=525%2C300&ssl=1 1.5x, https:\/\/i0.wp.com\/store.droneway.ma\/wp-content\/uploads\/2020\/11\/kit-de-3-filtres-nd-pl-gradues-pour-dji-osmo-pocket-pgytech-p-image-211825-grande.jpg?resize=700%2C400&ssl=1 2x"},"classes":[]},{"id":2292,"url":"https:\/\/store.droneway.ma\/index.php\/produit\/kit-de-filtres-nd-pour-osmo-action-dji\/","url_meta":{"origin":2298,"position":5},"title":"Kit de filtres ND pour Osmo Action &#8211; DJI","author":"admin","date":"21 novembre 2020","format":false,"excerpt":"R\u00e9duit l'exposition \u00e0 la lumi\u00e8re pour \u00e9largir les options de prise de vue Dot\u00e9 d'un rev\u00eatement anti-empreinte Fixation ais\u00e9e","rel":"","context":"Article similaire","block_context":{"text":"Article similaire","link":""},"img":{"alt_text":"Kit de filtres ND pour Osmo Action - DJI","src":"https:\/\/i0.wp.com\/store.droneway.ma\/wp-content\/uploads\/2020\/11\/jeu-de-filtres-nd-pour-osmo-action-p-image-213126-grande.jpg?resize=350%2C200&ssl=1","width":350,"height":200},"classes":[]}],"jetpack_sharing_enabled":true,"_links":{"self":[{"href":"https:\/\/store.droneway.ma\/index.php\/wp-json\/wp\/v2\/product\/2298","targetHints":{"allow":["GET"]}}],"collection":[{"href":"https:\/\/store.droneway.ma\/index.php\/wp-json\/wp\/v2\/product"}],"about":[{"href":"https:\/\/store.droneway.ma\/index.php\/wp-json\/wp\/v2\/types\/product"}],"wp:featuredmedia":[{"embeddable":true,"href":"https:\/\/store.droneway.ma\/index.php\/wp-json\/wp\/v2\/media\/1135"}],"wp:attachment":[{"href":"https:\/\/store.droneway.ma\/index.php\/wp-json\/wp\/v2\/media?parent=2298"}],"wp:term":[{"taxonomy":"product_brand","embeddable":true,"href":"https:\/\/store.droneway.ma\/index.php\/wp-json\/wp\/v2\/product_brand?post=2298"},{"taxonomy":"product_cat","embeddable":true,"href":"https:\/\/store.droneway.ma\/index.php\/wp-json\/wp\/v2\/product_cat?post=2298"},{"taxonomy":"product_tag","embeddable":true,"href":"https:\/\/store.droneway.ma\/index.php\/wp-json\/wp\/v2\/product_tag?post=2298"}],"curies":[{"name":"wp","href":"https:\/\/api.w.org\/{rel}","templated":true}]}}