{"id":2297,"date":"2020-11-21T19:07:24","date_gmt":"2020-11-21T18:07:24","guid":{"rendered":"http:\/\/store.droneway.ma\/index.php\/produit\/batterie-pour-dji-osmo-action\/"},"modified":"2020-11-21T19:07:28","modified_gmt":"2020-11-21T18:07:28","slug":"batterie-pour-dji-osmo-action","status":"publish","type":"product","link":"https:\/\/store.droneway.ma\/index.php\/produit\/batterie-pour-dji-osmo-action\/","title":{"rendered":"Batterie pour DJI Osmo Action"},"content":{"rendered":"<p>Remplacez la batterie d&rsquo;origine de votre DJI Osmo Action gr\u00e2ce \u00e0 cette version de rechange de 1300 mAh.  Pratique pour optimiser l&rsquo;autonomie de votre cam\u00e9ra, vous pourrez profiter de 135 minutes suppl\u00e9mentaire pour un confort d\u2019utilisation accru.<\/p>\n","protected":false},"excerpt":{"rendered":"<p>Facile \u00e0 monter  Batterie de rechange de 1300 mAh  Batterie d&rsquo;origine<\/p>\n","protected":false},"featured_media":1109,"template":"","meta":{"content-type":"","rop_custom_images_group":[],"rop_custom_messages_group":[],"rop_publish_now":"initial","rop_publish_now_accounts":[],"rop_publish_now_history":[],"rop_publish_now_status":"pending"},"product_brand":[],"product_cat":[23,43],"product_tag":[],"class_list":{"0":"post-2297","1":"product","2":"type-product","3":"status-publish","4":"has-post-thumbnail","6":"product_cat-dji-osmo","7":"product_cat-osmo-action","9":"first","10":"instock","11":"purchasable","12":"product-type-simple"},"jetpack-related-posts":[{"id":2141,"url":"https:\/\/store.droneway.ma\/index.php\/produit\/batterie-tb48s-5700-mah-dji-matrice-600\/","url_meta":{"origin":2297,"position":0},"title":"Batterie TB48S 5700 mAh DJI Matrice 600","author":"admin","date":"21 novembre 2020","format":false,"excerpt":"Batterie TB48S 5700 mAh DJI Matrice 600","rel":"","context":"Article similaire","block_context":{"text":"Article similaire","link":""},"img":{"alt_text":"","src":"https:\/\/i0.wp.com\/store.droneway.ma\/wp-content\/uploads\/2020\/11\/batterie-tb48s-5700-mah-dji-matrice-600-p-image-181015-grande.jpg?resize=350%2C200&ssl=1","width":350,"height":200},"classes":[]},{"id":2142,"url":"https:\/\/store.droneway.ma\/index.php\/produit\/batterie-tb47s-4500-mah-dji-matrice-600\/","url_meta":{"origin":2297,"position":1},"title":"Batterie TB47S 4500 mAh DJI Matrice 600","author":"admin","date":"21 novembre 2020","format":false,"excerpt":"Batterie TB47S 4500 mAh DJI Matrice 600","rel":"","context":"Article similaire","block_context":{"text":"Article similaire","link":""},"img":{"alt_text":"Batterie TB47S 4500 mAh DJI Matrice 600","src":"https:\/\/i0.wp.com\/store.droneway.ma\/wp-content\/uploads\/2020\/11\/batterie-tb47s-4500-mah-dji-matrice-600-p-image-180502-grande.jpg?resize=350%2C200&ssl=1","width":350,"height":200},"classes":[]},{"id":2293,"url":"https:\/\/store.droneway.ma\/index.php\/produit\/diving-kit-pour-dji-osmo-action\/","url_meta":{"origin":2297,"position":2},"title":"Diving Kit pour DJI Osmo Action","author":"admin","date":"21 novembre 2020","format":false,"excerpt":"Kit complet d\u00e9di\u00e9 \u00e0 la plong\u00e9e Doublez votre autonomie avec la batterie suppl\u00e9mentaire Poign\u00e9e flottante et fixation main et poignet incluse Pochette de rangement incluse","rel":"","context":"Article similaire","block_context":{"text":"Article similaire","link":""},"img":{"alt_text":"Diving Kit pour DJI Osmo Action","src":"https:\/\/i0.wp.com\/store.droneway.ma\/wp-content\/uploads\/2020\/11\/diving-kit-pour-dji-osmo-action-p-image-214101-grande.jpg?resize=350%2C200&ssl=1","width":350,"height":200,"srcset":"https:\/\/i0.wp.com\/store.droneway.ma\/wp-content\/uploads\/2020\/11\/diving-kit-pour-dji-osmo-action-p-image-214101-grande.jpg?resize=350%2C200&ssl=1 1x, https:\/\/i0.wp.com\/store.droneway.ma\/wp-content\/uploads\/2020\/11\/diving-kit-pour-dji-osmo-action-p-image-214101-grande.jpg?resize=525%2C300&ssl=1 1.5x, https:\/\/i0.wp.com\/store.droneway.ma\/wp-content\/uploads\/2020\/11\/diving-kit-pour-dji-osmo-action-p-image-214101-grande.jpg?resize=700%2C400&ssl=1 2x"},"classes":[]},{"id":2123,"url":"https:\/\/store.droneway.ma\/index.php\/produit\/batterie-tb50-4280-mah-pour-dji-matrice-200\/","url_meta":{"origin":2297,"position":3},"title":"Batterie TB50 4280 mAh pour DJI Matrice 200","author":"admin","date":"21 novembre 2020","format":false,"excerpt":"Batterie TB50 pour DJI Matrice 200 et 210","rel":"","context":"Article similaire","block_context":{"text":"Article similaire","link":""},"img":{"alt_text":"Batterie TB50 4280 mAh pour DJI Matrice 200","src":"https:\/\/i0.wp.com\/store.droneway.ma\/wp-content\/uploads\/2020\/11\/batterie-tb50-pour-dji-matrice-200-p-image-189655-grande.jpg?resize=350%2C200&ssl=1","width":350,"height":200},"classes":[]},{"id":2445,"url":"https:\/\/store.droneway.ma\/index.php\/produit\/batterie-4s-5870-mah-dji-phantom-4-pro\/","url_meta":{"origin":2297,"position":4},"title":"Batterie 4S 5870 mAh DJI Phantom 4 Pro","author":"admin","date":"21 novembre 2020","format":false,"excerpt":"30 minutes d'autonomie Batterie intelligente Longue dur\u00e9e de vie Jauge LEDs","rel":"","context":"Article similaire","block_context":{"text":"Article similaire","link":""},"img":{"alt_text":"Batterie 4S 5870 mAh DJI Phantom 4 Pro","src":"https:\/\/i0.wp.com\/store.droneway.ma\/wp-content\/uploads\/2020\/11\/Batterie-4S-5870-mAh-DJI-Phantom-4-Pro.jpg?resize=350%2C200&ssl=1","width":350,"height":200,"srcset":"https:\/\/i0.wp.com\/store.droneway.ma\/wp-content\/uploads\/2020\/11\/Batterie-4S-5870-mAh-DJI-Phantom-4-Pro.jpg?resize=350%2C200&ssl=1 1x, https:\/\/i0.wp.com\/store.droneway.ma\/wp-content\/uploads\/2020\/11\/Batterie-4S-5870-mAh-DJI-Phantom-4-Pro.jpg?resize=525%2C300&ssl=1 1.5x, https:\/\/i0.wp.com\/store.droneway.ma\/wp-content\/uploads\/2020\/11\/Batterie-4S-5870-mAh-DJI-Phantom-4-Pro.jpg?resize=700%2C400&ssl=1 2x"},"classes":[]},{"id":2059,"url":"https:\/\/store.droneway.ma\/index.php\/produit\/batterie-wb37-dji\/","url_meta":{"origin":2297,"position":5},"title":"Batterie WB37 &#8211; DJI","author":"admin","date":"21 novembre 2020","format":false,"excerpt":"Batterie intelligente de 4920 mAh","rel":"","context":"Article similaire","block_context":{"text":"Article similaire","link":""},"img":{"alt_text":"Batterie WB37 - DJI","src":"https:\/\/i0.wp.com\/store.droneway.ma\/wp-content\/uploads\/2020\/11\/batterie-pour-dji-crystalsky-cendence-p-image-190296-grande.jpg?resize=350%2C200&ssl=1","width":350,"height":200},"classes":[]}],"jetpack_sharing_enabled":true,"_links":{"self":[{"href":"https:\/\/store.droneway.ma\/index.php\/wp-json\/wp\/v2\/product\/2297","targetHints":{"allow":["GET"]}}],"collection":[{"href":"https:\/\/store.droneway.ma\/index.php\/wp-json\/wp\/v2\/product"}],"about":[{"href":"https:\/\/store.droneway.ma\/index.php\/wp-json\/wp\/v2\/types\/product"}],"wp:featuredmedia":[{"embeddable":true,"href":"https:\/\/store.droneway.ma\/index.php\/wp-json\/wp\/v2\/media\/1109"}],"wp:attachment":[{"href":"https:\/\/store.droneway.ma\/index.php\/wp-json\/wp\/v2\/media?parent=2297"}],"wp:term":[{"taxonomy":"product_brand","embeddable":true,"href":"https:\/\/store.droneway.ma\/index.php\/wp-json\/wp\/v2\/product_brand?post=2297"},{"taxonomy":"product_cat","embeddable":true,"href":"https:\/\/store.droneway.ma\/index.php\/wp-json\/wp\/v2\/product_cat?post=2297"},{"taxonomy":"product_tag","embeddable":true,"href":"https:\/\/store.droneway.ma\/index.php\/wp-json\/wp\/v2\/product_tag?post=2297"}],"curies":[{"name":"wp","href":"https:\/\/api.w.org\/{rel}","templated":true}]}}