{"id":2296,"date":"2020-11-21T19:07:24","date_gmt":"2020-11-21T18:07:24","guid":{"rendered":"http:\/\/store.droneway.ma\/index.php\/produit\/housse-en-silicone-pour-dji-osmo-action-dji\/"},"modified":"2020-11-21T19:07:27","modified_gmt":"2020-11-21T18:07:27","slug":"housse-en-silicone-pour-dji-osmo-action-dji","status":"publish","type":"product","link":"https:\/\/store.droneway.ma\/index.php\/produit\/housse-en-silicone-pour-dji-osmo-action-dji\/","title":{"rendered":"Housse en silicone pour DJI Osmo Action &#8211; DJI"},"content":{"rendered":"<p>Prot\u00e9gez votre cam\u00e9ra DJI Osmo Action gr\u00e2ce \u00e0 cette housse silicone.  Avec son coloris gris fonc\u00e9 et sa texture agr\u00e9able au touch\u00e9 cet accessoire s\u00e9curisera votre cam\u00e9ra en toute circonstance.<\/p>\n","protected":false},"excerpt":{"rendered":"<p>R\u00e9sistant  Coloris Gris<\/p>\n","protected":false},"featured_media":1105,"template":"","meta":{"content-type":"","rop_custom_images_group":[],"rop_custom_messages_group":[],"rop_publish_now":"initial","rop_publish_now_accounts":[],"rop_publish_now_history":[],"rop_publish_now_status":"pending"},"product_brand":[],"product_cat":[23,43],"product_tag":[],"class_list":{"0":"post-2296","1":"product","2":"type-product","3":"status-publish","4":"has-post-thumbnail","6":"product_cat-dji-osmo","7":"product_cat-osmo-action","9":"first","10":"instock","11":"purchasable","12":"product-type-simple"},"jetpack-related-posts":[{"id":2289,"url":"https:\/\/store.droneway.ma\/index.php\/produit\/pack-de-4-filtres-nd-pour-dji-osmo-action-pgytech\/","url_meta":{"origin":2296,"position":0},"title":"Pack de 4 filtres ND pour DJI Osmo Action &#8211; PGYTECH","author":"admin","date":"21 novembre 2020","format":false,"excerpt":"Att\u00e9nue la lumi\u00e8re Qualit\u00e9 PGYTECH Con\u00e7us pour cam\u00e9ra DJI Osmo Action Facile \u00e0 installer en lieu et place de la lentille protectrice","rel":"","context":"Article similaire","block_context":{"text":"Article similaire","link":""},"img":{"alt_text":"Pack de 4 filtres ND pour DJI Osmo Action - PGYTECH","src":"https:\/\/i0.wp.com\/store.droneway.ma\/wp-content\/uploads\/2020\/11\/pack-de-4-filtres-nd-pour-dji-osmo-action-pgytech-p-image-214296-grande.jpg?resize=350%2C200&ssl=1","width":350,"height":200},"classes":[]},{"id":2297,"url":"https:\/\/store.droneway.ma\/index.php\/produit\/batterie-pour-dji-osmo-action\/","url_meta":{"origin":2296,"position":1},"title":"Batterie pour DJI Osmo Action","author":"admin","date":"21 novembre 2020","format":false,"excerpt":"Facile \u00e0 monter Batterie de rechange de 1300 mAh Batterie d'origine","rel":"","context":"Article similaire","block_context":{"text":"Article similaire","link":""},"img":{"alt_text":"","src":"https:\/\/i0.wp.com\/store.droneway.ma\/wp-content\/uploads\/2020\/11\/batterie-pour-dji-osmo-action-p-image-208916-grande.jpg?resize=350%2C200&ssl=1","width":350,"height":200},"classes":[]},{"id":2251,"url":"https:\/\/store.droneway.ma\/index.php\/produit\/protection-en-silicone-pour-dji-smart-controller\/","url_meta":{"origin":2296,"position":2},"title":"Protection en silicone pour DJI Smart Controller","author":"admin","date":"21 novembre 2020","format":false,"excerpt":"Prot\u00e8ge votre radiocommande DJI Smart Controller Pare-soleil pour meilleure visualisation Prot\u00e8ge des rayures et des chocs Housse ajour\u00e9e","rel":"","context":"Article similaire","block_context":{"text":"Article similaire","link":""},"img":{"alt_text":"Protection en silicone pour DJI Smart Controller","src":"https:\/\/i0.wp.com\/store.droneway.ma\/wp-content\/uploads\/2020\/11\/Protection-en-silicone-pour-DJI-Smart-Controller.jpg?resize=350%2C200&ssl=1","width":350,"height":200,"srcset":"https:\/\/i0.wp.com\/store.droneway.ma\/wp-content\/uploads\/2020\/11\/Protection-en-silicone-pour-DJI-Smart-Controller.jpg?resize=350%2C200&ssl=1 1x, https:\/\/i0.wp.com\/store.droneway.ma\/wp-content\/uploads\/2020\/11\/Protection-en-silicone-pour-DJI-Smart-Controller.jpg?resize=525%2C300&ssl=1 1.5x, https:\/\/i0.wp.com\/store.droneway.ma\/wp-content\/uploads\/2020\/11\/Protection-en-silicone-pour-DJI-Smart-Controller.jpg?resize=700%2C400&ssl=1 2x"},"classes":[]},{"id":2288,"url":"https:\/\/store.droneway.ma\/index.php\/produit\/filtre-cpl-pour-dji-osmo-action-pgytech\/","url_meta":{"origin":2296,"position":3},"title":"Filtre CPL pour DJI Osmo Action &#8211; PGYTECH","author":"admin","date":"21 novembre 2020","format":false,"excerpt":"Sp\u00e9cialement con\u00e7u pour la cam\u00e9ra DJI Osmo Action Att\u00e9nue les effets naturels sur les surface r\u00e9fl\u00e9chissantes Facile \u00e0 installer en lieu et place de la lentille protectrice","rel":"","context":"Article similaire","block_context":{"text":"Article similaire","link":""},"img":{"alt_text":"Filtre CPL pour DJI Osmo Action - PGYTECH","src":"https:\/\/i0.wp.com\/store.droneway.ma\/wp-content\/uploads\/2020\/11\/filtre-cpl-pour-dji-osmo-action-pgytech-p-image-209120-grande.jpg?resize=350%2C200&ssl=1","width":350,"height":200},"classes":[]},{"id":2293,"url":"https:\/\/store.droneway.ma\/index.php\/produit\/diving-kit-pour-dji-osmo-action\/","url_meta":{"origin":2296,"position":4},"title":"Diving Kit pour DJI Osmo Action","author":"admin","date":"21 novembre 2020","format":false,"excerpt":"Kit complet d\u00e9di\u00e9 \u00e0 la plong\u00e9e Doublez votre autonomie avec la batterie suppl\u00e9mentaire Poign\u00e9e flottante et fixation main et poignet incluse Pochette de rangement incluse","rel":"","context":"Article similaire","block_context":{"text":"Article similaire","link":""},"img":{"alt_text":"Diving Kit pour DJI Osmo Action","src":"https:\/\/i0.wp.com\/store.droneway.ma\/wp-content\/uploads\/2020\/11\/diving-kit-pour-dji-osmo-action-p-image-214101-grande.jpg?resize=350%2C200&ssl=1","width":350,"height":200,"srcset":"https:\/\/i0.wp.com\/store.droneway.ma\/wp-content\/uploads\/2020\/11\/diving-kit-pour-dji-osmo-action-p-image-214101-grande.jpg?resize=350%2C200&ssl=1 1x, https:\/\/i0.wp.com\/store.droneway.ma\/wp-content\/uploads\/2020\/11\/diving-kit-pour-dji-osmo-action-p-image-214101-grande.jpg?resize=525%2C300&ssl=1 1.5x, https:\/\/i0.wp.com\/store.droneway.ma\/wp-content\/uploads\/2020\/11\/diving-kit-pour-dji-osmo-action-p-image-214101-grande.jpg?resize=700%2C400&ssl=1 2x"},"classes":[]},{"id":2290,"url":"https:\/\/store.droneway.ma\/index.php\/produit\/pack-de-4-filtres-nd-pl-pour-dji-osmo-action-pgytech\/","url_meta":{"origin":2296,"position":5},"title":"Pack de 4 filtres ND\/PL pour DJI Osmo Action- PGYTECH","author":"admin","date":"21 novembre 2020","format":false,"excerpt":"Kit complet de 4 filtres Verre trait\u00e9 anti-rayures et anti-eau et huile Sp\u00e9cialement con\u00e7us pour DJI Osmo Action","rel":"","context":"Article similaire","block_context":{"text":"Article similaire","link":""},"img":{"alt_text":"Pack de 4 filtres ND\/PL pour DJI Osmo Action- PGYTECH","src":"https:\/\/i0.wp.com\/store.droneway.ma\/wp-content\/uploads\/2020\/11\/pack-de-4-filtres-nd-pl-pour-dji-osmo-action-pgytech-p-image-210122-grande.jpg?resize=350%2C200&ssl=1","width":350,"height":200,"srcset":"https:\/\/i0.wp.com\/store.droneway.ma\/wp-content\/uploads\/2020\/11\/pack-de-4-filtres-nd-pl-pour-dji-osmo-action-pgytech-p-image-210122-grande.jpg?resize=350%2C200&ssl=1 1x, https:\/\/i0.wp.com\/store.droneway.ma\/wp-content\/uploads\/2020\/11\/pack-de-4-filtres-nd-pl-pour-dji-osmo-action-pgytech-p-image-210122-grande.jpg?resize=525%2C300&ssl=1 1.5x, https:\/\/i0.wp.com\/store.droneway.ma\/wp-content\/uploads\/2020\/11\/pack-de-4-filtres-nd-pl-pour-dji-osmo-action-pgytech-p-image-210122-grande.jpg?resize=700%2C400&ssl=1 2x"},"classes":[]}],"jetpack_sharing_enabled":true,"_links":{"self":[{"href":"https:\/\/store.droneway.ma\/index.php\/wp-json\/wp\/v2\/product\/2296","targetHints":{"allow":["GET"]}}],"collection":[{"href":"https:\/\/store.droneway.ma\/index.php\/wp-json\/wp\/v2\/product"}],"about":[{"href":"https:\/\/store.droneway.ma\/index.php\/wp-json\/wp\/v2\/types\/product"}],"wp:featuredmedia":[{"embeddable":true,"href":"https:\/\/store.droneway.ma\/index.php\/wp-json\/wp\/v2\/media\/1105"}],"wp:attachment":[{"href":"https:\/\/store.droneway.ma\/index.php\/wp-json\/wp\/v2\/media?parent=2296"}],"wp:term":[{"taxonomy":"product_brand","embeddable":true,"href":"https:\/\/store.droneway.ma\/index.php\/wp-json\/wp\/v2\/product_brand?post=2296"},{"taxonomy":"product_cat","embeddable":true,"href":"https:\/\/store.droneway.ma\/index.php\/wp-json\/wp\/v2\/product_cat?post=2296"},{"taxonomy":"product_tag","embeddable":true,"href":"https:\/\/store.droneway.ma\/index.php\/wp-json\/wp\/v2\/product_tag?post=2296"}],"curies":[{"name":"wp","href":"https:\/\/api.w.org\/{rel}","templated":true}]}}