{"id":2292,"date":"2020-11-21T19:07:24","date_gmt":"2020-11-21T18:07:24","guid":{"rendered":"http:\/\/store.droneway.ma\/index.php\/produit\/kit-de-filtres-nd-pour-osmo-action-dji\/"},"modified":"2020-11-21T19:07:25","modified_gmt":"2020-11-21T18:07:25","slug":"kit-de-filtres-nd-pour-osmo-action-dji","status":"publish","type":"product","link":"https:\/\/store.droneway.ma\/index.php\/produit\/kit-de-filtres-nd-pour-osmo-action-dji\/","title":{"rendered":"Kit de filtres ND pour Osmo Action &#8211; DJI"},"content":{"rendered":"<p>Profitez de kit 4 filtres pour sp\u00e9cialement con\u00e7us pour l&rsquo;Osmo Action afin d&rsquo;optimiser vos prises de vue : ND4, ND8, ND16 et ND32.  Trait\u00e9s d&rsquo;un rev\u00eatement sp\u00e9cial, ces filtres \u00ab\u00a0Neutral-Density\u00a0\u00bb DJI pour Osmo Action r\u00e9pondront parfaitement \u00e0 toutes vos exigences selon l&rsquo;\u00e9clairage, la luminosit\u00e9 du moment pour obtenir de meilleures images.  La quantit\u00e9 de lumi\u00e8re qui p\u00e9n\u00e8tre dans l&rsquo;objectif de la cam\u00e9ra sera ainsi progressivement diminu\u00e9e pour vous adapter aux conditions lumineuses.  Le contour crant\u00e9 du filtre vous permettra de le fixer tr\u00e8s ais\u00e9ment sur l&rsquo;objectif.<\/p>\n","protected":false},"excerpt":{"rendered":"<p>R\u00e9duit l&rsquo;exposition \u00e0 la lumi\u00e8re pour \u00e9largir les options de prise de vue  Dot\u00e9 d&rsquo;un rev\u00eatement anti-empreinte  Fixation ais\u00e9e<\/p>\n","protected":false},"featured_media":1064,"template":"","meta":{"content-type":"","rop_custom_images_group":[],"rop_custom_messages_group":[],"rop_publish_now":"initial","rop_publish_now_accounts":[],"rop_publish_now_history":[],"rop_publish_now_status":"pending"},"product_brand":[],"product_cat":[23,43],"product_tag":[],"class_list":{"0":"post-2292","1":"product","2":"type-product","3":"status-publish","4":"has-post-thumbnail","6":"product_cat-dji-osmo","7":"product_cat-osmo-action","9":"first","10":"instock","11":"purchasable","12":"product-type-simple"},"jetpack-related-posts":[{"id":2291,"url":"https:\/\/store.droneway.ma\/index.php\/produit\/kit-de-3-filtres-nd-pl-gradues-pour-dji-osmo-action-pgytech\/","url_meta":{"origin":2292,"position":0},"title":"Kit de 3 filtres ND-PL gradu\u00e9s pour DJI Osmo Action &#8211; PGYTECH","author":"admin","date":"21 novembre 2020","format":false,"excerpt":"Kit compos\u00e9 de trois filtres ND, PL et gradu\u00e9s Filtres \u00e0 visser en lieu et place de la lentille d'origine Filtres ultra l\u00e9gers","rel":"","context":"Article similaire","block_context":{"text":"Article similaire","link":""},"img":{"alt_text":"Kit de 3 filtres ND-PL gradu\u00e9s pour DJI Osmo Action - PGYTECH","src":"https:\/\/i0.wp.com\/store.droneway.ma\/wp-content\/uploads\/2020\/11\/kit-de-3-filtres-nd-pl-gradues-pour-dji-osmo-pocket-pgytech-p-image-211825-grande.jpg?resize=350%2C200&ssl=1","width":350,"height":200,"srcset":"https:\/\/i0.wp.com\/store.droneway.ma\/wp-content\/uploads\/2020\/11\/kit-de-3-filtres-nd-pl-gradues-pour-dji-osmo-pocket-pgytech-p-image-211825-grande.jpg?resize=350%2C200&ssl=1 1x, https:\/\/i0.wp.com\/store.droneway.ma\/wp-content\/uploads\/2020\/11\/kit-de-3-filtres-nd-pl-gradues-pour-dji-osmo-pocket-pgytech-p-image-211825-grande.jpg?resize=525%2C300&ssl=1 1.5x, https:\/\/i0.wp.com\/store.droneway.ma\/wp-content\/uploads\/2020\/11\/kit-de-3-filtres-nd-pl-gradues-pour-dji-osmo-pocket-pgytech-p-image-211825-grande.jpg?resize=700%2C400&ssl=1 2x"},"classes":[]},{"id":2290,"url":"https:\/\/store.droneway.ma\/index.php\/produit\/pack-de-4-filtres-nd-pl-pour-dji-osmo-action-pgytech\/","url_meta":{"origin":2292,"position":1},"title":"Pack de 4 filtres ND\/PL pour DJI Osmo Action- PGYTECH","author":"admin","date":"21 novembre 2020","format":false,"excerpt":"Kit complet de 4 filtres Verre trait\u00e9 anti-rayures et anti-eau et huile Sp\u00e9cialement con\u00e7us pour DJI Osmo Action","rel":"","context":"Article similaire","block_context":{"text":"Article similaire","link":""},"img":{"alt_text":"Pack de 4 filtres ND\/PL pour DJI Osmo Action- PGYTECH","src":"https:\/\/i0.wp.com\/store.droneway.ma\/wp-content\/uploads\/2020\/11\/pack-de-4-filtres-nd-pl-pour-dji-osmo-action-pgytech-p-image-210122-grande.jpg?resize=350%2C200&ssl=1","width":350,"height":200,"srcset":"https:\/\/i0.wp.com\/store.droneway.ma\/wp-content\/uploads\/2020\/11\/pack-de-4-filtres-nd-pl-pour-dji-osmo-action-pgytech-p-image-210122-grande.jpg?resize=350%2C200&ssl=1 1x, https:\/\/i0.wp.com\/store.droneway.ma\/wp-content\/uploads\/2020\/11\/pack-de-4-filtres-nd-pl-pour-dji-osmo-action-pgytech-p-image-210122-grande.jpg?resize=525%2C300&ssl=1 1.5x, https:\/\/i0.wp.com\/store.droneway.ma\/wp-content\/uploads\/2020\/11\/pack-de-4-filtres-nd-pl-pour-dji-osmo-action-pgytech-p-image-210122-grande.jpg?resize=700%2C400&ssl=1 2x"},"classes":[]},{"id":2289,"url":"https:\/\/store.droneway.ma\/index.php\/produit\/pack-de-4-filtres-nd-pour-dji-osmo-action-pgytech\/","url_meta":{"origin":2292,"position":2},"title":"Pack de 4 filtres ND pour DJI Osmo Action &#8211; PGYTECH","author":"admin","date":"21 novembre 2020","format":false,"excerpt":"Att\u00e9nue la lumi\u00e8re Qualit\u00e9 PGYTECH Con\u00e7us pour cam\u00e9ra DJI Osmo Action Facile \u00e0 installer en lieu et place de la lentille protectrice","rel":"","context":"Article similaire","block_context":{"text":"Article similaire","link":""},"img":{"alt_text":"Pack de 4 filtres ND pour DJI Osmo Action - PGYTECH","src":"https:\/\/i0.wp.com\/store.droneway.ma\/wp-content\/uploads\/2020\/11\/pack-de-4-filtres-nd-pour-dji-osmo-action-pgytech-p-image-214296-grande.jpg?resize=350%2C200&ssl=1","width":350,"height":200},"classes":[]},{"id":2288,"url":"https:\/\/store.droneway.ma\/index.php\/produit\/filtre-cpl-pour-dji-osmo-action-pgytech\/","url_meta":{"origin":2292,"position":3},"title":"Filtre CPL pour DJI Osmo Action &#8211; PGYTECH","author":"admin","date":"21 novembre 2020","format":false,"excerpt":"Sp\u00e9cialement con\u00e7u pour la cam\u00e9ra DJI Osmo Action Att\u00e9nue les effets naturels sur les surface r\u00e9fl\u00e9chissantes Facile \u00e0 installer en lieu et place de la lentille protectrice","rel":"","context":"Article similaire","block_context":{"text":"Article similaire","link":""},"img":{"alt_text":"Filtre CPL pour DJI Osmo Action - PGYTECH","src":"https:\/\/i0.wp.com\/store.droneway.ma\/wp-content\/uploads\/2020\/11\/filtre-cpl-pour-dji-osmo-action-pgytech-p-image-209120-grande.jpg?resize=350%2C200&ssl=1","width":350,"height":200},"classes":[]},{"id":2293,"url":"https:\/\/store.droneway.ma\/index.php\/produit\/diving-kit-pour-dji-osmo-action\/","url_meta":{"origin":2292,"position":4},"title":"Diving Kit pour DJI Osmo Action","author":"admin","date":"21 novembre 2020","format":false,"excerpt":"Kit complet d\u00e9di\u00e9 \u00e0 la plong\u00e9e Doublez votre autonomie avec la batterie suppl\u00e9mentaire Poign\u00e9e flottante et fixation main et poignet incluse Pochette de rangement incluse","rel":"","context":"Article similaire","block_context":{"text":"Article similaire","link":""},"img":{"alt_text":"Diving Kit pour DJI Osmo Action","src":"https:\/\/i0.wp.com\/store.droneway.ma\/wp-content\/uploads\/2020\/11\/diving-kit-pour-dji-osmo-action-p-image-214101-grande.jpg?resize=350%2C200&ssl=1","width":350,"height":200,"srcset":"https:\/\/i0.wp.com\/store.droneway.ma\/wp-content\/uploads\/2020\/11\/diving-kit-pour-dji-osmo-action-p-image-214101-grande.jpg?resize=350%2C200&ssl=1 1x, https:\/\/i0.wp.com\/store.droneway.ma\/wp-content\/uploads\/2020\/11\/diving-kit-pour-dji-osmo-action-p-image-214101-grande.jpg?resize=525%2C300&ssl=1 1.5x, https:\/\/i0.wp.com\/store.droneway.ma\/wp-content\/uploads\/2020\/11\/diving-kit-pour-dji-osmo-action-p-image-214101-grande.jpg?resize=700%2C400&ssl=1 2x"},"classes":[]},{"id":2392,"url":"https:\/\/store.droneway.ma\/index.php\/produit\/vlog-set-pour-dji-pocket-2-pgytech\/","url_meta":{"origin":2292,"position":5},"title":"Vlog Set pour DJI Pocket 2 &#8211; PGYTECH","author":"admin","date":"21 novembre 2020","format":false,"excerpt":"Kit complet Optimis\u00e9 pour le DJI Pocket 2 Accessoires pour un setup vlog","rel":"","context":"Article similaire","block_context":{"text":"Article similaire","link":""},"img":{"alt_text":"Vlog Set pour DJI Pocket 2 - PGYTECH","src":"https:\/\/i0.wp.com\/store.droneway.ma\/wp-content\/uploads\/2020\/11\/vlog-set-pour-dji-pocket-2-pgytech-p-image-220639-grande.jpg?resize=350%2C200&ssl=1","width":350,"height":200,"srcset":"https:\/\/i0.wp.com\/store.droneway.ma\/wp-content\/uploads\/2020\/11\/vlog-set-pour-dji-pocket-2-pgytech-p-image-220639-grande.jpg?resize=350%2C200&ssl=1 1x, https:\/\/i0.wp.com\/store.droneway.ma\/wp-content\/uploads\/2020\/11\/vlog-set-pour-dji-pocket-2-pgytech-p-image-220639-grande.jpg?resize=525%2C300&ssl=1 1.5x, https:\/\/i0.wp.com\/store.droneway.ma\/wp-content\/uploads\/2020\/11\/vlog-set-pour-dji-pocket-2-pgytech-p-image-220639-grande.jpg?resize=700%2C400&ssl=1 2x"},"classes":[]}],"jetpack_sharing_enabled":true,"_links":{"self":[{"href":"https:\/\/store.droneway.ma\/index.php\/wp-json\/wp\/v2\/product\/2292","targetHints":{"allow":["GET"]}}],"collection":[{"href":"https:\/\/store.droneway.ma\/index.php\/wp-json\/wp\/v2\/product"}],"about":[{"href":"https:\/\/store.droneway.ma\/index.php\/wp-json\/wp\/v2\/types\/product"}],"wp:featuredmedia":[{"embeddable":true,"href":"https:\/\/store.droneway.ma\/index.php\/wp-json\/wp\/v2\/media\/1064"}],"wp:attachment":[{"href":"https:\/\/store.droneway.ma\/index.php\/wp-json\/wp\/v2\/media?parent=2292"}],"wp:term":[{"taxonomy":"product_brand","embeddable":true,"href":"https:\/\/store.droneway.ma\/index.php\/wp-json\/wp\/v2\/product_brand?post=2292"},{"taxonomy":"product_cat","embeddable":true,"href":"https:\/\/store.droneway.ma\/index.php\/wp-json\/wp\/v2\/product_cat?post=2292"},{"taxonomy":"product_tag","embeddable":true,"href":"https:\/\/store.droneway.ma\/index.php\/wp-json\/wp\/v2\/product_tag?post=2292"}],"curies":[{"name":"wp","href":"https:\/\/api.w.org\/{rel}","templated":true}]}}