{"id":2290,"date":"2020-11-21T19:07:24","date_gmt":"2020-11-21T18:07:24","guid":{"rendered":"http:\/\/store.droneway.ma\/index.php\/produit\/pack-de-4-filtres-nd-pl-pour-dji-osmo-action-pgytech\/"},"modified":"2020-11-21T19:07:24","modified_gmt":"2020-11-21T18:07:24","slug":"pack-de-4-filtres-nd-pl-pour-dji-osmo-action-pgytech","status":"publish","type":"product","link":"https:\/\/store.droneway.ma\/index.php\/produit\/pack-de-4-filtres-nd-pl-pour-dji-osmo-action-pgytech\/","title":{"rendered":"Pack de 4 filtres ND\/PL pour DJI Osmo Action- PGYTECH"},"content":{"rendered":"<p>Ce kit vous permettra de filmer dans toutes les conditions de lumi\u00e8res en combinant les caract\u00e9ristiques ND (Neutral Density) et PL(Polaris\u00e9) pour des reflets att\u00e9nu\u00e9s. Ce pack de 4 filtres (ND8\/PL, ND16\/PL, ND32\/PL et ND64\/PL) pour DJI Osmo Action vous permettra de sublimer vos images par beau temps !  Pour l&rsquo;installation, il suffit de clipser le filtre sur la lentille vendue avec la cam\u00e9ra.<\/p>\n","protected":false},"excerpt":{"rendered":"<p>Kit complet de 4 filtres<br \/>\nVerre trait\u00e9 anti-rayures et anti-eau et huile<br \/>\nSp\u00e9cialement con\u00e7us pour DJI Osmo Action<\/p>\n","protected":false},"featured_media":1021,"template":"","meta":{"content-type":"","rop_custom_images_group":[],"rop_custom_messages_group":[],"rop_publish_now":"initial","rop_publish_now_accounts":[],"rop_publish_now_history":[],"rop_publish_now_status":"pending"},"product_brand":[],"product_cat":[23,43],"product_tag":[],"class_list":{"0":"post-2290","1":"product","2":"type-product","3":"status-publish","4":"has-post-thumbnail","6":"product_cat-dji-osmo","7":"product_cat-osmo-action","9":"first","10":"instock","11":"purchasable","12":"product-type-simple"},"jetpack-related-posts":[{"id":2291,"url":"https:\/\/store.droneway.ma\/index.php\/produit\/kit-de-3-filtres-nd-pl-gradues-pour-dji-osmo-action-pgytech\/","url_meta":{"origin":2290,"position":0},"title":"Kit de 3 filtres ND-PL gradu\u00e9s pour DJI Osmo Action &#8211; PGYTECH","author":"admin","date":"21 novembre 2020","format":false,"excerpt":"Kit compos\u00e9 de trois filtres ND, PL et gradu\u00e9s Filtres \u00e0 visser en lieu et place de la lentille d'origine Filtres ultra l\u00e9gers","rel":"","context":"Article similaire","block_context":{"text":"Article similaire","link":""},"img":{"alt_text":"Kit de 3 filtres ND-PL gradu\u00e9s pour DJI Osmo Action - PGYTECH","src":"https:\/\/i0.wp.com\/store.droneway.ma\/wp-content\/uploads\/2020\/11\/kit-de-3-filtres-nd-pl-gradues-pour-dji-osmo-pocket-pgytech-p-image-211825-grande.jpg?resize=350%2C200&ssl=1","width":350,"height":200,"srcset":"https:\/\/i0.wp.com\/store.droneway.ma\/wp-content\/uploads\/2020\/11\/kit-de-3-filtres-nd-pl-gradues-pour-dji-osmo-pocket-pgytech-p-image-211825-grande.jpg?resize=350%2C200&ssl=1 1x, https:\/\/i0.wp.com\/store.droneway.ma\/wp-content\/uploads\/2020\/11\/kit-de-3-filtres-nd-pl-gradues-pour-dji-osmo-pocket-pgytech-p-image-211825-grande.jpg?resize=525%2C300&ssl=1 1.5x, https:\/\/i0.wp.com\/store.droneway.ma\/wp-content\/uploads\/2020\/11\/kit-de-3-filtres-nd-pl-gradues-pour-dji-osmo-pocket-pgytech-p-image-211825-grande.jpg?resize=700%2C400&ssl=1 2x"},"classes":[]},{"id":2095,"url":"https:\/\/store.droneway.ma\/index.php\/produit\/filtre-nd16-et-pl-pour-dji-zenmuse-x5-x5r-x5s-x7\/","url_meta":{"origin":2290,"position":1},"title":"Filtre ND16 et PL pour DJI Zenmuse X5\/X5R\/X5S &#038; X7","author":"admin","date":"21 novembre 2020","format":false,"excerpt":"Filtre 2 en 1 ND & PL de qualit\u00e9 sup\u00e9rieure Effet Neutral Density ( ND16 ) Effet Polarisant ( PL ) Compatibles DJI ZENMUSE X5\/X5R\/X5S & X7","rel":"","context":"Article similaire","block_context":{"text":"Article similaire","link":""},"img":{"alt_text":"Filtre ND16 et PL pour DJI Zenmuse X5\/X5R\/X5S & X7","src":"https:\/\/i0.wp.com\/store.droneway.ma\/wp-content\/uploads\/2020\/11\/dji-zenmuse-x5-x5r-filtre-pour-drone-inspire-et-stabilisateur-main-osmo-p-image-175563-grande.jpg?resize=350%2C200&ssl=1","width":350,"height":200},"classes":[]},{"id":2292,"url":"https:\/\/store.droneway.ma\/index.php\/produit\/kit-de-filtres-nd-pour-osmo-action-dji\/","url_meta":{"origin":2290,"position":2},"title":"Kit de filtres ND pour Osmo Action &#8211; DJI","author":"admin","date":"21 novembre 2020","format":false,"excerpt":"R\u00e9duit l'exposition \u00e0 la lumi\u00e8re pour \u00e9largir les options de prise de vue Dot\u00e9 d'un rev\u00eatement anti-empreinte Fixation ais\u00e9e","rel":"","context":"Article similaire","block_context":{"text":"Article similaire","link":""},"img":{"alt_text":"Kit de filtres ND pour Osmo Action - DJI","src":"https:\/\/i0.wp.com\/store.droneway.ma\/wp-content\/uploads\/2020\/11\/jeu-de-filtres-nd-pour-osmo-action-p-image-213126-grande.jpg?resize=350%2C200&ssl=1","width":350,"height":200},"classes":[]},{"id":2289,"url":"https:\/\/store.droneway.ma\/index.php\/produit\/pack-de-4-filtres-nd-pour-dji-osmo-action-pgytech\/","url_meta":{"origin":2290,"position":3},"title":"Pack de 4 filtres ND pour DJI Osmo Action &#8211; PGYTECH","author":"admin","date":"21 novembre 2020","format":false,"excerpt":"Att\u00e9nue la lumi\u00e8re Qualit\u00e9 PGYTECH Con\u00e7us pour cam\u00e9ra DJI Osmo Action Facile \u00e0 installer en lieu et place de la lentille protectrice","rel":"","context":"Article similaire","block_context":{"text":"Article similaire","link":""},"img":{"alt_text":"Pack de 4 filtres ND pour DJI Osmo Action - PGYTECH","src":"https:\/\/i0.wp.com\/store.droneway.ma\/wp-content\/uploads\/2020\/11\/pack-de-4-filtres-nd-pour-dji-osmo-action-pgytech-p-image-214296-grande.jpg?resize=350%2C200&ssl=1","width":350,"height":200},"classes":[]},{"id":2288,"url":"https:\/\/store.droneway.ma\/index.php\/produit\/filtre-cpl-pour-dji-osmo-action-pgytech\/","url_meta":{"origin":2290,"position":4},"title":"Filtre CPL pour DJI Osmo Action &#8211; PGYTECH","author":"admin","date":"21 novembre 2020","format":false,"excerpt":"Sp\u00e9cialement con\u00e7u pour la cam\u00e9ra DJI Osmo Action Att\u00e9nue les effets naturels sur les surface r\u00e9fl\u00e9chissantes Facile \u00e0 installer en lieu et place de la lentille protectrice","rel":"","context":"Article similaire","block_context":{"text":"Article similaire","link":""},"img":{"alt_text":"Filtre CPL pour DJI Osmo Action - PGYTECH","src":"https:\/\/i0.wp.com\/store.droneway.ma\/wp-content\/uploads\/2020\/11\/filtre-cpl-pour-dji-osmo-action-pgytech-p-image-209120-grande.jpg?resize=350%2C200&ssl=1","width":350,"height":200},"classes":[]},{"id":2096,"url":"https:\/\/store.droneway.ma\/index.php\/produit\/pack-5-filtres-ir-nd-pour-dji-zenmuse-x7\/","url_meta":{"origin":2290,"position":5},"title":"Pack 5 filtres IR ND pour DJI Zenmuse X7","author":"admin","date":"21 novembre 2020","format":false,"excerpt":"Pack complet de 5 filtres IR ND Verre optique multicouche haut de gamme Permet d'obtenir des images claires Ultra l\u00e9ger : 10 grammes","rel":"","context":"Article similaire","block_context":{"text":"Article similaire","link":""},"img":{"alt_text":"Pack 5 filtres IR ND pour DJI Zenmuse X7","src":"https:\/\/i0.wp.com\/store.droneway.ma\/wp-content\/uploads\/2020\/11\/pack-5-filtres-ir-nd-pour-dji-zenmuse-x7-p-image-193878-grande.jpg?resize=350%2C200&ssl=1","width":350,"height":200,"srcset":"https:\/\/i0.wp.com\/store.droneway.ma\/wp-content\/uploads\/2020\/11\/pack-5-filtres-ir-nd-pour-dji-zenmuse-x7-p-image-193878-grande.jpg?resize=350%2C200&ssl=1 1x, https:\/\/i0.wp.com\/store.droneway.ma\/wp-content\/uploads\/2020\/11\/pack-5-filtres-ir-nd-pour-dji-zenmuse-x7-p-image-193878-grande.jpg?resize=525%2C300&ssl=1 1.5x, https:\/\/i0.wp.com\/store.droneway.ma\/wp-content\/uploads\/2020\/11\/pack-5-filtres-ir-nd-pour-dji-zenmuse-x7-p-image-193878-grande.jpg?resize=700%2C400&ssl=1 2x"},"classes":[]}],"jetpack_sharing_enabled":true,"_links":{"self":[{"href":"https:\/\/store.droneway.ma\/index.php\/wp-json\/wp\/v2\/product\/2290","targetHints":{"allow":["GET"]}}],"collection":[{"href":"https:\/\/store.droneway.ma\/index.php\/wp-json\/wp\/v2\/product"}],"about":[{"href":"https:\/\/store.droneway.ma\/index.php\/wp-json\/wp\/v2\/types\/product"}],"wp:featuredmedia":[{"embeddable":true,"href":"https:\/\/store.droneway.ma\/index.php\/wp-json\/wp\/v2\/media\/1021"}],"wp:attachment":[{"href":"https:\/\/store.droneway.ma\/index.php\/wp-json\/wp\/v2\/media?parent=2290"}],"wp:term":[{"taxonomy":"product_brand","embeddable":true,"href":"https:\/\/store.droneway.ma\/index.php\/wp-json\/wp\/v2\/product_brand?post=2290"},{"taxonomy":"product_cat","embeddable":true,"href":"https:\/\/store.droneway.ma\/index.php\/wp-json\/wp\/v2\/product_cat?post=2290"},{"taxonomy":"product_tag","embeddable":true,"href":"https:\/\/store.droneway.ma\/index.php\/wp-json\/wp\/v2\/product_tag?post=2290"}],"curies":[{"name":"wp","href":"https:\/\/api.w.org\/{rel}","templated":true}]}}