{"id":2287,"date":"2020-11-21T19:06:51","date_gmt":"2020-11-21T18:06:51","guid":{"rendered":"http:\/\/store.droneway.ma\/index.php\/produit\/dji-osmo-action\/"},"modified":"2023-06-13T21:03:35","modified_gmt":"2023-06-13T19:03:35","slug":"dji-osmo-action","status":"publish","type":"product","link":"https:\/\/store.droneway.ma\/index.php\/produit\/dji-osmo-action\/","title":{"rendered":"DJI Osmo Action 2 Power Combo"},"content":{"rendered":"<p>DJI Action 2 n&rsquo;est pas seulement ultra-polyvalente, c&rsquo;est aussi notre cam\u00e9ra d&rsquo;action la plus puissante \u00e0 ce jour. La conception magn\u00e9tique innovante vous permet d&rsquo;\u00e9changer sans effort les accessoires lorsque vous capturez la vie en d\u00e9placement. Du parkour aux promenades dans le parc, brisez le moule avec DJI Action 2.<\/p>\n<p>La conception magn\u00e9tique d&rsquo;Action 2 permet aux utilisateurs d&rsquo;enclencher et de basculer librement entre des modules puissants et des accessoires. Cette fluidit\u00e9 de forme en fait la cam\u00e9ra d&rsquo;action multifonctionnelle ultime.<\/p>\n<p>Installez le module d&rsquo;\u00e9cran tactile avant et placez-vous au centre de l&rsquo;attention. Con\u00e7u pour les vloggers, l&rsquo;\u00e9cran tactile OLED orient\u00e9 vers l&rsquo;avant et la st\u00e9r\u00e9o matricielle \u00e0 4 micros vous permettent de composer des vid\u00e9os et de capturer un son net pendant que vous racontez vos aventures. Et lorsqu&rsquo;il est connect\u00e9, l&rsquo;autonomie de la batterie de l&rsquo;Action 2 est augment\u00e9e \u00e0 un maximum de 160 minutes lors du tournage. <\/p>\n<p>Quelqu&rsquo;un a dit power? Tirez le meilleur parti de votre Action 2 avec le module d&rsquo;alimentation. Lorsqu&rsquo;il est connect\u00e9, Action 2 gagne un emplacement pour carte microSD et peut filmer jusqu&rsquo;\u00e0 180 minutes.<br \/>\nIl est m\u00eame rempla\u00e7able \u00e0 chaud, ce qui vous permet de continuer \u00e0 filmer sans rien manquer.<\/p>\n<p>Certaines choses cliquent !<\/p>\n<p>Vous pouvez ainsi emporter la DJI Action 2 absolument partout avec vous au vue de sa petite taille et de ses dimensions : le capteur seul p\u00e8se 56 grammes et mesure 39 x 39 x 22,3 mm. C&rsquo;est aussi la cam\u00e9ra parfaite \u00e0 fixer partout : sur votre casque de moto, sur votre v\u00e9lo, sur un tr\u00e9pied, sur votre drone FPV. Ainsi elle servira \u00e0 de nombreux profils : vlogger, passionn\u00e9 de belles images, sportif aimant partager leur exploits, pilotes FPV, plongeur, youtuber etc&#8230;<\/p>\n","protected":false},"excerpt":{"rendered":"<p>Filme en 4k \u00e0 60 images par seconde<br \/>\nDeux \u00e9crans LCD<br \/>\nFonction Hyperlapse et Timelapse<br \/>\nStabilisation num\u00e9rique Rocksteady<br \/>\nLa cam\u00e9ra DJI Osmo Action 2 me suit en voyage \u00e0 l&rsquo;\u00e9tranger.<\/p>\n","protected":false},"featured_media":2748,"template":"","meta":{"content-type":"","rop_custom_images_group":[],"rop_custom_messages_group":[],"rop_publish_now":"initial","rop_publish_now_accounts":[],"rop_publish_now_history":[],"rop_publish_now_status":"pending"},"product_brand":[],"product_cat":[23,43],"product_tag":[],"class_list":{"0":"post-2287","1":"product","2":"type-product","3":"status-publish","4":"has-post-thumbnail","6":"product_cat-dji-osmo","7":"product_cat-osmo-action","9":"first","10":"instock","11":"purchasable","12":"product-type-simple"},"jetpack-related-posts":[{"id":2299,"url":"https:\/\/store.droneway.ma\/index.php\/produit\/kit-universel-pour-camera-daction-pgytech\/","url_meta":{"origin":2287,"position":0},"title":"Kit universel pour cam\u00e9ra d&rsquo;action &#8211; PGYTECH","author":"admin","date":"21 novembre 2020","format":false,"excerpt":"Kit d'accessoires complet Compatibles toutes actions cams Qualit\u00e9 PGYTECH","rel":"","context":"Article similaire","block_context":{"text":"Article similaire","link":""},"img":{"alt_text":"Kit universel pour cam\u00e9ra d'action - PGYTECH","src":"https:\/\/i0.wp.com\/store.droneway.ma\/wp-content\/uploads\/2020\/11\/kit-universel-pour-camera-d-action-pgytech-p-image-220647-grande.jpg?resize=350%2C200&ssl=1","width":350,"height":200,"srcset":"https:\/\/i0.wp.com\/store.droneway.ma\/wp-content\/uploads\/2020\/11\/kit-universel-pour-camera-d-action-pgytech-p-image-220647-grande.jpg?resize=350%2C200&ssl=1 1x, https:\/\/i0.wp.com\/store.droneway.ma\/wp-content\/uploads\/2020\/11\/kit-universel-pour-camera-d-action-pgytech-p-image-220647-grande.jpg?resize=525%2C300&ssl=1 1.5x, https:\/\/i0.wp.com\/store.droneway.ma\/wp-content\/uploads\/2020\/11\/kit-universel-pour-camera-d-action-pgytech-p-image-220647-grande.jpg?resize=700%2C400&ssl=1 2x"},"classes":[]},{"id":2552,"url":"https:\/\/store.droneway.ma\/index.php\/produit\/dji-rs-2-2\/","url_meta":{"origin":2287,"position":1},"title":"DJI RS 2","author":"admin","date":"21 novembre 2020","format":false,"excerpt":"Stabilisateur professionnel pour cam\u00e9ra de cin\u00e9ma Jusqu'\u00e0 4,5 kg d'emport L\u00e9ger gr\u00e2ce \u00e0 sa conception en fibres de carbone Ecran tactile couleur de 1,4\" Compatible Sony, BlackMagic, Z CAM, Alexa, Nikon etc..","rel":"","context":"Article similaire","block_context":{"text":"Article similaire","link":""},"img":{"alt_text":"DJI RS 2","src":"https:\/\/i0.wp.com\/store.droneway.ma\/wp-content\/uploads\/2020\/11\/dji-rs-2-p-image-220260-grande.jpg?resize=350%2C200&ssl=1","width":350,"height":200,"srcset":"https:\/\/i0.wp.com\/store.droneway.ma\/wp-content\/uploads\/2020\/11\/dji-rs-2-p-image-220260-grande.jpg?resize=350%2C200&ssl=1 1x, https:\/\/i0.wp.com\/store.droneway.ma\/wp-content\/uploads\/2020\/11\/dji-rs-2-p-image-220260-grande.jpg?resize=525%2C300&ssl=1 1.5x, https:\/\/i0.wp.com\/store.droneway.ma\/wp-content\/uploads\/2020\/11\/dji-rs-2-p-image-220260-grande.jpg?resize=700%2C400&ssl=1 2x"},"classes":[]},{"id":2294,"url":"https:\/\/store.droneway.ma\/index.php\/produit\/trepied-extensible-pour-action-cams-pgytech\/","url_meta":{"origin":2287,"position":2},"title":"Tr\u00e9pied extensible pour action cams &#8211; PGYTECH","author":"admin","date":"21 novembre 2020","format":false,"excerpt":"Deux fonctions en une : tr\u00e9pied et selfie-stick Embase tripod pour venir y fixer votre cam\u00e9ra Poign\u00e9e anti-d\u00e9rapante R\u00e9tractable","rel":"","context":"Article similaire","block_context":{"text":"Article similaire","link":""},"img":{"alt_text":"Tr\u00e9pied extensible pour action cams - PGYTECH","src":"https:\/\/i0.wp.com\/store.droneway.ma\/wp-content\/uploads\/2020\/11\/trepied-selfie-stick-pour-dji-osmo-action-pgytech-p-image-214260-grande.jpg?resize=350%2C200&ssl=1","width":350,"height":200,"srcset":"https:\/\/i0.wp.com\/store.droneway.ma\/wp-content\/uploads\/2020\/11\/trepied-selfie-stick-pour-dji-osmo-action-pgytech-p-image-214260-grande.jpg?resize=350%2C200&ssl=1 1x, https:\/\/i0.wp.com\/store.droneway.ma\/wp-content\/uploads\/2020\/11\/trepied-selfie-stick-pour-dji-osmo-action-pgytech-p-image-214260-grande.jpg?resize=525%2C300&ssl=1 1.5x, https:\/\/i0.wp.com\/store.droneway.ma\/wp-content\/uploads\/2020\/11\/trepied-selfie-stick-pour-dji-osmo-action-pgytech-p-image-214260-grande.jpg?resize=700%2C400&ssl=1 2x"},"classes":[]},{"id":2296,"url":"https:\/\/store.droneway.ma\/index.php\/produit\/housse-en-silicone-pour-dji-osmo-action-dji\/","url_meta":{"origin":2287,"position":3},"title":"Housse en silicone pour DJI Osmo Action &#8211; DJI","author":"admin","date":"21 novembre 2020","format":false,"excerpt":"R\u00e9sistant Coloris Gris","rel":"","context":"Article similaire","block_context":{"text":"Article similaire","link":""},"img":{"alt_text":"Housse en silicone pour DJI Osmo Action - DJI","src":"https:\/\/i0.wp.com\/store.droneway.ma\/wp-content\/uploads\/2020\/11\/cynova-osmo-action-protective-sleeve-p-image-212094-grande.jpg?resize=350%2C200&ssl=1","width":350,"height":200,"srcset":"https:\/\/i0.wp.com\/store.droneway.ma\/wp-content\/uploads\/2020\/11\/cynova-osmo-action-protective-sleeve-p-image-212094-grande.jpg?resize=350%2C200&ssl=1 1x, https:\/\/i0.wp.com\/store.droneway.ma\/wp-content\/uploads\/2020\/11\/cynova-osmo-action-protective-sleeve-p-image-212094-grande.jpg?resize=525%2C300&ssl=1 1.5x"},"classes":[]},{"id":2386,"url":"https:\/\/store.droneway.ma\/index.php\/produit\/etui-de-recharge-pour-dji-pocket-2\/","url_meta":{"origin":2287,"position":4},"title":"\u00c9tui de recharge pour DJI Pocket 2","author":"admin","date":"21 novembre 2020","format":false,"excerpt":"accessoire indispensable \u00e9tui design et \u00e9l\u00e9gant batterie de 1500mAh : peut recharger la cam\u00e9ra 1,5 fois possibilit\u00e9 d'y stocker de petits accessoires","rel":"","context":"Article similaire","block_context":{"text":"Article similaire","link":""},"img":{"alt_text":"\u00c9tui de recharge pour DJI Pocket 2","src":"https:\/\/i0.wp.com\/store.droneway.ma\/wp-content\/uploads\/2020\/11\/Etui-de-recharge-pour-DJI-Pocket-2.jpg?resize=350%2C200&ssl=1","width":350,"height":200,"srcset":"https:\/\/i0.wp.com\/store.droneway.ma\/wp-content\/uploads\/2020\/11\/Etui-de-recharge-pour-DJI-Pocket-2.jpg?resize=350%2C200&ssl=1 1x, https:\/\/i0.wp.com\/store.droneway.ma\/wp-content\/uploads\/2020\/11\/Etui-de-recharge-pour-DJI-Pocket-2.jpg?resize=525%2C300&ssl=1 1.5x, https:\/\/i0.wp.com\/store.droneway.ma\/wp-content\/uploads\/2020\/11\/Etui-de-recharge-pour-DJI-Pocket-2.jpg?resize=700%2C400&ssl=1 2x"},"classes":[]},{"id":2829,"url":"https:\/\/store.droneway.ma\/index.php\/produit\/mavic-3-mutlispectral\/","url_meta":{"origin":2287,"position":5},"title":"Mavic 3 Mutlispectral","author":"admin","date":"13 mars 2023","format":false,"excerpt":"Le DJI Mavic 3M Multispectral RTK Fly More Combo est un pack sp\u00e9cial int\u00e9grant le drone professionnel DJI M3M, con\u00e7u pour l\u2019agriculture et l\u2019environnement. La principale application de ce drone est la prise de vue multispectrale, ce qu'il parvient \u00e0 r\u00e9aliser \u00e0 l\u2019aide d\u2019une cam\u00e9ra multispectrale constitu\u00e9e de 4 capteurs\u2026","rel":"","context":"Article similaire","block_context":{"text":"Article similaire","link":""},"img":{"alt_text":"","src":"https:\/\/i0.wp.com\/store.droneway.ma\/wp-content\/uploads\/2023\/03\/mavic-3-m.png?resize=350%2C200&ssl=1","width":350,"height":200,"srcset":"https:\/\/i0.wp.com\/store.droneway.ma\/wp-content\/uploads\/2023\/03\/mavic-3-m.png?resize=350%2C200&ssl=1 1x, https:\/\/i0.wp.com\/store.droneway.ma\/wp-content\/uploads\/2023\/03\/mavic-3-m.png?resize=525%2C300&ssl=1 1.5x, https:\/\/i0.wp.com\/store.droneway.ma\/wp-content\/uploads\/2023\/03\/mavic-3-m.png?resize=700%2C400&ssl=1 2x, https:\/\/i0.wp.com\/store.droneway.ma\/wp-content\/uploads\/2023\/03\/mavic-3-m.png?resize=1050%2C600&ssl=1 3x"},"classes":[]}],"jetpack_sharing_enabled":true,"_links":{"self":[{"href":"https:\/\/store.droneway.ma\/index.php\/wp-json\/wp\/v2\/product\/2287","targetHints":{"allow":["GET"]}}],"collection":[{"href":"https:\/\/store.droneway.ma\/index.php\/wp-json\/wp\/v2\/product"}],"about":[{"href":"https:\/\/store.droneway.ma\/index.php\/wp-json\/wp\/v2\/types\/product"}],"wp:featuredmedia":[{"embeddable":true,"href":"https:\/\/store.droneway.ma\/index.php\/wp-json\/wp\/v2\/media\/2748"}],"wp:attachment":[{"href":"https:\/\/store.droneway.ma\/index.php\/wp-json\/wp\/v2\/media?parent=2287"}],"wp:term":[{"taxonomy":"product_brand","embeddable":true,"href":"https:\/\/store.droneway.ma\/index.php\/wp-json\/wp\/v2\/product_brand?post=2287"},{"taxonomy":"product_cat","embeddable":true,"href":"https:\/\/store.droneway.ma\/index.php\/wp-json\/wp\/v2\/product_cat?post=2287"},{"taxonomy":"product_tag","embeddable":true,"href":"https:\/\/store.droneway.ma\/index.php\/wp-json\/wp\/v2\/product_tag?post=2287"}],"curies":[{"name":"wp","href":"https:\/\/api.w.org\/{rel}","templated":true}]}}