{"id":2279,"date":"2020-11-21T19:06:51","date_gmt":"2020-11-21T18:06:51","guid":{"rendered":"http:\/\/store.droneway.ma\/index.php\/produit\/coque-de-protection-pour-dji-smart-controller-pgytech\/"},"modified":"2020-11-21T19:07:12","modified_gmt":"2020-11-21T18:07:12","slug":"coque-de-protection-pour-dji-smart-controller-pgytech","status":"publish","type":"product","link":"https:\/\/store.droneway.ma\/index.php\/produit\/coque-de-protection-pour-dji-smart-controller-pgytech\/","title":{"rendered":"Coque de protection pour DJI Smart Controller &#8211; PGYTECH"},"content":{"rendered":"<p>La coque de protection PGYTECH pour DJI Smart Controller offre une protection compl\u00e8te des manches de commande, de l&rsquo;\u00e9cran et des boutons pendant le stockage et le transport. Cela rend la radiocommande DJI plus portable et \u00e9vite l&rsquo;installation et la d\u00e9sinstallation r\u00e9p\u00e9t\u00e9es des joysticks. Fabriqu\u00e9 en\u00a0caoutchouc souple TPU, la coque \u00e9pouse les formes de la radiocommande pour offrir une protection optimale.<\/p>\n","protected":false},"excerpt":{"rendered":"<p>L\u00e9g\u00e8re et r\u00e9sistante  Protection optimale du DJI Smart Controller  \u00c9vite de d\u00e9monter les joysticks.<\/p>\n","protected":false},"featured_media":2280,"template":"","meta":{"content-type":"","rop_custom_images_group":[],"rop_custom_messages_group":[],"rop_publish_now":"initial","rop_publish_now_accounts":[],"rop_publish_now_history":[],"rop_publish_now_status":"pending"},"product_brand":[],"product_cat":[16,34],"product_tag":[],"class_list":{"0":"post-2279","1":"product","2":"type-product","3":"status-publish","4":"has-post-thumbnail","6":"product_cat-dji-mavic","7":"product_cat-mavic-2","9":"first","10":"instock","11":"purchasable","12":"product-type-simple"},"jetpack-related-posts":[{"id":2251,"url":"https:\/\/store.droneway.ma\/index.php\/produit\/protection-en-silicone-pour-dji-smart-controller\/","url_meta":{"origin":2279,"position":0},"title":"Protection en silicone pour DJI Smart Controller","author":"admin","date":"21 novembre 2020","format":false,"excerpt":"Prot\u00e8ge votre radiocommande DJI Smart Controller Pare-soleil pour meilleure visualisation Prot\u00e8ge des rayures et des chocs Housse ajour\u00e9e","rel":"","context":"Article similaire","block_context":{"text":"Article similaire","link":""},"img":{"alt_text":"Protection en silicone pour DJI Smart Controller","src":"https:\/\/i0.wp.com\/store.droneway.ma\/wp-content\/uploads\/2020\/11\/Protection-en-silicone-pour-DJI-Smart-Controller.jpg?resize=350%2C200&ssl=1","width":350,"height":200,"srcset":"https:\/\/i0.wp.com\/store.droneway.ma\/wp-content\/uploads\/2020\/11\/Protection-en-silicone-pour-DJI-Smart-Controller.jpg?resize=350%2C200&ssl=1 1x, https:\/\/i0.wp.com\/store.droneway.ma\/wp-content\/uploads\/2020\/11\/Protection-en-silicone-pour-DJI-Smart-Controller.jpg?resize=525%2C300&ssl=1 1.5x, https:\/\/i0.wp.com\/store.droneway.ma\/wp-content\/uploads\/2020\/11\/Protection-en-silicone-pour-DJI-Smart-Controller.jpg?resize=700%2C400&ssl=1 2x"},"classes":[]},{"id":2247,"url":"https:\/\/store.droneway.ma\/index.php\/produit\/protection-en-silicone-pour-dji-smart-controller-avec-pare-soleil\/","url_meta":{"origin":2279,"position":1},"title":"Protection en silicone pour DJI Smart Controller avec pare-soleil","author":"admin","date":"21 novembre 2020","format":false,"excerpt":"Prot\u00e8ge votre DJI Smart Controller Prot\u00e8ge des rayures et des chocs Housse ajour\u00e9e","rel":"","context":"Article similaire","block_context":{"text":"Article similaire","link":""},"img":{"alt_text":"Protection en silicone pour DJI Smart Controller avec pare-soleil","src":"https:\/\/i0.wp.com\/store.droneway.ma\/wp-content\/uploads\/2020\/11\/Protection-en-silicone-pour-DJI-Smart-Controller-avec-pare-soleil.jpg?resize=350%2C200&ssl=1","width":350,"height":200,"srcset":"https:\/\/i0.wp.com\/store.droneway.ma\/wp-content\/uploads\/2020\/11\/Protection-en-silicone-pour-DJI-Smart-Controller-avec-pare-soleil.jpg?resize=350%2C200&ssl=1 1x, https:\/\/i0.wp.com\/store.droneway.ma\/wp-content\/uploads\/2020\/11\/Protection-en-silicone-pour-DJI-Smart-Controller-avec-pare-soleil.jpg?resize=525%2C300&ssl=1 1.5x, https:\/\/i0.wp.com\/store.droneway.ma\/wp-content\/uploads\/2020\/11\/Protection-en-silicone-pour-DJI-Smart-Controller-avec-pare-soleil.jpg?resize=700%2C400&ssl=1 2x"},"classes":[]},{"id":2180,"url":"https:\/\/store.droneway.ma\/index.php\/produit\/dji-mavic-2-enterprise-et-smart-controller\/","url_meta":{"origin":2279,"position":2},"title":"DJI Mavic 2 Enterprise et Smart Controller","author":"admin","date":"21 novembre 2020","format":false,"excerpt":"Le drone Mavic 2 Enterprise reprend le design et la cam\u00e9ra du Mavic 2 Zoom en ajoutant des fonctionnalit\u00e9s orient\u00e9es pour une utilisation professionnelle. On retrouve une connectique pour installer trois diff\u00e9rents modules sur le drone : un haut-parleur de 100dB, un projecteur \u00e0 2 LED et un feu auxiliaire.\u2026","rel":"","context":"Article similaire","block_context":{"text":"Article similaire","link":""},"img":{"alt_text":"DJI Mavic 2 Enterprise et Smart Controller","src":"https:\/\/i0.wp.com\/store.droneway.ma\/wp-content\/uploads\/2020\/11\/DJI-Mavic-2-Enterprise-et-Smart-Controller.jpg?resize=350%2C200&ssl=1","width":350,"height":200,"srcset":"https:\/\/i0.wp.com\/store.droneway.ma\/wp-content\/uploads\/2020\/11\/DJI-Mavic-2-Enterprise-et-Smart-Controller.jpg?resize=350%2C200&ssl=1 1x, https:\/\/i0.wp.com\/store.droneway.ma\/wp-content\/uploads\/2020\/11\/DJI-Mavic-2-Enterprise-et-Smart-Controller.jpg?resize=525%2C300&ssl=1 1.5x, https:\/\/i0.wp.com\/store.droneway.ma\/wp-content\/uploads\/2020\/11\/DJI-Mavic-2-Enterprise-et-Smart-Controller.jpg?resize=700%2C400&ssl=1 2x"},"classes":[]},{"id":2262,"url":"https:\/\/store.droneway.ma\/index.php\/produit\/radiocommande-dji-smart-controller\/","url_meta":{"origin":2279,"position":3},"title":"Radiocommande DJI Smart Controller","author":"admin","date":"21 novembre 2020","format":false,"excerpt":"Radiocommande avec \u00e9cran 5,5 pouces 1080p Compatible transmission OcuSync 2.0 Syst\u00e8me Android personnalis\u00e9 DJI Go Share pour le partage Applis tierces support\u00e9es Compatible DJI Mavic Air 2","rel":"","context":"Article similaire","block_context":{"text":"Article similaire","link":""},"img":{"alt_text":"Radiocommande DJI Smart Controller","src":"https:\/\/i0.wp.com\/store.droneway.ma\/wp-content\/uploads\/2020\/11\/radiocommande-dji-smart-controller-p-image-204965-grande.jpg?resize=350%2C200&ssl=1","width":350,"height":200},"classes":[]},{"id":2130,"url":"https:\/\/store.droneway.ma\/index.php\/produit\/radiocommande-dji-smart-controller-enterprise\/","url_meta":{"origin":2279,"position":4},"title":"Radiocommande DJI Smart Controller Enterprise","author":"admin","date":"21 novembre 2020","format":false,"excerpt":"La radiocommande DJI Smart Controller Enterprise est con\u00e7ue pour le drone DJI Matrice 300 RTK. Elle int\u00e8gre la technologie OcuSync Enterprise qui permet de b\u00e9n\u00e9ficier du retour vid\u00e9o du drone en 1080p et ce, jusqu'\u00e0 8kms (norme CE). Elle permet \u00e0 un ou plusieurs op\u00e9rateurs (jusqu'\u00e0 3 simultan\u00e9ment) de contr\u00f4ler\u2026","rel":"","context":"Article similaire","block_context":{"text":"Article similaire","link":""},"img":{"alt_text":"Radiocommande DJI Smart Controller Enterprise","src":"https:\/\/i0.wp.com\/store.droneway.ma\/wp-content\/uploads\/2020\/11\/radiocommande-dji-smart-controller-enterprise-p-image-217595-grande.jpg?resize=350%2C200&ssl=1","width":350,"height":200,"srcset":"https:\/\/i0.wp.com\/store.droneway.ma\/wp-content\/uploads\/2020\/11\/radiocommande-dji-smart-controller-enterprise-p-image-217595-grande.jpg?resize=350%2C200&ssl=1 1x, https:\/\/i0.wp.com\/store.droneway.ma\/wp-content\/uploads\/2020\/11\/radiocommande-dji-smart-controller-enterprise-p-image-217595-grande.jpg?resize=525%2C300&ssl=1 1.5x, https:\/\/i0.wp.com\/store.droneway.ma\/wp-content\/uploads\/2020\/11\/radiocommande-dji-smart-controller-enterprise-p-image-217595-grande.jpg?resize=700%2C400&ssl=1 2x"},"classes":[]},{"id":2133,"url":"https:\/\/store.droneway.ma\/index.php\/produit\/systeme-de-fixation-pour-crystalsky-et-dji-smart-controller-enterprise\/","url_meta":{"origin":2279,"position":5},"title":"Syst\u00e8me de fixation pour Crystalsky et DJI Smart Controller Enterprise","author":"admin","date":"21 novembre 2020","format":false,"excerpt":"Installez un \u00e9cran DJI CrystalSky sur la radiocommande Smart Controller Enterprise de votre DJI Matrice 300 RTK. Facile \u00e0 installer sur la radiocommande, cette fixation vous permet de b\u00e9n\u00e9ficier d'un plus grand \u00e9cran plus lumineux de la gamme CrystalSky.","rel":"","context":"Article similaire","block_context":{"text":"Article similaire","link":""},"img":{"alt_text":"Syst\u00e8me de fixation pour Crystalsky et DJI Smart Controller Enterprise","src":"https:\/\/i0.wp.com\/store.droneway.ma\/wp-content\/uploads\/2020\/11\/systeme-de-fixation-pour-crystalsky-et-dji-smart-controller-enterprise-p-image-217663-grande.jpg?resize=350%2C200&ssl=1","width":350,"height":200,"srcset":"https:\/\/i0.wp.com\/store.droneway.ma\/wp-content\/uploads\/2020\/11\/systeme-de-fixation-pour-crystalsky-et-dji-smart-controller-enterprise-p-image-217663-grande.jpg?resize=350%2C200&ssl=1 1x, https:\/\/i0.wp.com\/store.droneway.ma\/wp-content\/uploads\/2020\/11\/systeme-de-fixation-pour-crystalsky-et-dji-smart-controller-enterprise-p-image-217663-grande.jpg?resize=525%2C300&ssl=1 1.5x, https:\/\/i0.wp.com\/store.droneway.ma\/wp-content\/uploads\/2020\/11\/systeme-de-fixation-pour-crystalsky-et-dji-smart-controller-enterprise-p-image-217663-grande.jpg?resize=700%2C400&ssl=1 2x"},"classes":[]}],"jetpack_sharing_enabled":true,"_links":{"self":[{"href":"https:\/\/store.droneway.ma\/index.php\/wp-json\/wp\/v2\/product\/2279","targetHints":{"allow":["GET"]}}],"collection":[{"href":"https:\/\/store.droneway.ma\/index.php\/wp-json\/wp\/v2\/product"}],"about":[{"href":"https:\/\/store.droneway.ma\/index.php\/wp-json\/wp\/v2\/types\/product"}],"wp:featuredmedia":[{"embeddable":true,"href":"https:\/\/store.droneway.ma\/index.php\/wp-json\/wp\/v2\/media\/2280"}],"wp:attachment":[{"href":"https:\/\/store.droneway.ma\/index.php\/wp-json\/wp\/v2\/media?parent=2279"}],"wp:term":[{"taxonomy":"product_brand","embeddable":true,"href":"https:\/\/store.droneway.ma\/index.php\/wp-json\/wp\/v2\/product_brand?post=2279"},{"taxonomy":"product_cat","embeddable":true,"href":"https:\/\/store.droneway.ma\/index.php\/wp-json\/wp\/v2\/product_cat?post=2279"},{"taxonomy":"product_tag","embeddable":true,"href":"https:\/\/store.droneway.ma\/index.php\/wp-json\/wp\/v2\/product_tag?post=2279"}],"curies":[{"name":"wp","href":"https:\/\/api.w.org\/{rel}","templated":true}]}}