{"id":2278,"date":"2020-11-21T19:06:51","date_gmt":"2020-11-21T18:06:51","guid":{"rendered":"http:\/\/store.droneway.ma\/index.php\/produit\/piste-de-decollage-pliable-pour-drones-pgytech-2\/"},"modified":"2022-11-10T09:49:30","modified_gmt":"2022-11-10T08:49:30","slug":"piste-de-decollage-pliable-pour-drones-pgytech-2","status":"publish","type":"product","link":"https:\/\/store.droneway.ma\/index.php\/produit\/piste-de-decollage-pliable-pour-drones-pgytech-2\/","title":{"rendered":"Piste de d\u00e9collage pliable pour drones &#8211; PGYTECH"},"content":{"rendered":"<p>Optez pour la piste de d\u00e9collage PGY de forme carr\u00e9e afin de faire atterrir votre drone en toute s\u00e9curit\u00e9 \u00e0 n&rsquo;importe quel endroitAvec sa mati\u00e8re en polyur\u00e9thane, cette piste r\u00e9sistera parfaitement aux intemp\u00e9ries et son c\u00f4t\u00e9 r\u00e9versible vous permettra de choisir entre la couleur orange ou bleue. D\u00e9pliable, elle se transportera facilement et se d\u00e9ploiera sur le terrain en seulement quelques secondes.<\/p>\n","protected":false},"excerpt":{"rendered":"<p>Piste compatible avec nombreux drones  R\u00e9versible (orange \/ bleu)  Pliable pour favoriser le transport  Sac de transport fourni<\/p>\n","protected":false},"featured_media":193,"template":"","meta":{"content-type":"","rop_custom_images_group":[],"rop_custom_messages_group":[],"rop_publish_now":"initial","rop_publish_now_accounts":[],"rop_publish_now_history":[],"rop_publish_now_status":"pending"},"product_brand":[],"product_cat":[16,34],"product_tag":[],"class_list":{"0":"post-2278","1":"product","2":"type-product","3":"status-publish","4":"has-post-thumbnail","6":"product_cat-dji-mavic","7":"product_cat-mavic-2","9":"first","10":"instock","11":"purchasable","12":"product-type-simple"},"jetpack-related-posts":[{"id":2159,"url":"https:\/\/store.droneway.ma\/index.php\/produit\/piste-de-decollage-pliable-pour-drones-pgytech\/","url_meta":{"origin":2278,"position":0},"title":"Piste de d\u00e9collage pliable pour drones &#8211; PGYTECH","author":"admin","date":"21 novembre 2020","format":false,"excerpt":"Piste compatible avec nombreux drones R\u00e9versible (orange \/ bleu) Pliable pour favoriser le transport Sac de transport fourni","rel":"","context":"Article similaire","block_context":{"text":"Article similaire","link":""},"img":{"alt_text":"Piste de d\u00e9collage pliable pour drones - PGYTECH","src":"https:\/\/i0.wp.com\/store.droneway.ma\/wp-content\/uploads\/2020\/11\/piste-de-decollage-carree-pour-drones-pgy-p-image-194818-grande.jpg?resize=350%2C200&ssl=1","width":350,"height":200},"classes":[]},{"id":2149,"url":"https:\/\/store.droneway.ma\/index.php\/produit\/piste-de-decollage-drones-pgytech\/","url_meta":{"origin":2278,"position":1},"title":"Piste de d\u00e9collage drones large","author":"admin","date":"21 novembre 2020","format":false,"excerpt":"Plusieurs tailles disponibles au choix R\u00e9versible (2 couleurs diff\u00e9rentes) Pliable \/ repliable Sac de transport fourni 3 piquets de fixation","rel":"","context":"Article similaire","block_context":{"text":"Article similaire","link":""},"img":{"alt_text":"Piste de d\u00e9collage drones - PGYTECH","src":"https:\/\/i0.wp.com\/store.droneway.ma\/wp-content\/uploads\/2020\/11\/piste-de-decollage-pour-drones-p-image-188344-grande.jpg?resize=350%2C200&ssl=1","width":350,"height":200,"srcset":"https:\/\/i0.wp.com\/store.droneway.ma\/wp-content\/uploads\/2020\/11\/piste-de-decollage-pour-drones-p-image-188344-grande.jpg?resize=350%2C200&ssl=1 1x, https:\/\/i0.wp.com\/store.droneway.ma\/wp-content\/uploads\/2020\/11\/piste-de-decollage-pour-drones-p-image-188344-grande.jpg?resize=525%2C300&ssl=1 1.5x"},"classes":[]},{"id":2242,"url":"https:\/\/store.droneway.ma\/index.php\/produit\/support-tablette-pour-radio-dji-mavic\/","url_meta":{"origin":2278,"position":2},"title":"Support tablette pour radio DJI Mavic","author":"admin","date":"21 novembre 2020","format":false,"excerpt":"Design pliable Savoir-faire artisanal Compatible avec la plupart des tablettes Compatible avec les radiocommandes pour DJI Mavic","rel":"","context":"Article similaire","block_context":{"text":"Article similaire","link":""},"img":{"alt_text":"Support tablette pour radio DJI Mavic","src":"https:\/\/i0.wp.com\/store.droneway.ma\/wp-content\/uploads\/2020\/11\/Support-tablette-pour-radio-DJI-Mavic.jpg?resize=350%2C200&ssl=1","width":350,"height":200,"srcset":"https:\/\/i0.wp.com\/store.droneway.ma\/wp-content\/uploads\/2020\/11\/Support-tablette-pour-radio-DJI-Mavic.jpg?resize=350%2C200&ssl=1 1x, https:\/\/i0.wp.com\/store.droneway.ma\/wp-content\/uploads\/2020\/11\/Support-tablette-pour-radio-DJI-Mavic.jpg?resize=525%2C300&ssl=1 1.5x"},"classes":[]},{"id":2165,"url":"https:\/\/store.droneway.ma\/index.php\/produit\/dji-mavic-2-pro\/","url_meta":{"origin":2278,"position":3},"title":"DJI Mavic 2 Pro","author":"admin","date":"21 novembre 2020","format":false,"excerpt":"V\u00e9ritable cam\u00e9ra volante, le DJI Mavic 2 Pro vous permet de filmer jusqu'en 4K 30i\/s avec un d\u00e9bit de 100Mb\/s gr\u00e2ce \u00e0 son capteur 1\" d\u00e9velopp\u00e9 par Hasselblad.","rel":"","context":"Article similaire","block_context":{"text":"Article similaire","link":""},"img":{"alt_text":"DJI Mavic 2 Pro","src":"https:\/\/i0.wp.com\/store.droneway.ma\/wp-content\/uploads\/2020\/11\/dji-mavic-2-pro-p-image-201933-grande.jpg?resize=350%2C200&ssl=1","width":350,"height":200,"srcset":"https:\/\/i0.wp.com\/store.droneway.ma\/wp-content\/uploads\/2020\/11\/dji-mavic-2-pro-p-image-201933-grande.jpg?resize=350%2C200&ssl=1 1x, https:\/\/i0.wp.com\/store.droneway.ma\/wp-content\/uploads\/2020\/11\/dji-mavic-2-pro-p-image-201933-grande.jpg?resize=525%2C300&ssl=1 1.5x, https:\/\/i0.wp.com\/store.droneway.ma\/wp-content\/uploads\/2020\/11\/dji-mavic-2-pro-p-image-201933-grande.jpg?resize=700%2C400&ssl=1 2x"},"classes":[]},{"id":2134,"url":"https:\/\/store.droneway.ma\/index.php\/produit\/valise-etanche-2800w-pour-dji-matrice-300-rtk-hprc\/","url_meta":{"origin":2278,"position":4},"title":"Valise \u00e9tanche 2800W pour DJI Matrice 300 RTK &#8211; HPRC","author":"admin","date":"21 novembre 2020","format":false,"excerpt":"Valise haut de gamme de chez HPRC Mousse haute densit\u00e9 permettant le respect du mat\u00e9riel Con\u00e7ue pour le drone DJI Matrice 300 RTK et ses accessoires Indice de protection IP67","rel":"","context":"Article similaire","block_context":{"text":"Article similaire","link":""},"img":{"alt_text":"Valise \u00e9tanche 2800W pour DJI Matrice 300 RTK - HPRC","src":"https:\/\/i0.wp.com\/store.droneway.ma\/wp-content\/uploads\/2020\/11\/valise-etanche-2800w-pour-dji-matrice-300-rtk-hprc-p-image-218929-grande.jpg?resize=350%2C200&ssl=1","width":350,"height":200,"srcset":"https:\/\/i0.wp.com\/store.droneway.ma\/wp-content\/uploads\/2020\/11\/valise-etanche-2800w-pour-dji-matrice-300-rtk-hprc-p-image-218929-grande.jpg?resize=350%2C200&ssl=1 1x, https:\/\/i0.wp.com\/store.droneway.ma\/wp-content\/uploads\/2020\/11\/valise-etanche-2800w-pour-dji-matrice-300-rtk-hprc-p-image-218929-grande.jpg?resize=525%2C300&ssl=1 1.5x, https:\/\/i0.wp.com\/store.droneway.ma\/wp-content\/uploads\/2020\/11\/valise-etanche-2800w-pour-dji-matrice-300-rtk-hprc-p-image-218929-grande.jpg?resize=700%2C400&ssl=1 2x"},"classes":[]},{"id":2085,"url":"https:\/\/store.droneway.ma\/index.php\/produit\/valise-4600w-simple-a-roulettes-pour-dji-inspire-2-hprc\/","url_meta":{"origin":2278,"position":5},"title":"Valise 4600W simple \u00e0 roulettes pour DJI Inspire 2 &#8211; HPRC","author":"admin","date":"21 novembre 2020","format":false,"excerpt":"Valise \u00e0 roulettes haut de gamme HPRC Compatible DJI Inspire 2 Supporte la nacelle mont\u00e9e sur le drone IP67 : prot\u00e9g\u00e9e contre eau & poussi\u00e8re 14 rangements S\u00e9curis\u00e9e","rel":"","context":"Article similaire","block_context":{"text":"Article similaire","link":""},"img":{"alt_text":"Valise 4600W simple \u00e0 roulettes pour DJI Inspire 2 - HPRC","src":"https:\/\/i0.wp.com\/store.droneway.ma\/wp-content\/uploads\/2020\/11\/valise-a-roulettes-hprc-simple-pour-dji-inspire-2-p-image-187227-grande.jpg?resize=350%2C200&ssl=1","width":350,"height":200},"classes":[]}],"jetpack_sharing_enabled":true,"_links":{"self":[{"href":"https:\/\/store.droneway.ma\/index.php\/wp-json\/wp\/v2\/product\/2278","targetHints":{"allow":["GET"]}}],"collection":[{"href":"https:\/\/store.droneway.ma\/index.php\/wp-json\/wp\/v2\/product"}],"about":[{"href":"https:\/\/store.droneway.ma\/index.php\/wp-json\/wp\/v2\/types\/product"}],"wp:featuredmedia":[{"embeddable":true,"href":"https:\/\/store.droneway.ma\/index.php\/wp-json\/wp\/v2\/media\/193"}],"wp:attachment":[{"href":"https:\/\/store.droneway.ma\/index.php\/wp-json\/wp\/v2\/media?parent=2278"}],"wp:term":[{"taxonomy":"product_brand","embeddable":true,"href":"https:\/\/store.droneway.ma\/index.php\/wp-json\/wp\/v2\/product_brand?post=2278"},{"taxonomy":"product_cat","embeddable":true,"href":"https:\/\/store.droneway.ma\/index.php\/wp-json\/wp\/v2\/product_cat?post=2278"},{"taxonomy":"product_tag","embeddable":true,"href":"https:\/\/store.droneway.ma\/index.php\/wp-json\/wp\/v2\/product_tag?post=2278"}],"curies":[{"name":"wp","href":"https:\/\/api.w.org\/{rel}","templated":true}]}}