{"id":2273,"date":"2020-11-21T19:06:51","date_gmt":"2020-11-21T18:06:51","guid":{"rendered":"http:\/\/store.droneway.ma\/index.php\/produit\/protections-dhelices-pour-dji-mavic-2-pgytech\/"},"modified":"2020-11-21T19:07:04","modified_gmt":"2020-11-21T18:07:04","slug":"protections-dhelices-pour-dji-mavic-2-pgytech","status":"publish","type":"product","link":"https:\/\/store.droneway.ma\/index.php\/produit\/protections-dhelices-pour-dji-mavic-2-pgytech\/","title":{"rendered":"Protections d&rsquo;h\u00e9lices pour DJI Mavic 2 &#8211; PGYTECH"},"content":{"rendered":"<p>Ces protections d&rsquo;h\u00e9lices de chez PGYTECH sont d\u00e9di\u00e9es au DJI Mavic 2 !  Elles se clipsent simplement sur les bras du DJI Mavic. Vous pourrez ainsi s\u00e9curiser votre drone lors de prise de vue \u00e0 proximit\u00e9 d&rsquo;arbre ou de tout autre objet pouvant g\u00eaner la r\u00e9alisation de vos images.\u00a0 Ce produit est compatible avec les version Pro, Zoom et Enterprise du DJI Mavic 2.<\/p>\n","protected":false},"excerpt":{"rendered":"<p>Compatible DJI Mavic 2 Pro, Zoom et Enterprise\u00a0  A clipser\u00a0  Finition ABS<\/p>\n","protected":false},"featured_media":2274,"template":"","meta":{"content-type":"","rop_custom_images_group":[],"rop_custom_messages_group":[],"rop_publish_now":"initial","rop_publish_now_accounts":[],"rop_publish_now_history":[],"rop_publish_now_status":"pending"},"product_brand":[],"product_cat":[16,34],"product_tag":[],"class_list":{"0":"post-2273","1":"product","2":"type-product","3":"status-publish","4":"has-post-thumbnail","6":"product_cat-dji-mavic","7":"product_cat-mavic-2","9":"first","10":"instock","11":"purchasable","12":"product-type-simple"},"jetpack-related-posts":[{"id":2254,"url":"https:\/\/store.droneway.ma\/index.php\/produit\/protections-silicone-pour-moteurs-dji-mavic-pro-et-mavic-2\/","url_meta":{"origin":2273,"position":0},"title":"Protections silicone pour moteurs DJI Mavic Pro et Mavic 2","author":"admin","date":"21 novembre 2020","format":false,"excerpt":"Protection pour les moteurs et les fixation d'h\u00e9lices Pr\u00e9vient l'accumulation de poussi\u00e8res Silicone doux au toucher Plusieurs couleurs","rel":"","context":"Article similaire","block_context":{"text":"Article similaire","link":""},"img":{"alt_text":"Protections silicone pour moteurs DJI Mavic Pro et Mavic 2","src":"https:\/\/i0.wp.com\/store.droneway.ma\/wp-content\/uploads\/2020\/11\/Protections-silicone-pour-moteurs-DJI-Mavic-Pro-et-Mavic-2.jpg?resize=350%2C200&ssl=1","width":350,"height":200},"classes":[]},{"id":2153,"url":"https:\/\/store.droneway.ma\/index.php\/produit\/porte-helices-pour-dji-mavic-air-2-pgytech\/","url_meta":{"origin":2273,"position":1},"title":"Porte h\u00e9lices pour DJI Mavic Air 2 &#8211; PGYTECH","author":"admin","date":"21 novembre 2020","format":false,"excerpt":"Optimise le transport et prot\u00e8ge les h\u00e9lices Porte-h\u00e9lice sp\u00e9cialement con\u00e7u pour DJI Mavic Air 2 Assemblage et d\u00e9sassemblage rapide & facile","rel":"","context":"Article similaire","block_context":{"text":"Article similaire","link":""},"img":{"alt_text":"Porte h\u00e9lices pour DJI Mavic Air 2 - PGYTECH","src":"https:\/\/i0.wp.com\/store.droneway.ma\/wp-content\/uploads\/2020\/11\/pgytech-16a-propeller-holder-en-attente-infos-p-image-217722-grande.jpg?resize=350%2C200&ssl=1","width":350,"height":200,"srcset":"https:\/\/i0.wp.com\/store.droneway.ma\/wp-content\/uploads\/2020\/11\/pgytech-16a-propeller-holder-en-attente-infos-p-image-217722-grande.jpg?resize=350%2C200&ssl=1 1x, https:\/\/i0.wp.com\/store.droneway.ma\/wp-content\/uploads\/2020\/11\/pgytech-16a-propeller-holder-en-attente-infos-p-image-217722-grande.jpg?resize=525%2C300&ssl=1 1.5x, https:\/\/i0.wp.com\/store.droneway.ma\/wp-content\/uploads\/2020\/11\/pgytech-16a-propeller-holder-en-attente-infos-p-image-217722-grande.jpg?resize=700%2C400&ssl=1 2x"},"classes":[]},{"id":2259,"url":"https:\/\/store.droneway.ma\/index.php\/produit\/radiocommande-dji-mavic-2\/","url_meta":{"origin":2273,"position":2},"title":"Radiocommande DJI Mavic 2","author":"admin","date":"21 novembre 2020","format":false,"excerpt":"Compatible DJI Mavic 2 Pro, Zoom, Enterprise et Dual Produit DJI Officiel","rel":"","context":"Article similaire","block_context":{"text":"Article similaire","link":""},"img":{"alt_text":"Radiocommande DJI Mavic 2","src":"https:\/\/i0.wp.com\/store.droneway.ma\/wp-content\/uploads\/2020\/11\/Radiocommande-DJI-Mavic-2.jpg?resize=350%2C200&ssl=1","width":350,"height":200,"srcset":"https:\/\/i0.wp.com\/store.droneway.ma\/wp-content\/uploads\/2020\/11\/Radiocommande-DJI-Mavic-2.jpg?resize=350%2C200&ssl=1 1x, https:\/\/i0.wp.com\/store.droneway.ma\/wp-content\/uploads\/2020\/11\/Radiocommande-DJI-Mavic-2.jpg?resize=525%2C300&ssl=1 1.5x, https:\/\/i0.wp.com\/store.droneway.ma\/wp-content\/uploads\/2020\/11\/Radiocommande-DJI-Mavic-2.jpg?resize=700%2C400&ssl=1 2x"},"classes":[]},{"id":2235,"url":"https:\/\/store.droneway.ma\/index.php\/produit\/support-helices-pour-dji-mavic-2-pgytech\/","url_meta":{"origin":2273,"position":3},"title":"Support h\u00e9lices pour DJI Mavic 2 &#8211; PGYTECH","author":"admin","date":"21 novembre 2020","format":false,"excerpt":"S\u00e9curise votre drone\u00a0 Pr\u00e9serve les h\u00e9lices\u00a0 Finition haut de gamme\u00a0 Installation simpliste","rel":"","context":"Article similaire","block_context":{"text":"Article similaire","link":""},"img":{"alt_text":"Support h\u00e9lices pour DJI Mavic 2 - PGYTECH","src":"https:\/\/i0.wp.com\/store.droneway.ma\/wp-content\/uploads\/2020\/11\/Support-helices-pour-DJI-Mavic-2-PGYTECH-1.jpg?resize=350%2C200&ssl=1","width":350,"height":200,"srcset":"https:\/\/i0.wp.com\/store.droneway.ma\/wp-content\/uploads\/2020\/11\/Support-helices-pour-DJI-Mavic-2-PGYTECH-1.jpg?resize=350%2C200&ssl=1 1x, https:\/\/i0.wp.com\/store.droneway.ma\/wp-content\/uploads\/2020\/11\/Support-helices-pour-DJI-Mavic-2-PGYTECH-1.jpg?resize=525%2C300&ssl=1 1.5x, https:\/\/i0.wp.com\/store.droneway.ma\/wp-content\/uploads\/2020\/11\/Support-helices-pour-DJI-Mavic-2-PGYTECH-1.jpg?resize=700%2C400&ssl=1 2x"},"classes":[]},{"id":2180,"url":"https:\/\/store.droneway.ma\/index.php\/produit\/dji-mavic-2-enterprise-et-smart-controller\/","url_meta":{"origin":2273,"position":4},"title":"DJI Mavic 2 Enterprise et Smart Controller","author":"admin","date":"21 novembre 2020","format":false,"excerpt":"Le drone Mavic 2 Enterprise reprend le design et la cam\u00e9ra du Mavic 2 Zoom en ajoutant des fonctionnalit\u00e9s orient\u00e9es pour une utilisation professionnelle. On retrouve une connectique pour installer trois diff\u00e9rents modules sur le drone : un haut-parleur de 100dB, un projecteur \u00e0 2 LED et un feu auxiliaire.\u2026","rel":"","context":"Article similaire","block_context":{"text":"Article similaire","link":""},"img":{"alt_text":"DJI Mavic 2 Enterprise et Smart Controller","src":"https:\/\/i0.wp.com\/store.droneway.ma\/wp-content\/uploads\/2020\/11\/DJI-Mavic-2-Enterprise-et-Smart-Controller.jpg?resize=350%2C200&ssl=1","width":350,"height":200,"srcset":"https:\/\/i0.wp.com\/store.droneway.ma\/wp-content\/uploads\/2020\/11\/DJI-Mavic-2-Enterprise-et-Smart-Controller.jpg?resize=350%2C200&ssl=1 1x, https:\/\/i0.wp.com\/store.droneway.ma\/wp-content\/uploads\/2020\/11\/DJI-Mavic-2-Enterprise-et-Smart-Controller.jpg?resize=525%2C300&ssl=1 1.5x, https:\/\/i0.wp.com\/store.droneway.ma\/wp-content\/uploads\/2020\/11\/DJI-Mavic-2-Enterprise-et-Smart-Controller.jpg?resize=700%2C400&ssl=1 2x"},"classes":[]},{"id":2219,"url":"https:\/\/store.droneway.ma\/index.php\/produit\/sac-a-dos-3500-etanche-pour-dji-mavic-2-et-smart-controller-hprc\/","url_meta":{"origin":2273,"position":5},"title":"Sac \u00e0 dos 3500 \u00e9tanche pour DJI Mavic 2 et Smart Controller &#8211; HPRC","author":"admin","date":"21 novembre 2020","format":false,"excerpt":"Sa l\u00e9g\u00e8ret\u00e9 et \u00e0 sa structure ergonomique permettent au\u00a0HPRC3500 d'\u00eatre\u00a0extr\u00eamement maniable et facile \u00e0 transporter, de plus il est r\u00e9sistant \u00e0 l'eau (class\u00e9 IP67), \u00e0 la poussi\u00e8re et aux chocs. C'est l\u2019accessoire id\u00e9al pour tout possesseur de DJI Mavic 2 Pro\/Zoom passionn\u00e9 d'aventure dans les endroits les plus hostiles.","rel":"","context":"Article similaire","block_context":{"text":"Article similaire","link":""},"img":{"alt_text":"Sac \u00e0 dos 3500 \u00e9tanche pour DJI Mavic 2 et Smart Controller - HPRC","src":"https:\/\/i0.wp.com\/store.droneway.ma\/wp-content\/uploads\/2020\/11\/Sac-a-dos-3500-etanche-pour-DJI-Mavic-2-et-Smart-Controller-HPRC.jpg?resize=350%2C200&ssl=1","width":350,"height":200},"classes":[]}],"jetpack_sharing_enabled":true,"_links":{"self":[{"href":"https:\/\/store.droneway.ma\/index.php\/wp-json\/wp\/v2\/product\/2273","targetHints":{"allow":["GET"]}}],"collection":[{"href":"https:\/\/store.droneway.ma\/index.php\/wp-json\/wp\/v2\/product"}],"about":[{"href":"https:\/\/store.droneway.ma\/index.php\/wp-json\/wp\/v2\/types\/product"}],"wp:featuredmedia":[{"embeddable":true,"href":"https:\/\/store.droneway.ma\/index.php\/wp-json\/wp\/v2\/media\/2274"}],"wp:attachment":[{"href":"https:\/\/store.droneway.ma\/index.php\/wp-json\/wp\/v2\/media?parent=2273"}],"wp:term":[{"taxonomy":"product_brand","embeddable":true,"href":"https:\/\/store.droneway.ma\/index.php\/wp-json\/wp\/v2\/product_brand?post=2273"},{"taxonomy":"product_cat","embeddable":true,"href":"https:\/\/store.droneway.ma\/index.php\/wp-json\/wp\/v2\/product_cat?post=2273"},{"taxonomy":"product_tag","embeddable":true,"href":"https:\/\/store.droneway.ma\/index.php\/wp-json\/wp\/v2\/product_tag?post=2273"}],"curies":[{"name":"wp","href":"https:\/\/api.w.org\/{rel}","templated":true}]}}