{"id":2263,"date":"2020-11-21T19:06:51","date_gmt":"2020-11-21T18:06:51","guid":{"rendered":"http:\/\/store.droneway.ma\/index.php\/produit\/feu-auxiliaire-pour-dji-mavic-2-enterprise\/"},"modified":"2020-11-21T19:06:51","modified_gmt":"2020-11-21T18:06:51","slug":"feu-auxiliaire-pour-dji-mavic-2-enterprise","status":"publish","type":"product","link":"https:\/\/store.droneway.ma\/index.php\/produit\/feu-auxiliaire-pour-dji-mavic-2-enterprise\/","title":{"rendered":"Feu auxiliaire pour DJI Mavic 2 Enterprise"},"content":{"rendered":"<p>Le feu auxiliaire pour DJI Mavic 2 Enterprise est un projecteur stroboscopique permettant de rep\u00e9rer le drone tr\u00e8s facilement sur une port\u00e9e de plusieurs kilom\u00e8tres.  Il se branche en toute simplicit\u00e9 sur le port d&rsquo;extension pr\u00e9sent sur le dessus du drone.  Cet accessoire est compatible uniquement avec la version Enterprise du DJI Mavic 2.<\/p>\n","protected":false},"excerpt":{"rendered":"<p>Compatible DJI Mavic 2 Enterprise  Port\u00e9e de plusieurs kilom\u00e8tres<\/p>\n","protected":false},"featured_media":2264,"template":"","meta":{"content-type":"","rop_custom_images_group":[],"rop_custom_messages_group":[],"rop_publish_now":"initial","rop_publish_now_accounts":[],"rop_publish_now_history":[],"rop_publish_now_status":"pending"},"product_brand":[],"product_cat":[16,34],"product_tag":[],"class_list":{"0":"post-2263","1":"product","2":"type-product","3":"status-publish","4":"has-post-thumbnail","6":"product_cat-dji-mavic","7":"product_cat-mavic-2","9":"first","10":"instock","11":"purchasable","12":"product-type-simple"},"jetpack-related-posts":[{"id":2180,"url":"https:\/\/store.droneway.ma\/index.php\/produit\/dji-mavic-2-enterprise-et-smart-controller\/","url_meta":{"origin":2263,"position":0},"title":"DJI Mavic 2 Enterprise et Smart Controller","author":"admin","date":"21 novembre 2020","format":false,"excerpt":"Le drone Mavic 2 Enterprise reprend le design et la cam\u00e9ra du Mavic 2 Zoom en ajoutant des fonctionnalit\u00e9s orient\u00e9es pour une utilisation professionnelle. On retrouve une connectique pour installer trois diff\u00e9rents modules sur le drone : un haut-parleur de 100dB, un projecteur \u00e0 2 LED et un feu auxiliaire.\u2026","rel":"","context":"Article similaire","block_context":{"text":"Article similaire","link":""},"img":{"alt_text":"DJI Mavic 2 Enterprise et Smart Controller","src":"https:\/\/i0.wp.com\/store.droneway.ma\/wp-content\/uploads\/2020\/11\/DJI-Mavic-2-Enterprise-et-Smart-Controller.jpg?resize=350%2C200&ssl=1","width":350,"height":200,"srcset":"https:\/\/i0.wp.com\/store.droneway.ma\/wp-content\/uploads\/2020\/11\/DJI-Mavic-2-Enterprise-et-Smart-Controller.jpg?resize=350%2C200&ssl=1 1x, https:\/\/i0.wp.com\/store.droneway.ma\/wp-content\/uploads\/2020\/11\/DJI-Mavic-2-Enterprise-et-Smart-Controller.jpg?resize=525%2C300&ssl=1 1.5x, https:\/\/i0.wp.com\/store.droneway.ma\/wp-content\/uploads\/2020\/11\/DJI-Mavic-2-Enterprise-et-Smart-Controller.jpg?resize=700%2C400&ssl=1 2x"},"classes":[]},{"id":2184,"url":"https:\/\/store.droneway.ma\/index.php\/produit\/dji-mavic-2-enterprise-dual-thermal-et-smart-controller\/","url_meta":{"origin":2263,"position":1},"title":"DJI Mavic 2 Enterprise Dual (thermal) et Smart Controller","author":"admin","date":"21 novembre 2020","format":false,"excerpt":"Le drone Mavic 2 Enterprise Dual (thermal) est un drone destin\u00e9 aux professionnels \u00e9quip\u00e9 d'un capteur thermique radiom\u00e9trique FLIR. Enti\u00e8rement param\u00e9trable, ce drone permet le r\u00e9glage fin des valeurs d'\u00e9missivit\u00e9 pour s'adapter aux interventions sur les zones \u00e0 risque (incendies etc...). Il int\u00e8gre FLIR MSX permettant l'affichage simultan\u00e9 de l'infrarouge\u2026","rel":"","context":"Article similaire","block_context":{"text":"Article similaire","link":""},"img":{"alt_text":"DJI Mavic 2 Enterprise Dual (thermal) et Smart Controller","src":"https:\/\/i0.wp.com\/store.droneway.ma\/wp-content\/uploads\/2020\/11\/DJI-Mavic-2-Enterprise-Dual-thermal-et-Smart-Controller.jpg?resize=350%2C200&ssl=1","width":350,"height":200,"srcset":"https:\/\/i0.wp.com\/store.droneway.ma\/wp-content\/uploads\/2020\/11\/DJI-Mavic-2-Enterprise-Dual-thermal-et-Smart-Controller.jpg?resize=350%2C200&ssl=1 1x, https:\/\/i0.wp.com\/store.droneway.ma\/wp-content\/uploads\/2020\/11\/DJI-Mavic-2-Enterprise-Dual-thermal-et-Smart-Controller.jpg?resize=525%2C300&ssl=1 1.5x, https:\/\/i0.wp.com\/store.droneway.ma\/wp-content\/uploads\/2020\/11\/DJI-Mavic-2-Enterprise-Dual-thermal-et-Smart-Controller.jpg?resize=700%2C400&ssl=1 2x"},"classes":[]},{"id":2172,"url":"https:\/\/store.droneway.ma\/index.php\/produit\/dji-mavic-2-enterprise-dual-fly-more-combo\/","url_meta":{"origin":2263,"position":2},"title":"DJI Mavic 2 Enterprise Dual Fly More Combo","author":"admin","date":"21 novembre 2020","format":false,"excerpt":"Ce drone professionnel est \u00e9quip\u00e9 d'un double capteur CMOS 1\/2.3\" et thermique 160x120 radiom\u00e9trique en 9Hz. Il dispose \u00e9galement des 3 modules pr\u00e9sents sur la version classique Enterprise \u00e0 savoir le projecteur, le haut-parleur et le feu auxiliaire.","rel":"","context":"Article similaire","block_context":{"text":"Article similaire","link":""},"img":{"alt_text":"DJI Mavic 2 Enterprise Dual Fly More Combo","src":"https:\/\/i0.wp.com\/store.droneway.ma\/wp-content\/uploads\/2020\/11\/dji-mavic-2-enterprise-dual-fly-more-combo-p-image-204466-grande.jpg?resize=350%2C200&ssl=1","width":350,"height":200,"srcset":"https:\/\/i0.wp.com\/store.droneway.ma\/wp-content\/uploads\/2020\/11\/dji-mavic-2-enterprise-dual-fly-more-combo-p-image-204466-grande.jpg?resize=350%2C200&ssl=1 1x, https:\/\/i0.wp.com\/store.droneway.ma\/wp-content\/uploads\/2020\/11\/dji-mavic-2-enterprise-dual-fly-more-combo-p-image-204466-grande.jpg?resize=525%2C300&ssl=1 1.5x, https:\/\/i0.wp.com\/store.droneway.ma\/wp-content\/uploads\/2020\/11\/dji-mavic-2-enterprise-dual-fly-more-combo-p-image-204466-grande.jpg?resize=700%2C400&ssl=1 2x"},"classes":[]},{"id":2269,"url":"https:\/\/store.droneway.ma\/index.php\/produit\/haut-parleur-pour-dji-mavic-2-enterprise\/","url_meta":{"origin":2263,"position":3},"title":"Haut-parleur pour DJI Mavic 2 Enterprise","author":"admin","date":"21 novembre 2020","format":false,"excerpt":"Puissance 100dB Compatible DJI Mavic 2 Enterprise","rel":"","context":"Article similaire","block_context":{"text":"Article similaire","link":""},"img":{"alt_text":"Haut-parleur pour DJI Mavic 2 Enterprise","src":"https:\/\/i0.wp.com\/store.droneway.ma\/wp-content\/uploads\/2020\/11\/Haut-parleur-pour-DJI-Mavic-2-Enterprise.jpg?resize=350%2C200&ssl=1","width":350,"height":200,"srcset":"https:\/\/i0.wp.com\/store.droneway.ma\/wp-content\/uploads\/2020\/11\/Haut-parleur-pour-DJI-Mavic-2-Enterprise.jpg?resize=350%2C200&ssl=1 1x, https:\/\/i0.wp.com\/store.droneway.ma\/wp-content\/uploads\/2020\/11\/Haut-parleur-pour-DJI-Mavic-2-Enterprise.jpg?resize=525%2C300&ssl=1 1.5x"},"classes":[]},{"id":2266,"url":"https:\/\/store.droneway.ma\/index.php\/produit\/projecteur-pour-dji-mavic-2-enterprise\/","url_meta":{"origin":2263,"position":4},"title":"Projecteur pour DJI Mavic 2 Enterprise","author":"admin","date":"21 novembre 2020","format":false,"excerpt":"Compatible DJI Mavic 2 Enterprise\u00a0 Puissance 26W \/ 2400 Lumens \/ 11 Lux \u00c9claire \u00e0 30 m\u00e8tres","rel":"","context":"Article similaire","block_context":{"text":"Article similaire","link":""},"img":{"alt_text":"Projecteur pour DJI Mavic 2 Enterprise","src":"https:\/\/i0.wp.com\/store.droneway.ma\/wp-content\/uploads\/2020\/11\/Projecteur-pour-DJI-Mavic-2-Enterprise.jpg?resize=350%2C200&ssl=1","width":350,"height":200,"srcset":"https:\/\/i0.wp.com\/store.droneway.ma\/wp-content\/uploads\/2020\/11\/Projecteur-pour-DJI-Mavic-2-Enterprise.jpg?resize=350%2C200&ssl=1 1x, https:\/\/i0.wp.com\/store.droneway.ma\/wp-content\/uploads\/2020\/11\/Projecteur-pour-DJI-Mavic-2-Enterprise.jpg?resize=525%2C300&ssl=1 1.5x"},"classes":[]},{"id":2171,"url":"https:\/\/store.droneway.ma\/index.php\/produit\/dji-mavic-2-enterprise-fly-more-combo\/","url_meta":{"origin":2263,"position":5},"title":"DJI Mavic 2 Enterprise Fly More Combo","author":"admin","date":"21 novembre 2020","format":false,"excerpt":"Int\u00e9grant le nouveau port d'extension pour accessoire, le DJI Mavic 2 Enterprise peut recevoir diff\u00e9rents modules sp\u00e9cifiques \u00e0 vos besoins professionnels. Le projecteur M2E permet d'orienter les personnes en perdition dans les zones faiblement \u00e9clair\u00e9es, le haut-parleur M2E permet de communiquer sur de grande distance gr\u00e2ce \u00e0 sa puissance de\u2026","rel":"","context":"Article similaire","block_context":{"text":"Article similaire","link":""},"img":{"alt_text":"DJI Mavic 2 Enterprise Fly More Combo","src":"https:\/\/i0.wp.com\/store.droneway.ma\/wp-content\/uploads\/2020\/11\/dji-mavic-2-enterprise-fly-more-combo-p-image-202750-grande.jpg?resize=350%2C200&ssl=1","width":350,"height":200,"srcset":"https:\/\/i0.wp.com\/store.droneway.ma\/wp-content\/uploads\/2020\/11\/dji-mavic-2-enterprise-fly-more-combo-p-image-202750-grande.jpg?resize=350%2C200&ssl=1 1x, https:\/\/i0.wp.com\/store.droneway.ma\/wp-content\/uploads\/2020\/11\/dji-mavic-2-enterprise-fly-more-combo-p-image-202750-grande.jpg?resize=525%2C300&ssl=1 1.5x, https:\/\/i0.wp.com\/store.droneway.ma\/wp-content\/uploads\/2020\/11\/dji-mavic-2-enterprise-fly-more-combo-p-image-202750-grande.jpg?resize=700%2C400&ssl=1 2x"},"classes":[]}],"jetpack_sharing_enabled":true,"_links":{"self":[{"href":"https:\/\/store.droneway.ma\/index.php\/wp-json\/wp\/v2\/product\/2263","targetHints":{"allow":["GET"]}}],"collection":[{"href":"https:\/\/store.droneway.ma\/index.php\/wp-json\/wp\/v2\/product"}],"about":[{"href":"https:\/\/store.droneway.ma\/index.php\/wp-json\/wp\/v2\/types\/product"}],"wp:featuredmedia":[{"embeddable":true,"href":"https:\/\/store.droneway.ma\/index.php\/wp-json\/wp\/v2\/media\/2264"}],"wp:attachment":[{"href":"https:\/\/store.droneway.ma\/index.php\/wp-json\/wp\/v2\/media?parent=2263"}],"wp:term":[{"taxonomy":"product_brand","embeddable":true,"href":"https:\/\/store.droneway.ma\/index.php\/wp-json\/wp\/v2\/product_brand?post=2263"},{"taxonomy":"product_cat","embeddable":true,"href":"https:\/\/store.droneway.ma\/index.php\/wp-json\/wp\/v2\/product_cat?post=2263"},{"taxonomy":"product_tag","embeddable":true,"href":"https:\/\/store.droneway.ma\/index.php\/wp-json\/wp\/v2\/product_tag?post=2263"}],"curies":[{"name":"wp","href":"https:\/\/api.w.org\/{rel}","templated":true}]}}