{"id":2262,"date":"2020-11-21T19:06:05","date_gmt":"2020-11-21T18:06:05","guid":{"rendered":"http:\/\/store.droneway.ma\/index.php\/produit\/radiocommande-dji-smart-controller\/"},"modified":"2020-11-21T19:06:47","modified_gmt":"2020-11-21T18:06:47","slug":"radiocommande-dji-smart-controller","status":"publish","type":"product","link":"https:\/\/store.droneway.ma\/index.php\/produit\/radiocommande-dji-smart-controller\/","title":{"rendered":"Radiocommande DJI Smart Controller"},"content":{"rendered":"<p>La Smart Controller DJI maximise votre exp\u00e9rience de vol avec les drones Mavic 2 ou tous drones compatibles OcuSync 2.0. L\u2019\u00e9cran int\u00e9gr\u00e9 \u00e0 la radiocommande permet de\u00a0se passer du smartphone que l\u2019on connecte \u00e0 sa radio. D\u2019une diagonale de 5.5 pouces, cet \u00e9cran vous offrira des images claires et lumineuses (1000cd\/m\u00b2) en FullHD 1080p. L\u2019application DJI Go 4 est d\u00e9j\u00e0 pr\u00e9install\u00e9e sur cette radiocommande pour profiter encore plus rapidement d\u2019un vol avec votre drone DJI compatible et piloter plus sereinement que jamais.<\/p>\n","protected":false},"excerpt":{"rendered":"<p>Radiocommande avec \u00e9cran 5,5 pouces 1080p  Compatible transmission OcuSync 2.0  Syst\u00e8me Android personnalis\u00e9  DJI Go Share pour le partage  Applis tierces support\u00e9es  Compatible DJI Mavic Air 2<\/p>\n","protected":false},"featured_media":188,"template":"","meta":{"content-type":"","rop_custom_images_group":[],"rop_custom_messages_group":[],"rop_publish_now":"initial","rop_publish_now_accounts":[],"rop_publish_now_history":[],"rop_publish_now_status":"pending"},"product_brand":[],"product_cat":[16,34],"product_tag":[],"class_list":{"0":"post-2262","1":"product","2":"type-product","3":"status-publish","4":"has-post-thumbnail","6":"product_cat-dji-mavic","7":"product_cat-mavic-2","9":"first","10":"instock","11":"purchasable","12":"product-type-simple"},"jetpack-related-posts":[{"id":2174,"url":"https:\/\/store.droneway.ma\/index.php\/produit\/dji-mavic-2-pro-smart-controller\/","url_meta":{"origin":2262,"position":0},"title":"DJI Mavic 2 Pro &#038; Smart controller","author":"admin","date":"21 novembre 2020","format":false,"excerpt":"Capable d'accueillir des applications tierces (Instagram, Facebook, Youtube...), le Smart Controller de votre Mavic 2 Pro dispose en plus d'une sortie HDMI, d'un microphone, et d'un haut parleur. Dot\u00e9e d'une batterie de 5000 mAh, cette radiocommande offrira une belle autonomie de 2h30.","rel":"","context":"Article similaire","block_context":{"text":"Article similaire","link":""},"img":{"alt_text":"DJI Mavic 2 Pro & Smart controller","src":"https:\/\/i0.wp.com\/store.droneway.ma\/wp-content\/uploads\/2020\/11\/dji-mavic-2-pro-smart-controller-p-image-204869-grande.jpg?resize=350%2C200&ssl=1","width":350,"height":200,"srcset":"https:\/\/i0.wp.com\/store.droneway.ma\/wp-content\/uploads\/2020\/11\/dji-mavic-2-pro-smart-controller-p-image-204869-grande.jpg?resize=350%2C200&ssl=1 1x, https:\/\/i0.wp.com\/store.droneway.ma\/wp-content\/uploads\/2020\/11\/dji-mavic-2-pro-smart-controller-p-image-204869-grande.jpg?resize=525%2C300&ssl=1 1.5x, https:\/\/i0.wp.com\/store.droneway.ma\/wp-content\/uploads\/2020\/11\/dji-mavic-2-pro-smart-controller-p-image-204869-grande.jpg?resize=700%2C400&ssl=1 2x"},"classes":[]},{"id":2130,"url":"https:\/\/store.droneway.ma\/index.php\/produit\/radiocommande-dji-smart-controller-enterprise\/","url_meta":{"origin":2262,"position":1},"title":"Radiocommande DJI Smart Controller Enterprise","author":"admin","date":"21 novembre 2020","format":false,"excerpt":"La radiocommande DJI Smart Controller Enterprise est con\u00e7ue pour le drone DJI Matrice 300 RTK. Elle int\u00e8gre la technologie OcuSync Enterprise qui permet de b\u00e9n\u00e9ficier du retour vid\u00e9o du drone en 1080p et ce, jusqu'\u00e0 8kms (norme CE). Elle permet \u00e0 un ou plusieurs op\u00e9rateurs (jusqu'\u00e0 3 simultan\u00e9ment) de contr\u00f4ler\u2026","rel":"","context":"Article similaire","block_context":{"text":"Article similaire","link":""},"img":{"alt_text":"Radiocommande DJI Smart Controller Enterprise","src":"https:\/\/i0.wp.com\/store.droneway.ma\/wp-content\/uploads\/2020\/11\/radiocommande-dji-smart-controller-enterprise-p-image-217595-grande.jpg?resize=350%2C200&ssl=1","width":350,"height":200,"srcset":"https:\/\/i0.wp.com\/store.droneway.ma\/wp-content\/uploads\/2020\/11\/radiocommande-dji-smart-controller-enterprise-p-image-217595-grande.jpg?resize=350%2C200&ssl=1 1x, https:\/\/i0.wp.com\/store.droneway.ma\/wp-content\/uploads\/2020\/11\/radiocommande-dji-smart-controller-enterprise-p-image-217595-grande.jpg?resize=525%2C300&ssl=1 1.5x, https:\/\/i0.wp.com\/store.droneway.ma\/wp-content\/uploads\/2020\/11\/radiocommande-dji-smart-controller-enterprise-p-image-217595-grande.jpg?resize=700%2C400&ssl=1 2x"},"classes":[]},{"id":2173,"url":"https:\/\/store.droneway.ma\/index.php\/produit\/dji-mavic-2-zoom-smart-controller\/","url_meta":{"origin":2262,"position":2},"title":"DJI Mavic 2 Zoom &#038; Smart controller","author":"admin","date":"21 novembre 2020","format":false,"excerpt":"Le DJI Smart Controller permet l'acc\u00e8s aux applications tierces (r\u00e9seaux sociaux notamment) en plus des applications DJI, notamment DJI Go 4 qui int\u00e8gre la fonctionnalit\u00e9 \"Go Share\" pour transf\u00e9rer rapidement les photos de la radiocommande vers votre smartphone ou tablette.","rel":"","context":"Article similaire","block_context":{"text":"Article similaire","link":""},"img":{"alt_text":"DJI Mavic 2 Zoom & Smart controller","src":"https:\/\/i0.wp.com\/store.droneway.ma\/wp-content\/uploads\/2020\/11\/dji-mavic-2-zoom-smart-controller-p-image-204870-grande.jpg?resize=350%2C200&ssl=1","width":350,"height":200,"srcset":"https:\/\/i0.wp.com\/store.droneway.ma\/wp-content\/uploads\/2020\/11\/dji-mavic-2-zoom-smart-controller-p-image-204870-grande.jpg?resize=350%2C200&ssl=1 1x, https:\/\/i0.wp.com\/store.droneway.ma\/wp-content\/uploads\/2020\/11\/dji-mavic-2-zoom-smart-controller-p-image-204870-grande.jpg?resize=525%2C300&ssl=1 1.5x, https:\/\/i0.wp.com\/store.droneway.ma\/wp-content\/uploads\/2020\/11\/dji-mavic-2-zoom-smart-controller-p-image-204870-grande.jpg?resize=700%2C400&ssl=1 2x"},"classes":[]},{"id":2180,"url":"https:\/\/store.droneway.ma\/index.php\/produit\/dji-mavic-2-enterprise-et-smart-controller\/","url_meta":{"origin":2262,"position":3},"title":"DJI Mavic 2 Enterprise et Smart Controller","author":"admin","date":"21 novembre 2020","format":false,"excerpt":"Le drone Mavic 2 Enterprise reprend le design et la cam\u00e9ra du Mavic 2 Zoom en ajoutant des fonctionnalit\u00e9s orient\u00e9es pour une utilisation professionnelle. On retrouve une connectique pour installer trois diff\u00e9rents modules sur le drone : un haut-parleur de 100dB, un projecteur \u00e0 2 LED et un feu auxiliaire.\u2026","rel":"","context":"Article similaire","block_context":{"text":"Article similaire","link":""},"img":{"alt_text":"DJI Mavic 2 Enterprise et Smart Controller","src":"https:\/\/i0.wp.com\/store.droneway.ma\/wp-content\/uploads\/2020\/11\/DJI-Mavic-2-Enterprise-et-Smart-Controller.jpg?resize=350%2C200&ssl=1","width":350,"height":200,"srcset":"https:\/\/i0.wp.com\/store.droneway.ma\/wp-content\/uploads\/2020\/11\/DJI-Mavic-2-Enterprise-et-Smart-Controller.jpg?resize=350%2C200&ssl=1 1x, https:\/\/i0.wp.com\/store.droneway.ma\/wp-content\/uploads\/2020\/11\/DJI-Mavic-2-Enterprise-et-Smart-Controller.jpg?resize=525%2C300&ssl=1 1.5x, https:\/\/i0.wp.com\/store.droneway.ma\/wp-content\/uploads\/2020\/11\/DJI-Mavic-2-Enterprise-et-Smart-Controller.jpg?resize=700%2C400&ssl=1 2x"},"classes":[]},{"id":2184,"url":"https:\/\/store.droneway.ma\/index.php\/produit\/dji-mavic-2-enterprise-dual-thermal-et-smart-controller\/","url_meta":{"origin":2262,"position":4},"title":"DJI Mavic 2 Enterprise Dual (thermal) et Smart Controller","author":"admin","date":"21 novembre 2020","format":false,"excerpt":"Le drone Mavic 2 Enterprise Dual (thermal) est un drone destin\u00e9 aux professionnels \u00e9quip\u00e9 d'un capteur thermique radiom\u00e9trique FLIR. Enti\u00e8rement param\u00e9trable, ce drone permet le r\u00e9glage fin des valeurs d'\u00e9missivit\u00e9 pour s'adapter aux interventions sur les zones \u00e0 risque (incendies etc...). Il int\u00e8gre FLIR MSX permettant l'affichage simultan\u00e9 de l'infrarouge\u2026","rel":"","context":"Article similaire","block_context":{"text":"Article similaire","link":""},"img":{"alt_text":"DJI Mavic 2 Enterprise Dual (thermal) et Smart Controller","src":"https:\/\/i0.wp.com\/store.droneway.ma\/wp-content\/uploads\/2020\/11\/DJI-Mavic-2-Enterprise-Dual-thermal-et-Smart-Controller.jpg?resize=350%2C200&ssl=1","width":350,"height":200,"srcset":"https:\/\/i0.wp.com\/store.droneway.ma\/wp-content\/uploads\/2020\/11\/DJI-Mavic-2-Enterprise-Dual-thermal-et-Smart-Controller.jpg?resize=350%2C200&ssl=1 1x, https:\/\/i0.wp.com\/store.droneway.ma\/wp-content\/uploads\/2020\/11\/DJI-Mavic-2-Enterprise-Dual-thermal-et-Smart-Controller.jpg?resize=525%2C300&ssl=1 1.5x, https:\/\/i0.wp.com\/store.droneway.ma\/wp-content\/uploads\/2020\/11\/DJI-Mavic-2-Enterprise-Dual-thermal-et-Smart-Controller.jpg?resize=700%2C400&ssl=1 2x"},"classes":[]},{"id":2279,"url":"https:\/\/store.droneway.ma\/index.php\/produit\/coque-de-protection-pour-dji-smart-controller-pgytech\/","url_meta":{"origin":2262,"position":5},"title":"Coque de protection pour DJI Smart Controller &#8211; PGYTECH","author":"admin","date":"21 novembre 2020","format":false,"excerpt":"L\u00e9g\u00e8re et r\u00e9sistante Protection optimale du DJI Smart Controller \u00c9vite de d\u00e9monter les joysticks.","rel":"","context":"Article similaire","block_context":{"text":"Article similaire","link":""},"img":{"alt_text":"Coque de protection pour DJI Smart Controller - PGYTECH","src":"https:\/\/i0.wp.com\/store.droneway.ma\/wp-content\/uploads\/2020\/11\/Coque-de-protection-pour-DJI-Smart-Controller-PGYTECH.jpg?resize=350%2C200&ssl=1","width":350,"height":200},"classes":[]}],"jetpack_sharing_enabled":true,"_links":{"self":[{"href":"https:\/\/store.droneway.ma\/index.php\/wp-json\/wp\/v2\/product\/2262","targetHints":{"allow":["GET"]}}],"collection":[{"href":"https:\/\/store.droneway.ma\/index.php\/wp-json\/wp\/v2\/product"}],"about":[{"href":"https:\/\/store.droneway.ma\/index.php\/wp-json\/wp\/v2\/types\/product"}],"wp:featuredmedia":[{"embeddable":true,"href":"https:\/\/store.droneway.ma\/index.php\/wp-json\/wp\/v2\/media\/188"}],"wp:attachment":[{"href":"https:\/\/store.droneway.ma\/index.php\/wp-json\/wp\/v2\/media?parent=2262"}],"wp:term":[{"taxonomy":"product_brand","embeddable":true,"href":"https:\/\/store.droneway.ma\/index.php\/wp-json\/wp\/v2\/product_brand?post=2262"},{"taxonomy":"product_cat","embeddable":true,"href":"https:\/\/store.droneway.ma\/index.php\/wp-json\/wp\/v2\/product_cat?post=2262"},{"taxonomy":"product_tag","embeddable":true,"href":"https:\/\/store.droneway.ma\/index.php\/wp-json\/wp\/v2\/product_tag?post=2262"}],"curies":[{"name":"wp","href":"https:\/\/api.w.org\/{rel}","templated":true}]}}