{"id":2261,"date":"2020-11-21T19:06:05","date_gmt":"2020-11-21T18:06:05","guid":{"rendered":"http:\/\/store.droneway.ma\/index.php\/produit\/dji-goggles-3\/"},"modified":"2020-11-21T19:06:47","modified_gmt":"2020-11-21T18:06:47","slug":"dji-goggles-3","status":"publish","type":"product","link":"https:\/\/store.droneway.ma\/index.php\/produit\/dji-goggles-3\/","title":{"rendered":"DJI Goggles"},"content":{"rendered":"<p>Les DJI Goggles ont \u00e9t\u00e9 con\u00e7ues pour vous embarquer dans une exp\u00e9rience unique en immersion ! Mettez les DJI Goggles sur votre t\u00eate et b\u00e9n\u00e9ficiez d&rsquo;un retour vid\u00e9o FULL HD 1080p de votre Mavic Pro, Phantom 4 Pro &#038; Pro +, Inspire 2 et autres drones poss\u00e9dant une connectique HDMI. Les DJI Mavic Air et DJI Spark profiteront d&rsquo;un retour 720p \u00e0 30im\/s.  Plus que de simples lunettes, les DJI Goggles vous donneront la possibilit\u00e9 d&rsquo;agir sur les fonctions du Mavic Pro : Active Track, Fixed Wing Mode ou encore Head Tracking.<\/p>\n","protected":false},"excerpt":{"rendered":"<p>Retour FULL HD 1080p \t  \t\u00c9crans 5&Prime; \/ FOV de 85\u00b0  \t \t \t  \tConnectique HDMI  \t \t \t  \t110 millisecondes de latence \t  \tCompatible Mavic, Inspire, Phantom 4, Spark&#8230;<\/p>\n","protected":false},"featured_media":696,"template":"","meta":{"content-type":"","rop_custom_images_group":[],"rop_custom_messages_group":[],"rop_publish_now":"initial","rop_publish_now_accounts":[],"rop_publish_now_history":[],"rop_publish_now_status":"pending"},"product_brand":[],"product_cat":[16,34],"product_tag":[],"class_list":{"0":"post-2261","1":"product","2":"type-product","3":"status-publish","4":"has-post-thumbnail","6":"product_cat-dji-mavic","7":"product_cat-mavic-2","9":"first","10":"instock","11":"purchasable","12":"product-type-simple"},"jetpack-related-posts":[{"id":2066,"url":"https:\/\/store.droneway.ma\/index.php\/produit\/dji-goggles\/","url_meta":{"origin":2261,"position":0},"title":"DJI Goggles","author":"admin","date":"21 novembre 2020","format":false,"excerpt":"Retour FULL HD 1080p \u00c9crans 5\" \/ FOV de 85\u00b0 Connectique HDMI 110 millisecondes de latence Compatible Mavic, Inspire, Phantom 4, Spark...","rel":"","context":"Article similaire","block_context":{"text":"Article similaire","link":""},"img":{"alt_text":"DJI Goggles","src":"https:\/\/i0.wp.com\/store.droneway.ma\/wp-content\/uploads\/2020\/11\/casque-dji-goggles-p-image-188044-grande.jpg?resize=350%2C200&ssl=1","width":350,"height":200},"classes":[]},{"id":2093,"url":"https:\/\/store.droneway.ma\/index.php\/produit\/dji-goggles-2\/","url_meta":{"origin":2261,"position":1},"title":"DJI Goggles","author":"admin","date":"21 novembre 2020","format":false,"excerpt":"Retour FULL HD 1080p \u00c9crans 5\" \/ FOV de 85\u00b0 Connectique HDMI 110 millisecondes de latence Compatible Mavic, Inspire, Phantom 4, Spark...","rel":"","context":"Article similaire","block_context":{"text":"Article similaire","link":""},"img":{"alt_text":"DJI Goggles","src":"https:\/\/i0.wp.com\/store.droneway.ma\/wp-content\/uploads\/2020\/11\/casque-dji-goggles-p-image-188044-grande.jpg?resize=350%2C200&ssl=1","width":350,"height":200},"classes":[]},{"id":2241,"url":"https:\/\/store.droneway.ma\/index.php\/produit\/dji-goggles-racing-edition-3\/","url_meta":{"origin":2261,"position":2},"title":"DJI Goggles Racing Edition","author":"admin","date":"21 novembre 2020","format":false,"excerpt":"R\u00e9solution d'affichage 3840 x 1080 pixels Optimis\u00e9 pour les drones racer (FPV) Compatible syst\u00e8me de transmission OcuSync Compatible Mavic, Spark, Inspire, Phantom 4...","rel":"","context":"Article similaire","block_context":{"text":"Article similaire","link":""},"img":{"alt_text":"DJI Goggles Racing Edition","src":"https:\/\/i0.wp.com\/store.droneway.ma\/wp-content\/uploads\/2020\/11\/dji-goggles-re-p-image-193061-grande.jpg?resize=350%2C200&ssl=1","width":350,"height":200,"srcset":"https:\/\/i0.wp.com\/store.droneway.ma\/wp-content\/uploads\/2020\/11\/dji-goggles-re-p-image-193061-grande.jpg?resize=350%2C200&ssl=1 1x, https:\/\/i0.wp.com\/store.droneway.ma\/wp-content\/uploads\/2020\/11\/dji-goggles-re-p-image-193061-grande.jpg?resize=525%2C300&ssl=1 1.5x"},"classes":[]},{"id":2065,"url":"https:\/\/store.droneway.ma\/index.php\/produit\/dji-goggles-racing-edition\/","url_meta":{"origin":2261,"position":3},"title":"DJI Goggles Racing Edition","author":"admin","date":"21 novembre 2020","format":false,"excerpt":"R\u00e9solution d'affichage 3840 x 1080 pixels Optimis\u00e9 pour les drones racer (FPV) Compatible syst\u00e8me de transmission OcuSync Compatible Mavic, Spark, Inspire, Phantom 4...","rel":"","context":"Article similaire","block_context":{"text":"Article similaire","link":""},"img":{"alt_text":"DJI Goggles Racing Edition","src":"https:\/\/i0.wp.com\/store.droneway.ma\/wp-content\/uploads\/2020\/11\/dji-goggles-re-p-image-193061-grande.jpg?resize=350%2C200&ssl=1","width":350,"height":200,"srcset":"https:\/\/i0.wp.com\/store.droneway.ma\/wp-content\/uploads\/2020\/11\/dji-goggles-re-p-image-193061-grande.jpg?resize=350%2C200&ssl=1 1x, https:\/\/i0.wp.com\/store.droneway.ma\/wp-content\/uploads\/2020\/11\/dji-goggles-re-p-image-193061-grande.jpg?resize=525%2C300&ssl=1 1.5x"},"classes":[]},{"id":2086,"url":"https:\/\/store.droneway.ma\/index.php\/produit\/dji-goggles-racing-edition-2\/","url_meta":{"origin":2261,"position":4},"title":"DJI Goggles Racing Edition","author":"admin","date":"21 novembre 2020","format":false,"excerpt":"R\u00e9solution d'affichage 3840 x 1080 pixels Optimis\u00e9 pour les drones racer (FPV) Compatible syst\u00e8me de transmission OcuSync Compatible Mavic, Spark, Inspire, Phantom 4...","rel":"","context":"Article similaire","block_context":{"text":"Article similaire","link":""},"img":{"alt_text":"DJI Goggles Racing Edition","src":"https:\/\/i0.wp.com\/store.droneway.ma\/wp-content\/uploads\/2020\/11\/dji-goggles-re-p-image-193061-grande.jpg?resize=350%2C200&ssl=1","width":350,"height":200,"srcset":"https:\/\/i0.wp.com\/store.droneway.ma\/wp-content\/uploads\/2020\/11\/dji-goggles-re-p-image-193061-grande.jpg?resize=350%2C200&ssl=1 1x, https:\/\/i0.wp.com\/store.droneway.ma\/wp-content\/uploads\/2020\/11\/dji-goggles-re-p-image-193061-grande.jpg?resize=525%2C300&ssl=1 1.5x"},"classes":[]},{"id":2169,"url":"https:\/\/store.droneway.ma\/index.php\/produit\/dji-mavic-2-pro-dji-goggles-re\/","url_meta":{"origin":2261,"position":5},"title":"DJI Mavic 2 Pro &#038; DJI Goggles RE","author":"admin","date":"21 novembre 2020","format":false,"excerpt":"Int\u00e9grant une cam\u00e9ra Hasselblad avec capteur CMOS 1\" 20 MP, le DJI Mavic 2 Pro est capable de voler jusqu'\u00e0 31 minutes !","rel":"","context":"Article similaire","block_context":{"text":"Article similaire","link":""},"img":{"alt_text":"DJI Mavic 2 Pro & DJI Goggles RE","src":"https:\/\/i0.wp.com\/store.droneway.ma\/wp-content\/uploads\/2020\/11\/dji-mavic-2-pro-dji-goggles-re-p-image-200907-grande.jpg?resize=350%2C200&ssl=1","width":350,"height":200},"classes":[]}],"jetpack_sharing_enabled":true,"_links":{"self":[{"href":"https:\/\/store.droneway.ma\/index.php\/wp-json\/wp\/v2\/product\/2261","targetHints":{"allow":["GET"]}}],"collection":[{"href":"https:\/\/store.droneway.ma\/index.php\/wp-json\/wp\/v2\/product"}],"about":[{"href":"https:\/\/store.droneway.ma\/index.php\/wp-json\/wp\/v2\/types\/product"}],"wp:featuredmedia":[{"embeddable":true,"href":"https:\/\/store.droneway.ma\/index.php\/wp-json\/wp\/v2\/media\/696"}],"wp:attachment":[{"href":"https:\/\/store.droneway.ma\/index.php\/wp-json\/wp\/v2\/media?parent=2261"}],"wp:term":[{"taxonomy":"product_brand","embeddable":true,"href":"https:\/\/store.droneway.ma\/index.php\/wp-json\/wp\/v2\/product_brand?post=2261"},{"taxonomy":"product_cat","embeddable":true,"href":"https:\/\/store.droneway.ma\/index.php\/wp-json\/wp\/v2\/product_cat?post=2261"},{"taxonomy":"product_tag","embeddable":true,"href":"https:\/\/store.droneway.ma\/index.php\/wp-json\/wp\/v2\/product_tag?post=2261"}],"curies":[{"name":"wp","href":"https:\/\/api.w.org\/{rel}","templated":true}]}}