{"id":2259,"date":"2020-11-21T19:06:05","date_gmt":"2020-11-21T18:06:05","guid":{"rendered":"http:\/\/store.droneway.ma\/index.php\/produit\/radiocommande-dji-mavic-2\/"},"modified":"2020-11-21T19:06:43","modified_gmt":"2020-11-21T18:06:43","slug":"radiocommande-dji-mavic-2","status":"publish","type":"product","link":"https:\/\/store.droneway.ma\/index.php\/produit\/radiocommande-dji-mavic-2\/","title":{"rendered":"Radiocommande DJI Mavic 2"},"content":{"rendered":"<p>Cette radiocommande est compatible avec les drones DJI Mavic 2 series (Pro, Zoom, Enterprise et Dual).  Elle est id\u00e9ale en cas de casse ou de perte de votre radiocommande d&rsquo;origine.<\/p>\n","protected":false},"excerpt":{"rendered":"<p>Compatible DJI Mavic 2 Pro, Zoom, Enterprise et Dual  Produit DJI Officiel<\/p>\n","protected":false},"featured_media":2260,"template":"","meta":{"content-type":"","rop_custom_images_group":[],"rop_custom_messages_group":[],"rop_publish_now":"initial","rop_publish_now_accounts":[],"rop_publish_now_history":[],"rop_publish_now_status":"pending"},"product_brand":[],"product_cat":[16,34],"product_tag":[],"class_list":{"0":"post-2259","1":"product","2":"type-product","3":"status-publish","4":"has-post-thumbnail","6":"product_cat-dji-mavic","7":"product_cat-mavic-2","9":"first","10":"instock","11":"purchasable","12":"product-type-simple"},"jetpack-related-posts":[{"id":2184,"url":"https:\/\/store.droneway.ma\/index.php\/produit\/dji-mavic-2-enterprise-dual-thermal-et-smart-controller\/","url_meta":{"origin":2259,"position":0},"title":"DJI Mavic 2 Enterprise Dual (thermal) et Smart Controller","author":"admin","date":"21 novembre 2020","format":false,"excerpt":"Le drone Mavic 2 Enterprise Dual (thermal) est un drone destin\u00e9 aux professionnels \u00e9quip\u00e9 d'un capteur thermique radiom\u00e9trique FLIR. Enti\u00e8rement param\u00e9trable, ce drone permet le r\u00e9glage fin des valeurs d'\u00e9missivit\u00e9 pour s'adapter aux interventions sur les zones \u00e0 risque (incendies etc...). Il int\u00e8gre FLIR MSX permettant l'affichage simultan\u00e9 de l'infrarouge\u2026","rel":"","context":"Article similaire","block_context":{"text":"Article similaire","link":""},"img":{"alt_text":"DJI Mavic 2 Enterprise Dual (thermal) et Smart Controller","src":"https:\/\/i0.wp.com\/store.droneway.ma\/wp-content\/uploads\/2020\/11\/DJI-Mavic-2-Enterprise-Dual-thermal-et-Smart-Controller.jpg?resize=350%2C200&ssl=1","width":350,"height":200,"srcset":"https:\/\/i0.wp.com\/store.droneway.ma\/wp-content\/uploads\/2020\/11\/DJI-Mavic-2-Enterprise-Dual-thermal-et-Smart-Controller.jpg?resize=350%2C200&ssl=1 1x, https:\/\/i0.wp.com\/store.droneway.ma\/wp-content\/uploads\/2020\/11\/DJI-Mavic-2-Enterprise-Dual-thermal-et-Smart-Controller.jpg?resize=525%2C300&ssl=1 1.5x, https:\/\/i0.wp.com\/store.droneway.ma\/wp-content\/uploads\/2020\/11\/DJI-Mavic-2-Enterprise-Dual-thermal-et-Smart-Controller.jpg?resize=700%2C400&ssl=1 2x"},"classes":[]},{"id":2193,"url":"https:\/\/store.droneway.ma\/index.php\/produit\/chargeur-de-batterie-pour-dji-mavic-2\/","url_meta":{"origin":2259,"position":1},"title":"Chargeur de batterie pour DJI Mavic 2","author":"admin","date":"21 novembre 2020","format":false,"excerpt":"Il est compatible avec la version Pro et Zoom du DJI Mavic 2, et int\u00e8gre une interface USB Type A ainsi qu'une interface micro USB.","rel":"","context":"Article similaire","block_context":{"text":"Article similaire","link":""},"img":{"alt_text":"Chargeur de batterie pour DJI Mavic 2","src":"https:\/\/i0.wp.com\/store.droneway.ma\/wp-content\/uploads\/2020\/11\/Chargeur-de-batterie-pour-DJI-Mavic-2.jpg?resize=350%2C200&ssl=1","width":350,"height":200},"classes":[]},{"id":2273,"url":"https:\/\/store.droneway.ma\/index.php\/produit\/protections-dhelices-pour-dji-mavic-2-pgytech\/","url_meta":{"origin":2259,"position":2},"title":"Protections d&rsquo;h\u00e9lices pour DJI Mavic 2 &#8211; PGYTECH","author":"admin","date":"21 novembre 2020","format":false,"excerpt":"Compatible DJI Mavic 2 Pro, Zoom et Enterprise\u00a0 A clipser\u00a0 Finition ABS","rel":"","context":"Article similaire","block_context":{"text":"Article similaire","link":""},"img":{"alt_text":"Protections d'h\u00e9lices pour DJI Mavic 2 - PGYTECH","src":"https:\/\/i0.wp.com\/store.droneway.ma\/wp-content\/uploads\/2020\/11\/Protections-dhelices-pour-DJI-Mavic-2-PGYTECH.jpg?resize=350%2C200&ssl=1","width":350,"height":200,"srcset":"https:\/\/i0.wp.com\/store.droneway.ma\/wp-content\/uploads\/2020\/11\/Protections-dhelices-pour-DJI-Mavic-2-PGYTECH.jpg?resize=350%2C200&ssl=1 1x, https:\/\/i0.wp.com\/store.droneway.ma\/wp-content\/uploads\/2020\/11\/Protections-dhelices-pour-DJI-Mavic-2-PGYTECH.jpg?resize=525%2C300&ssl=1 1.5x"},"classes":[]},{"id":2180,"url":"https:\/\/store.droneway.ma\/index.php\/produit\/dji-mavic-2-enterprise-et-smart-controller\/","url_meta":{"origin":2259,"position":3},"title":"DJI Mavic 2 Enterprise et Smart Controller","author":"admin","date":"21 novembre 2020","format":false,"excerpt":"Le drone Mavic 2 Enterprise reprend le design et la cam\u00e9ra du Mavic 2 Zoom en ajoutant des fonctionnalit\u00e9s orient\u00e9es pour une utilisation professionnelle. On retrouve une connectique pour installer trois diff\u00e9rents modules sur le drone : un haut-parleur de 100dB, un projecteur \u00e0 2 LED et un feu auxiliaire.\u2026","rel":"","context":"Article similaire","block_context":{"text":"Article similaire","link":""},"img":{"alt_text":"DJI Mavic 2 Enterprise et Smart Controller","src":"https:\/\/i0.wp.com\/store.droneway.ma\/wp-content\/uploads\/2020\/11\/DJI-Mavic-2-Enterprise-et-Smart-Controller.jpg?resize=350%2C200&ssl=1","width":350,"height":200,"srcset":"https:\/\/i0.wp.com\/store.droneway.ma\/wp-content\/uploads\/2020\/11\/DJI-Mavic-2-Enterprise-et-Smart-Controller.jpg?resize=350%2C200&ssl=1 1x, https:\/\/i0.wp.com\/store.droneway.ma\/wp-content\/uploads\/2020\/11\/DJI-Mavic-2-Enterprise-et-Smart-Controller.jpg?resize=525%2C300&ssl=1 1.5x, https:\/\/i0.wp.com\/store.droneway.ma\/wp-content\/uploads\/2020\/11\/DJI-Mavic-2-Enterprise-et-Smart-Controller.jpg?resize=700%2C400&ssl=1 2x"},"classes":[]},{"id":2168,"url":"https:\/\/store.droneway.ma\/index.php\/produit\/dji-mavic-2-enterprise-dual-thermal\/","url_meta":{"origin":2259,"position":4},"title":"DJI Mavic 2 Enterprise Dual (thermal)","author":"admin","date":"21 novembre 2020","format":false,"excerpt":"Ce drone DJI Mavic 2 Enterprise Dual dispose de r\u00e9glages pour mieux g\u00e9rer l\u2019enregistrement des donn\u00e9es lorsqu\u2019il survolera une zone \u00e0 risque comme un incendie en choisissant vos propres valeurs pour l\u2019\u00e9missivit\u00e9 et les surfaces r\u00e9fl\u00e9chissantes.","rel":"","context":"Article similaire","block_context":{"text":"Article similaire","link":""},"img":{"alt_text":"DJI Mavic 2 Enterprise Dual (thermal)","src":"https:\/\/i0.wp.com\/store.droneway.ma\/wp-content\/uploads\/2020\/11\/dji-mavic-2-enterprise-dual-p-image-204460-grande.jpg?resize=350%2C200&ssl=1","width":350,"height":200,"srcset":"https:\/\/i0.wp.com\/store.droneway.ma\/wp-content\/uploads\/2020\/11\/dji-mavic-2-enterprise-dual-p-image-204460-grande.jpg?resize=350%2C200&ssl=1 1x, https:\/\/i0.wp.com\/store.droneway.ma\/wp-content\/uploads\/2020\/11\/dji-mavic-2-enterprise-dual-p-image-204460-grande.jpg?resize=525%2C300&ssl=1 1.5x"},"classes":[]},{"id":2174,"url":"https:\/\/store.droneway.ma\/index.php\/produit\/dji-mavic-2-pro-smart-controller\/","url_meta":{"origin":2259,"position":5},"title":"DJI Mavic 2 Pro &#038; Smart controller","author":"admin","date":"21 novembre 2020","format":false,"excerpt":"Capable d'accueillir des applications tierces (Instagram, Facebook, Youtube...), le Smart Controller de votre Mavic 2 Pro dispose en plus d'une sortie HDMI, d'un microphone, et d'un haut parleur. Dot\u00e9e d'une batterie de 5000 mAh, cette radiocommande offrira une belle autonomie de 2h30.","rel":"","context":"Article similaire","block_context":{"text":"Article similaire","link":""},"img":{"alt_text":"DJI Mavic 2 Pro & Smart controller","src":"https:\/\/i0.wp.com\/store.droneway.ma\/wp-content\/uploads\/2020\/11\/dji-mavic-2-pro-smart-controller-p-image-204869-grande.jpg?resize=350%2C200&ssl=1","width":350,"height":200,"srcset":"https:\/\/i0.wp.com\/store.droneway.ma\/wp-content\/uploads\/2020\/11\/dji-mavic-2-pro-smart-controller-p-image-204869-grande.jpg?resize=350%2C200&ssl=1 1x, https:\/\/i0.wp.com\/store.droneway.ma\/wp-content\/uploads\/2020\/11\/dji-mavic-2-pro-smart-controller-p-image-204869-grande.jpg?resize=525%2C300&ssl=1 1.5x, https:\/\/i0.wp.com\/store.droneway.ma\/wp-content\/uploads\/2020\/11\/dji-mavic-2-pro-smart-controller-p-image-204869-grande.jpg?resize=700%2C400&ssl=1 2x"},"classes":[]}],"jetpack_sharing_enabled":true,"_links":{"self":[{"href":"https:\/\/store.droneway.ma\/index.php\/wp-json\/wp\/v2\/product\/2259","targetHints":{"allow":["GET"]}}],"collection":[{"href":"https:\/\/store.droneway.ma\/index.php\/wp-json\/wp\/v2\/product"}],"about":[{"href":"https:\/\/store.droneway.ma\/index.php\/wp-json\/wp\/v2\/types\/product"}],"wp:featuredmedia":[{"embeddable":true,"href":"https:\/\/store.droneway.ma\/index.php\/wp-json\/wp\/v2\/media\/2260"}],"wp:attachment":[{"href":"https:\/\/store.droneway.ma\/index.php\/wp-json\/wp\/v2\/media?parent=2259"}],"wp:term":[{"taxonomy":"product_brand","embeddable":true,"href":"https:\/\/store.droneway.ma\/index.php\/wp-json\/wp\/v2\/product_brand?post=2259"},{"taxonomy":"product_cat","embeddable":true,"href":"https:\/\/store.droneway.ma\/index.php\/wp-json\/wp\/v2\/product_cat?post=2259"},{"taxonomy":"product_tag","embeddable":true,"href":"https:\/\/store.droneway.ma\/index.php\/wp-json\/wp\/v2\/product_tag?post=2259"}],"curies":[{"name":"wp","href":"https:\/\/api.w.org\/{rel}","templated":true}]}}