{"id":2247,"date":"2020-11-21T19:06:05","date_gmt":"2020-11-21T18:06:05","guid":{"rendered":"http:\/\/store.droneway.ma\/index.php\/produit\/protection-en-silicone-pour-dji-smart-controller-avec-pare-soleil\/"},"modified":"2020-11-21T19:06:23","modified_gmt":"2020-11-21T18:06:23","slug":"protection-en-silicone-pour-dji-smart-controller-avec-pare-soleil","status":"publish","type":"product","link":"https:\/\/store.droneway.ma\/index.php\/produit\/protection-en-silicone-pour-dji-smart-controller-avec-pare-soleil\/","title":{"rendered":"Protection en silicone pour DJI Smart Controller avec pare-soleil"},"content":{"rendered":"<p>Prot\u00e9gez votre radiocommande DJI Smart Controller des chocs et des rayures avec cet accessoire indispensable. Sa conception en silicone permet une meilleure prise en main de votre radio.  La housse int\u00e8gre un pare-soleil, garantissant ainsi une meilleure visualisation de l&rsquo;\u00e9cran lorsque le soleil brille trop fort.  La protection est ajour\u00e9e afin de vous garantir un acc\u00e8s \u00e0 l&rsquo;int\u00e9gralit\u00e9 des contr\u00f4les.  Note : housse vendue sans radiocommande.<\/p>\n","protected":false},"excerpt":{"rendered":"<p>Prot\u00e8ge votre DJI Smart Controller  Prot\u00e8ge des rayures et des chocs  Housse ajour\u00e9e<\/p>\n","protected":false},"featured_media":2248,"template":"","meta":{"content-type":"","rop_custom_images_group":[],"rop_custom_messages_group":[],"rop_publish_now":"initial","rop_publish_now_accounts":[],"rop_publish_now_history":[],"rop_publish_now_status":"pending"},"product_brand":[],"product_cat":[16,34],"product_tag":[],"class_list":{"0":"post-2247","1":"product","2":"type-product","3":"status-publish","4":"has-post-thumbnail","6":"product_cat-dji-mavic","7":"product_cat-mavic-2","9":"first","10":"instock","11":"purchasable","12":"product-type-simple"},"jetpack-related-posts":[{"id":2251,"url":"https:\/\/store.droneway.ma\/index.php\/produit\/protection-en-silicone-pour-dji-smart-controller\/","url_meta":{"origin":2247,"position":0},"title":"Protection en silicone pour DJI Smart Controller","author":"admin","date":"21 novembre 2020","format":false,"excerpt":"Prot\u00e8ge votre radiocommande DJI Smart Controller Pare-soleil pour meilleure visualisation Prot\u00e8ge des rayures et des chocs Housse ajour\u00e9e","rel":"","context":"Article similaire","block_context":{"text":"Article similaire","link":""},"img":{"alt_text":"Protection en silicone pour DJI Smart Controller","src":"https:\/\/i0.wp.com\/store.droneway.ma\/wp-content\/uploads\/2020\/11\/Protection-en-silicone-pour-DJI-Smart-Controller.jpg?resize=350%2C200&ssl=1","width":350,"height":200,"srcset":"https:\/\/i0.wp.com\/store.droneway.ma\/wp-content\/uploads\/2020\/11\/Protection-en-silicone-pour-DJI-Smart-Controller.jpg?resize=350%2C200&ssl=1 1x, https:\/\/i0.wp.com\/store.droneway.ma\/wp-content\/uploads\/2020\/11\/Protection-en-silicone-pour-DJI-Smart-Controller.jpg?resize=525%2C300&ssl=1 1.5x, https:\/\/i0.wp.com\/store.droneway.ma\/wp-content\/uploads\/2020\/11\/Protection-en-silicone-pour-DJI-Smart-Controller.jpg?resize=700%2C400&ssl=1 2x"},"classes":[]},{"id":2279,"url":"https:\/\/store.droneway.ma\/index.php\/produit\/coque-de-protection-pour-dji-smart-controller-pgytech\/","url_meta":{"origin":2247,"position":1},"title":"Coque de protection pour DJI Smart Controller &#8211; PGYTECH","author":"admin","date":"21 novembre 2020","format":false,"excerpt":"L\u00e9g\u00e8re et r\u00e9sistante Protection optimale du DJI Smart Controller \u00c9vite de d\u00e9monter les joysticks.","rel":"","context":"Article similaire","block_context":{"text":"Article similaire","link":""},"img":{"alt_text":"Coque de protection pour DJI Smart Controller - PGYTECH","src":"https:\/\/i0.wp.com\/store.droneway.ma\/wp-content\/uploads\/2020\/11\/Coque-de-protection-pour-DJI-Smart-Controller-PGYTECH.jpg?resize=350%2C200&ssl=1","width":350,"height":200},"classes":[]},{"id":2262,"url":"https:\/\/store.droneway.ma\/index.php\/produit\/radiocommande-dji-smart-controller\/","url_meta":{"origin":2247,"position":2},"title":"Radiocommande DJI Smart Controller","author":"admin","date":"21 novembre 2020","format":false,"excerpt":"Radiocommande avec \u00e9cran 5,5 pouces 1080p Compatible transmission OcuSync 2.0 Syst\u00e8me Android personnalis\u00e9 DJI Go Share pour le partage Applis tierces support\u00e9es Compatible DJI Mavic Air 2","rel":"","context":"Article similaire","block_context":{"text":"Article similaire","link":""},"img":{"alt_text":"Radiocommande DJI Smart Controller","src":"https:\/\/i0.wp.com\/store.droneway.ma\/wp-content\/uploads\/2020\/11\/radiocommande-dji-smart-controller-p-image-204965-grande.jpg?resize=350%2C200&ssl=1","width":350,"height":200},"classes":[]},{"id":2130,"url":"https:\/\/store.droneway.ma\/index.php\/produit\/radiocommande-dji-smart-controller-enterprise\/","url_meta":{"origin":2247,"position":3},"title":"Radiocommande DJI Smart Controller Enterprise","author":"admin","date":"21 novembre 2020","format":false,"excerpt":"La radiocommande DJI Smart Controller Enterprise est con\u00e7ue pour le drone DJI Matrice 300 RTK. Elle int\u00e8gre la technologie OcuSync Enterprise qui permet de b\u00e9n\u00e9ficier du retour vid\u00e9o du drone en 1080p et ce, jusqu'\u00e0 8kms (norme CE). Elle permet \u00e0 un ou plusieurs op\u00e9rateurs (jusqu'\u00e0 3 simultan\u00e9ment) de contr\u00f4ler\u2026","rel":"","context":"Article similaire","block_context":{"text":"Article similaire","link":""},"img":{"alt_text":"Radiocommande DJI Smart Controller Enterprise","src":"https:\/\/i0.wp.com\/store.droneway.ma\/wp-content\/uploads\/2020\/11\/radiocommande-dji-smart-controller-enterprise-p-image-217595-grande.jpg?resize=350%2C200&ssl=1","width":350,"height":200,"srcset":"https:\/\/i0.wp.com\/store.droneway.ma\/wp-content\/uploads\/2020\/11\/radiocommande-dji-smart-controller-enterprise-p-image-217595-grande.jpg?resize=350%2C200&ssl=1 1x, https:\/\/i0.wp.com\/store.droneway.ma\/wp-content\/uploads\/2020\/11\/radiocommande-dji-smart-controller-enterprise-p-image-217595-grande.jpg?resize=525%2C300&ssl=1 1.5x, https:\/\/i0.wp.com\/store.droneway.ma\/wp-content\/uploads\/2020\/11\/radiocommande-dji-smart-controller-enterprise-p-image-217595-grande.jpg?resize=700%2C400&ssl=1 2x"},"classes":[]},{"id":2133,"url":"https:\/\/store.droneway.ma\/index.php\/produit\/systeme-de-fixation-pour-crystalsky-et-dji-smart-controller-enterprise\/","url_meta":{"origin":2247,"position":4},"title":"Syst\u00e8me de fixation pour Crystalsky et DJI Smart Controller Enterprise","author":"admin","date":"21 novembre 2020","format":false,"excerpt":"Installez un \u00e9cran DJI CrystalSky sur la radiocommande Smart Controller Enterprise de votre DJI Matrice 300 RTK. Facile \u00e0 installer sur la radiocommande, cette fixation vous permet de b\u00e9n\u00e9ficier d'un plus grand \u00e9cran plus lumineux de la gamme CrystalSky.","rel":"","context":"Article similaire","block_context":{"text":"Article similaire","link":""},"img":{"alt_text":"Syst\u00e8me de fixation pour Crystalsky et DJI Smart Controller Enterprise","src":"https:\/\/i0.wp.com\/store.droneway.ma\/wp-content\/uploads\/2020\/11\/systeme-de-fixation-pour-crystalsky-et-dji-smart-controller-enterprise-p-image-217663-grande.jpg?resize=350%2C200&ssl=1","width":350,"height":200,"srcset":"https:\/\/i0.wp.com\/store.droneway.ma\/wp-content\/uploads\/2020\/11\/systeme-de-fixation-pour-crystalsky-et-dji-smart-controller-enterprise-p-image-217663-grande.jpg?resize=350%2C200&ssl=1 1x, https:\/\/i0.wp.com\/store.droneway.ma\/wp-content\/uploads\/2020\/11\/systeme-de-fixation-pour-crystalsky-et-dji-smart-controller-enterprise-p-image-217663-grande.jpg?resize=525%2C300&ssl=1 1.5x, https:\/\/i0.wp.com\/store.droneway.ma\/wp-content\/uploads\/2020\/11\/systeme-de-fixation-pour-crystalsky-et-dji-smart-controller-enterprise-p-image-217663-grande.jpg?resize=700%2C400&ssl=1 2x"},"classes":[]},{"id":2174,"url":"https:\/\/store.droneway.ma\/index.php\/produit\/dji-mavic-2-pro-smart-controller\/","url_meta":{"origin":2247,"position":5},"title":"DJI Mavic 2 Pro &#038; Smart controller","author":"admin","date":"21 novembre 2020","format":false,"excerpt":"Capable d'accueillir des applications tierces (Instagram, Facebook, Youtube...), le Smart Controller de votre Mavic 2 Pro dispose en plus d'une sortie HDMI, d'un microphone, et d'un haut parleur. Dot\u00e9e d'une batterie de 5000 mAh, cette radiocommande offrira une belle autonomie de 2h30.","rel":"","context":"Article similaire","block_context":{"text":"Article similaire","link":""},"img":{"alt_text":"DJI Mavic 2 Pro & Smart controller","src":"https:\/\/i0.wp.com\/store.droneway.ma\/wp-content\/uploads\/2020\/11\/dji-mavic-2-pro-smart-controller-p-image-204869-grande.jpg?resize=350%2C200&ssl=1","width":350,"height":200,"srcset":"https:\/\/i0.wp.com\/store.droneway.ma\/wp-content\/uploads\/2020\/11\/dji-mavic-2-pro-smart-controller-p-image-204869-grande.jpg?resize=350%2C200&ssl=1 1x, https:\/\/i0.wp.com\/store.droneway.ma\/wp-content\/uploads\/2020\/11\/dji-mavic-2-pro-smart-controller-p-image-204869-grande.jpg?resize=525%2C300&ssl=1 1.5x, https:\/\/i0.wp.com\/store.droneway.ma\/wp-content\/uploads\/2020\/11\/dji-mavic-2-pro-smart-controller-p-image-204869-grande.jpg?resize=700%2C400&ssl=1 2x"},"classes":[]}],"jetpack_sharing_enabled":true,"_links":{"self":[{"href":"https:\/\/store.droneway.ma\/index.php\/wp-json\/wp\/v2\/product\/2247","targetHints":{"allow":["GET"]}}],"collection":[{"href":"https:\/\/store.droneway.ma\/index.php\/wp-json\/wp\/v2\/product"}],"about":[{"href":"https:\/\/store.droneway.ma\/index.php\/wp-json\/wp\/v2\/types\/product"}],"wp:featuredmedia":[{"embeddable":true,"href":"https:\/\/store.droneway.ma\/index.php\/wp-json\/wp\/v2\/media\/2248"}],"wp:attachment":[{"href":"https:\/\/store.droneway.ma\/index.php\/wp-json\/wp\/v2\/media?parent=2247"}],"wp:term":[{"taxonomy":"product_brand","embeddable":true,"href":"https:\/\/store.droneway.ma\/index.php\/wp-json\/wp\/v2\/product_brand?post=2247"},{"taxonomy":"product_cat","embeddable":true,"href":"https:\/\/store.droneway.ma\/index.php\/wp-json\/wp\/v2\/product_cat?post=2247"},{"taxonomy":"product_tag","embeddable":true,"href":"https:\/\/store.droneway.ma\/index.php\/wp-json\/wp\/v2\/product_tag?post=2247"}],"curies":[{"name":"wp","href":"https:\/\/api.w.org\/{rel}","templated":true}]}}