{"id":2242,"date":"2020-11-21T19:06:05","date_gmt":"2020-11-21T18:06:05","guid":{"rendered":"http:\/\/store.droneway.ma\/index.php\/produit\/support-tablette-pour-radio-dji-mavic\/"},"modified":"2020-11-21T19:06:17","modified_gmt":"2020-11-21T18:06:17","slug":"support-tablette-pour-radio-dji-mavic","status":"publish","type":"product","link":"https:\/\/store.droneway.ma\/index.php\/produit\/support-tablette-pour-radio-dji-mavic\/","title":{"rendered":"Support tablette pour radio DJI Mavic"},"content":{"rendered":"<p>Compatible avec la plupart des tablettes du march\u00e9, ce support radiocommande pour DJI Mavic 2 (et pour toute la gamme de drones Mavic et Spark, y compris le Mavic Mini) vous permettra de profiter d&rsquo;un retour vid\u00e9o optimal. Con\u00e7u en aluminium de qualit\u00e9 a\u00e9ronautique (usinage CNC pr\u00e9cis), cet accessoire pliable assure l\u00e9g\u00e8ret\u00e9 et stabilit\u00e9. La poign\u00e9e \u00e0 ressort sup\u00e9rieure pourra contenir des tablettes allant de 7 \u00e0 10 pouces.  Un tiroir au niveau du plateau permet de ranger deux filtres et deux cartes SD.<\/p>\n","protected":false},"excerpt":{"rendered":"<p>Design pliable  Savoir-faire artisanal  Compatible avec la plupart des tablettes  Compatible avec les radiocommandes pour DJI Mavic<\/p>\n","protected":false},"featured_media":2243,"template":"","meta":{"content-type":"","rop_custom_images_group":[],"rop_custom_messages_group":[],"rop_publish_now":"initial","rop_publish_now_accounts":[],"rop_publish_now_history":[],"rop_publish_now_status":"pending"},"product_brand":[],"product_cat":[16,34],"product_tag":[],"class_list":{"0":"post-2242","1":"product","2":"type-product","3":"status-publish","4":"has-post-thumbnail","6":"product_cat-dji-mavic","7":"product_cat-mavic-2","9":"first","10":"instock","11":"purchasable","12":"product-type-simple"},"jetpack-related-posts":[{"id":2259,"url":"https:\/\/store.droneway.ma\/index.php\/produit\/radiocommande-dji-mavic-2\/","url_meta":{"origin":2242,"position":0},"title":"Radiocommande DJI Mavic 2","author":"admin","date":"21 novembre 2020","format":false,"excerpt":"Compatible DJI Mavic 2 Pro, Zoom, Enterprise et Dual Produit DJI Officiel","rel":"","context":"Article similaire","block_context":{"text":"Article similaire","link":""},"img":{"alt_text":"Radiocommande DJI Mavic 2","src":"https:\/\/i0.wp.com\/store.droneway.ma\/wp-content\/uploads\/2020\/11\/Radiocommande-DJI-Mavic-2.jpg?resize=350%2C200&ssl=1","width":350,"height":200,"srcset":"https:\/\/i0.wp.com\/store.droneway.ma\/wp-content\/uploads\/2020\/11\/Radiocommande-DJI-Mavic-2.jpg?resize=350%2C200&ssl=1 1x, https:\/\/i0.wp.com\/store.droneway.ma\/wp-content\/uploads\/2020\/11\/Radiocommande-DJI-Mavic-2.jpg?resize=525%2C300&ssl=1 1.5x, https:\/\/i0.wp.com\/store.droneway.ma\/wp-content\/uploads\/2020\/11\/Radiocommande-DJI-Mavic-2.jpg?resize=700%2C400&ssl=1 2x"},"classes":[]},{"id":2152,"url":"https:\/\/store.droneway.ma\/index.php\/produit\/cable-type-c-pour-radiocommande-dji-mavic-air-2\/","url_meta":{"origin":2242,"position":1},"title":"C\u00e2ble Type-C pour radiocommande DJI Mavic Air 2","author":"admin","date":"21 novembre 2020","format":false,"excerpt":"Compatible radiocommande DJI Mavic Air 2\u00a0 Connectique Type-C","rel":"","context":"Article similaire","block_context":{"text":"Article similaire","link":""},"img":{"alt_text":"C\u00e2ble Type-C pour radiocommande DJI Mavic Air 2","src":"https:\/\/i0.wp.com\/store.droneway.ma\/wp-content\/uploads\/2020\/11\/cable-type-c-pour-radiocommande-mavic-air-2-p-image-217350-grande.jpg?resize=350%2C200&ssl=1","width":350,"height":200,"srcset":"https:\/\/i0.wp.com\/store.droneway.ma\/wp-content\/uploads\/2020\/11\/cable-type-c-pour-radiocommande-mavic-air-2-p-image-217350-grande.jpg?resize=350%2C200&ssl=1 1x, https:\/\/i0.wp.com\/store.droneway.ma\/wp-content\/uploads\/2020\/11\/cable-type-c-pour-radiocommande-mavic-air-2-p-image-217350-grande.jpg?resize=525%2C300&ssl=1 1.5x, https:\/\/i0.wp.com\/store.droneway.ma\/wp-content\/uploads\/2020\/11\/cable-type-c-pour-radiocommande-mavic-air-2-p-image-217350-grande.jpg?resize=700%2C400&ssl=1 2x, https:\/\/i0.wp.com\/store.droneway.ma\/wp-content\/uploads\/2020\/11\/cable-type-c-pour-radiocommande-mavic-air-2-p-image-217350-grande.jpg?resize=1050%2C600&ssl=1 3x, https:\/\/i0.wp.com\/store.droneway.ma\/wp-content\/uploads\/2020\/11\/cable-type-c-pour-radiocommande-mavic-air-2-p-image-217350-grande.jpg?resize=1400%2C800&ssl=1 4x"},"classes":[]},{"id":2151,"url":"https:\/\/store.droneway.ma\/index.php\/produit\/cable-lightning-pour-radiocommande-dji-mavic-air-2\/","url_meta":{"origin":2242,"position":2},"title":"C\u00e2ble Lightning pour radiocommande DJI Mavic Air 2","author":"admin","date":"21 novembre 2020","format":false,"excerpt":"C\u00e2ble Lightning Compatible radiocommande DJI Mavic Air 2","rel":"","context":"Article similaire","block_context":{"text":"Article similaire","link":""},"img":{"alt_text":"C\u00e2ble Lightning pour radiocommande DJI Mavic Air 2","src":"https:\/\/i0.wp.com\/store.droneway.ma\/wp-content\/uploads\/2020\/11\/cable-lightning-pour-radiocommande-dji-mavic-air-2-p-image-217344-grande.jpg?resize=350%2C200&ssl=1","width":350,"height":200,"srcset":"https:\/\/i0.wp.com\/store.droneway.ma\/wp-content\/uploads\/2020\/11\/cable-lightning-pour-radiocommande-dji-mavic-air-2-p-image-217344-grande.jpg?resize=350%2C200&ssl=1 1x, https:\/\/i0.wp.com\/store.droneway.ma\/wp-content\/uploads\/2020\/11\/cable-lightning-pour-radiocommande-dji-mavic-air-2-p-image-217344-grande.jpg?resize=525%2C300&ssl=1 1.5x, https:\/\/i0.wp.com\/store.droneway.ma\/wp-content\/uploads\/2020\/11\/cable-lightning-pour-radiocommande-dji-mavic-air-2-p-image-217344-grande.jpg?resize=700%2C400&ssl=1 2x, https:\/\/i0.wp.com\/store.droneway.ma\/wp-content\/uploads\/2020\/11\/cable-lightning-pour-radiocommande-dji-mavic-air-2-p-image-217344-grande.jpg?resize=1050%2C600&ssl=1 3x, https:\/\/i0.wp.com\/store.droneway.ma\/wp-content\/uploads\/2020\/11\/cable-lightning-pour-radiocommande-dji-mavic-air-2-p-image-217344-grande.jpg?resize=1400%2C800&ssl=1 4x"},"classes":[]},{"id":2160,"url":"https:\/\/store.droneway.ma\/index.php\/produit\/cable-micro-usb-pour-radiocommande-dji-mavic-air-2\/","url_meta":{"origin":2242,"position":3},"title":"Cable Micro USB pour radiocommande DJI Mavic Air 2","author":"admin","date":"21 novembre 2020","format":false,"excerpt":"Compatible DJI Mavic Air 2\u00a0 Connectique Micro USB","rel":"","context":"Article similaire","block_context":{"text":"Article similaire","link":""},"img":{"alt_text":"Cable Micro USB pour radiocommande DJI Mavic Air 2","src":"https:\/\/i0.wp.com\/store.droneway.ma\/wp-content\/uploads\/2020\/11\/cable-microusb-pour-radiocommande-dji-mavic-air-2-p-image-217347-grande.jpg?resize=350%2C200&ssl=1","width":350,"height":200,"srcset":"https:\/\/i0.wp.com\/store.droneway.ma\/wp-content\/uploads\/2020\/11\/cable-microusb-pour-radiocommande-dji-mavic-air-2-p-image-217347-grande.jpg?resize=350%2C200&ssl=1 1x, https:\/\/i0.wp.com\/store.droneway.ma\/wp-content\/uploads\/2020\/11\/cable-microusb-pour-radiocommande-dji-mavic-air-2-p-image-217347-grande.jpg?resize=525%2C300&ssl=1 1.5x, https:\/\/i0.wp.com\/store.droneway.ma\/wp-content\/uploads\/2020\/11\/cable-microusb-pour-radiocommande-dji-mavic-air-2-p-image-217347-grande.jpg?resize=700%2C400&ssl=1 2x, https:\/\/i0.wp.com\/store.droneway.ma\/wp-content\/uploads\/2020\/11\/cable-microusb-pour-radiocommande-dji-mavic-air-2-p-image-217347-grande.jpg?resize=1050%2C600&ssl=1 3x, https:\/\/i0.wp.com\/store.droneway.ma\/wp-content\/uploads\/2020\/11\/cable-microusb-pour-radiocommande-dji-mavic-air-2-p-image-217347-grande.jpg?resize=1400%2C800&ssl=1 4x"},"classes":[]},{"id":2201,"url":"https:\/\/store.droneway.ma\/index.php\/produit\/chargeur-multiple-dji-mavic-2\/","url_meta":{"origin":2242,"position":4},"title":"Chargeur multiple DJI Mavic 2","author":"admin","date":"21 novembre 2020","format":false,"excerpt":"Il assure une charge compl\u00e8te des diff\u00e9rents \u00e9l\u00e9ments en 60 \u00e0 70 minutes.","rel":"","context":"Article similaire","block_context":{"text":"Article similaire","link":""},"img":{"alt_text":"Chargeur multiple DJI Mavic 2","src":"https:\/\/i0.wp.com\/store.droneway.ma\/wp-content\/uploads\/2020\/11\/Chargeur-multiple-DJI-Mavic-2.jpg?resize=350%2C200&ssl=1","width":350,"height":200,"srcset":"https:\/\/i0.wp.com\/store.droneway.ma\/wp-content\/uploads\/2020\/11\/Chargeur-multiple-DJI-Mavic-2.jpg?resize=350%2C200&ssl=1 1x, https:\/\/i0.wp.com\/store.droneway.ma\/wp-content\/uploads\/2020\/11\/Chargeur-multiple-DJI-Mavic-2.jpg?resize=525%2C300&ssl=1 1.5x, https:\/\/i0.wp.com\/store.droneway.ma\/wp-content\/uploads\/2020\/11\/Chargeur-multiple-DJI-Mavic-2.jpg?resize=700%2C400&ssl=1 2x"},"classes":[]},{"id":2262,"url":"https:\/\/store.droneway.ma\/index.php\/produit\/radiocommande-dji-smart-controller\/","url_meta":{"origin":2242,"position":5},"title":"Radiocommande DJI Smart Controller","author":"admin","date":"21 novembre 2020","format":false,"excerpt":"Radiocommande avec \u00e9cran 5,5 pouces 1080p Compatible transmission OcuSync 2.0 Syst\u00e8me Android personnalis\u00e9 DJI Go Share pour le partage Applis tierces support\u00e9es Compatible DJI Mavic Air 2","rel":"","context":"Article similaire","block_context":{"text":"Article similaire","link":""},"img":{"alt_text":"Radiocommande DJI Smart Controller","src":"https:\/\/i0.wp.com\/store.droneway.ma\/wp-content\/uploads\/2020\/11\/radiocommande-dji-smart-controller-p-image-204965-grande.jpg?resize=350%2C200&ssl=1","width":350,"height":200},"classes":[]}],"jetpack_sharing_enabled":true,"_links":{"self":[{"href":"https:\/\/store.droneway.ma\/index.php\/wp-json\/wp\/v2\/product\/2242","targetHints":{"allow":["GET"]}}],"collection":[{"href":"https:\/\/store.droneway.ma\/index.php\/wp-json\/wp\/v2\/product"}],"about":[{"href":"https:\/\/store.droneway.ma\/index.php\/wp-json\/wp\/v2\/types\/product"}],"wp:featuredmedia":[{"embeddable":true,"href":"https:\/\/store.droneway.ma\/index.php\/wp-json\/wp\/v2\/media\/2243"}],"wp:attachment":[{"href":"https:\/\/store.droneway.ma\/index.php\/wp-json\/wp\/v2\/media?parent=2242"}],"wp:term":[{"taxonomy":"product_brand","embeddable":true,"href":"https:\/\/store.droneway.ma\/index.php\/wp-json\/wp\/v2\/product_brand?post=2242"},{"taxonomy":"product_cat","embeddable":true,"href":"https:\/\/store.droneway.ma\/index.php\/wp-json\/wp\/v2\/product_cat?post=2242"},{"taxonomy":"product_tag","embeddable":true,"href":"https:\/\/store.droneway.ma\/index.php\/wp-json\/wp\/v2\/product_tag?post=2242"}],"curies":[{"name":"wp","href":"https:\/\/api.w.org\/{rel}","templated":true}]}}