{"id":2225,"date":"2020-11-21T19:05:05","date_gmt":"2020-11-21T18:05:05","guid":{"rendered":"http:\/\/store.droneway.ma\/index.php\/produit\/kit-fly-more-mavic-2-enterprise\/"},"modified":"2020-11-21T19:05:05","modified_gmt":"2020-11-21T18:05:05","slug":"kit-fly-more-mavic-2-enterprise","status":"publish","type":"product","link":"https:\/\/store.droneway.ma\/index.php\/produit\/kit-fly-more-mavic-2-enterprise\/","title":{"rendered":"Kit Fly More Mavic 2 Enterprise"},"content":{"rendered":"<p>Le kit Fly More pour DJI Mavic 2 Enterprise comprend une sacoche bandouli\u00e8re, 4 h\u00e9lices, un chargeur allume-cigare, une station de charge pour 4 batteries, un adaptateur pour batterie externe ainsi que 2 batteries auto-chauffantes nouvelle g\u00e9n\u00e9ration.  Ce pack est indispensable pour effectuer des missions de longue dur\u00e9e et disposer de l&rsquo;ensemble des accessoires n\u00e9cessaire \u00e0 une utilisation soutenue du DJI Mavic 2 Enterprise.<\/p>\n","protected":false},"excerpt":{"rendered":"<p>Augmente l&rsquo;autonomie\u00a0  Hub de charge intelligent\u00a0  Chargeur voiture<\/p>\n","protected":false},"featured_media":2226,"template":"","meta":{"content-type":"","rop_custom_images_group":[],"rop_custom_messages_group":[],"rop_publish_now":"initial","rop_publish_now_accounts":[],"rop_publish_now_history":[],"rop_publish_now_status":"pending"},"product_brand":[],"product_cat":[16,34],"product_tag":[],"class_list":{"0":"post-2225","1":"product","2":"type-product","3":"status-publish","4":"has-post-thumbnail","6":"product_cat-dji-mavic","7":"product_cat-mavic-2","9":"first","10":"instock","11":"purchasable","12":"product-type-simple"},"jetpack-related-posts":[{"id":2224,"url":"https:\/\/store.droneway.ma\/index.php\/produit\/kit-fly-more-pour-dji-mavic-2\/","url_meta":{"origin":2225,"position":0},"title":"Kit Fly More pour DJI Mavic 2","author":"admin","date":"21 novembre 2020","format":false,"excerpt":"Plus de batteries :\u00a0 mulipliez le nombres de vols ! Gestion am\u00e9lior\u00e9e de la charge : hub secteur Mode nomade : chargeur voiture H\u00e9lices en spare","rel":"","context":"Article similaire","block_context":{"text":"Article similaire","link":""},"img":{"alt_text":"Kit Fly More pour DJI Mavic 2","src":"https:\/\/i0.wp.com\/store.droneway.ma\/wp-content\/uploads\/2020\/11\/kit-fly-more-pour-dji-mavic-2-p-image-200887-grande.jpg?resize=350%2C200&ssl=1","width":350,"height":200,"srcset":"https:\/\/i0.wp.com\/store.droneway.ma\/wp-content\/uploads\/2020\/11\/kit-fly-more-pour-dji-mavic-2-p-image-200887-grande.jpg?resize=350%2C200&ssl=1 1x, https:\/\/i0.wp.com\/store.droneway.ma\/wp-content\/uploads\/2020\/11\/kit-fly-more-pour-dji-mavic-2-p-image-200887-grande.jpg?resize=525%2C300&ssl=1 1.5x"},"classes":[]},{"id":2172,"url":"https:\/\/store.droneway.ma\/index.php\/produit\/dji-mavic-2-enterprise-dual-fly-more-combo\/","url_meta":{"origin":2225,"position":1},"title":"DJI Mavic 2 Enterprise Dual Fly More Combo","author":"admin","date":"21 novembre 2020","format":false,"excerpt":"Ce drone professionnel est \u00e9quip\u00e9 d'un double capteur CMOS 1\/2.3\" et thermique 160x120 radiom\u00e9trique en 9Hz. Il dispose \u00e9galement des 3 modules pr\u00e9sents sur la version classique Enterprise \u00e0 savoir le projecteur, le haut-parleur et le feu auxiliaire.","rel":"","context":"Article similaire","block_context":{"text":"Article similaire","link":""},"img":{"alt_text":"DJI Mavic 2 Enterprise Dual Fly More Combo","src":"https:\/\/i0.wp.com\/store.droneway.ma\/wp-content\/uploads\/2020\/11\/dji-mavic-2-enterprise-dual-fly-more-combo-p-image-204466-grande.jpg?resize=350%2C200&ssl=1","width":350,"height":200,"srcset":"https:\/\/i0.wp.com\/store.droneway.ma\/wp-content\/uploads\/2020\/11\/dji-mavic-2-enterprise-dual-fly-more-combo-p-image-204466-grande.jpg?resize=350%2C200&ssl=1 1x, https:\/\/i0.wp.com\/store.droneway.ma\/wp-content\/uploads\/2020\/11\/dji-mavic-2-enterprise-dual-fly-more-combo-p-image-204466-grande.jpg?resize=525%2C300&ssl=1 1.5x, https:\/\/i0.wp.com\/store.droneway.ma\/wp-content\/uploads\/2020\/11\/dji-mavic-2-enterprise-dual-fly-more-combo-p-image-204466-grande.jpg?resize=700%2C400&ssl=1 2x"},"classes":[]},{"id":2147,"url":"https:\/\/store.droneway.ma\/index.php\/produit\/dji-mavic-air-2-fly-more-combo\/","url_meta":{"origin":2225,"position":2},"title":"DJI Mavic Air 2 Fly More Combo","author":"admin","date":"21 novembre 2020","format":false,"excerpt":"Version Fly More Combo : plus d'accessoires H\u00e9lices et batteries suppl\u00e9mentaires Autonomie totale de 102 minutes Chargeur triple et adaptateur batterie externe inclus inclus Sac bandouli\u00e8re pour contenir le drone et ses accessoires Set de filtres ND inclus pour am\u00e9liorer les prises de vue par temps tr\u00e8s ensoleill\u00e9","rel":"","context":"Article similaire","block_context":{"text":"Article similaire","link":""},"img":{"alt_text":"DJI Mavic Air 2 Fly More Combo","src":"https:\/\/i0.wp.com\/store.droneway.ma\/wp-content\/uploads\/2020\/11\/dji-mavic-air-2-fly-more-combo-p-image-217461-grande.jpg?resize=350%2C200&ssl=1","width":350,"height":200,"srcset":"https:\/\/i0.wp.com\/store.droneway.ma\/wp-content\/uploads\/2020\/11\/dji-mavic-air-2-fly-more-combo-p-image-217461-grande.jpg?resize=350%2C200&ssl=1 1x, https:\/\/i0.wp.com\/store.droneway.ma\/wp-content\/uploads\/2020\/11\/dji-mavic-air-2-fly-more-combo-p-image-217461-grande.jpg?resize=525%2C300&ssl=1 1.5x, https:\/\/i0.wp.com\/store.droneway.ma\/wp-content\/uploads\/2020\/11\/dji-mavic-air-2-fly-more-combo-p-image-217461-grande.jpg?resize=700%2C400&ssl=1 2x"},"classes":[]},{"id":2170,"url":"https:\/\/store.droneway.ma\/index.php\/produit\/dji-mavic-2-pro-fly-more-combo\/","url_meta":{"origin":2225,"position":3},"title":"DJI Mavic 2 Pro Fly More Combo","author":"admin","date":"21 novembre 2020","format":false,"excerpt":"Id\u00e9al pour une utilisation nomade, le sac vous permettra de transporter ais\u00e9ment votre drone DJI et ses accessoires. Le chargeur allume-cigare rechargera vos batteries, sur la route, depuis votre voiture.","rel":"","context":"Article similaire","block_context":{"text":"Article similaire","link":""},"img":{"alt_text":"DJI Mavic 2 Pro Fly More Combo","src":"https:\/\/i0.wp.com\/store.droneway.ma\/wp-content\/uploads\/2020\/11\/dji-mavic-2-pro-fly-more-combo-p-image-201459-grande.jpg?resize=350%2C200&ssl=1","width":350,"height":200,"srcset":"https:\/\/i0.wp.com\/store.droneway.ma\/wp-content\/uploads\/2020\/11\/dji-mavic-2-pro-fly-more-combo-p-image-201459-grande.jpg?resize=350%2C200&ssl=1 1x, https:\/\/i0.wp.com\/store.droneway.ma\/wp-content\/uploads\/2020\/11\/dji-mavic-2-pro-fly-more-combo-p-image-201459-grande.jpg?resize=525%2C300&ssl=1 1.5x, https:\/\/i0.wp.com\/store.droneway.ma\/wp-content\/uploads\/2020\/11\/dji-mavic-2-pro-fly-more-combo-p-image-201459-grande.jpg?resize=700%2C400&ssl=1 2x"},"classes":[]},{"id":2171,"url":"https:\/\/store.droneway.ma\/index.php\/produit\/dji-mavic-2-enterprise-fly-more-combo\/","url_meta":{"origin":2225,"position":4},"title":"DJI Mavic 2 Enterprise Fly More Combo","author":"admin","date":"21 novembre 2020","format":false,"excerpt":"Int\u00e9grant le nouveau port d'extension pour accessoire, le DJI Mavic 2 Enterprise peut recevoir diff\u00e9rents modules sp\u00e9cifiques \u00e0 vos besoins professionnels. Le projecteur M2E permet d'orienter les personnes en perdition dans les zones faiblement \u00e9clair\u00e9es, le haut-parleur M2E permet de communiquer sur de grande distance gr\u00e2ce \u00e0 sa puissance de\u2026","rel":"","context":"Article similaire","block_context":{"text":"Article similaire","link":""},"img":{"alt_text":"DJI Mavic 2 Enterprise Fly More Combo","src":"https:\/\/i0.wp.com\/store.droneway.ma\/wp-content\/uploads\/2020\/11\/dji-mavic-2-enterprise-fly-more-combo-p-image-202750-grande.jpg?resize=350%2C200&ssl=1","width":350,"height":200,"srcset":"https:\/\/i0.wp.com\/store.droneway.ma\/wp-content\/uploads\/2020\/11\/dji-mavic-2-enterprise-fly-more-combo-p-image-202750-grande.jpg?resize=350%2C200&ssl=1 1x, https:\/\/i0.wp.com\/store.droneway.ma\/wp-content\/uploads\/2020\/11\/dji-mavic-2-enterprise-fly-more-combo-p-image-202750-grande.jpg?resize=525%2C300&ssl=1 1.5x, https:\/\/i0.wp.com\/store.droneway.ma\/wp-content\/uploads\/2020\/11\/dji-mavic-2-enterprise-fly-more-combo-p-image-202750-grande.jpg?resize=700%2C400&ssl=1 2x"},"classes":[]},{"id":2214,"url":"https:\/\/store.droneway.ma\/index.php\/produit\/dji-flight-case-pour-dji-mavic-2-enterprise\/","url_meta":{"origin":2225,"position":5},"title":"DJI Flight Case pour DJI Mavic 2 Enterprise","author":"admin","date":"21 novembre 2020","format":false,"excerpt":"Cette valise dispose d'un nombre cons\u00e9quent d'emplacement afin d'int\u00e9grer les 3 modules du DJI Mavic 2 Enterprise ainsi que 6 batteries suppl\u00e9mentaires et les diff\u00e9rents c\u00e2bles et chargeur.","rel":"","context":"Article similaire","block_context":{"text":"Article similaire","link":""},"img":{"alt_text":"DJI Flight Case pour DJI Mavic 2 Enterprise","src":"https:\/\/i0.wp.com\/store.droneway.ma\/wp-content\/uploads\/2020\/11\/DJI-Flight-Case-pour-DJI-Mavic-2-Enterprise.jpg?resize=350%2C200&ssl=1","width":350,"height":200},"classes":[]}],"jetpack_sharing_enabled":true,"_links":{"self":[{"href":"https:\/\/store.droneway.ma\/index.php\/wp-json\/wp\/v2\/product\/2225","targetHints":{"allow":["GET"]}}],"collection":[{"href":"https:\/\/store.droneway.ma\/index.php\/wp-json\/wp\/v2\/product"}],"about":[{"href":"https:\/\/store.droneway.ma\/index.php\/wp-json\/wp\/v2\/types\/product"}],"wp:featuredmedia":[{"embeddable":true,"href":"https:\/\/store.droneway.ma\/index.php\/wp-json\/wp\/v2\/media\/2226"}],"wp:attachment":[{"href":"https:\/\/store.droneway.ma\/index.php\/wp-json\/wp\/v2\/media?parent=2225"}],"wp:term":[{"taxonomy":"product_brand","embeddable":true,"href":"https:\/\/store.droneway.ma\/index.php\/wp-json\/wp\/v2\/product_brand?post=2225"},{"taxonomy":"product_cat","embeddable":true,"href":"https:\/\/store.droneway.ma\/index.php\/wp-json\/wp\/v2\/product_cat?post=2225"},{"taxonomy":"product_tag","embeddable":true,"href":"https:\/\/store.droneway.ma\/index.php\/wp-json\/wp\/v2\/product_tag?post=2225"}],"curies":[{"name":"wp","href":"https:\/\/api.w.org\/{rel}","templated":true}]}}