{"id":2219,"date":"2020-11-21T19:02:15","date_gmt":"2020-11-21T18:02:15","guid":{"rendered":"http:\/\/store.droneway.ma\/index.php\/produit\/sac-a-dos-3500-etanche-pour-dji-mavic-2-et-smart-controller-hprc\/"},"modified":"2020-11-21T19:04:37","modified_gmt":"2020-11-21T18:04:37","slug":"sac-a-dos-3500-etanche-pour-dji-mavic-2-et-smart-controller-hprc","status":"publish","type":"product","link":"https:\/\/store.droneway.ma\/index.php\/produit\/sac-a-dos-3500-etanche-pour-dji-mavic-2-et-smart-controller-hprc\/","title":{"rendered":"Sac \u00e0 dos 3500 \u00e9tanche pour DJI Mavic 2 et Smart Controller &#8211; HPRC"},"content":{"rendered":"<p>Transporter son DJI\u00a0Mavic 2 Pro\/Zoom va devenir un jeu d&rsquo;enfant avec le sac \u00e0 dos\u00a0HPRC3500 de la marque HPRC. Ce sac \u00e0 dos \u00e9tanche est compos\u00e9 de r\u00e9sine l\u00e9g\u00e8re et a \u00e9t\u00e9 con\u00e7u pour transporter le DJI MAVIC 2 Pro\/Zoom et tout ses accessoires (h\u00e9lices, batteries, Smart Controller&#8230;) en toute s\u00e9curit\u00e9 et de mani\u00e8re confortable par tout les temps et sur tous les terrains gr\u00e2ce \u00e0 un grand nombres des emplacements pr\u00e9d\u00e9coup\u00e9s dans de la mousse en haute densit\u00e9.<\/p>\n","protected":false},"excerpt":{"rendered":"<p>Sa l\u00e9g\u00e8ret\u00e9 et \u00e0 sa structure ergonomique permettent au\u00a0HPRC3500 d&rsquo;\u00eatre\u00a0extr\u00eamement maniable et facile \u00e0 transporter, de plus il est r\u00e9sistant \u00e0 l&rsquo;eau (class\u00e9 IP67), \u00e0 la poussi\u00e8re et aux chocs. C&rsquo;est l\u2019accessoire id\u00e9al pour tout possesseur de DJI Mavic 2 Pro\/Zoom passionn\u00e9 d&rsquo;aventure dans les endroits les plus hostiles.<\/p>\n","protected":false},"featured_media":2220,"template":"","meta":{"content-type":"","rop_custom_images_group":[],"rop_custom_messages_group":[],"rop_publish_now":"initial","rop_publish_now_accounts":[],"rop_publish_now_history":[],"rop_publish_now_status":"pending"},"product_brand":[],"product_cat":[16,34],"product_tag":[],"class_list":{"0":"post-2219","1":"product","2":"type-product","3":"status-publish","4":"has-post-thumbnail","6":"product_cat-dji-mavic","7":"product_cat-mavic-2","9":"first","10":"instock","11":"purchasable","12":"product-type-simple"},"jetpack-related-posts":[{"id":2209,"url":"https:\/\/store.droneway.ma\/index.php\/produit\/valise-2400-etanche-pour-mavic-2-et-smart-controller-hprc\/","url_meta":{"origin":2219,"position":0},"title":"Valise 2400 \u00e9tanche pour Mavic 2 et Smart Controller &#8211; HPRC","author":"admin","date":"21 novembre 2020","format":false,"excerpt":"La valise peut contenir : le drone, le Smart Controller, la radiocommande classique, le chargeur, 3 batteries, h\u00e9lices et accessoires divers.","rel":"","context":"Article similaire","block_context":{"text":"Article similaire","link":""},"img":{"alt_text":"Valise 2400 \u00e9tanche pour Mavic 2 et Smart Controller - HPRC","src":"https:\/\/i0.wp.com\/store.droneway.ma\/wp-content\/uploads\/2020\/11\/Valise-2400-etanche-pour-Mavic-2-et-Smart-Controller-HPRC.jpg?resize=350%2C200&ssl=1","width":350,"height":200},"classes":[]},{"id":2173,"url":"https:\/\/store.droneway.ma\/index.php\/produit\/dji-mavic-2-zoom-smart-controller\/","url_meta":{"origin":2219,"position":1},"title":"DJI Mavic 2 Zoom &#038; Smart controller","author":"admin","date":"21 novembre 2020","format":false,"excerpt":"Le DJI Smart Controller permet l'acc\u00e8s aux applications tierces (r\u00e9seaux sociaux notamment) en plus des applications DJI, notamment DJI Go 4 qui int\u00e8gre la fonctionnalit\u00e9 \"Go Share\" pour transf\u00e9rer rapidement les photos de la radiocommande vers votre smartphone ou tablette.","rel":"","context":"Article similaire","block_context":{"text":"Article similaire","link":""},"img":{"alt_text":"DJI Mavic 2 Zoom & Smart controller","src":"https:\/\/i0.wp.com\/store.droneway.ma\/wp-content\/uploads\/2020\/11\/dji-mavic-2-zoom-smart-controller-p-image-204870-grande.jpg?resize=350%2C200&ssl=1","width":350,"height":200,"srcset":"https:\/\/i0.wp.com\/store.droneway.ma\/wp-content\/uploads\/2020\/11\/dji-mavic-2-zoom-smart-controller-p-image-204870-grande.jpg?resize=350%2C200&ssl=1 1x, https:\/\/i0.wp.com\/store.droneway.ma\/wp-content\/uploads\/2020\/11\/dji-mavic-2-zoom-smart-controller-p-image-204870-grande.jpg?resize=525%2C300&ssl=1 1.5x, https:\/\/i0.wp.com\/store.droneway.ma\/wp-content\/uploads\/2020\/11\/dji-mavic-2-zoom-smart-controller-p-image-204870-grande.jpg?resize=700%2C400&ssl=1 2x"},"classes":[]},{"id":2174,"url":"https:\/\/store.droneway.ma\/index.php\/produit\/dji-mavic-2-pro-smart-controller\/","url_meta":{"origin":2219,"position":2},"title":"DJI Mavic 2 Pro &#038; Smart controller","author":"admin","date":"21 novembre 2020","format":false,"excerpt":"Capable d'accueillir des applications tierces (Instagram, Facebook, Youtube...), le Smart Controller de votre Mavic 2 Pro dispose en plus d'une sortie HDMI, d'un microphone, et d'un haut parleur. Dot\u00e9e d'une batterie de 5000 mAh, cette radiocommande offrira une belle autonomie de 2h30.","rel":"","context":"Article similaire","block_context":{"text":"Article similaire","link":""},"img":{"alt_text":"DJI Mavic 2 Pro & Smart controller","src":"https:\/\/i0.wp.com\/store.droneway.ma\/wp-content\/uploads\/2020\/11\/dji-mavic-2-pro-smart-controller-p-image-204869-grande.jpg?resize=350%2C200&ssl=1","width":350,"height":200,"srcset":"https:\/\/i0.wp.com\/store.droneway.ma\/wp-content\/uploads\/2020\/11\/dji-mavic-2-pro-smart-controller-p-image-204869-grande.jpg?resize=350%2C200&ssl=1 1x, https:\/\/i0.wp.com\/store.droneway.ma\/wp-content\/uploads\/2020\/11\/dji-mavic-2-pro-smart-controller-p-image-204869-grande.jpg?resize=525%2C300&ssl=1 1.5x, https:\/\/i0.wp.com\/store.droneway.ma\/wp-content\/uploads\/2020\/11\/dji-mavic-2-pro-smart-controller-p-image-204869-grande.jpg?resize=700%2C400&ssl=1 2x"},"classes":[]},{"id":2180,"url":"https:\/\/store.droneway.ma\/index.php\/produit\/dji-mavic-2-enterprise-et-smart-controller\/","url_meta":{"origin":2219,"position":3},"title":"DJI Mavic 2 Enterprise et Smart Controller","author":"admin","date":"21 novembre 2020","format":false,"excerpt":"Le drone Mavic 2 Enterprise reprend le design et la cam\u00e9ra du Mavic 2 Zoom en ajoutant des fonctionnalit\u00e9s orient\u00e9es pour une utilisation professionnelle. On retrouve une connectique pour installer trois diff\u00e9rents modules sur le drone : un haut-parleur de 100dB, un projecteur \u00e0 2 LED et un feu auxiliaire.\u2026","rel":"","context":"Article similaire","block_context":{"text":"Article similaire","link":""},"img":{"alt_text":"DJI Mavic 2 Enterprise et Smart Controller","src":"https:\/\/i0.wp.com\/store.droneway.ma\/wp-content\/uploads\/2020\/11\/DJI-Mavic-2-Enterprise-et-Smart-Controller.jpg?resize=350%2C200&ssl=1","width":350,"height":200,"srcset":"https:\/\/i0.wp.com\/store.droneway.ma\/wp-content\/uploads\/2020\/11\/DJI-Mavic-2-Enterprise-et-Smart-Controller.jpg?resize=350%2C200&ssl=1 1x, https:\/\/i0.wp.com\/store.droneway.ma\/wp-content\/uploads\/2020\/11\/DJI-Mavic-2-Enterprise-et-Smart-Controller.jpg?resize=525%2C300&ssl=1 1.5x, https:\/\/i0.wp.com\/store.droneway.ma\/wp-content\/uploads\/2020\/11\/DJI-Mavic-2-Enterprise-et-Smart-Controller.jpg?resize=700%2C400&ssl=1 2x"},"classes":[]},{"id":2254,"url":"https:\/\/store.droneway.ma\/index.php\/produit\/protections-silicone-pour-moteurs-dji-mavic-pro-et-mavic-2\/","url_meta":{"origin":2219,"position":4},"title":"Protections silicone pour moteurs DJI Mavic Pro et Mavic 2","author":"admin","date":"21 novembre 2020","format":false,"excerpt":"Protection pour les moteurs et les fixation d'h\u00e9lices Pr\u00e9vient l'accumulation de poussi\u00e8res Silicone doux au toucher Plusieurs couleurs","rel":"","context":"Article similaire","block_context":{"text":"Article similaire","link":""},"img":{"alt_text":"Protections silicone pour moteurs DJI Mavic Pro et Mavic 2","src":"https:\/\/i0.wp.com\/store.droneway.ma\/wp-content\/uploads\/2020\/11\/Protections-silicone-pour-moteurs-DJI-Mavic-Pro-et-Mavic-2.jpg?resize=350%2C200&ssl=1","width":350,"height":200},"classes":[]},{"id":2273,"url":"https:\/\/store.droneway.ma\/index.php\/produit\/protections-dhelices-pour-dji-mavic-2-pgytech\/","url_meta":{"origin":2219,"position":5},"title":"Protections d&rsquo;h\u00e9lices pour DJI Mavic 2 &#8211; PGYTECH","author":"admin","date":"21 novembre 2020","format":false,"excerpt":"Compatible DJI Mavic 2 Pro, Zoom et Enterprise\u00a0 A clipser\u00a0 Finition ABS","rel":"","context":"Article similaire","block_context":{"text":"Article similaire","link":""},"img":{"alt_text":"Protections d'h\u00e9lices pour DJI Mavic 2 - PGYTECH","src":"https:\/\/i0.wp.com\/store.droneway.ma\/wp-content\/uploads\/2020\/11\/Protections-dhelices-pour-DJI-Mavic-2-PGYTECH.jpg?resize=350%2C200&ssl=1","width":350,"height":200,"srcset":"https:\/\/i0.wp.com\/store.droneway.ma\/wp-content\/uploads\/2020\/11\/Protections-dhelices-pour-DJI-Mavic-2-PGYTECH.jpg?resize=350%2C200&ssl=1 1x, https:\/\/i0.wp.com\/store.droneway.ma\/wp-content\/uploads\/2020\/11\/Protections-dhelices-pour-DJI-Mavic-2-PGYTECH.jpg?resize=525%2C300&ssl=1 1.5x"},"classes":[]}],"jetpack_sharing_enabled":true,"_links":{"self":[{"href":"https:\/\/store.droneway.ma\/index.php\/wp-json\/wp\/v2\/product\/2219","targetHints":{"allow":["GET"]}}],"collection":[{"href":"https:\/\/store.droneway.ma\/index.php\/wp-json\/wp\/v2\/product"}],"about":[{"href":"https:\/\/store.droneway.ma\/index.php\/wp-json\/wp\/v2\/types\/product"}],"wp:featuredmedia":[{"embeddable":true,"href":"https:\/\/store.droneway.ma\/index.php\/wp-json\/wp\/v2\/media\/2220"}],"wp:attachment":[{"href":"https:\/\/store.droneway.ma\/index.php\/wp-json\/wp\/v2\/media?parent=2219"}],"wp:term":[{"taxonomy":"product_brand","embeddable":true,"href":"https:\/\/store.droneway.ma\/index.php\/wp-json\/wp\/v2\/product_brand?post=2219"},{"taxonomy":"product_cat","embeddable":true,"href":"https:\/\/store.droneway.ma\/index.php\/wp-json\/wp\/v2\/product_cat?post=2219"},{"taxonomy":"product_tag","embeddable":true,"href":"https:\/\/store.droneway.ma\/index.php\/wp-json\/wp\/v2\/product_tag?post=2219"}],"curies":[{"name":"wp","href":"https:\/\/api.w.org\/{rel}","templated":true}]}}