{"id":2207,"date":"2020-11-21T19:02:15","date_gmt":"2020-11-21T18:02:15","guid":{"rendered":"http:\/\/store.droneway.ma\/index.php\/produit\/batterie-intelligente-pour-dji-mavic-2-enterprise\/"},"modified":"2023-03-05T20:56:04","modified_gmt":"2023-03-05T19:56:04","slug":"batterie-intelligente-pour-dji-mavic-2-enterprise","status":"publish","type":"product","link":"https:\/\/store.droneway.ma\/index.php\/produit\/batterie-intelligente-pour-dji-mavic-2-enterprise\/","title":{"rendered":"Batterie intelligente pour DJI Mavic 2 Enterprise"},"content":{"rendered":"<p>La batterie intelligente pour DJI Mavic 2 Enterprise assure une autonomie de 31 minutes,<\/p>\n","protected":false},"excerpt":{"rendered":"<p>Ce mod\u00e8le Enterprise int\u00e9grant un module auto-chauffant afin de mettre les cellules \u00e0 la bonne temp\u00e9rature lors d&rsquo;un usage en condition extr\u00eame.<\/p>\n","protected":false},"featured_media":2208,"template":"","meta":{"content-type":"","rop_custom_images_group":[],"rop_custom_messages_group":[],"rop_publish_now":"initial","rop_publish_now_accounts":[],"rop_publish_now_history":[],"rop_publish_now_status":"pending"},"product_brand":[],"product_cat":[16,34],"product_tag":[],"class_list":{"0":"post-2207","1":"product","2":"type-product","3":"status-publish","4":"has-post-thumbnail","6":"product_cat-dji-mavic","7":"product_cat-mavic-2","9":"first","10":"instock","11":"purchasable","12":"product-type-simple"},"jetpack-related-posts":[{"id":2225,"url":"https:\/\/store.droneway.ma\/index.php\/produit\/kit-fly-more-mavic-2-enterprise\/","url_meta":{"origin":2207,"position":0},"title":"Kit Fly More Mavic 2 Enterprise","author":"admin","date":"21 novembre 2020","format":false,"excerpt":"Augmente l'autonomie\u00a0 Hub de charge intelligent\u00a0 Chargeur voiture","rel":"","context":"Article similaire","block_context":{"text":"Article similaire","link":""},"img":{"alt_text":"Kit Fly More Mavic 2 Enterprise","src":"https:\/\/i0.wp.com\/store.droneway.ma\/wp-content\/uploads\/2020\/11\/Kit-Fly-More-Mavic-2-Enterprise.jpg?resize=350%2C200&ssl=1","width":350,"height":200,"srcset":"https:\/\/i0.wp.com\/store.droneway.ma\/wp-content\/uploads\/2020\/11\/Kit-Fly-More-Mavic-2-Enterprise.jpg?resize=350%2C200&ssl=1 1x, https:\/\/i0.wp.com\/store.droneway.ma\/wp-content\/uploads\/2020\/11\/Kit-Fly-More-Mavic-2-Enterprise.jpg?resize=525%2C300&ssl=1 1.5x"},"classes":[]},{"id":2214,"url":"https:\/\/store.droneway.ma\/index.php\/produit\/dji-flight-case-pour-dji-mavic-2-enterprise\/","url_meta":{"origin":2207,"position":1},"title":"DJI Flight Case pour DJI Mavic 2 Enterprise","author":"admin","date":"21 novembre 2020","format":false,"excerpt":"Cette valise dispose d'un nombre cons\u00e9quent d'emplacement afin d'int\u00e9grer les 3 modules du DJI Mavic 2 Enterprise ainsi que 6 batteries suppl\u00e9mentaires et les diff\u00e9rents c\u00e2bles et chargeur.","rel":"","context":"Article similaire","block_context":{"text":"Article similaire","link":""},"img":{"alt_text":"DJI Flight Case pour DJI Mavic 2 Enterprise","src":"https:\/\/i0.wp.com\/store.droneway.ma\/wp-content\/uploads\/2020\/11\/DJI-Flight-Case-pour-DJI-Mavic-2-Enterprise.jpg?resize=350%2C200&ssl=1","width":350,"height":200},"classes":[]},{"id":2172,"url":"https:\/\/store.droneway.ma\/index.php\/produit\/dji-mavic-2-enterprise-dual-fly-more-combo\/","url_meta":{"origin":2207,"position":2},"title":"DJI Mavic 2 Enterprise Dual Fly More Combo","author":"admin","date":"21 novembre 2020","format":false,"excerpt":"Ce drone professionnel est \u00e9quip\u00e9 d'un double capteur CMOS 1\/2.3\" et thermique 160x120 radiom\u00e9trique en 9Hz. Il dispose \u00e9galement des 3 modules pr\u00e9sents sur la version classique Enterprise \u00e0 savoir le projecteur, le haut-parleur et le feu auxiliaire.","rel":"","context":"Article similaire","block_context":{"text":"Article similaire","link":""},"img":{"alt_text":"DJI Mavic 2 Enterprise Dual Fly More Combo","src":"https:\/\/i0.wp.com\/store.droneway.ma\/wp-content\/uploads\/2020\/11\/dji-mavic-2-enterprise-dual-fly-more-combo-p-image-204466-grande.jpg?resize=350%2C200&ssl=1","width":350,"height":200,"srcset":"https:\/\/i0.wp.com\/store.droneway.ma\/wp-content\/uploads\/2020\/11\/dji-mavic-2-enterprise-dual-fly-more-combo-p-image-204466-grande.jpg?resize=350%2C200&ssl=1 1x, https:\/\/i0.wp.com\/store.droneway.ma\/wp-content\/uploads\/2020\/11\/dji-mavic-2-enterprise-dual-fly-more-combo-p-image-204466-grande.jpg?resize=525%2C300&ssl=1 1.5x, https:\/\/i0.wp.com\/store.droneway.ma\/wp-content\/uploads\/2020\/11\/dji-mavic-2-enterprise-dual-fly-more-combo-p-image-204466-grande.jpg?resize=700%2C400&ssl=1 2x"},"classes":[]},{"id":2198,"url":"https:\/\/store.droneway.ma\/index.php\/produit\/hub-de-chargement-dji-mavic-2\/","url_meta":{"origin":2207,"position":3},"title":"Hub de chargement DJI Mavic 2","author":"admin","date":"21 novembre 2020","format":false,"excerpt":"Cette station optimise le chargement de vos batteries gr\u00e2ce \u00e0 son syst\u00e8me lui permettant de charger vos batteries en fonction de leur \u00e9nergie restante (priorit\u00e9 aux batteries avec un niveau de charge \u00e9lev\u00e9).","rel":"","context":"Article similaire","block_context":{"text":"Article similaire","link":""},"img":{"alt_text":"Hub de chargement DJI Mavic 2","src":"https:\/\/i0.wp.com\/store.droneway.ma\/wp-content\/uploads\/2020\/11\/Hub-de-chargement-DJI-Mavic-2.jpg?resize=350%2C200&ssl=1","width":350,"height":200},"classes":[]},{"id":2167,"url":"https:\/\/store.droneway.ma\/index.php\/produit\/dji-mavic-2-enterprise\/","url_meta":{"origin":2207,"position":4},"title":"DJI Mavic 2 Enterprise","author":"admin","date":"21 novembre 2020","format":false,"excerpt":"Ressemblant en tout point au DJI Mavic 2 Zoom, cette version Enterprise dispose d'une connectique pour installer diff\u00e9rents modules sur le dessus du drone.","rel":"","context":"Article similaire","block_context":{"text":"Article similaire","link":""},"img":{"alt_text":"DJI Mavic 2 Enterprise","src":"https:\/\/i0.wp.com\/store.droneway.ma\/wp-content\/uploads\/2020\/11\/dji-mavic-2-enterprise-p-image-202758-grande.jpg?resize=350%2C200&ssl=1","width":350,"height":200,"srcset":"https:\/\/i0.wp.com\/store.droneway.ma\/wp-content\/uploads\/2020\/11\/dji-mavic-2-enterprise-p-image-202758-grande.jpg?resize=350%2C200&ssl=1 1x, https:\/\/i0.wp.com\/store.droneway.ma\/wp-content\/uploads\/2020\/11\/dji-mavic-2-enterprise-p-image-202758-grande.jpg?resize=525%2C300&ssl=1 1.5x"},"classes":[]},{"id":2269,"url":"https:\/\/store.droneway.ma\/index.php\/produit\/haut-parleur-pour-dji-mavic-2-enterprise\/","url_meta":{"origin":2207,"position":5},"title":"Haut-parleur pour DJI Mavic 2 Enterprise","author":"admin","date":"21 novembre 2020","format":false,"excerpt":"Puissance 100dB Compatible DJI Mavic 2 Enterprise","rel":"","context":"Article similaire","block_context":{"text":"Article similaire","link":""},"img":{"alt_text":"Haut-parleur pour DJI Mavic 2 Enterprise","src":"https:\/\/i0.wp.com\/store.droneway.ma\/wp-content\/uploads\/2020\/11\/Haut-parleur-pour-DJI-Mavic-2-Enterprise.jpg?resize=350%2C200&ssl=1","width":350,"height":200,"srcset":"https:\/\/i0.wp.com\/store.droneway.ma\/wp-content\/uploads\/2020\/11\/Haut-parleur-pour-DJI-Mavic-2-Enterprise.jpg?resize=350%2C200&ssl=1 1x, https:\/\/i0.wp.com\/store.droneway.ma\/wp-content\/uploads\/2020\/11\/Haut-parleur-pour-DJI-Mavic-2-Enterprise.jpg?resize=525%2C300&ssl=1 1.5x"},"classes":[]}],"jetpack_sharing_enabled":true,"_links":{"self":[{"href":"https:\/\/store.droneway.ma\/index.php\/wp-json\/wp\/v2\/product\/2207","targetHints":{"allow":["GET"]}}],"collection":[{"href":"https:\/\/store.droneway.ma\/index.php\/wp-json\/wp\/v2\/product"}],"about":[{"href":"https:\/\/store.droneway.ma\/index.php\/wp-json\/wp\/v2\/types\/product"}],"wp:featuredmedia":[{"embeddable":true,"href":"https:\/\/store.droneway.ma\/index.php\/wp-json\/wp\/v2\/media\/2208"}],"wp:attachment":[{"href":"https:\/\/store.droneway.ma\/index.php\/wp-json\/wp\/v2\/media?parent=2207"}],"wp:term":[{"taxonomy":"product_brand","embeddable":true,"href":"https:\/\/store.droneway.ma\/index.php\/wp-json\/wp\/v2\/product_brand?post=2207"},{"taxonomy":"product_cat","embeddable":true,"href":"https:\/\/store.droneway.ma\/index.php\/wp-json\/wp\/v2\/product_cat?post=2207"},{"taxonomy":"product_tag","embeddable":true,"href":"https:\/\/store.droneway.ma\/index.php\/wp-json\/wp\/v2\/product_tag?post=2207"}],"curies":[{"name":"wp","href":"https:\/\/api.w.org\/{rel}","templated":true}]}}