{"id":2201,"date":"2020-11-21T19:02:15","date_gmt":"2020-11-21T18:02:15","guid":{"rendered":"http:\/\/store.droneway.ma\/index.php\/produit\/chargeur-multiple-dji-mavic-2\/"},"modified":"2020-11-21T19:03:38","modified_gmt":"2020-11-21T18:03:38","slug":"chargeur-multiple-dji-mavic-2","status":"publish","type":"product","link":"https:\/\/store.droneway.ma\/index.php\/produit\/chargeur-multiple-dji-mavic-2\/","title":{"rendered":"Chargeur multiple DJI Mavic 2"},"content":{"rendered":"<p>Ce chargeur multiple pour DJI Mavic 2 permet la charge de 3 batteries en simultan\u00e9es ainsi que de la radiocommande et de votre smartphone ou tablette.<\/p>\n","protected":false},"excerpt":{"rendered":"<p>Il assure une charge compl\u00e8te des diff\u00e9rents \u00e9l\u00e9ments en 60 \u00e0 70 minutes.<\/p>\n","protected":false},"featured_media":2202,"template":"","meta":{"content-type":"","rop_custom_images_group":[],"rop_custom_messages_group":[],"rop_publish_now":"initial","rop_publish_now_accounts":[],"rop_publish_now_history":[],"rop_publish_now_status":"pending"},"product_brand":[],"product_cat":[16,34],"product_tag":[],"class_list":{"0":"post-2201","1":"product","2":"type-product","3":"status-publish","4":"has-post-thumbnail","6":"product_cat-dji-mavic","7":"product_cat-mavic-2","9":"first","10":"instock","11":"purchasable","12":"product-type-simple"},"jetpack-related-posts":[{"id":2164,"url":"https:\/\/store.droneway.ma\/index.php\/produit\/hub-de-chargement-dji-mavic-air-2\/","url_meta":{"origin":2201,"position":0},"title":"Hub de chargement DJI Mavic Air 2","author":"admin","date":"21 novembre 2020","format":false,"excerpt":"Charge 3 batteries d'affil\u00e9 Compact","rel":"","context":"Article similaire","block_context":{"text":"Article similaire","link":""},"img":{"alt_text":"Hub de chargement DJI Mavic Air 2","src":"https:\/\/i0.wp.com\/store.droneway.ma\/wp-content\/uploads\/2020\/11\/hub-de-chargement-dji-mavic-air-2-p-image-217448-grande.jpg?resize=350%2C200&ssl=1","width":350,"height":200,"srcset":"https:\/\/i0.wp.com\/store.droneway.ma\/wp-content\/uploads\/2020\/11\/hub-de-chargement-dji-mavic-air-2-p-image-217448-grande.jpg?resize=350%2C200&ssl=1 1x, https:\/\/i0.wp.com\/store.droneway.ma\/wp-content\/uploads\/2020\/11\/hub-de-chargement-dji-mavic-air-2-p-image-217448-grande.jpg?resize=525%2C300&ssl=1 1.5x, https:\/\/i0.wp.com\/store.droneway.ma\/wp-content\/uploads\/2020\/11\/hub-de-chargement-dji-mavic-air-2-p-image-217448-grande.jpg?resize=700%2C400&ssl=1 2x"},"classes":[]},{"id":2162,"url":"https:\/\/store.droneway.ma\/index.php\/produit\/chargeur-multiple-pour-dji-mavic-air-2\/","url_meta":{"origin":2201,"position":1},"title":"Chargeur multiple pour DJI Mavic Air 2","author":"admin","date":"21 novembre 2020","format":false,"excerpt":"Chargeur con\u00e7u pour le DJI Mavic Air 2 Possibilit\u00e9 de recharger quatre batteries simultan\u00e9ment Permet de recharger la radiocommande et le smartphone Alimentation fournie","rel":"","context":"Article similaire","block_context":{"text":"Article similaire","link":""},"img":{"alt_text":"Chargeur multiple pour DJI Mavic Air 2","src":"https:\/\/i0.wp.com\/store.droneway.ma\/wp-content\/uploads\/2020\/11\/chargeur-multiple-pour-dji-mavic-mini-p-image-217808-grande.jpg?resize=350%2C200&ssl=1","width":350,"height":200,"srcset":"https:\/\/i0.wp.com\/store.droneway.ma\/wp-content\/uploads\/2020\/11\/chargeur-multiple-pour-dji-mavic-mini-p-image-217808-grande.jpg?resize=350%2C200&ssl=1 1x, https:\/\/i0.wp.com\/store.droneway.ma\/wp-content\/uploads\/2020\/11\/chargeur-multiple-pour-dji-mavic-mini-p-image-217808-grande.jpg?resize=525%2C300&ssl=1 1.5x, https:\/\/i0.wp.com\/store.droneway.ma\/wp-content\/uploads\/2020\/11\/chargeur-multiple-pour-dji-mavic-mini-p-image-217808-grande.jpg?resize=700%2C400&ssl=1 2x"},"classes":[]},{"id":2163,"url":"https:\/\/store.droneway.ma\/index.php\/produit\/chargeur-pour-dji-mavic-air-2\/","url_meta":{"origin":2201,"position":2},"title":"Chargeur pour DJI Mavic Air 2","author":"admin","date":"21 novembre 2020","format":false,"excerpt":"Charge la batterie et la radiocommande en simultan\u00e9 Plusieurs sorties","rel":"","context":"Article similaire","block_context":{"text":"Article similaire","link":""},"img":{"alt_text":"Chargeur pour DJI Mavic Air 2","src":"https:\/\/i0.wp.com\/store.droneway.ma\/wp-content\/uploads\/2020\/11\/chargeur-pour-dji-mavic-air-2-p-image-217445-grande.jpg?resize=350%2C200&ssl=1","width":350,"height":200,"srcset":"https:\/\/i0.wp.com\/store.droneway.ma\/wp-content\/uploads\/2020\/11\/chargeur-pour-dji-mavic-air-2-p-image-217445-grande.jpg?resize=350%2C200&ssl=1 1x, https:\/\/i0.wp.com\/store.droneway.ma\/wp-content\/uploads\/2020\/11\/chargeur-pour-dji-mavic-air-2-p-image-217445-grande.jpg?resize=525%2C300&ssl=1 1.5x, https:\/\/i0.wp.com\/store.droneway.ma\/wp-content\/uploads\/2020\/11\/chargeur-pour-dji-mavic-air-2-p-image-217445-grande.jpg?resize=700%2C400&ssl=1 2x"},"classes":[]},{"id":2193,"url":"https:\/\/store.droneway.ma\/index.php\/produit\/chargeur-de-batterie-pour-dji-mavic-2\/","url_meta":{"origin":2201,"position":3},"title":"Chargeur de batterie pour DJI Mavic 2","author":"admin","date":"21 novembre 2020","format":false,"excerpt":"Il est compatible avec la version Pro et Zoom du DJI Mavic 2, et int\u00e8gre une interface USB Type A ainsi qu'une interface micro USB.","rel":"","context":"Article similaire","block_context":{"text":"Article similaire","link":""},"img":{"alt_text":"Chargeur de batterie pour DJI Mavic 2","src":"https:\/\/i0.wp.com\/store.droneway.ma\/wp-content\/uploads\/2020\/11\/Chargeur-de-batterie-pour-DJI-Mavic-2.jpg?resize=350%2C200&ssl=1","width":350,"height":200},"classes":[]},{"id":2205,"url":"https:\/\/store.droneway.ma\/index.php\/produit\/chargeur-allume-cigare-pour-dji-mavic-2\/","url_meta":{"origin":2201,"position":4},"title":"Chargeur allume-cigare pour DJI Mavic 2","author":"admin","date":"21 novembre 2020","format":false,"excerpt":"S\u00e9curis\u00e9, ce chargeur dispose d'une protection contre la surchauffe et contre la baisse de tension pour vous assurer une charge fiable.","rel":"","context":"Article similaire","block_context":{"text":"Article similaire","link":""},"img":{"alt_text":"Chargeur allume-cigare pour DJI Mavic 2","src":"https:\/\/i0.wp.com\/store.droneway.ma\/wp-content\/uploads\/2020\/11\/Chargeur-allume-cigare-pour-DJI-Mavic-2.jpg?resize=350%2C200&ssl=1","width":350,"height":200},"classes":[]},{"id":2224,"url":"https:\/\/store.droneway.ma\/index.php\/produit\/kit-fly-more-pour-dji-mavic-2\/","url_meta":{"origin":2201,"position":5},"title":"Kit Fly More pour DJI Mavic 2","author":"admin","date":"21 novembre 2020","format":false,"excerpt":"Plus de batteries :\u00a0 mulipliez le nombres de vols ! Gestion am\u00e9lior\u00e9e de la charge : hub secteur Mode nomade : chargeur voiture H\u00e9lices en spare","rel":"","context":"Article similaire","block_context":{"text":"Article similaire","link":""},"img":{"alt_text":"Kit Fly More pour DJI Mavic 2","src":"https:\/\/i0.wp.com\/store.droneway.ma\/wp-content\/uploads\/2020\/11\/kit-fly-more-pour-dji-mavic-2-p-image-200887-grande.jpg?resize=350%2C200&ssl=1","width":350,"height":200,"srcset":"https:\/\/i0.wp.com\/store.droneway.ma\/wp-content\/uploads\/2020\/11\/kit-fly-more-pour-dji-mavic-2-p-image-200887-grande.jpg?resize=350%2C200&ssl=1 1x, https:\/\/i0.wp.com\/store.droneway.ma\/wp-content\/uploads\/2020\/11\/kit-fly-more-pour-dji-mavic-2-p-image-200887-grande.jpg?resize=525%2C300&ssl=1 1.5x"},"classes":[]}],"jetpack_sharing_enabled":true,"_links":{"self":[{"href":"https:\/\/store.droneway.ma\/index.php\/wp-json\/wp\/v2\/product\/2201","targetHints":{"allow":["GET"]}}],"collection":[{"href":"https:\/\/store.droneway.ma\/index.php\/wp-json\/wp\/v2\/product"}],"about":[{"href":"https:\/\/store.droneway.ma\/index.php\/wp-json\/wp\/v2\/types\/product"}],"wp:featuredmedia":[{"embeddable":true,"href":"https:\/\/store.droneway.ma\/index.php\/wp-json\/wp\/v2\/media\/2202"}],"wp:attachment":[{"href":"https:\/\/store.droneway.ma\/index.php\/wp-json\/wp\/v2\/media?parent=2201"}],"wp:term":[{"taxonomy":"product_brand","embeddable":true,"href":"https:\/\/store.droneway.ma\/index.php\/wp-json\/wp\/v2\/product_brand?post=2201"},{"taxonomy":"product_cat","embeddable":true,"href":"https:\/\/store.droneway.ma\/index.php\/wp-json\/wp\/v2\/product_cat?post=2201"},{"taxonomy":"product_tag","embeddable":true,"href":"https:\/\/store.droneway.ma\/index.php\/wp-json\/wp\/v2\/product_tag?post=2201"}],"curies":[{"name":"wp","href":"https:\/\/api.w.org\/{rel}","templated":true}]}}