{"id":2188,"date":"2020-11-21T19:02:15","date_gmt":"2020-11-21T18:02:15","guid":{"rendered":"http:\/\/store.droneway.ma\/index.php\/produit\/batterie-intelligente-pour-dji-mavic-2\/"},"modified":"2020-11-21T19:03:02","modified_gmt":"2020-11-21T18:03:02","slug":"batterie-intelligente-pour-dji-mavic-2","status":"publish","type":"product","link":"https:\/\/store.droneway.ma\/index.php\/produit\/batterie-intelligente-pour-dji-mavic-2\/","title":{"rendered":"Batterie intelligente pour DJI Mavic 2"},"content":{"rendered":"<p>La batterie intelligente pour DJI Mavic 2 vous permettra d\u2019atteindre une autonomie de 31 minutes.<\/p>\n","protected":false},"excerpt":{"rendered":"<p>Incluant 4 cellules disposant d&rsquo;une capacit\u00e9 de 3850 mAh, vous pourrez contr\u00f4ler l&rsquo;\u00e9tat de charge via le syst\u00e8me LED pr\u00e9sent en temps r\u00e9el.<\/p>\n","protected":false},"featured_media":2189,"template":"","meta":{"content-type":"","rop_custom_images_group":[],"rop_custom_messages_group":[],"rop_publish_now":"initial","rop_publish_now_accounts":[],"rop_publish_now_history":[],"rop_publish_now_status":"pending"},"product_brand":[],"product_cat":[16,34],"product_tag":[],"class_list":{"0":"post-2188","1":"product","2":"type-product","3":"status-publish","4":"has-post-thumbnail","6":"product_cat-dji-mavic","7":"product_cat-mavic-2","9":"first","10":"instock","11":"purchasable","12":"product-type-simple"},"jetpack-related-posts":[{"id":2207,"url":"https:\/\/store.droneway.ma\/index.php\/produit\/batterie-intelligente-pour-dji-mavic-2-enterprise\/","url_meta":{"origin":2188,"position":0},"title":"Batterie intelligente pour DJI Mavic 2 Enterprise","author":"admin","date":"21 novembre 2020","format":false,"excerpt":"Ce mod\u00e8le Enterprise int\u00e9grant un module auto-chauffant afin de mettre les cellules \u00e0 la bonne temp\u00e9rature lors d'un usage en condition extr\u00eame.","rel":"","context":"Article similaire","block_context":{"text":"Article similaire","link":""},"img":{"alt_text":"Batterie intelligente pour DJI Mavic 2 Enterprise","src":"https:\/\/i0.wp.com\/store.droneway.ma\/wp-content\/uploads\/2020\/11\/Batterie-intelligente-pour-DJI-Mavic-2-Enterprise.jpg?resize=350%2C200&ssl=1","width":350,"height":200},"classes":[]},{"id":2161,"url":"https:\/\/store.droneway.ma\/index.php\/produit\/batterie-intelligente-pour-dji-mavic-air-2\/","url_meta":{"origin":2188,"position":1},"title":"Batterie Intelligente pour DJI Mavic Air 2","author":"admin","date":"21 novembre 2020","format":false,"excerpt":"Batterie lithium-ion \u00e0 haute \u00e9nergie Jusqu'\u00e0 34 minutes de vol\u00a0 Protection intelligente","rel":"","context":"Article similaire","block_context":{"text":"Article similaire","link":""},"img":{"alt_text":"Batterie Intelligente pour DJI Mavic Air 2","src":"https:\/\/i0.wp.com\/store.droneway.ma\/wp-content\/uploads\/2020\/11\/batterie-intelligente-pour-dji-mavic-air-2-p-image-217454-grande.jpg?resize=350%2C200&ssl=1","width":350,"height":200,"srcset":"https:\/\/i0.wp.com\/store.droneway.ma\/wp-content\/uploads\/2020\/11\/batterie-intelligente-pour-dji-mavic-air-2-p-image-217454-grande.jpg?resize=350%2C200&ssl=1 1x, https:\/\/i0.wp.com\/store.droneway.ma\/wp-content\/uploads\/2020\/11\/batterie-intelligente-pour-dji-mavic-air-2-p-image-217454-grande.jpg?resize=525%2C300&ssl=1 1.5x, https:\/\/i0.wp.com\/store.droneway.ma\/wp-content\/uploads\/2020\/11\/batterie-intelligente-pour-dji-mavic-air-2-p-image-217454-grande.jpg?resize=700%2C400&ssl=1 2x"},"classes":[]},{"id":2157,"url":"https:\/\/store.droneway.ma\/index.php\/produit\/sac-de-securite-pour-batterie-dji-mavic-air-2\/","url_meta":{"origin":2188,"position":2},"title":"Sac de s\u00e9curit\u00e9 pour batterie DJI Mavic Air 2","author":"admin","date":"21 novembre 2020","format":false,"excerpt":"Protection optimale de votre batterie de Mavic Air 2 Rangement s\u00e9curis\u00e9 Fermeture velcro","rel":"","context":"Article similaire","block_context":{"text":"Article similaire","link":""},"img":{"alt_text":"Sac de s\u00e9curit\u00e9 pour batterie DJI Mavic Air 2","src":"https:\/\/i0.wp.com\/store.droneway.ma\/wp-content\/uploads\/2020\/11\/sac-de-securite-pour-batterie-dji-mavic-air-2-p-image-217569-grande.jpg?resize=350%2C200&ssl=1","width":350,"height":200,"srcset":"https:\/\/i0.wp.com\/store.droneway.ma\/wp-content\/uploads\/2020\/11\/sac-de-securite-pour-batterie-dji-mavic-air-2-p-image-217569-grande.jpg?resize=350%2C200&ssl=1 1x, https:\/\/i0.wp.com\/store.droneway.ma\/wp-content\/uploads\/2020\/11\/sac-de-securite-pour-batterie-dji-mavic-air-2-p-image-217569-grande.jpg?resize=525%2C300&ssl=1 1.5x, https:\/\/i0.wp.com\/store.droneway.ma\/wp-content\/uploads\/2020\/11\/sac-de-securite-pour-batterie-dji-mavic-air-2-p-image-217569-grande.jpg?resize=700%2C400&ssl=1 2x"},"classes":[]},{"id":2158,"url":"https:\/\/store.droneway.ma\/index.php\/produit\/sac-de-securite-pour-3-batteries-dji-mavic-air-2\/","url_meta":{"origin":2188,"position":3},"title":"Sac de s\u00e9curit\u00e9 pour 3 batteries DJI Mavic Air 2","author":"admin","date":"21 novembre 2020","format":false,"excerpt":"Protection optimale de vos batteries de Mavic Air 2 Rangement s\u00e9curis\u00e9 Fermeture velcro","rel":"","context":"Article similaire","block_context":{"text":"Article similaire","link":""},"img":{"alt_text":"Sac de s\u00e9curit\u00e9 pour 3 batteries DJI Mavic Air 2","src":"https:\/\/i0.wp.com\/store.droneway.ma\/wp-content\/uploads\/2020\/11\/sac-de-securite-pour-3-batteries-dji-mavic-air-2-p-image-217573-grande.jpg?resize=350%2C200&ssl=1","width":350,"height":200,"srcset":"https:\/\/i0.wp.com\/store.droneway.ma\/wp-content\/uploads\/2020\/11\/sac-de-securite-pour-3-batteries-dji-mavic-air-2-p-image-217573-grande.jpg?resize=350%2C200&ssl=1 1x, https:\/\/i0.wp.com\/store.droneway.ma\/wp-content\/uploads\/2020\/11\/sac-de-securite-pour-3-batteries-dji-mavic-air-2-p-image-217573-grande.jpg?resize=525%2C300&ssl=1 1.5x, https:\/\/i0.wp.com\/store.droneway.ma\/wp-content\/uploads\/2020\/11\/sac-de-securite-pour-3-batteries-dji-mavic-air-2-p-image-217573-grande.jpg?resize=700%2C400&ssl=1 2x"},"classes":[]},{"id":2225,"url":"https:\/\/store.droneway.ma\/index.php\/produit\/kit-fly-more-mavic-2-enterprise\/","url_meta":{"origin":2188,"position":4},"title":"Kit Fly More Mavic 2 Enterprise","author":"admin","date":"21 novembre 2020","format":false,"excerpt":"Augmente l'autonomie\u00a0 Hub de charge intelligent\u00a0 Chargeur voiture","rel":"","context":"Article similaire","block_context":{"text":"Article similaire","link":""},"img":{"alt_text":"Kit Fly More Mavic 2 Enterprise","src":"https:\/\/i0.wp.com\/store.droneway.ma\/wp-content\/uploads\/2020\/11\/Kit-Fly-More-Mavic-2-Enterprise.jpg?resize=350%2C200&ssl=1","width":350,"height":200,"srcset":"https:\/\/i0.wp.com\/store.droneway.ma\/wp-content\/uploads\/2020\/11\/Kit-Fly-More-Mavic-2-Enterprise.jpg?resize=350%2C200&ssl=1 1x, https:\/\/i0.wp.com\/store.droneway.ma\/wp-content\/uploads\/2020\/11\/Kit-Fly-More-Mavic-2-Enterprise.jpg?resize=525%2C300&ssl=1 1.5x"},"classes":[]},{"id":2193,"url":"https:\/\/store.droneway.ma\/index.php\/produit\/chargeur-de-batterie-pour-dji-mavic-2\/","url_meta":{"origin":2188,"position":5},"title":"Chargeur de batterie pour DJI Mavic 2","author":"admin","date":"21 novembre 2020","format":false,"excerpt":"Il est compatible avec la version Pro et Zoom du DJI Mavic 2, et int\u00e8gre une interface USB Type A ainsi qu'une interface micro USB.","rel":"","context":"Article similaire","block_context":{"text":"Article similaire","link":""},"img":{"alt_text":"Chargeur de batterie pour DJI Mavic 2","src":"https:\/\/i0.wp.com\/store.droneway.ma\/wp-content\/uploads\/2020\/11\/Chargeur-de-batterie-pour-DJI-Mavic-2.jpg?resize=350%2C200&ssl=1","width":350,"height":200},"classes":[]}],"jetpack_sharing_enabled":true,"_links":{"self":[{"href":"https:\/\/store.droneway.ma\/index.php\/wp-json\/wp\/v2\/product\/2188","targetHints":{"allow":["GET"]}}],"collection":[{"href":"https:\/\/store.droneway.ma\/index.php\/wp-json\/wp\/v2\/product"}],"about":[{"href":"https:\/\/store.droneway.ma\/index.php\/wp-json\/wp\/v2\/types\/product"}],"wp:featuredmedia":[{"embeddable":true,"href":"https:\/\/store.droneway.ma\/index.php\/wp-json\/wp\/v2\/media\/2189"}],"wp:attachment":[{"href":"https:\/\/store.droneway.ma\/index.php\/wp-json\/wp\/v2\/media?parent=2188"}],"wp:term":[{"taxonomy":"product_brand","embeddable":true,"href":"https:\/\/store.droneway.ma\/index.php\/wp-json\/wp\/v2\/product_brand?post=2188"},{"taxonomy":"product_cat","embeddable":true,"href":"https:\/\/store.droneway.ma\/index.php\/wp-json\/wp\/v2\/product_cat?post=2188"},{"taxonomy":"product_tag","embeddable":true,"href":"https:\/\/store.droneway.ma\/index.php\/wp-json\/wp\/v2\/product_tag?post=2188"}],"curies":[{"name":"wp","href":"https:\/\/api.w.org\/{rel}","templated":true}]}}