{"id":2167,"date":"2020-11-21T19:02:04","date_gmt":"2020-11-21T18:02:04","guid":{"rendered":"http:\/\/store.droneway.ma\/index.php\/produit\/dji-mavic-2-enterprise\/"},"modified":"2020-11-21T19:02:13","modified_gmt":"2020-11-21T18:02:13","slug":"dji-mavic-2-enterprise","status":"publish","type":"product","link":"https:\/\/store.droneway.ma\/index.php\/produit\/dji-mavic-2-enterprise\/","title":{"rendered":"DJI Mavic 2 Enterprise"},"content":{"rendered":"<p>Le DJI Mavic 2 Enterprise est une version \u00e0 usage professionnel du DJI Mavic 2.<\/p>\n","protected":false},"excerpt":{"rendered":"<p>Ressemblant en tout point au DJI Mavic 2 Zoom, cette version Enterprise dispose d&rsquo;une connectique pour installer diff\u00e9rents modules sur le dessus du drone.<\/p>\n","protected":false},"featured_media":1925,"template":"","meta":{"content-type":"","rop_custom_images_group":[],"rop_custom_messages_group":[],"rop_publish_now":"initial","rop_publish_now_accounts":[],"rop_publish_now_history":[],"rop_publish_now_status":"pending"},"product_brand":[],"product_cat":[16,59],"product_tag":[],"class_list":{"0":"post-2167","1":"product","2":"type-product","3":"status-publish","4":"has-post-thumbnail","6":"product_cat-dji-mavic","7":"product_cat-mavic-2-entreprise","9":"first","10":"instock","11":"purchasable","12":"product-type-simple"},"jetpack-related-posts":[{"id":2269,"url":"https:\/\/store.droneway.ma\/index.php\/produit\/haut-parleur-pour-dji-mavic-2-enterprise\/","url_meta":{"origin":2167,"position":0},"title":"Haut-parleur pour DJI Mavic 2 Enterprise","author":"admin","date":"21 novembre 2020","format":false,"excerpt":"Puissance 100dB Compatible DJI Mavic 2 Enterprise","rel":"","context":"Article similaire","block_context":{"text":"Article similaire","link":""},"img":{"alt_text":"Haut-parleur pour DJI Mavic 2 Enterprise","src":"https:\/\/i0.wp.com\/store.droneway.ma\/wp-content\/uploads\/2020\/11\/Haut-parleur-pour-DJI-Mavic-2-Enterprise.jpg?resize=350%2C200&ssl=1","width":350,"height":200,"srcset":"https:\/\/i0.wp.com\/store.droneway.ma\/wp-content\/uploads\/2020\/11\/Haut-parleur-pour-DJI-Mavic-2-Enterprise.jpg?resize=350%2C200&ssl=1 1x, https:\/\/i0.wp.com\/store.droneway.ma\/wp-content\/uploads\/2020\/11\/Haut-parleur-pour-DJI-Mavic-2-Enterprise.jpg?resize=525%2C300&ssl=1 1.5x"},"classes":[]},{"id":2263,"url":"https:\/\/store.droneway.ma\/index.php\/produit\/feu-auxiliaire-pour-dji-mavic-2-enterprise\/","url_meta":{"origin":2167,"position":1},"title":"Feu auxiliaire pour DJI Mavic 2 Enterprise","author":"admin","date":"21 novembre 2020","format":false,"excerpt":"Compatible DJI Mavic 2 Enterprise Port\u00e9e de plusieurs kilom\u00e8tres","rel":"","context":"Article similaire","block_context":{"text":"Article similaire","link":""},"img":{"alt_text":"Feu auxiliaire pour DJI Mavic 2 Enterprise","src":"https:\/\/i0.wp.com\/store.droneway.ma\/wp-content\/uploads\/2020\/11\/Feu-auxiliaire-pour-DJI-Mavic-2-Enterprise.jpg?resize=350%2C200&ssl=1","width":350,"height":200,"srcset":"https:\/\/i0.wp.com\/store.droneway.ma\/wp-content\/uploads\/2020\/11\/Feu-auxiliaire-pour-DJI-Mavic-2-Enterprise.jpg?resize=350%2C200&ssl=1 1x, https:\/\/i0.wp.com\/store.droneway.ma\/wp-content\/uploads\/2020\/11\/Feu-auxiliaire-pour-DJI-Mavic-2-Enterprise.jpg?resize=525%2C300&ssl=1 1.5x"},"classes":[]},{"id":2266,"url":"https:\/\/store.droneway.ma\/index.php\/produit\/projecteur-pour-dji-mavic-2-enterprise\/","url_meta":{"origin":2167,"position":2},"title":"Projecteur pour DJI Mavic 2 Enterprise","author":"admin","date":"21 novembre 2020","format":false,"excerpt":"Compatible DJI Mavic 2 Enterprise\u00a0 Puissance 26W \/ 2400 Lumens \/ 11 Lux \u00c9claire \u00e0 30 m\u00e8tres","rel":"","context":"Article similaire","block_context":{"text":"Article similaire","link":""},"img":{"alt_text":"Projecteur pour DJI Mavic 2 Enterprise","src":"https:\/\/i0.wp.com\/store.droneway.ma\/wp-content\/uploads\/2020\/11\/Projecteur-pour-DJI-Mavic-2-Enterprise.jpg?resize=350%2C200&ssl=1","width":350,"height":200,"srcset":"https:\/\/i0.wp.com\/store.droneway.ma\/wp-content\/uploads\/2020\/11\/Projecteur-pour-DJI-Mavic-2-Enterprise.jpg?resize=350%2C200&ssl=1 1x, https:\/\/i0.wp.com\/store.droneway.ma\/wp-content\/uploads\/2020\/11\/Projecteur-pour-DJI-Mavic-2-Enterprise.jpg?resize=525%2C300&ssl=1 1.5x"},"classes":[]},{"id":2214,"url":"https:\/\/store.droneway.ma\/index.php\/produit\/dji-flight-case-pour-dji-mavic-2-enterprise\/","url_meta":{"origin":2167,"position":3},"title":"DJI Flight Case pour DJI Mavic 2 Enterprise","author":"admin","date":"21 novembre 2020","format":false,"excerpt":"Cette valise dispose d'un nombre cons\u00e9quent d'emplacement afin d'int\u00e9grer les 3 modules du DJI Mavic 2 Enterprise ainsi que 6 batteries suppl\u00e9mentaires et les diff\u00e9rents c\u00e2bles et chargeur.","rel":"","context":"Article similaire","block_context":{"text":"Article similaire","link":""},"img":{"alt_text":"DJI Flight Case pour DJI Mavic 2 Enterprise","src":"https:\/\/i0.wp.com\/store.droneway.ma\/wp-content\/uploads\/2020\/11\/DJI-Flight-Case-pour-DJI-Mavic-2-Enterprise.jpg?resize=350%2C200&ssl=1","width":350,"height":200},"classes":[]},{"id":2171,"url":"https:\/\/store.droneway.ma\/index.php\/produit\/dji-mavic-2-enterprise-fly-more-combo\/","url_meta":{"origin":2167,"position":4},"title":"DJI Mavic 2 Enterprise Fly More Combo","author":"admin","date":"21 novembre 2020","format":false,"excerpt":"Int\u00e9grant le nouveau port d'extension pour accessoire, le DJI Mavic 2 Enterprise peut recevoir diff\u00e9rents modules sp\u00e9cifiques \u00e0 vos besoins professionnels. Le projecteur M2E permet d'orienter les personnes en perdition dans les zones faiblement \u00e9clair\u00e9es, le haut-parleur M2E permet de communiquer sur de grande distance gr\u00e2ce \u00e0 sa puissance de\u2026","rel":"","context":"Article similaire","block_context":{"text":"Article similaire","link":""},"img":{"alt_text":"DJI Mavic 2 Enterprise Fly More Combo","src":"https:\/\/i0.wp.com\/store.droneway.ma\/wp-content\/uploads\/2020\/11\/dji-mavic-2-enterprise-fly-more-combo-p-image-202750-grande.jpg?resize=350%2C200&ssl=1","width":350,"height":200,"srcset":"https:\/\/i0.wp.com\/store.droneway.ma\/wp-content\/uploads\/2020\/11\/dji-mavic-2-enterprise-fly-more-combo-p-image-202750-grande.jpg?resize=350%2C200&ssl=1 1x, https:\/\/i0.wp.com\/store.droneway.ma\/wp-content\/uploads\/2020\/11\/dji-mavic-2-enterprise-fly-more-combo-p-image-202750-grande.jpg?resize=525%2C300&ssl=1 1.5x, https:\/\/i0.wp.com\/store.droneway.ma\/wp-content\/uploads\/2020\/11\/dji-mavic-2-enterprise-fly-more-combo-p-image-202750-grande.jpg?resize=700%2C400&ssl=1 2x"},"classes":[]},{"id":2172,"url":"https:\/\/store.droneway.ma\/index.php\/produit\/dji-mavic-2-enterprise-dual-fly-more-combo\/","url_meta":{"origin":2167,"position":5},"title":"DJI Mavic 2 Enterprise Dual Fly More Combo","author":"admin","date":"21 novembre 2020","format":false,"excerpt":"Ce drone professionnel est \u00e9quip\u00e9 d'un double capteur CMOS 1\/2.3\" et thermique 160x120 radiom\u00e9trique en 9Hz. Il dispose \u00e9galement des 3 modules pr\u00e9sents sur la version classique Enterprise \u00e0 savoir le projecteur, le haut-parleur et le feu auxiliaire.","rel":"","context":"Article similaire","block_context":{"text":"Article similaire","link":""},"img":{"alt_text":"DJI Mavic 2 Enterprise Dual Fly More Combo","src":"https:\/\/i0.wp.com\/store.droneway.ma\/wp-content\/uploads\/2020\/11\/dji-mavic-2-enterprise-dual-fly-more-combo-p-image-204466-grande.jpg?resize=350%2C200&ssl=1","width":350,"height":200,"srcset":"https:\/\/i0.wp.com\/store.droneway.ma\/wp-content\/uploads\/2020\/11\/dji-mavic-2-enterprise-dual-fly-more-combo-p-image-204466-grande.jpg?resize=350%2C200&ssl=1 1x, https:\/\/i0.wp.com\/store.droneway.ma\/wp-content\/uploads\/2020\/11\/dji-mavic-2-enterprise-dual-fly-more-combo-p-image-204466-grande.jpg?resize=525%2C300&ssl=1 1.5x, https:\/\/i0.wp.com\/store.droneway.ma\/wp-content\/uploads\/2020\/11\/dji-mavic-2-enterprise-dual-fly-more-combo-p-image-204466-grande.jpg?resize=700%2C400&ssl=1 2x"},"classes":[]}],"jetpack_sharing_enabled":true,"_links":{"self":[{"href":"https:\/\/store.droneway.ma\/index.php\/wp-json\/wp\/v2\/product\/2167","targetHints":{"allow":["GET"]}}],"collection":[{"href":"https:\/\/store.droneway.ma\/index.php\/wp-json\/wp\/v2\/product"}],"about":[{"href":"https:\/\/store.droneway.ma\/index.php\/wp-json\/wp\/v2\/types\/product"}],"wp:featuredmedia":[{"embeddable":true,"href":"https:\/\/store.droneway.ma\/index.php\/wp-json\/wp\/v2\/media\/1925"}],"wp:attachment":[{"href":"https:\/\/store.droneway.ma\/index.php\/wp-json\/wp\/v2\/media?parent=2167"}],"wp:term":[{"taxonomy":"product_brand","embeddable":true,"href":"https:\/\/store.droneway.ma\/index.php\/wp-json\/wp\/v2\/product_brand?post=2167"},{"taxonomy":"product_cat","embeddable":true,"href":"https:\/\/store.droneway.ma\/index.php\/wp-json\/wp\/v2\/product_cat?post=2167"},{"taxonomy":"product_tag","embeddable":true,"href":"https:\/\/store.droneway.ma\/index.php\/wp-json\/wp\/v2\/product_tag?post=2167"}],"curies":[{"name":"wp","href":"https:\/\/api.w.org\/{rel}","templated":true}]}}