{"id":2166,"date":"2020-11-21T19:02:04","date_gmt":"2020-11-21T18:02:04","guid":{"rendered":"http:\/\/store.droneway.ma\/index.php\/produit\/dji-mavic-2-zoom\/"},"modified":"2020-11-21T19:02:12","modified_gmt":"2020-11-21T18:02:12","slug":"dji-mavic-2-zoom","status":"publish","type":"product","link":"https:\/\/store.droneway.ma\/index.php\/produit\/dji-mavic-2-zoom\/","title":{"rendered":"DJI Mavic 2 Zoom"},"content":{"rendered":"<p>Le DJI Mavic 2 Zoom int\u00e8gre une cam\u00e9ra 12 MP 4K avec zoom optique 24-48 mm vous permettant de r\u00e9aliser des vid\u00e9os Full HD sans perte et des photos 48 MP !<\/p>\n","protected":false},"excerpt":{"rendered":"<p>Plus pr\u00e9cis et encore mieux \u00e9quip\u00e9, le DJI Mavic 2 Zoom s&rsquo;appuie sur une technologie 2.0 (Active track, APAS, VPS &#8230;) qui le rend plus performant et \u00e9tend son utilisation.<\/p>\n","protected":false},"featured_media":1915,"template":"","meta":{"content-type":"","rop_custom_images_group":[],"rop_custom_messages_group":[],"rop_publish_now":"initial","rop_publish_now_accounts":[],"rop_publish_now_history":[],"rop_publish_now_status":"pending"},"product_brand":[],"product_cat":[16,34],"product_tag":[],"class_list":{"0":"post-2166","1":"product","2":"type-product","3":"status-publish","4":"has-post-thumbnail","6":"product_cat-dji-mavic","7":"product_cat-mavic-2","9":"first","10":"instock","11":"purchasable","12":"product-type-simple"},"jetpack-related-posts":[{"id":2173,"url":"https:\/\/store.droneway.ma\/index.php\/produit\/dji-mavic-2-zoom-smart-controller\/","url_meta":{"origin":2166,"position":0},"title":"DJI Mavic 2 Zoom &#038; Smart controller","author":"admin","date":"21 novembre 2020","format":false,"excerpt":"Le DJI Smart Controller permet l'acc\u00e8s aux applications tierces (r\u00e9seaux sociaux notamment) en plus des applications DJI, notamment DJI Go 4 qui int\u00e8gre la fonctionnalit\u00e9 \"Go Share\" pour transf\u00e9rer rapidement les photos de la radiocommande vers votre smartphone ou tablette.","rel":"","context":"Article similaire","block_context":{"text":"Article similaire","link":""},"img":{"alt_text":"DJI Mavic 2 Zoom & Smart controller","src":"https:\/\/i0.wp.com\/store.droneway.ma\/wp-content\/uploads\/2020\/11\/dji-mavic-2-zoom-smart-controller-p-image-204870-grande.jpg?resize=350%2C200&ssl=1","width":350,"height":200,"srcset":"https:\/\/i0.wp.com\/store.droneway.ma\/wp-content\/uploads\/2020\/11\/dji-mavic-2-zoom-smart-controller-p-image-204870-grande.jpg?resize=350%2C200&ssl=1 1x, https:\/\/i0.wp.com\/store.droneway.ma\/wp-content\/uploads\/2020\/11\/dji-mavic-2-zoom-smart-controller-p-image-204870-grande.jpg?resize=525%2C300&ssl=1 1.5x, https:\/\/i0.wp.com\/store.droneway.ma\/wp-content\/uploads\/2020\/11\/dji-mavic-2-zoom-smart-controller-p-image-204870-grande.jpg?resize=700%2C400&ssl=1 2x"},"classes":[]},{"id":2259,"url":"https:\/\/store.droneway.ma\/index.php\/produit\/radiocommande-dji-mavic-2\/","url_meta":{"origin":2166,"position":1},"title":"Radiocommande DJI Mavic 2","author":"admin","date":"21 novembre 2020","format":false,"excerpt":"Compatible DJI Mavic 2 Pro, Zoom, Enterprise et Dual Produit DJI Officiel","rel":"","context":"Article similaire","block_context":{"text":"Article similaire","link":""},"img":{"alt_text":"Radiocommande DJI Mavic 2","src":"https:\/\/i0.wp.com\/store.droneway.ma\/wp-content\/uploads\/2020\/11\/Radiocommande-DJI-Mavic-2.jpg?resize=350%2C200&ssl=1","width":350,"height":200,"srcset":"https:\/\/i0.wp.com\/store.droneway.ma\/wp-content\/uploads\/2020\/11\/Radiocommande-DJI-Mavic-2.jpg?resize=350%2C200&ssl=1 1x, https:\/\/i0.wp.com\/store.droneway.ma\/wp-content\/uploads\/2020\/11\/Radiocommande-DJI-Mavic-2.jpg?resize=525%2C300&ssl=1 1.5x, https:\/\/i0.wp.com\/store.droneway.ma\/wp-content\/uploads\/2020\/11\/Radiocommande-DJI-Mavic-2.jpg?resize=700%2C400&ssl=1 2x"},"classes":[]},{"id":2273,"url":"https:\/\/store.droneway.ma\/index.php\/produit\/protections-dhelices-pour-dji-mavic-2-pgytech\/","url_meta":{"origin":2166,"position":2},"title":"Protections d&rsquo;h\u00e9lices pour DJI Mavic 2 &#8211; PGYTECH","author":"admin","date":"21 novembre 2020","format":false,"excerpt":"Compatible DJI Mavic 2 Pro, Zoom et Enterprise\u00a0 A clipser\u00a0 Finition ABS","rel":"","context":"Article similaire","block_context":{"text":"Article similaire","link":""},"img":{"alt_text":"Protections d'h\u00e9lices pour DJI Mavic 2 - PGYTECH","src":"https:\/\/i0.wp.com\/store.droneway.ma\/wp-content\/uploads\/2020\/11\/Protections-dhelices-pour-DJI-Mavic-2-PGYTECH.jpg?resize=350%2C200&ssl=1","width":350,"height":200,"srcset":"https:\/\/i0.wp.com\/store.droneway.ma\/wp-content\/uploads\/2020\/11\/Protections-dhelices-pour-DJI-Mavic-2-PGYTECH.jpg?resize=350%2C200&ssl=1 1x, https:\/\/i0.wp.com\/store.droneway.ma\/wp-content\/uploads\/2020\/11\/Protections-dhelices-pour-DJI-Mavic-2-PGYTECH.jpg?resize=525%2C300&ssl=1 1.5x"},"classes":[]},{"id":2219,"url":"https:\/\/store.droneway.ma\/index.php\/produit\/sac-a-dos-3500-etanche-pour-dji-mavic-2-et-smart-controller-hprc\/","url_meta":{"origin":2166,"position":3},"title":"Sac \u00e0 dos 3500 \u00e9tanche pour DJI Mavic 2 et Smart Controller &#8211; HPRC","author":"admin","date":"21 novembre 2020","format":false,"excerpt":"Sa l\u00e9g\u00e8ret\u00e9 et \u00e0 sa structure ergonomique permettent au\u00a0HPRC3500 d'\u00eatre\u00a0extr\u00eamement maniable et facile \u00e0 transporter, de plus il est r\u00e9sistant \u00e0 l'eau (class\u00e9 IP67), \u00e0 la poussi\u00e8re et aux chocs. C'est l\u2019accessoire id\u00e9al pour tout possesseur de DJI Mavic 2 Pro\/Zoom passionn\u00e9 d'aventure dans les endroits les plus hostiles.","rel":"","context":"Article similaire","block_context":{"text":"Article similaire","link":""},"img":{"alt_text":"Sac \u00e0 dos 3500 \u00e9tanche pour DJI Mavic 2 et Smart Controller - HPRC","src":"https:\/\/i0.wp.com\/store.droneway.ma\/wp-content\/uploads\/2020\/11\/Sac-a-dos-3500-etanche-pour-DJI-Mavic-2-et-Smart-Controller-HPRC.jpg?resize=350%2C200&ssl=1","width":350,"height":200},"classes":[]},{"id":2167,"url":"https:\/\/store.droneway.ma\/index.php\/produit\/dji-mavic-2-enterprise\/","url_meta":{"origin":2166,"position":4},"title":"DJI Mavic 2 Enterprise","author":"admin","date":"21 novembre 2020","format":false,"excerpt":"Ressemblant en tout point au DJI Mavic 2 Zoom, cette version Enterprise dispose d'une connectique pour installer diff\u00e9rents modules sur le dessus du drone.","rel":"","context":"Article similaire","block_context":{"text":"Article similaire","link":""},"img":{"alt_text":"DJI Mavic 2 Enterprise","src":"https:\/\/i0.wp.com\/store.droneway.ma\/wp-content\/uploads\/2020\/11\/dji-mavic-2-enterprise-p-image-202758-grande.jpg?resize=350%2C200&ssl=1","width":350,"height":200,"srcset":"https:\/\/i0.wp.com\/store.droneway.ma\/wp-content\/uploads\/2020\/11\/dji-mavic-2-enterprise-p-image-202758-grande.jpg?resize=350%2C200&ssl=1 1x, https:\/\/i0.wp.com\/store.droneway.ma\/wp-content\/uploads\/2020\/11\/dji-mavic-2-enterprise-p-image-202758-grande.jpg?resize=525%2C300&ssl=1 1.5x"},"classes":[]},{"id":2828,"url":"https:\/\/store.droneway.ma\/index.php\/produit\/mavic-3-entreprise-rtk\/","url_meta":{"origin":2166,"position":5},"title":"Mavic 3 Entreprise RTK","author":"admin","date":"13 mars 2023","format":false,"excerpt":"Le DJI Mavic 3E RTK, dans cette version Fly More Combo, est un drone ultra complet. Il sera id\u00e9al pour les travaux de photogramm\u00e9trie, topographie, inspection etc. Il succ\u00e8de dignement \u00e0 l'illustre Phantom 4 RTK en reprenant tout ce qui avait fait son succ\u00e8s, et en ajoutant tous les avantages\u2026","rel":"","context":"Article similaire","block_context":{"text":"Article similaire","link":""},"img":{"alt_text":"","src":"https:\/\/i0.wp.com\/store.droneway.ma\/wp-content\/uploads\/2023\/03\/Mavic-3-RTK.jpg?resize=350%2C200&ssl=1","width":350,"height":200,"srcset":"https:\/\/i0.wp.com\/store.droneway.ma\/wp-content\/uploads\/2023\/03\/Mavic-3-RTK.jpg?resize=350%2C200&ssl=1 1x, https:\/\/i0.wp.com\/store.droneway.ma\/wp-content\/uploads\/2023\/03\/Mavic-3-RTK.jpg?resize=525%2C300&ssl=1 1.5x, https:\/\/i0.wp.com\/store.droneway.ma\/wp-content\/uploads\/2023\/03\/Mavic-3-RTK.jpg?resize=700%2C400&ssl=1 2x, https:\/\/i0.wp.com\/store.droneway.ma\/wp-content\/uploads\/2023\/03\/Mavic-3-RTK.jpg?resize=1050%2C600&ssl=1 3x, https:\/\/i0.wp.com\/store.droneway.ma\/wp-content\/uploads\/2023\/03\/Mavic-3-RTK.jpg?resize=1400%2C800&ssl=1 4x"},"classes":[]}],"jetpack_sharing_enabled":true,"_links":{"self":[{"href":"https:\/\/store.droneway.ma\/index.php\/wp-json\/wp\/v2\/product\/2166","targetHints":{"allow":["GET"]}}],"collection":[{"href":"https:\/\/store.droneway.ma\/index.php\/wp-json\/wp\/v2\/product"}],"about":[{"href":"https:\/\/store.droneway.ma\/index.php\/wp-json\/wp\/v2\/types\/product"}],"wp:featuredmedia":[{"embeddable":true,"href":"https:\/\/store.droneway.ma\/index.php\/wp-json\/wp\/v2\/media\/1915"}],"wp:attachment":[{"href":"https:\/\/store.droneway.ma\/index.php\/wp-json\/wp\/v2\/media?parent=2166"}],"wp:term":[{"taxonomy":"product_brand","embeddable":true,"href":"https:\/\/store.droneway.ma\/index.php\/wp-json\/wp\/v2\/product_brand?post=2166"},{"taxonomy":"product_cat","embeddable":true,"href":"https:\/\/store.droneway.ma\/index.php\/wp-json\/wp\/v2\/product_cat?post=2166"},{"taxonomy":"product_tag","embeddable":true,"href":"https:\/\/store.droneway.ma\/index.php\/wp-json\/wp\/v2\/product_tag?post=2166"}],"curies":[{"name":"wp","href":"https:\/\/api.w.org\/{rel}","templated":true}]}}