{"id":2165,"date":"2020-11-21T19:02:04","date_gmt":"2020-11-21T18:02:04","guid":{"rendered":"http:\/\/store.droneway.ma\/index.php\/produit\/dji-mavic-2-pro\/"},"modified":"2020-11-21T19:02:12","modified_gmt":"2020-11-21T18:02:12","slug":"dji-mavic-2-pro","status":"publish","type":"product","link":"https:\/\/store.droneway.ma\/index.php\/produit\/dji-mavic-2-pro\/","title":{"rendered":"DJI Mavic 2 Pro"},"content":{"rendered":"<p>Le DJI Mavic 2 Pro est un drone compact et pliable \u00e9quip\u00e9 d&rsquo;une nacelle stabilis\u00e9e avec cam\u00e9ra 4K !<\/p>\n","protected":false},"excerpt":{"rendered":"<p>V\u00e9ritable cam\u00e9ra volante, le DJI Mavic 2 Pro vous permet de filmer jusqu&rsquo;en 4K 30i\/s avec un d\u00e9bit de 100Mb\/s gr\u00e2ce \u00e0 son capteur 1&Prime; d\u00e9velopp\u00e9 par Hasselblad.<\/p>\n","protected":false},"featured_media":1910,"template":"","meta":{"content-type":"","rop_custom_images_group":[],"rop_custom_messages_group":[],"rop_publish_now":"initial","rop_publish_now_accounts":[],"rop_publish_now_history":[],"rop_publish_now_status":"pending"},"product_brand":[],"product_cat":[16,34],"product_tag":[],"class_list":{"0":"post-2165","1":"product","2":"type-product","3":"status-publish","4":"has-post-thumbnail","6":"product_cat-dji-mavic","7":"product_cat-mavic-2","9":"first","10":"instock","11":"purchasable","12":"product-type-simple"},"jetpack-related-posts":[{"id":2175,"url":"https:\/\/store.droneway.ma\/index.php\/produit\/dji-mavic-2-pro-de-remplacement\/","url_meta":{"origin":2165,"position":0},"title":"DJI Mavic 2 Pro de remplacement","author":"admin","date":"21 novembre 2020","format":false,"excerpt":"Note : la radiocommande et le chargeur de batterie ne sont pas inclus.","rel":"","context":"Article similaire","block_context":{"text":"Article similaire","link":""},"img":{"alt_text":"DJI Mavic 2 Pro de remplacement","src":"https:\/\/i0.wp.com\/store.droneway.ma\/wp-content\/uploads\/2020\/11\/DJI-Mavic-2-Pro-de-remplacement.jpg?resize=350%2C200&ssl=1","width":350,"height":200,"srcset":"https:\/\/i0.wp.com\/store.droneway.ma\/wp-content\/uploads\/2020\/11\/DJI-Mavic-2-Pro-de-remplacement.jpg?resize=350%2C200&ssl=1 1x, https:\/\/i0.wp.com\/store.droneway.ma\/wp-content\/uploads\/2020\/11\/DJI-Mavic-2-Pro-de-remplacement.jpg?resize=525%2C300&ssl=1 1.5x, https:\/\/i0.wp.com\/store.droneway.ma\/wp-content\/uploads\/2020\/11\/DJI-Mavic-2-Pro-de-remplacement.jpg?resize=700%2C400&ssl=1 2x"},"classes":[]},{"id":2169,"url":"https:\/\/store.droneway.ma\/index.php\/produit\/dji-mavic-2-pro-dji-goggles-re\/","url_meta":{"origin":2165,"position":1},"title":"DJI Mavic 2 Pro &#038; DJI Goggles RE","author":"admin","date":"21 novembre 2020","format":false,"excerpt":"Int\u00e9grant une cam\u00e9ra Hasselblad avec capteur CMOS 1\" 20 MP, le DJI Mavic 2 Pro est capable de voler jusqu'\u00e0 31 minutes !","rel":"","context":"Article similaire","block_context":{"text":"Article similaire","link":""},"img":{"alt_text":"DJI Mavic 2 Pro & DJI Goggles RE","src":"https:\/\/i0.wp.com\/store.droneway.ma\/wp-content\/uploads\/2020\/11\/dji-mavic-2-pro-dji-goggles-re-p-image-200907-grande.jpg?resize=350%2C200&ssl=1","width":350,"height":200},"classes":[]},{"id":2166,"url":"https:\/\/store.droneway.ma\/index.php\/produit\/dji-mavic-2-zoom\/","url_meta":{"origin":2165,"position":2},"title":"DJI Mavic 2 Zoom","author":"admin","date":"21 novembre 2020","format":false,"excerpt":"Plus pr\u00e9cis et encore mieux \u00e9quip\u00e9, le DJI Mavic 2 Zoom s'appuie sur une technologie 2.0 (Active track, APAS, VPS ...) qui le rend plus performant et \u00e9tend son utilisation.","rel":"","context":"Article similaire","block_context":{"text":"Article similaire","link":""},"img":{"alt_text":"DJI Mavic 2 Zoom","src":"https:\/\/i0.wp.com\/store.droneway.ma\/wp-content\/uploads\/2020\/11\/dji-mavic-2-zoom-p-image-201445-grande.jpg?resize=350%2C200&ssl=1","width":350,"height":200,"srcset":"https:\/\/i0.wp.com\/store.droneway.ma\/wp-content\/uploads\/2020\/11\/dji-mavic-2-zoom-p-image-201445-grande.jpg?resize=350%2C200&ssl=1 1x, https:\/\/i0.wp.com\/store.droneway.ma\/wp-content\/uploads\/2020\/11\/dji-mavic-2-zoom-p-image-201445-grande.jpg?resize=525%2C300&ssl=1 1.5x"},"classes":[]},{"id":2917,"url":"https:\/\/store.droneway.ma\/index.php\/produit\/mavic-3-pro-cine\/","url_meta":{"origin":2165,"position":3},"title":"Mavic 3 Pro &#038; Cin\u00e9","author":"admin","date":"1 juillet 2024","format":false,"excerpt":"La s\u00e9rie DJI Mavic 3 pr\u00e9sente des performances d'imagerie de suivi. Le syst\u00e8me de triple cam\u00e9ra de Mavic 3 Pro inaugure une nouvelle \u00e8re de drones de cam\u00e9ra en liant trois capteurs et lentilles avec des distances focales diff\u00e9rentes. \u00c9quip\u00e9 d'une cam\u00e9ra Hasselblad et d'une double cam\u00e9ra, Mavic 3 Pro\u2026","rel":"","context":"Article similaire","block_context":{"text":"Article similaire","link":""},"img":{"alt_text":"mavic 3","src":"https:\/\/i0.wp.com\/store.droneway.ma\/wp-content\/uploads\/2024\/07\/mavic-3-pro-cine.jpg?resize=350%2C200&ssl=1","width":350,"height":200,"srcset":"https:\/\/i0.wp.com\/store.droneway.ma\/wp-content\/uploads\/2024\/07\/mavic-3-pro-cine.jpg?resize=350%2C200&ssl=1 1x, https:\/\/i0.wp.com\/store.droneway.ma\/wp-content\/uploads\/2024\/07\/mavic-3-pro-cine.jpg?resize=525%2C300&ssl=1 1.5x, https:\/\/i0.wp.com\/store.droneway.ma\/wp-content\/uploads\/2024\/07\/mavic-3-pro-cine.jpg?resize=700%2C400&ssl=1 2x, https:\/\/i0.wp.com\/store.droneway.ma\/wp-content\/uploads\/2024\/07\/mavic-3-pro-cine.jpg?resize=1050%2C600&ssl=1 3x"},"classes":[]},{"id":2254,"url":"https:\/\/store.droneway.ma\/index.php\/produit\/protections-silicone-pour-moteurs-dji-mavic-pro-et-mavic-2\/","url_meta":{"origin":2165,"position":4},"title":"Protections silicone pour moteurs DJI Mavic Pro et Mavic 2","author":"admin","date":"21 novembre 2020","format":false,"excerpt":"Protection pour les moteurs et les fixation d'h\u00e9lices Pr\u00e9vient l'accumulation de poussi\u00e8res Silicone doux au toucher Plusieurs couleurs","rel":"","context":"Article similaire","block_context":{"text":"Article similaire","link":""},"img":{"alt_text":"Protections silicone pour moteurs DJI Mavic Pro et Mavic 2","src":"https:\/\/i0.wp.com\/store.droneway.ma\/wp-content\/uploads\/2020\/11\/Protections-silicone-pour-moteurs-DJI-Mavic-Pro-et-Mavic-2.jpg?resize=350%2C200&ssl=1","width":350,"height":200},"classes":[]},{"id":2174,"url":"https:\/\/store.droneway.ma\/index.php\/produit\/dji-mavic-2-pro-smart-controller\/","url_meta":{"origin":2165,"position":5},"title":"DJI Mavic 2 Pro &#038; Smart controller","author":"admin","date":"21 novembre 2020","format":false,"excerpt":"Capable d'accueillir des applications tierces (Instagram, Facebook, Youtube...), le Smart Controller de votre Mavic 2 Pro dispose en plus d'une sortie HDMI, d'un microphone, et d'un haut parleur. Dot\u00e9e d'une batterie de 5000 mAh, cette radiocommande offrira une belle autonomie de 2h30.","rel":"","context":"Article similaire","block_context":{"text":"Article similaire","link":""},"img":{"alt_text":"DJI Mavic 2 Pro & Smart controller","src":"https:\/\/i0.wp.com\/store.droneway.ma\/wp-content\/uploads\/2020\/11\/dji-mavic-2-pro-smart-controller-p-image-204869-grande.jpg?resize=350%2C200&ssl=1","width":350,"height":200,"srcset":"https:\/\/i0.wp.com\/store.droneway.ma\/wp-content\/uploads\/2020\/11\/dji-mavic-2-pro-smart-controller-p-image-204869-grande.jpg?resize=350%2C200&ssl=1 1x, https:\/\/i0.wp.com\/store.droneway.ma\/wp-content\/uploads\/2020\/11\/dji-mavic-2-pro-smart-controller-p-image-204869-grande.jpg?resize=525%2C300&ssl=1 1.5x, https:\/\/i0.wp.com\/store.droneway.ma\/wp-content\/uploads\/2020\/11\/dji-mavic-2-pro-smart-controller-p-image-204869-grande.jpg?resize=700%2C400&ssl=1 2x"},"classes":[]}],"jetpack_sharing_enabled":true,"_links":{"self":[{"href":"https:\/\/store.droneway.ma\/index.php\/wp-json\/wp\/v2\/product\/2165","targetHints":{"allow":["GET"]}}],"collection":[{"href":"https:\/\/store.droneway.ma\/index.php\/wp-json\/wp\/v2\/product"}],"about":[{"href":"https:\/\/store.droneway.ma\/index.php\/wp-json\/wp\/v2\/types\/product"}],"wp:featuredmedia":[{"embeddable":true,"href":"https:\/\/store.droneway.ma\/index.php\/wp-json\/wp\/v2\/media\/1910"}],"wp:attachment":[{"href":"https:\/\/store.droneway.ma\/index.php\/wp-json\/wp\/v2\/media?parent=2165"}],"wp:term":[{"taxonomy":"product_brand","embeddable":true,"href":"https:\/\/store.droneway.ma\/index.php\/wp-json\/wp\/v2\/product_brand?post=2165"},{"taxonomy":"product_cat","embeddable":true,"href":"https:\/\/store.droneway.ma\/index.php\/wp-json\/wp\/v2\/product_cat?post=2165"},{"taxonomy":"product_tag","embeddable":true,"href":"https:\/\/store.droneway.ma\/index.php\/wp-json\/wp\/v2\/product_tag?post=2165"}],"curies":[{"name":"wp","href":"https:\/\/api.w.org\/{rel}","templated":true}]}}