{"id":2160,"date":"2020-11-21T19:02:04","date_gmt":"2020-11-21T18:02:04","guid":{"rendered":"http:\/\/store.droneway.ma\/index.php\/produit\/cable-micro-usb-pour-radiocommande-dji-mavic-air-2\/"},"modified":"2020-11-21T19:02:10","modified_gmt":"2020-11-21T18:02:10","slug":"cable-micro-usb-pour-radiocommande-dji-mavic-air-2","status":"publish","type":"product","link":"https:\/\/store.droneway.ma\/index.php\/produit\/cable-micro-usb-pour-radiocommande-dji-mavic-air-2\/","title":{"rendered":"Cable Micro USB pour radiocommande DJI Mavic Air 2"},"content":{"rendered":"<p>Ce c\u00e2ble pour radiocommande DJI Mavic Air 2 vous permet de connecter un smartphone disposant d&rsquo;une connectique Micro USB.<\/p>\n","protected":false},"excerpt":{"rendered":"<p>Compatible DJI Mavic Air 2\u00a0<br \/>\nConnectique Micro USB<\/p>\n","protected":false},"featured_media":198,"template":"","meta":{"content-type":"","rop_custom_images_group":[],"rop_custom_messages_group":[],"rop_publish_now":"initial","rop_publish_now_accounts":[],"rop_publish_now_history":[],"rop_publish_now_status":"pending"},"product_brand":[],"product_cat":[16,58],"product_tag":[],"class_list":{"0":"post-2160","1":"product","2":"type-product","3":"status-publish","4":"has-post-thumbnail","6":"product_cat-dji-mavic","7":"product_cat-mavic-air-2","9":"first","10":"instock","11":"purchasable","12":"product-type-simple"},"jetpack-related-posts":[{"id":2152,"url":"https:\/\/store.droneway.ma\/index.php\/produit\/cable-type-c-pour-radiocommande-dji-mavic-air-2\/","url_meta":{"origin":2160,"position":0},"title":"C\u00e2ble Type-C pour radiocommande DJI Mavic Air 2","author":"admin","date":"21 novembre 2020","format":false,"excerpt":"Compatible radiocommande DJI Mavic Air 2\u00a0 Connectique Type-C","rel":"","context":"Article similaire","block_context":{"text":"Article similaire","link":""},"img":{"alt_text":"C\u00e2ble Type-C pour radiocommande DJI Mavic Air 2","src":"https:\/\/i0.wp.com\/store.droneway.ma\/wp-content\/uploads\/2020\/11\/cable-type-c-pour-radiocommande-mavic-air-2-p-image-217350-grande.jpg?resize=350%2C200&ssl=1","width":350,"height":200,"srcset":"https:\/\/i0.wp.com\/store.droneway.ma\/wp-content\/uploads\/2020\/11\/cable-type-c-pour-radiocommande-mavic-air-2-p-image-217350-grande.jpg?resize=350%2C200&ssl=1 1x, https:\/\/i0.wp.com\/store.droneway.ma\/wp-content\/uploads\/2020\/11\/cable-type-c-pour-radiocommande-mavic-air-2-p-image-217350-grande.jpg?resize=525%2C300&ssl=1 1.5x, https:\/\/i0.wp.com\/store.droneway.ma\/wp-content\/uploads\/2020\/11\/cable-type-c-pour-radiocommande-mavic-air-2-p-image-217350-grande.jpg?resize=700%2C400&ssl=1 2x, https:\/\/i0.wp.com\/store.droneway.ma\/wp-content\/uploads\/2020\/11\/cable-type-c-pour-radiocommande-mavic-air-2-p-image-217350-grande.jpg?resize=1050%2C600&ssl=1 3x, https:\/\/i0.wp.com\/store.droneway.ma\/wp-content\/uploads\/2020\/11\/cable-type-c-pour-radiocommande-mavic-air-2-p-image-217350-grande.jpg?resize=1400%2C800&ssl=1 4x"},"classes":[]},{"id":2163,"url":"https:\/\/store.droneway.ma\/index.php\/produit\/chargeur-pour-dji-mavic-air-2\/","url_meta":{"origin":2160,"position":1},"title":"Chargeur pour DJI Mavic Air 2","author":"admin","date":"21 novembre 2020","format":false,"excerpt":"Charge la batterie et la radiocommande en simultan\u00e9 Plusieurs sorties","rel":"","context":"Article similaire","block_context":{"text":"Article similaire","link":""},"img":{"alt_text":"Chargeur pour DJI Mavic Air 2","src":"https:\/\/i0.wp.com\/store.droneway.ma\/wp-content\/uploads\/2020\/11\/chargeur-pour-dji-mavic-air-2-p-image-217445-grande.jpg?resize=350%2C200&ssl=1","width":350,"height":200,"srcset":"https:\/\/i0.wp.com\/store.droneway.ma\/wp-content\/uploads\/2020\/11\/chargeur-pour-dji-mavic-air-2-p-image-217445-grande.jpg?resize=350%2C200&ssl=1 1x, https:\/\/i0.wp.com\/store.droneway.ma\/wp-content\/uploads\/2020\/11\/chargeur-pour-dji-mavic-air-2-p-image-217445-grande.jpg?resize=525%2C300&ssl=1 1.5x, https:\/\/i0.wp.com\/store.droneway.ma\/wp-content\/uploads\/2020\/11\/chargeur-pour-dji-mavic-air-2-p-image-217445-grande.jpg?resize=700%2C400&ssl=1 2x"},"classes":[]},{"id":2151,"url":"https:\/\/store.droneway.ma\/index.php\/produit\/cable-lightning-pour-radiocommande-dji-mavic-air-2\/","url_meta":{"origin":2160,"position":2},"title":"C\u00e2ble Lightning pour radiocommande DJI Mavic Air 2","author":"admin","date":"21 novembre 2020","format":false,"excerpt":"C\u00e2ble Lightning Compatible radiocommande DJI Mavic Air 2","rel":"","context":"Article similaire","block_context":{"text":"Article similaire","link":""},"img":{"alt_text":"C\u00e2ble Lightning pour radiocommande DJI Mavic Air 2","src":"https:\/\/i0.wp.com\/store.droneway.ma\/wp-content\/uploads\/2020\/11\/cable-lightning-pour-radiocommande-dji-mavic-air-2-p-image-217344-grande.jpg?resize=350%2C200&ssl=1","width":350,"height":200,"srcset":"https:\/\/i0.wp.com\/store.droneway.ma\/wp-content\/uploads\/2020\/11\/cable-lightning-pour-radiocommande-dji-mavic-air-2-p-image-217344-grande.jpg?resize=350%2C200&ssl=1 1x, https:\/\/i0.wp.com\/store.droneway.ma\/wp-content\/uploads\/2020\/11\/cable-lightning-pour-radiocommande-dji-mavic-air-2-p-image-217344-grande.jpg?resize=525%2C300&ssl=1 1.5x, https:\/\/i0.wp.com\/store.droneway.ma\/wp-content\/uploads\/2020\/11\/cable-lightning-pour-radiocommande-dji-mavic-air-2-p-image-217344-grande.jpg?resize=700%2C400&ssl=1 2x, https:\/\/i0.wp.com\/store.droneway.ma\/wp-content\/uploads\/2020\/11\/cable-lightning-pour-radiocommande-dji-mavic-air-2-p-image-217344-grande.jpg?resize=1050%2C600&ssl=1 3x, https:\/\/i0.wp.com\/store.droneway.ma\/wp-content\/uploads\/2020\/11\/cable-lightning-pour-radiocommande-dji-mavic-air-2-p-image-217344-grande.jpg?resize=1400%2C800&ssl=1 4x"},"classes":[]},{"id":2193,"url":"https:\/\/store.droneway.ma\/index.php\/produit\/chargeur-de-batterie-pour-dji-mavic-2\/","url_meta":{"origin":2160,"position":3},"title":"Chargeur de batterie pour DJI Mavic 2","author":"admin","date":"21 novembre 2020","format":false,"excerpt":"Il est compatible avec la version Pro et Zoom du DJI Mavic 2, et int\u00e8gre une interface USB Type A ainsi qu'une interface micro USB.","rel":"","context":"Article similaire","block_context":{"text":"Article similaire","link":""},"img":{"alt_text":"Chargeur de batterie pour DJI Mavic 2","src":"https:\/\/i0.wp.com\/store.droneway.ma\/wp-content\/uploads\/2020\/11\/Chargeur-de-batterie-pour-DJI-Mavic-2.jpg?resize=350%2C200&ssl=1","width":350,"height":200},"classes":[]},{"id":2156,"url":"https:\/\/store.droneway.ma\/index.php\/produit\/pare-soleil-pour-radiocommande-dji-mavic-air-2\/","url_meta":{"origin":2160,"position":4},"title":"Pare-soleil pour radiocommande DJI Mavic Air 2","author":"admin","date":"21 novembre 2020","format":false,"excerpt":"Pare-soleil pour radiocommande DJI Mavic Air 2","rel":"","context":"Article similaire","block_context":{"text":"Article similaire","link":""},"img":{"alt_text":"Pare-soleil pour radiocommande DJI Mavic Air 2","src":"https:\/\/i0.wp.com\/store.droneway.ma\/wp-content\/uploads\/2020\/11\/pare-soleil-pour-radiocommande-dji-mavic-air-2-p-image-218767-grande.jpg?resize=350%2C200&ssl=1","width":350,"height":200,"srcset":"https:\/\/i0.wp.com\/store.droneway.ma\/wp-content\/uploads\/2020\/11\/pare-soleil-pour-radiocommande-dji-mavic-air-2-p-image-218767-grande.jpg?resize=350%2C200&ssl=1 1x, https:\/\/i0.wp.com\/store.droneway.ma\/wp-content\/uploads\/2020\/11\/pare-soleil-pour-radiocommande-dji-mavic-air-2-p-image-218767-grande.jpg?resize=525%2C300&ssl=1 1.5x, https:\/\/i0.wp.com\/store.droneway.ma\/wp-content\/uploads\/2020\/11\/pare-soleil-pour-radiocommande-dji-mavic-air-2-p-image-218767-grande.jpg?resize=700%2C400&ssl=1 2x, https:\/\/i0.wp.com\/store.droneway.ma\/wp-content\/uploads\/2020\/11\/pare-soleil-pour-radiocommande-dji-mavic-air-2-p-image-218767-grande.jpg?resize=1050%2C600&ssl=1 3x, https:\/\/i0.wp.com\/store.droneway.ma\/wp-content\/uploads\/2020\/11\/pare-soleil-pour-radiocommande-dji-mavic-air-2-p-image-218767-grande.jpg?resize=1400%2C800&ssl=1 4x"},"classes":[]},{"id":2262,"url":"https:\/\/store.droneway.ma\/index.php\/produit\/radiocommande-dji-smart-controller\/","url_meta":{"origin":2160,"position":5},"title":"Radiocommande DJI Smart Controller","author":"admin","date":"21 novembre 2020","format":false,"excerpt":"Radiocommande avec \u00e9cran 5,5 pouces 1080p Compatible transmission OcuSync 2.0 Syst\u00e8me Android personnalis\u00e9 DJI Go Share pour le partage Applis tierces support\u00e9es Compatible DJI Mavic Air 2","rel":"","context":"Article similaire","block_context":{"text":"Article similaire","link":""},"img":{"alt_text":"Radiocommande DJI Smart Controller","src":"https:\/\/i0.wp.com\/store.droneway.ma\/wp-content\/uploads\/2020\/11\/radiocommande-dji-smart-controller-p-image-204965-grande.jpg?resize=350%2C200&ssl=1","width":350,"height":200},"classes":[]}],"jetpack_sharing_enabled":true,"_links":{"self":[{"href":"https:\/\/store.droneway.ma\/index.php\/wp-json\/wp\/v2\/product\/2160","targetHints":{"allow":["GET"]}}],"collection":[{"href":"https:\/\/store.droneway.ma\/index.php\/wp-json\/wp\/v2\/product"}],"about":[{"href":"https:\/\/store.droneway.ma\/index.php\/wp-json\/wp\/v2\/types\/product"}],"wp:featuredmedia":[{"embeddable":true,"href":"https:\/\/store.droneway.ma\/index.php\/wp-json\/wp\/v2\/media\/198"}],"wp:attachment":[{"href":"https:\/\/store.droneway.ma\/index.php\/wp-json\/wp\/v2\/media?parent=2160"}],"wp:term":[{"taxonomy":"product_brand","embeddable":true,"href":"https:\/\/store.droneway.ma\/index.php\/wp-json\/wp\/v2\/product_brand?post=2160"},{"taxonomy":"product_cat","embeddable":true,"href":"https:\/\/store.droneway.ma\/index.php\/wp-json\/wp\/v2\/product_cat?post=2160"},{"taxonomy":"product_tag","embeddable":true,"href":"https:\/\/store.droneway.ma\/index.php\/wp-json\/wp\/v2\/product_tag?post=2160"}],"curies":[{"name":"wp","href":"https:\/\/api.w.org\/{rel}","templated":true}]}}