{"id":2157,"date":"2020-11-21T19:02:04","date_gmt":"2020-11-21T18:02:04","guid":{"rendered":"http:\/\/store.droneway.ma\/index.php\/produit\/sac-de-securite-pour-batterie-dji-mavic-air-2\/"},"modified":"2020-11-21T19:02:08","modified_gmt":"2020-11-21T18:02:08","slug":"sac-de-securite-pour-batterie-dji-mavic-air-2","status":"publish","type":"product","link":"https:\/\/store.droneway.ma\/index.php\/produit\/sac-de-securite-pour-batterie-dji-mavic-air-2\/","title":{"rendered":"Sac de s\u00e9curit\u00e9 pour batterie DJI Mavic Air 2"},"content":{"rendered":"<p>Ce sac de s\u00e9curit\u00e9 vous permettra de ranger, transporter et stocker la batterie intelligente de votre DJI Mavic Air 2.<\/p>\n","protected":false},"excerpt":{"rendered":"<p>Protection optimale de votre batterie de Mavic Air 2<br \/>\nRangement s\u00e9curis\u00e9  Fermeture velcro<\/p>\n","protected":false},"featured_media":129,"template":"","meta":{"content-type":"","rop_custom_images_group":[],"rop_custom_messages_group":[],"rop_publish_now":"initial","rop_publish_now_accounts":[],"rop_publish_now_history":[],"rop_publish_now_status":"pending"},"product_brand":[],"product_cat":[16,58],"product_tag":[],"class_list":{"0":"post-2157","1":"product","2":"type-product","3":"status-publish","4":"has-post-thumbnail","6":"product_cat-dji-mavic","7":"product_cat-mavic-air-2","9":"first","10":"instock","11":"purchasable","12":"product-type-simple"},"jetpack-related-posts":[{"id":2158,"url":"https:\/\/store.droneway.ma\/index.php\/produit\/sac-de-securite-pour-3-batteries-dji-mavic-air-2\/","url_meta":{"origin":2157,"position":0},"title":"Sac de s\u00e9curit\u00e9 pour 3 batteries DJI Mavic Air 2","author":"admin","date":"21 novembre 2020","format":false,"excerpt":"Protection optimale de vos batteries de Mavic Air 2 Rangement s\u00e9curis\u00e9 Fermeture velcro","rel":"","context":"Article similaire","block_context":{"text":"Article similaire","link":""},"img":{"alt_text":"Sac de s\u00e9curit\u00e9 pour 3 batteries DJI Mavic Air 2","src":"https:\/\/i0.wp.com\/store.droneway.ma\/wp-content\/uploads\/2020\/11\/sac-de-securite-pour-3-batteries-dji-mavic-air-2-p-image-217573-grande.jpg?resize=350%2C200&ssl=1","width":350,"height":200,"srcset":"https:\/\/i0.wp.com\/store.droneway.ma\/wp-content\/uploads\/2020\/11\/sac-de-securite-pour-3-batteries-dji-mavic-air-2-p-image-217573-grande.jpg?resize=350%2C200&ssl=1 1x, https:\/\/i0.wp.com\/store.droneway.ma\/wp-content\/uploads\/2020\/11\/sac-de-securite-pour-3-batteries-dji-mavic-air-2-p-image-217573-grande.jpg?resize=525%2C300&ssl=1 1.5x, https:\/\/i0.wp.com\/store.droneway.ma\/wp-content\/uploads\/2020\/11\/sac-de-securite-pour-3-batteries-dji-mavic-air-2-p-image-217573-grande.jpg?resize=700%2C400&ssl=1 2x"},"classes":[]},{"id":2147,"url":"https:\/\/store.droneway.ma\/index.php\/produit\/dji-mavic-air-2-fly-more-combo\/","url_meta":{"origin":2157,"position":1},"title":"DJI Mavic Air 2 Fly More Combo","author":"admin","date":"21 novembre 2020","format":false,"excerpt":"Version Fly More Combo : plus d'accessoires H\u00e9lices et batteries suppl\u00e9mentaires Autonomie totale de 102 minutes Chargeur triple et adaptateur batterie externe inclus inclus Sac bandouli\u00e8re pour contenir le drone et ses accessoires Set de filtres ND inclus pour am\u00e9liorer les prises de vue par temps tr\u00e8s ensoleill\u00e9","rel":"","context":"Article similaire","block_context":{"text":"Article similaire","link":""},"img":{"alt_text":"DJI Mavic Air 2 Fly More Combo","src":"https:\/\/i0.wp.com\/store.droneway.ma\/wp-content\/uploads\/2020\/11\/dji-mavic-air-2-fly-more-combo-p-image-217461-grande.jpg?resize=350%2C200&ssl=1","width":350,"height":200,"srcset":"https:\/\/i0.wp.com\/store.droneway.ma\/wp-content\/uploads\/2020\/11\/dji-mavic-air-2-fly-more-combo-p-image-217461-grande.jpg?resize=350%2C200&ssl=1 1x, https:\/\/i0.wp.com\/store.droneway.ma\/wp-content\/uploads\/2020\/11\/dji-mavic-air-2-fly-more-combo-p-image-217461-grande.jpg?resize=525%2C300&ssl=1 1.5x, https:\/\/i0.wp.com\/store.droneway.ma\/wp-content\/uploads\/2020\/11\/dji-mavic-air-2-fly-more-combo-p-image-217461-grande.jpg?resize=700%2C400&ssl=1 2x"},"classes":[]},{"id":2161,"url":"https:\/\/store.droneway.ma\/index.php\/produit\/batterie-intelligente-pour-dji-mavic-air-2\/","url_meta":{"origin":2157,"position":2},"title":"Batterie Intelligente pour DJI Mavic Air 2","author":"admin","date":"21 novembre 2020","format":false,"excerpt":"Batterie lithium-ion \u00e0 haute \u00e9nergie Jusqu'\u00e0 34 minutes de vol\u00a0 Protection intelligente","rel":"","context":"Article similaire","block_context":{"text":"Article similaire","link":""},"img":{"alt_text":"Batterie Intelligente pour DJI Mavic Air 2","src":"https:\/\/i0.wp.com\/store.droneway.ma\/wp-content\/uploads\/2020\/11\/batterie-intelligente-pour-dji-mavic-air-2-p-image-217454-grande.jpg?resize=350%2C200&ssl=1","width":350,"height":200,"srcset":"https:\/\/i0.wp.com\/store.droneway.ma\/wp-content\/uploads\/2020\/11\/batterie-intelligente-pour-dji-mavic-air-2-p-image-217454-grande.jpg?resize=350%2C200&ssl=1 1x, https:\/\/i0.wp.com\/store.droneway.ma\/wp-content\/uploads\/2020\/11\/batterie-intelligente-pour-dji-mavic-air-2-p-image-217454-grande.jpg?resize=525%2C300&ssl=1 1.5x, https:\/\/i0.wp.com\/store.droneway.ma\/wp-content\/uploads\/2020\/11\/batterie-intelligente-pour-dji-mavic-air-2-p-image-217454-grande.jpg?resize=700%2C400&ssl=1 2x"},"classes":[]},{"id":2164,"url":"https:\/\/store.droneway.ma\/index.php\/produit\/hub-de-chargement-dji-mavic-air-2\/","url_meta":{"origin":2157,"position":3},"title":"Hub de chargement DJI Mavic Air 2","author":"admin","date":"21 novembre 2020","format":false,"excerpt":"Charge 3 batteries d'affil\u00e9 Compact","rel":"","context":"Article similaire","block_context":{"text":"Article similaire","link":""},"img":{"alt_text":"Hub de chargement DJI Mavic Air 2","src":"https:\/\/i0.wp.com\/store.droneway.ma\/wp-content\/uploads\/2020\/11\/hub-de-chargement-dji-mavic-air-2-p-image-217448-grande.jpg?resize=350%2C200&ssl=1","width":350,"height":200,"srcset":"https:\/\/i0.wp.com\/store.droneway.ma\/wp-content\/uploads\/2020\/11\/hub-de-chargement-dji-mavic-air-2-p-image-217448-grande.jpg?resize=350%2C200&ssl=1 1x, https:\/\/i0.wp.com\/store.droneway.ma\/wp-content\/uploads\/2020\/11\/hub-de-chargement-dji-mavic-air-2-p-image-217448-grande.jpg?resize=525%2C300&ssl=1 1.5x, https:\/\/i0.wp.com\/store.droneway.ma\/wp-content\/uploads\/2020\/11\/hub-de-chargement-dji-mavic-air-2-p-image-217448-grande.jpg?resize=700%2C400&ssl=1 2x"},"classes":[]},{"id":2162,"url":"https:\/\/store.droneway.ma\/index.php\/produit\/chargeur-multiple-pour-dji-mavic-air-2\/","url_meta":{"origin":2157,"position":4},"title":"Chargeur multiple pour DJI Mavic Air 2","author":"admin","date":"21 novembre 2020","format":false,"excerpt":"Chargeur con\u00e7u pour le DJI Mavic Air 2 Possibilit\u00e9 de recharger quatre batteries simultan\u00e9ment Permet de recharger la radiocommande et le smartphone Alimentation fournie","rel":"","context":"Article similaire","block_context":{"text":"Article similaire","link":""},"img":{"alt_text":"Chargeur multiple pour DJI Mavic Air 2","src":"https:\/\/i0.wp.com\/store.droneway.ma\/wp-content\/uploads\/2020\/11\/chargeur-multiple-pour-dji-mavic-mini-p-image-217808-grande.jpg?resize=350%2C200&ssl=1","width":350,"height":200,"srcset":"https:\/\/i0.wp.com\/store.droneway.ma\/wp-content\/uploads\/2020\/11\/chargeur-multiple-pour-dji-mavic-mini-p-image-217808-grande.jpg?resize=350%2C200&ssl=1 1x, https:\/\/i0.wp.com\/store.droneway.ma\/wp-content\/uploads\/2020\/11\/chargeur-multiple-pour-dji-mavic-mini-p-image-217808-grande.jpg?resize=525%2C300&ssl=1 1.5x, https:\/\/i0.wp.com\/store.droneway.ma\/wp-content\/uploads\/2020\/11\/chargeur-multiple-pour-dji-mavic-mini-p-image-217808-grande.jpg?resize=700%2C400&ssl=1 2x"},"classes":[]},{"id":2163,"url":"https:\/\/store.droneway.ma\/index.php\/produit\/chargeur-pour-dji-mavic-air-2\/","url_meta":{"origin":2157,"position":5},"title":"Chargeur pour DJI Mavic Air 2","author":"admin","date":"21 novembre 2020","format":false,"excerpt":"Charge la batterie et la radiocommande en simultan\u00e9 Plusieurs sorties","rel":"","context":"Article similaire","block_context":{"text":"Article similaire","link":""},"img":{"alt_text":"Chargeur pour DJI Mavic Air 2","src":"https:\/\/i0.wp.com\/store.droneway.ma\/wp-content\/uploads\/2020\/11\/chargeur-pour-dji-mavic-air-2-p-image-217445-grande.jpg?resize=350%2C200&ssl=1","width":350,"height":200,"srcset":"https:\/\/i0.wp.com\/store.droneway.ma\/wp-content\/uploads\/2020\/11\/chargeur-pour-dji-mavic-air-2-p-image-217445-grande.jpg?resize=350%2C200&ssl=1 1x, https:\/\/i0.wp.com\/store.droneway.ma\/wp-content\/uploads\/2020\/11\/chargeur-pour-dji-mavic-air-2-p-image-217445-grande.jpg?resize=525%2C300&ssl=1 1.5x, https:\/\/i0.wp.com\/store.droneway.ma\/wp-content\/uploads\/2020\/11\/chargeur-pour-dji-mavic-air-2-p-image-217445-grande.jpg?resize=700%2C400&ssl=1 2x"},"classes":[]}],"jetpack_sharing_enabled":true,"_links":{"self":[{"href":"https:\/\/store.droneway.ma\/index.php\/wp-json\/wp\/v2\/product\/2157","targetHints":{"allow":["GET"]}}],"collection":[{"href":"https:\/\/store.droneway.ma\/index.php\/wp-json\/wp\/v2\/product"}],"about":[{"href":"https:\/\/store.droneway.ma\/index.php\/wp-json\/wp\/v2\/types\/product"}],"wp:featuredmedia":[{"embeddable":true,"href":"https:\/\/store.droneway.ma\/index.php\/wp-json\/wp\/v2\/media\/129"}],"wp:attachment":[{"href":"https:\/\/store.droneway.ma\/index.php\/wp-json\/wp\/v2\/media?parent=2157"}],"wp:term":[{"taxonomy":"product_brand","embeddable":true,"href":"https:\/\/store.droneway.ma\/index.php\/wp-json\/wp\/v2\/product_brand?post=2157"},{"taxonomy":"product_cat","embeddable":true,"href":"https:\/\/store.droneway.ma\/index.php\/wp-json\/wp\/v2\/product_cat?post=2157"},{"taxonomy":"product_tag","embeddable":true,"href":"https:\/\/store.droneway.ma\/index.php\/wp-json\/wp\/v2\/product_tag?post=2157"}],"curies":[{"name":"wp","href":"https:\/\/api.w.org\/{rel}","templated":true}]}}