{"id":2153,"date":"2020-11-21T19:02:04","date_gmt":"2020-11-21T18:02:04","guid":{"rendered":"http:\/\/store.droneway.ma\/index.php\/produit\/porte-helices-pour-dji-mavic-air-2-pgytech\/"},"modified":"2020-11-21T19:02:07","modified_gmt":"2020-11-21T18:02:07","slug":"porte-helices-pour-dji-mavic-air-2-pgytech","status":"publish","type":"product","link":"https:\/\/store.droneway.ma\/index.php\/produit\/porte-helices-pour-dji-mavic-air-2-pgytech\/","title":{"rendered":"Porte h\u00e9lices pour DJI Mavic Air 2 &#8211; PGYTECH"},"content":{"rendered":"<p>Le porte h\u00e9lices pour de PGYTECH permet de maintenir les h\u00e9lices de votre DJI Mavic Air 2 lorsque vous le transportez.<\/p>\n","protected":false},"excerpt":{"rendered":"<p>Optimise le transport et prot\u00e8ge les h\u00e9lices<br \/>\nPorte-h\u00e9lice sp\u00e9cialement con\u00e7u pour DJI Mavic Air 2<br \/>\nAssemblage et d\u00e9sassemblage rapide &#038; facile<\/p>\n","protected":false},"featured_media":109,"template":"","meta":{"content-type":"","rop_custom_images_group":[],"rop_custom_messages_group":[],"rop_publish_now":"initial","rop_publish_now_accounts":[],"rop_publish_now_history":[],"rop_publish_now_status":"pending"},"product_brand":[],"product_cat":[16,58],"product_tag":[],"class_list":{"0":"post-2153","1":"product","2":"type-product","3":"status-publish","4":"has-post-thumbnail","6":"product_cat-dji-mavic","7":"product_cat-mavic-air-2","9":"first","10":"instock","11":"purchasable","12":"product-type-simple"},"jetpack-related-posts":[{"id":2235,"url":"https:\/\/store.droneway.ma\/index.php\/produit\/support-helices-pour-dji-mavic-2-pgytech\/","url_meta":{"origin":2153,"position":0},"title":"Support h\u00e9lices pour DJI Mavic 2 &#8211; PGYTECH","author":"admin","date":"21 novembre 2020","format":false,"excerpt":"S\u00e9curise votre drone\u00a0 Pr\u00e9serve les h\u00e9lices\u00a0 Finition haut de gamme\u00a0 Installation simpliste","rel":"","context":"Article similaire","block_context":{"text":"Article similaire","link":""},"img":{"alt_text":"Support h\u00e9lices pour DJI Mavic 2 - PGYTECH","src":"https:\/\/i0.wp.com\/store.droneway.ma\/wp-content\/uploads\/2020\/11\/Support-helices-pour-DJI-Mavic-2-PGYTECH-1.jpg?resize=350%2C200&ssl=1","width":350,"height":200,"srcset":"https:\/\/i0.wp.com\/store.droneway.ma\/wp-content\/uploads\/2020\/11\/Support-helices-pour-DJI-Mavic-2-PGYTECH-1.jpg?resize=350%2C200&ssl=1 1x, https:\/\/i0.wp.com\/store.droneway.ma\/wp-content\/uploads\/2020\/11\/Support-helices-pour-DJI-Mavic-2-PGYTECH-1.jpg?resize=525%2C300&ssl=1 1.5x, https:\/\/i0.wp.com\/store.droneway.ma\/wp-content\/uploads\/2020\/11\/Support-helices-pour-DJI-Mavic-2-PGYTECH-1.jpg?resize=700%2C400&ssl=1 2x"},"classes":[]},{"id":2273,"url":"https:\/\/store.droneway.ma\/index.php\/produit\/protections-dhelices-pour-dji-mavic-2-pgytech\/","url_meta":{"origin":2153,"position":1},"title":"Protections d&rsquo;h\u00e9lices pour DJI Mavic 2 &#8211; PGYTECH","author":"admin","date":"21 novembre 2020","format":false,"excerpt":"Compatible DJI Mavic 2 Pro, Zoom et Enterprise\u00a0 A clipser\u00a0 Finition ABS","rel":"","context":"Article similaire","block_context":{"text":"Article similaire","link":""},"img":{"alt_text":"Protections d'h\u00e9lices pour DJI Mavic 2 - PGYTECH","src":"https:\/\/i0.wp.com\/store.droneway.ma\/wp-content\/uploads\/2020\/11\/Protections-dhelices-pour-DJI-Mavic-2-PGYTECH.jpg?resize=350%2C200&ssl=1","width":350,"height":200,"srcset":"https:\/\/i0.wp.com\/store.droneway.ma\/wp-content\/uploads\/2020\/11\/Protections-dhelices-pour-DJI-Mavic-2-PGYTECH.jpg?resize=350%2C200&ssl=1 1x, https:\/\/i0.wp.com\/store.droneway.ma\/wp-content\/uploads\/2020\/11\/Protections-dhelices-pour-DJI-Mavic-2-PGYTECH.jpg?resize=525%2C300&ssl=1 1.5x"},"classes":[]},{"id":2147,"url":"https:\/\/store.droneway.ma\/index.php\/produit\/dji-mavic-air-2-fly-more-combo\/","url_meta":{"origin":2153,"position":2},"title":"DJI Mavic Air 2 Fly More Combo","author":"admin","date":"21 novembre 2020","format":false,"excerpt":"Version Fly More Combo : plus d'accessoires H\u00e9lices et batteries suppl\u00e9mentaires Autonomie totale de 102 minutes Chargeur triple et adaptateur batterie externe inclus inclus Sac bandouli\u00e8re pour contenir le drone et ses accessoires Set de filtres ND inclus pour am\u00e9liorer les prises de vue par temps tr\u00e8s ensoleill\u00e9","rel":"","context":"Article similaire","block_context":{"text":"Article similaire","link":""},"img":{"alt_text":"DJI Mavic Air 2 Fly More Combo","src":"https:\/\/i0.wp.com\/store.droneway.ma\/wp-content\/uploads\/2020\/11\/dji-mavic-air-2-fly-more-combo-p-image-217461-grande.jpg?resize=350%2C200&ssl=1","width":350,"height":200,"srcset":"https:\/\/i0.wp.com\/store.droneway.ma\/wp-content\/uploads\/2020\/11\/dji-mavic-air-2-fly-more-combo-p-image-217461-grande.jpg?resize=350%2C200&ssl=1 1x, https:\/\/i0.wp.com\/store.droneway.ma\/wp-content\/uploads\/2020\/11\/dji-mavic-air-2-fly-more-combo-p-image-217461-grande.jpg?resize=525%2C300&ssl=1 1.5x, https:\/\/i0.wp.com\/store.droneway.ma\/wp-content\/uploads\/2020\/11\/dji-mavic-air-2-fly-more-combo-p-image-217461-grande.jpg?resize=700%2C400&ssl=1 2x"},"classes":[]},{"id":2254,"url":"https:\/\/store.droneway.ma\/index.php\/produit\/protections-silicone-pour-moteurs-dji-mavic-pro-et-mavic-2\/","url_meta":{"origin":2153,"position":3},"title":"Protections silicone pour moteurs DJI Mavic Pro et Mavic 2","author":"admin","date":"21 novembre 2020","format":false,"excerpt":"Protection pour les moteurs et les fixation d'h\u00e9lices Pr\u00e9vient l'accumulation de poussi\u00e8res Silicone doux au toucher Plusieurs couleurs","rel":"","context":"Article similaire","block_context":{"text":"Article similaire","link":""},"img":{"alt_text":"Protections silicone pour moteurs DJI Mavic Pro et Mavic 2","src":"https:\/\/i0.wp.com\/store.droneway.ma\/wp-content\/uploads\/2020\/11\/Protections-silicone-pour-moteurs-DJI-Mavic-Pro-et-Mavic-2.jpg?resize=350%2C200&ssl=1","width":350,"height":200},"classes":[]},{"id":2224,"url":"https:\/\/store.droneway.ma\/index.php\/produit\/kit-fly-more-pour-dji-mavic-2\/","url_meta":{"origin":2153,"position":4},"title":"Kit Fly More pour DJI Mavic 2","author":"admin","date":"21 novembre 2020","format":false,"excerpt":"Plus de batteries :\u00a0 mulipliez le nombres de vols ! Gestion am\u00e9lior\u00e9e de la charge : hub secteur Mode nomade : chargeur voiture H\u00e9lices en spare","rel":"","context":"Article similaire","block_context":{"text":"Article similaire","link":""},"img":{"alt_text":"Kit Fly More pour DJI Mavic 2","src":"https:\/\/i0.wp.com\/store.droneway.ma\/wp-content\/uploads\/2020\/11\/kit-fly-more-pour-dji-mavic-2-p-image-200887-grande.jpg?resize=350%2C200&ssl=1","width":350,"height":200,"srcset":"https:\/\/i0.wp.com\/store.droneway.ma\/wp-content\/uploads\/2020\/11\/kit-fly-more-pour-dji-mavic-2-p-image-200887-grande.jpg?resize=350%2C200&ssl=1 1x, https:\/\/i0.wp.com\/store.droneway.ma\/wp-content\/uploads\/2020\/11\/kit-fly-more-pour-dji-mavic-2-p-image-200887-grande.jpg?resize=525%2C300&ssl=1 1.5x"},"classes":[]},{"id":2175,"url":"https:\/\/store.droneway.ma\/index.php\/produit\/dji-mavic-2-pro-de-remplacement\/","url_meta":{"origin":2153,"position":5},"title":"DJI Mavic 2 Pro de remplacement","author":"admin","date":"21 novembre 2020","format":false,"excerpt":"Note : la radiocommande et le chargeur de batterie ne sont pas inclus.","rel":"","context":"Article similaire","block_context":{"text":"Article similaire","link":""},"img":{"alt_text":"DJI Mavic 2 Pro de remplacement","src":"https:\/\/i0.wp.com\/store.droneway.ma\/wp-content\/uploads\/2020\/11\/DJI-Mavic-2-Pro-de-remplacement.jpg?resize=350%2C200&ssl=1","width":350,"height":200,"srcset":"https:\/\/i0.wp.com\/store.droneway.ma\/wp-content\/uploads\/2020\/11\/DJI-Mavic-2-Pro-de-remplacement.jpg?resize=350%2C200&ssl=1 1x, https:\/\/i0.wp.com\/store.droneway.ma\/wp-content\/uploads\/2020\/11\/DJI-Mavic-2-Pro-de-remplacement.jpg?resize=525%2C300&ssl=1 1.5x, https:\/\/i0.wp.com\/store.droneway.ma\/wp-content\/uploads\/2020\/11\/DJI-Mavic-2-Pro-de-remplacement.jpg?resize=700%2C400&ssl=1 2x"},"classes":[]}],"jetpack_sharing_enabled":true,"_links":{"self":[{"href":"https:\/\/store.droneway.ma\/index.php\/wp-json\/wp\/v2\/product\/2153","targetHints":{"allow":["GET"]}}],"collection":[{"href":"https:\/\/store.droneway.ma\/index.php\/wp-json\/wp\/v2\/product"}],"about":[{"href":"https:\/\/store.droneway.ma\/index.php\/wp-json\/wp\/v2\/types\/product"}],"wp:featuredmedia":[{"embeddable":true,"href":"https:\/\/store.droneway.ma\/index.php\/wp-json\/wp\/v2\/media\/109"}],"wp:attachment":[{"href":"https:\/\/store.droneway.ma\/index.php\/wp-json\/wp\/v2\/media?parent=2153"}],"wp:term":[{"taxonomy":"product_brand","embeddable":true,"href":"https:\/\/store.droneway.ma\/index.php\/wp-json\/wp\/v2\/product_brand?post=2153"},{"taxonomy":"product_cat","embeddable":true,"href":"https:\/\/store.droneway.ma\/index.php\/wp-json\/wp\/v2\/product_cat?post=2153"},{"taxonomy":"product_tag","embeddable":true,"href":"https:\/\/store.droneway.ma\/index.php\/wp-json\/wp\/v2\/product_tag?post=2153"}],"curies":[{"name":"wp","href":"https:\/\/api.w.org\/{rel}","templated":true}]}}