{"id":2152,"date":"2020-11-21T19:02:04","date_gmt":"2020-11-21T18:02:04","guid":{"rendered":"http:\/\/store.droneway.ma\/index.php\/produit\/cable-type-c-pour-radiocommande-dji-mavic-air-2\/"},"modified":"2020-11-21T19:02:06","modified_gmt":"2020-11-21T18:02:06","slug":"cable-type-c-pour-radiocommande-dji-mavic-air-2","status":"publish","type":"product","link":"https:\/\/store.droneway.ma\/index.php\/produit\/cable-type-c-pour-radiocommande-dji-mavic-air-2\/","title":{"rendered":"C\u00e2ble Type-C pour radiocommande DJI Mavic Air 2"},"content":{"rendered":"<p>Ce c\u00e2ble disposant d&rsquo;une connectique Type-C est d\u00e9di\u00e9 \u00e0 la radiocommande DJI Mavic Air 2.<\/p>\n","protected":false},"excerpt":{"rendered":"<p>Compatible radiocommande DJI Mavic Air 2\u00a0<br \/>\nConnectique Type-C<\/p>\n","protected":false},"featured_media":105,"template":"","meta":{"content-type":"","rop_custom_images_group":[],"rop_custom_messages_group":[],"rop_publish_now":"initial","rop_publish_now_accounts":[],"rop_publish_now_history":[],"rop_publish_now_status":"pending"},"product_brand":[],"product_cat":[16,58],"product_tag":[],"class_list":{"0":"post-2152","1":"product","2":"type-product","3":"status-publish","4":"has-post-thumbnail","6":"product_cat-dji-mavic","7":"product_cat-mavic-air-2","9":"first","10":"instock","11":"purchasable","12":"product-type-simple"},"jetpack-related-posts":[{"id":2160,"url":"https:\/\/store.droneway.ma\/index.php\/produit\/cable-micro-usb-pour-radiocommande-dji-mavic-air-2\/","url_meta":{"origin":2152,"position":0},"title":"Cable Micro USB pour radiocommande DJI Mavic Air 2","author":"admin","date":"21 novembre 2020","format":false,"excerpt":"Compatible DJI Mavic Air 2\u00a0 Connectique Micro USB","rel":"","context":"Article similaire","block_context":{"text":"Article similaire","link":""},"img":{"alt_text":"Cable Micro USB pour radiocommande DJI Mavic Air 2","src":"https:\/\/i0.wp.com\/store.droneway.ma\/wp-content\/uploads\/2020\/11\/cable-microusb-pour-radiocommande-dji-mavic-air-2-p-image-217347-grande.jpg?resize=350%2C200&ssl=1","width":350,"height":200,"srcset":"https:\/\/i0.wp.com\/store.droneway.ma\/wp-content\/uploads\/2020\/11\/cable-microusb-pour-radiocommande-dji-mavic-air-2-p-image-217347-grande.jpg?resize=350%2C200&ssl=1 1x, https:\/\/i0.wp.com\/store.droneway.ma\/wp-content\/uploads\/2020\/11\/cable-microusb-pour-radiocommande-dji-mavic-air-2-p-image-217347-grande.jpg?resize=525%2C300&ssl=1 1.5x, https:\/\/i0.wp.com\/store.droneway.ma\/wp-content\/uploads\/2020\/11\/cable-microusb-pour-radiocommande-dji-mavic-air-2-p-image-217347-grande.jpg?resize=700%2C400&ssl=1 2x, https:\/\/i0.wp.com\/store.droneway.ma\/wp-content\/uploads\/2020\/11\/cable-microusb-pour-radiocommande-dji-mavic-air-2-p-image-217347-grande.jpg?resize=1050%2C600&ssl=1 3x, https:\/\/i0.wp.com\/store.droneway.ma\/wp-content\/uploads\/2020\/11\/cable-microusb-pour-radiocommande-dji-mavic-air-2-p-image-217347-grande.jpg?resize=1400%2C800&ssl=1 4x"},"classes":[]},{"id":2151,"url":"https:\/\/store.droneway.ma\/index.php\/produit\/cable-lightning-pour-radiocommande-dji-mavic-air-2\/","url_meta":{"origin":2152,"position":1},"title":"C\u00e2ble Lightning pour radiocommande DJI Mavic Air 2","author":"admin","date":"21 novembre 2020","format":false,"excerpt":"C\u00e2ble Lightning Compatible radiocommande DJI Mavic Air 2","rel":"","context":"Article similaire","block_context":{"text":"Article similaire","link":""},"img":{"alt_text":"C\u00e2ble Lightning pour radiocommande DJI Mavic Air 2","src":"https:\/\/i0.wp.com\/store.droneway.ma\/wp-content\/uploads\/2020\/11\/cable-lightning-pour-radiocommande-dji-mavic-air-2-p-image-217344-grande.jpg?resize=350%2C200&ssl=1","width":350,"height":200,"srcset":"https:\/\/i0.wp.com\/store.droneway.ma\/wp-content\/uploads\/2020\/11\/cable-lightning-pour-radiocommande-dji-mavic-air-2-p-image-217344-grande.jpg?resize=350%2C200&ssl=1 1x, https:\/\/i0.wp.com\/store.droneway.ma\/wp-content\/uploads\/2020\/11\/cable-lightning-pour-radiocommande-dji-mavic-air-2-p-image-217344-grande.jpg?resize=525%2C300&ssl=1 1.5x, https:\/\/i0.wp.com\/store.droneway.ma\/wp-content\/uploads\/2020\/11\/cable-lightning-pour-radiocommande-dji-mavic-air-2-p-image-217344-grande.jpg?resize=700%2C400&ssl=1 2x, https:\/\/i0.wp.com\/store.droneway.ma\/wp-content\/uploads\/2020\/11\/cable-lightning-pour-radiocommande-dji-mavic-air-2-p-image-217344-grande.jpg?resize=1050%2C600&ssl=1 3x, https:\/\/i0.wp.com\/store.droneway.ma\/wp-content\/uploads\/2020\/11\/cable-lightning-pour-radiocommande-dji-mavic-air-2-p-image-217344-grande.jpg?resize=1400%2C800&ssl=1 4x"},"classes":[]},{"id":2156,"url":"https:\/\/store.droneway.ma\/index.php\/produit\/pare-soleil-pour-radiocommande-dji-mavic-air-2\/","url_meta":{"origin":2152,"position":2},"title":"Pare-soleil pour radiocommande DJI Mavic Air 2","author":"admin","date":"21 novembre 2020","format":false,"excerpt":"Pare-soleil pour radiocommande DJI Mavic Air 2","rel":"","context":"Article similaire","block_context":{"text":"Article similaire","link":""},"img":{"alt_text":"Pare-soleil pour radiocommande DJI Mavic Air 2","src":"https:\/\/i0.wp.com\/store.droneway.ma\/wp-content\/uploads\/2020\/11\/pare-soleil-pour-radiocommande-dji-mavic-air-2-p-image-218767-grande.jpg?resize=350%2C200&ssl=1","width":350,"height":200,"srcset":"https:\/\/i0.wp.com\/store.droneway.ma\/wp-content\/uploads\/2020\/11\/pare-soleil-pour-radiocommande-dji-mavic-air-2-p-image-218767-grande.jpg?resize=350%2C200&ssl=1 1x, https:\/\/i0.wp.com\/store.droneway.ma\/wp-content\/uploads\/2020\/11\/pare-soleil-pour-radiocommande-dji-mavic-air-2-p-image-218767-grande.jpg?resize=525%2C300&ssl=1 1.5x, https:\/\/i0.wp.com\/store.droneway.ma\/wp-content\/uploads\/2020\/11\/pare-soleil-pour-radiocommande-dji-mavic-air-2-p-image-218767-grande.jpg?resize=700%2C400&ssl=1 2x, https:\/\/i0.wp.com\/store.droneway.ma\/wp-content\/uploads\/2020\/11\/pare-soleil-pour-radiocommande-dji-mavic-air-2-p-image-218767-grande.jpg?resize=1050%2C600&ssl=1 3x, https:\/\/i0.wp.com\/store.droneway.ma\/wp-content\/uploads\/2020\/11\/pare-soleil-pour-radiocommande-dji-mavic-air-2-p-image-218767-grande.jpg?resize=1400%2C800&ssl=1 4x"},"classes":[]},{"id":2163,"url":"https:\/\/store.droneway.ma\/index.php\/produit\/chargeur-pour-dji-mavic-air-2\/","url_meta":{"origin":2152,"position":3},"title":"Chargeur pour DJI Mavic Air 2","author":"admin","date":"21 novembre 2020","format":false,"excerpt":"Charge la batterie et la radiocommande en simultan\u00e9 Plusieurs sorties","rel":"","context":"Article similaire","block_context":{"text":"Article similaire","link":""},"img":{"alt_text":"Chargeur pour DJI Mavic Air 2","src":"https:\/\/i0.wp.com\/store.droneway.ma\/wp-content\/uploads\/2020\/11\/chargeur-pour-dji-mavic-air-2-p-image-217445-grande.jpg?resize=350%2C200&ssl=1","width":350,"height":200,"srcset":"https:\/\/i0.wp.com\/store.droneway.ma\/wp-content\/uploads\/2020\/11\/chargeur-pour-dji-mavic-air-2-p-image-217445-grande.jpg?resize=350%2C200&ssl=1 1x, https:\/\/i0.wp.com\/store.droneway.ma\/wp-content\/uploads\/2020\/11\/chargeur-pour-dji-mavic-air-2-p-image-217445-grande.jpg?resize=525%2C300&ssl=1 1.5x, https:\/\/i0.wp.com\/store.droneway.ma\/wp-content\/uploads\/2020\/11\/chargeur-pour-dji-mavic-air-2-p-image-217445-grande.jpg?resize=700%2C400&ssl=1 2x"},"classes":[]},{"id":2262,"url":"https:\/\/store.droneway.ma\/index.php\/produit\/radiocommande-dji-smart-controller\/","url_meta":{"origin":2152,"position":4},"title":"Radiocommande DJI Smart Controller","author":"admin","date":"21 novembre 2020","format":false,"excerpt":"Radiocommande avec \u00e9cran 5,5 pouces 1080p Compatible transmission OcuSync 2.0 Syst\u00e8me Android personnalis\u00e9 DJI Go Share pour le partage Applis tierces support\u00e9es Compatible DJI Mavic Air 2","rel":"","context":"Article similaire","block_context":{"text":"Article similaire","link":""},"img":{"alt_text":"Radiocommande DJI Smart Controller","src":"https:\/\/i0.wp.com\/store.droneway.ma\/wp-content\/uploads\/2020\/11\/radiocommande-dji-smart-controller-p-image-204965-grande.jpg?resize=350%2C200&ssl=1","width":350,"height":200},"classes":[]},{"id":2162,"url":"https:\/\/store.droneway.ma\/index.php\/produit\/chargeur-multiple-pour-dji-mavic-air-2\/","url_meta":{"origin":2152,"position":5},"title":"Chargeur multiple pour DJI Mavic Air 2","author":"admin","date":"21 novembre 2020","format":false,"excerpt":"Chargeur con\u00e7u pour le DJI Mavic Air 2 Possibilit\u00e9 de recharger quatre batteries simultan\u00e9ment Permet de recharger la radiocommande et le smartphone Alimentation fournie","rel":"","context":"Article similaire","block_context":{"text":"Article similaire","link":""},"img":{"alt_text":"Chargeur multiple pour DJI Mavic Air 2","src":"https:\/\/i0.wp.com\/store.droneway.ma\/wp-content\/uploads\/2020\/11\/chargeur-multiple-pour-dji-mavic-mini-p-image-217808-grande.jpg?resize=350%2C200&ssl=1","width":350,"height":200,"srcset":"https:\/\/i0.wp.com\/store.droneway.ma\/wp-content\/uploads\/2020\/11\/chargeur-multiple-pour-dji-mavic-mini-p-image-217808-grande.jpg?resize=350%2C200&ssl=1 1x, https:\/\/i0.wp.com\/store.droneway.ma\/wp-content\/uploads\/2020\/11\/chargeur-multiple-pour-dji-mavic-mini-p-image-217808-grande.jpg?resize=525%2C300&ssl=1 1.5x, https:\/\/i0.wp.com\/store.droneway.ma\/wp-content\/uploads\/2020\/11\/chargeur-multiple-pour-dji-mavic-mini-p-image-217808-grande.jpg?resize=700%2C400&ssl=1 2x"},"classes":[]}],"jetpack_sharing_enabled":true,"_links":{"self":[{"href":"https:\/\/store.droneway.ma\/index.php\/wp-json\/wp\/v2\/product\/2152","targetHints":{"allow":["GET"]}}],"collection":[{"href":"https:\/\/store.droneway.ma\/index.php\/wp-json\/wp\/v2\/product"}],"about":[{"href":"https:\/\/store.droneway.ma\/index.php\/wp-json\/wp\/v2\/types\/product"}],"wp:featuredmedia":[{"embeddable":true,"href":"https:\/\/store.droneway.ma\/index.php\/wp-json\/wp\/v2\/media\/105"}],"wp:attachment":[{"href":"https:\/\/store.droneway.ma\/index.php\/wp-json\/wp\/v2\/media?parent=2152"}],"wp:term":[{"taxonomy":"product_brand","embeddable":true,"href":"https:\/\/store.droneway.ma\/index.php\/wp-json\/wp\/v2\/product_brand?post=2152"},{"taxonomy":"product_cat","embeddable":true,"href":"https:\/\/store.droneway.ma\/index.php\/wp-json\/wp\/v2\/product_cat?post=2152"},{"taxonomy":"product_tag","embeddable":true,"href":"https:\/\/store.droneway.ma\/index.php\/wp-json\/wp\/v2\/product_tag?post=2152"}],"curies":[{"name":"wp","href":"https:\/\/api.w.org\/{rel}","templated":true}]}}