{"id":2150,"date":"2020-11-21T19:02:04","date_gmt":"2020-11-21T18:02:04","guid":{"rendered":"http:\/\/store.droneway.ma\/index.php\/produit\/cable-usb-type-c-vers-type-c-65-cm-pgytech\/"},"modified":"2020-11-21T19:02:05","modified_gmt":"2020-11-21T18:02:05","slug":"cable-usb-type-c-vers-type-c-65-cm-pgytech","status":"publish","type":"product","link":"https:\/\/store.droneway.ma\/index.php\/produit\/cable-usb-type-c-vers-type-c-65-cm-pgytech\/","title":{"rendered":"C\u00e2ble USB Type-C vers Type-C 65 cm &#8211; PGYTECH"},"content":{"rendered":"<p>Rechargez votre action cam ou votre smartphone gr\u00e2ce \u00e0 ce c\u00e2ble USB Type-C de 65 cm.<\/p>\n","protected":false},"excerpt":{"rendered":"<p>Connexion USB Type-C vers Type-C<br \/>\nLongueur de 65 cm<br \/>\nPermet une recharge optimis\u00e9e<\/p>\n","protected":false},"featured_media":92,"template":"","meta":{"content-type":"","rop_custom_images_group":[],"rop_custom_messages_group":[],"rop_publish_now":"initial","rop_publish_now_accounts":[],"rop_publish_now_history":[],"rop_publish_now_status":"pending"},"product_brand":[],"product_cat":[16,58],"product_tag":[],"class_list":{"0":"post-2150","1":"product","2":"type-product","3":"status-publish","4":"has-post-thumbnail","6":"product_cat-dji-mavic","7":"product_cat-mavic-air-2","9":"first","10":"instock","11":"purchasable","12":"product-type-simple"},"jetpack-related-posts":[{"id":2295,"url":"https:\/\/store.droneway.ma\/index.php\/produit\/cable-usb-type-c-vers-lightning-65cm-pgytech\/","url_meta":{"origin":2150,"position":0},"title":"C\u00e2ble USB Type-C vers Lightning 65cm &#8211; PGYTECH","author":"admin","date":"21 novembre 2020","format":false,"excerpt":"Connexion USB Type-C vers Lightning Longueur de 65 cm Permet une recharge optimis\u00e9e","rel":"","context":"Article similaire","block_context":{"text":"Article similaire","link":""},"img":{"alt_text":"C\u00e2ble USB Type-C vers Lightning 65cm - PGYTECH","src":"https:\/\/i0.wp.com\/store.droneway.ma\/wp-content\/uploads\/2020\/11\/cable-usb-type-c-vers-lightning-65cm-pgytech-p-image-214297-grande.jpg?resize=350%2C200&ssl=1","width":350,"height":200,"srcset":"https:\/\/i0.wp.com\/store.droneway.ma\/wp-content\/uploads\/2020\/11\/cable-usb-type-c-vers-lightning-65cm-pgytech-p-image-214297-grande.jpg?resize=350%2C200&ssl=1 1x, https:\/\/i0.wp.com\/store.droneway.ma\/wp-content\/uploads\/2020\/11\/cable-usb-type-c-vers-lightning-65cm-pgytech-p-image-214297-grande.jpg?resize=525%2C300&ssl=1 1.5x, https:\/\/i0.wp.com\/store.droneway.ma\/wp-content\/uploads\/2020\/11\/cable-usb-type-c-vers-lightning-65cm-pgytech-p-image-214297-grande.jpg?resize=700%2C400&ssl=1 2x"},"classes":[]},{"id":2067,"url":"https:\/\/store.droneway.ma\/index.php\/produit\/cable-otg-micro-usb-vers-usb\/","url_meta":{"origin":2150,"position":1},"title":"C\u00e2ble OTG micro USB vers USB","author":"admin","date":"21 novembre 2020","format":false,"excerpt":"Booste la port\u00e9e du Spark (jusqu'\u00e0 900m) Compatible avec d'autres p\u00e9riph\u00e9riques Pour une utilisation FPV (DJI Goggles) OTG certifi\u00e9 norme UBS 2.0 Mat\u00e9riaux premium","rel":"","context":"Article similaire","block_context":{"text":"Article similaire","link":""},"img":{"alt_text":"C\u00e2ble OTG micro USB vers USB","src":"https:\/\/i0.wp.com\/store.droneway.ma\/wp-content\/uploads\/2020\/11\/cable-usb-vers-micro-usb-pour-dji-spark-p-image-189624-grande.jpg?resize=350%2C200&ssl=1","width":350,"height":200},"classes":[]},{"id":2160,"url":"https:\/\/store.droneway.ma\/index.php\/produit\/cable-micro-usb-pour-radiocommande-dji-mavic-air-2\/","url_meta":{"origin":2150,"position":2},"title":"Cable Micro USB pour radiocommande DJI Mavic Air 2","author":"admin","date":"21 novembre 2020","format":false,"excerpt":"Compatible DJI Mavic Air 2\u00a0 Connectique Micro USB","rel":"","context":"Article similaire","block_context":{"text":"Article similaire","link":""},"img":{"alt_text":"Cable Micro USB pour radiocommande DJI Mavic Air 2","src":"https:\/\/i0.wp.com\/store.droneway.ma\/wp-content\/uploads\/2020\/11\/cable-microusb-pour-radiocommande-dji-mavic-air-2-p-image-217347-grande.jpg?resize=350%2C200&ssl=1","width":350,"height":200,"srcset":"https:\/\/i0.wp.com\/store.droneway.ma\/wp-content\/uploads\/2020\/11\/cable-microusb-pour-radiocommande-dji-mavic-air-2-p-image-217347-grande.jpg?resize=350%2C200&ssl=1 1x, https:\/\/i0.wp.com\/store.droneway.ma\/wp-content\/uploads\/2020\/11\/cable-microusb-pour-radiocommande-dji-mavic-air-2-p-image-217347-grande.jpg?resize=525%2C300&ssl=1 1.5x, https:\/\/i0.wp.com\/store.droneway.ma\/wp-content\/uploads\/2020\/11\/cable-microusb-pour-radiocommande-dji-mavic-air-2-p-image-217347-grande.jpg?resize=700%2C400&ssl=1 2x, https:\/\/i0.wp.com\/store.droneway.ma\/wp-content\/uploads\/2020\/11\/cable-microusb-pour-radiocommande-dji-mavic-air-2-p-image-217347-grande.jpg?resize=1050%2C600&ssl=1 3x, https:\/\/i0.wp.com\/store.droneway.ma\/wp-content\/uploads\/2020\/11\/cable-microusb-pour-radiocommande-dji-mavic-air-2-p-image-217347-grande.jpg?resize=1400%2C800&ssl=1 4x"},"classes":[]},{"id":2080,"url":"https:\/\/store.droneway.ma\/index.php\/produit\/cable-de-charge-tb50-vers-radio-dji-inspire-2\/","url_meta":{"origin":2150,"position":3},"title":"C\u00e2ble de charge TB50 vers radio DJI Inspire 2","author":"admin","date":"21 novembre 2020","format":false,"excerpt":"Le c\u00e2ble de charge pour radiocommande DJI Inspire 2 permet de recharger la batterie interne de la radiocommande \u00e0 l'aide d'une batterie intelligente TB50 6S 4280 mAh.","rel":"","context":"Article similaire","block_context":{"text":"Article similaire","link":""},"img":{"alt_text":"C\u00e2ble de charge TB50 vers radio DJI Inspire 2","src":"https:\/\/i0.wp.com\/store.droneway.ma\/wp-content\/uploads\/2020\/11\/cable-de-charge-radio-dji-inspire-2-p-image-183871-grande.jpg?resize=350%2C200&ssl=1","width":350,"height":200,"srcset":"https:\/\/i0.wp.com\/store.droneway.ma\/wp-content\/uploads\/2020\/11\/cable-de-charge-radio-dji-inspire-2-p-image-183871-grande.jpg?resize=350%2C200&ssl=1 1x, https:\/\/i0.wp.com\/store.droneway.ma\/wp-content\/uploads\/2020\/11\/cable-de-charge-radio-dji-inspire-2-p-image-183871-grande.jpg?resize=525%2C300&ssl=1 1.5x, https:\/\/i0.wp.com\/store.droneway.ma\/wp-content\/uploads\/2020\/11\/cable-de-charge-radio-dji-inspire-2-p-image-183871-grande.jpg?resize=700%2C400&ssl=1 2x"},"classes":[]},{"id":2079,"url":"https:\/\/store.droneway.ma\/index.php\/produit\/chargeur-multiple-pour-batteries-dji-inspire-1-et-inspire-2\/","url_meta":{"origin":2150,"position":4},"title":"Chargeur multiple pour batteries DJI Inspire 1 et Inspire 2","author":"admin","date":"21 novembre 2020","format":false,"excerpt":"Rechargez simultan\u00e9ment jusqu'\u00e0 quatre batteries du DJI Inspire, sa radiocommande ainsi que vos p\u00e9riph\u00e9riques mobiles (smartphone, tablette etc...) gr\u00e2ce \u00e0 ce chargeur multifonctions. Con\u00e7u pour les batteries de DJI Inspire 1 et DJI Inspire 2, ce chargeur dispose de quatre connecteurs pour recharger ces batteries ainsi que de quatre ports\u2026","rel":"","context":"Article similaire","block_context":{"text":"Article similaire","link":""},"img":{"alt_text":"Chargeur multiple pour batteries DJI Inspire 1 et Inspire 2","src":"https:\/\/i0.wp.com\/store.droneway.ma\/wp-content\/uploads\/2020\/11\/chargeur-multiple-pour-batteries-dji-inspire-1-et-inspire-2-p-image-219635-grande.jpg?resize=350%2C200&ssl=1","width":350,"height":200,"srcset":"https:\/\/i0.wp.com\/store.droneway.ma\/wp-content\/uploads\/2020\/11\/chargeur-multiple-pour-batteries-dji-inspire-1-et-inspire-2-p-image-219635-grande.jpg?resize=350%2C200&ssl=1 1x, https:\/\/i0.wp.com\/store.droneway.ma\/wp-content\/uploads\/2020\/11\/chargeur-multiple-pour-batteries-dji-inspire-1-et-inspire-2-p-image-219635-grande.jpg?resize=525%2C300&ssl=1 1.5x, https:\/\/i0.wp.com\/store.droneway.ma\/wp-content\/uploads\/2020\/11\/chargeur-multiple-pour-batteries-dji-inspire-1-et-inspire-2-p-image-219635-grande.jpg?resize=700%2C400&ssl=1 2x"},"classes":[]},{"id":2193,"url":"https:\/\/store.droneway.ma\/index.php\/produit\/chargeur-de-batterie-pour-dji-mavic-2\/","url_meta":{"origin":2150,"position":5},"title":"Chargeur de batterie pour DJI Mavic 2","author":"admin","date":"21 novembre 2020","format":false,"excerpt":"Il est compatible avec la version Pro et Zoom du DJI Mavic 2, et int\u00e8gre une interface USB Type A ainsi qu'une interface micro USB.","rel":"","context":"Article similaire","block_context":{"text":"Article similaire","link":""},"img":{"alt_text":"Chargeur de batterie pour DJI Mavic 2","src":"https:\/\/i0.wp.com\/store.droneway.ma\/wp-content\/uploads\/2020\/11\/Chargeur-de-batterie-pour-DJI-Mavic-2.jpg?resize=350%2C200&ssl=1","width":350,"height":200},"classes":[]}],"jetpack_sharing_enabled":true,"_links":{"self":[{"href":"https:\/\/store.droneway.ma\/index.php\/wp-json\/wp\/v2\/product\/2150","targetHints":{"allow":["GET"]}}],"collection":[{"href":"https:\/\/store.droneway.ma\/index.php\/wp-json\/wp\/v2\/product"}],"about":[{"href":"https:\/\/store.droneway.ma\/index.php\/wp-json\/wp\/v2\/types\/product"}],"wp:featuredmedia":[{"embeddable":true,"href":"https:\/\/store.droneway.ma\/index.php\/wp-json\/wp\/v2\/media\/92"}],"wp:attachment":[{"href":"https:\/\/store.droneway.ma\/index.php\/wp-json\/wp\/v2\/media?parent=2150"}],"wp:term":[{"taxonomy":"product_brand","embeddable":true,"href":"https:\/\/store.droneway.ma\/index.php\/wp-json\/wp\/v2\/product_brand?post=2150"},{"taxonomy":"product_cat","embeddable":true,"href":"https:\/\/store.droneway.ma\/index.php\/wp-json\/wp\/v2\/product_cat?post=2150"},{"taxonomy":"product_tag","embeddable":true,"href":"https:\/\/store.droneway.ma\/index.php\/wp-json\/wp\/v2\/product_tag?post=2150"}],"curies":[{"name":"wp","href":"https:\/\/api.w.org\/{rel}","templated":true}]}}