{"id":2149,"date":"2020-11-21T19:02:04","date_gmt":"2020-11-21T18:02:04","guid":{"rendered":"http:\/\/store.droneway.ma\/index.php\/produit\/piste-de-decollage-drones-pgytech\/"},"modified":"2023-03-05T20:57:26","modified_gmt":"2023-03-05T19:57:26","slug":"piste-de-decollage-drones-pgytech","status":"publish","type":"product","link":"https:\/\/store.droneway.ma\/index.php\/produit\/piste-de-decollage-drones-pgytech\/","title":{"rendered":"Piste de d\u00e9collage drones large"},"content":{"rendered":"<p>Cette piste vous permettra de d\u00e9coller et d&rsquo;atterrir en toute s\u00e9curit\u00e9 avec votre drone !<\/p>\n","protected":false},"excerpt":{"rendered":"<p>Plusieurs tailles disponibles au choix<br \/>\n\tR\u00e9versible (2 couleurs diff\u00e9rentes)<br \/>\n\tPliable \/ repliable<br \/>\nSac de transport fourni<br \/>\n3 piquets de fixation<\/p>\n","protected":false},"featured_media":77,"template":"","meta":{"content-type":"","rop_custom_images_group":[],"rop_custom_messages_group":[],"rop_publish_now":"initial","rop_publish_now_accounts":[],"rop_publish_now_history":[],"rop_publish_now_status":"pending"},"product_brand":[],"product_cat":[16,58],"product_tag":[],"class_list":{"0":"post-2149","1":"product","2":"type-product","3":"status-publish","4":"has-post-thumbnail","6":"product_cat-dji-mavic","7":"product_cat-mavic-air-2","9":"first","10":"instock","11":"purchasable","12":"product-type-simple"},"jetpack-related-posts":[{"id":2278,"url":"https:\/\/store.droneway.ma\/index.php\/produit\/piste-de-decollage-pliable-pour-drones-pgytech-2\/","url_meta":{"origin":2149,"position":0},"title":"Piste de d\u00e9collage pliable pour drones &#8211; PGYTECH","author":"admin","date":"21 novembre 2020","format":false,"excerpt":"Piste compatible avec nombreux drones R\u00e9versible (orange \/ bleu) Pliable pour favoriser le transport Sac de transport fourni","rel":"","context":"Article similaire","block_context":{"text":"Article similaire","link":""},"img":{"alt_text":"Piste de d\u00e9collage pliable pour drones - PGYTECH","src":"https:\/\/i0.wp.com\/store.droneway.ma\/wp-content\/uploads\/2020\/11\/piste-de-decollage-carree-pour-drones-pgy-p-image-194818-grande.jpg?resize=350%2C200&ssl=1","width":350,"height":200},"classes":[]},{"id":2159,"url":"https:\/\/store.droneway.ma\/index.php\/produit\/piste-de-decollage-pliable-pour-drones-pgytech\/","url_meta":{"origin":2149,"position":1},"title":"Piste de d\u00e9collage pliable pour drones &#8211; PGYTECH","author":"admin","date":"21 novembre 2020","format":false,"excerpt":"Piste compatible avec nombreux drones R\u00e9versible (orange \/ bleu) Pliable pour favoriser le transport Sac de transport fourni","rel":"","context":"Article similaire","block_context":{"text":"Article similaire","link":""},"img":{"alt_text":"Piste de d\u00e9collage pliable pour drones - PGYTECH","src":"https:\/\/i0.wp.com\/store.droneway.ma\/wp-content\/uploads\/2020\/11\/piste-de-decollage-carree-pour-drones-pgy-p-image-194818-grande.jpg?resize=350%2C200&ssl=1","width":350,"height":200},"classes":[]},{"id":2905,"url":"https:\/\/store.droneway.ma\/index.php\/produit\/dji-dock\/","url_meta":{"origin":2149,"position":2},"title":"DJI Dock 1 &#038; 2","author":"admin","date":"1 juillet 2024","format":false,"excerpt":"Le DJI Dock 1 et Dock 2, plus capable mais nettement plus petit, d\u00e9ploie des drones Matrice 30T, 3D ou 3TD avec facilit\u00e9 et s\u00e9curit\u00e9. Le Dock est l\u00e9ger, offre des capacit\u00e9s op\u00e9rationnelles de haut niveau et dispose de fonctions intelligentes bas\u00e9es sur le cloud qui apportent efficacit\u00e9 et qualit\u00e9\u2026","rel":"","context":"Article similaire","block_context":{"text":"Article similaire","link":""},"img":{"alt_text":"DJI Dock","src":"https:\/\/i0.wp.com\/store.droneway.ma\/wp-content\/uploads\/2024\/07\/dock-1-et-2.png?resize=350%2C200&ssl=1","width":350,"height":200,"srcset":"https:\/\/i0.wp.com\/store.droneway.ma\/wp-content\/uploads\/2024\/07\/dock-1-et-2.png?resize=350%2C200&ssl=1 1x, https:\/\/i0.wp.com\/store.droneway.ma\/wp-content\/uploads\/2024\/07\/dock-1-et-2.png?resize=525%2C300&ssl=1 1.5x, https:\/\/i0.wp.com\/store.droneway.ma\/wp-content\/uploads\/2024\/07\/dock-1-et-2.png?resize=700%2C400&ssl=1 2x"},"classes":[]},{"id":2584,"url":"https:\/\/store.droneway.ma\/index.php\/produit\/dji-aeroscope-portable-detection-des-drones\/","url_meta":{"origin":2149,"position":3},"title":"DJI AeroScope Unit\u00e9 Portable D\u00e9tection des drones &#8211; Courte port\u00e9e 5KM","author":"admin","date":"21 novembre 2020","format":false,"excerpt":"L'unit\u00e9 portable est con\u00e7ue pour des \u00e9v\u00e9nements temporaires, des d\u00e9ploiements mobiles et des sc\u00e9narios similaires. L'unit\u00e9 enti\u00e8re est enferm\u00e9e dans un seul \u00e9tui de transport, ce qui permet aux utilisateurs de commencer rapidement \u00e0 fonctionner dans un nouvel emplacement ou un emplacement mobile. L'unit\u00e9 portable peut \u00eatre aliment\u00e9e par des\u2026","rel":"","context":"Article similaire","block_context":{"text":"Article similaire","link":""},"img":{"alt_text":"","src":"https:\/\/i0.wp.com\/store.droneway.ma\/wp-content\/uploads\/2020\/11\/aeroscope-mobile1-1.jpg?resize=350%2C200&ssl=1","width":350,"height":200,"srcset":"https:\/\/i0.wp.com\/store.droneway.ma\/wp-content\/uploads\/2020\/11\/aeroscope-mobile1-1.jpg?resize=350%2C200&ssl=1 1x, https:\/\/i0.wp.com\/store.droneway.ma\/wp-content\/uploads\/2020\/11\/aeroscope-mobile1-1.jpg?resize=525%2C300&ssl=1 1.5x"},"classes":[]},{"id":2594,"url":"https:\/\/store.droneway.ma\/index.php\/produit\/dji-aeroscope-unite-fixe-detection-des-drones-longue-portee\/","url_meta":{"origin":2149,"position":4},"title":"DJI AeroScope Unit\u00e9 Fixe D\u00e9tection des drones &#8211; Longue port\u00e9e 20KM","author":"admin","date":"21 novembre 2020","format":false,"excerpt":"Con\u00e7ue pour la protection continue des sites sensibles contre les attaques de drones (A\u00e9roports, Zones militaires, Prisons, sites n\u00e9vralgiques et sensibles), l'unit\u00e9 stationnaire AeroScope prend en charge la personnalisation et la construction en fonction du site sp\u00e9cifique et des demandes des utilisateurs afin de couvrir compl\u00e8tement l'espace a\u00e9rien environnant. Dans\u2026","rel":"","context":"Article similaire","block_context":{"text":"Article similaire","link":""},"img":{"alt_text":"","src":"https:\/\/i0.wp.com\/store.droneway.ma\/wp-content\/uploads\/2020\/11\/aeroscope-fixe-11.png?resize=350%2C200&ssl=1","width":350,"height":200,"srcset":"https:\/\/i0.wp.com\/store.droneway.ma\/wp-content\/uploads\/2020\/11\/aeroscope-fixe-11.png?resize=350%2C200&ssl=1 1x, https:\/\/i0.wp.com\/store.droneway.ma\/wp-content\/uploads\/2020\/11\/aeroscope-fixe-11.png?resize=525%2C300&ssl=1 1.5x"},"classes":[]},{"id":2574,"url":"https:\/\/store.droneway.ma\/index.php\/produit\/flighthub\/","url_meta":{"origin":2149,"position":5},"title":"FlightHub La solution ultime pour g\u00e9rer vos op\u00e9rations de drones","author":"admin","date":"21 novembre 2020","format":false,"excerpt":"FlightHub La solution ultime pour g\u00e9rer vos op\u00e9rations de drones : Gagnez du temps et am\u00e9liorez l'efficacit\u00e9 du flux de travail avec une transmission en temps r\u00e9el (transmission en directe des op\u00e9rations terrain) des donn\u00e9es drone vid\u00e9os et images directement depuis le terrain vers le poste de commandement bas\u00e9 sur\u2026","rel":"","context":"Article similaire","block_context":{"text":"Article similaire","link":""},"img":{"alt_text":"","src":"https:\/\/i0.wp.com\/store.droneway.ma\/wp-content\/uploads\/2020\/11\/flighthub2.jpg?resize=350%2C200&ssl=1","width":350,"height":200,"srcset":"https:\/\/i0.wp.com\/store.droneway.ma\/wp-content\/uploads\/2020\/11\/flighthub2.jpg?resize=350%2C200&ssl=1 1x, https:\/\/i0.wp.com\/store.droneway.ma\/wp-content\/uploads\/2020\/11\/flighthub2.jpg?resize=525%2C300&ssl=1 1.5x, https:\/\/i0.wp.com\/store.droneway.ma\/wp-content\/uploads\/2020\/11\/flighthub2.jpg?resize=700%2C400&ssl=1 2x"},"classes":[]}],"jetpack_sharing_enabled":true,"_links":{"self":[{"href":"https:\/\/store.droneway.ma\/index.php\/wp-json\/wp\/v2\/product\/2149","targetHints":{"allow":["GET"]}}],"collection":[{"href":"https:\/\/store.droneway.ma\/index.php\/wp-json\/wp\/v2\/product"}],"about":[{"href":"https:\/\/store.droneway.ma\/index.php\/wp-json\/wp\/v2\/types\/product"}],"wp:featuredmedia":[{"embeddable":true,"href":"https:\/\/store.droneway.ma\/index.php\/wp-json\/wp\/v2\/media\/77"}],"wp:attachment":[{"href":"https:\/\/store.droneway.ma\/index.php\/wp-json\/wp\/v2\/media?parent=2149"}],"wp:term":[{"taxonomy":"product_brand","embeddable":true,"href":"https:\/\/store.droneway.ma\/index.php\/wp-json\/wp\/v2\/product_brand?post=2149"},{"taxonomy":"product_cat","embeddable":true,"href":"https:\/\/store.droneway.ma\/index.php\/wp-json\/wp\/v2\/product_cat?post=2149"},{"taxonomy":"product_tag","embeddable":true,"href":"https:\/\/store.droneway.ma\/index.php\/wp-json\/wp\/v2\/product_tag?post=2149"}],"curies":[{"name":"wp","href":"https:\/\/api.w.org\/{rel}","templated":true}]}}