{"id":2148,"date":"2020-11-21T19:01:53","date_gmt":"2020-11-21T18:01:53","guid":{"rendered":"http:\/\/store.droneway.ma\/index.php\/produit\/dji-mavic-air-2\/"},"modified":"2020-11-21T19:02:02","modified_gmt":"2020-11-21T18:02:02","slug":"dji-mavic-air-2","status":"publish","type":"product","link":"https:\/\/store.droneway.ma\/index.php\/produit\/dji-mavic-air-2\/","title":{"rendered":"DJI Mavic Air 2"},"content":{"rendered":"<p>Le DJI Mavic Air 2 est l&rsquo;alliance parfaite entre compacit\u00e9 et performance ! Avec son capteur Sony iMX586 1\/2&Prime; de 48 M\u00e9gapixels, il se montre tr\u00e8s \u00e0 l&rsquo;aise en vid\u00e9o et en photo, m\u00eame quand la lumi\u00e8re faiblit. Son mode HDR lui permet de tr\u00e8s bien appr\u00e9hender les contrastes de luminosit\u00e9.  En vid\u00e9o, le Mavic Air 2 vous proposera de filmer en 4K \u00e0 60 images par seconde ou en 1080p \u00e0 240 images par seconde, avec un bitrate maximum de 120 Mb\/s, le tout encod\u00e9 en H.264 ou H.265. De plus, l&rsquo;int\u00e9gration de l&rsquo;Ocusync 2.0 permet d&rsquo;obtenir un retour vid\u00e9o en 1080p \u00e0 30ims, directement sur votre smartphone, tout en augmentant consid\u00e9rablement la port\u00e9e potentielle du drone (jusqu&rsquo;\u00e0 5Km en CE).  L&rsquo;apparition ou l&rsquo;am\u00e9lioration de nombreux modes automatiques vous permettront de magnifier vos prises de vue tout en s\u00e9curisant vos vols. Le DJI Mavic Air 2 b\u00e9n\u00e9ficie d&rsquo;ailleurs du tout nouveau APAS 3.0, un syst\u00e8me d&rsquo;\u00e9vitement des obstacles revu en profondeur pour fluidifier au maximum les prises de vues, s\u00e9curiser votre machine, et am\u00e9liorer fortement les capacit\u00e9s de l&rsquo;Active Track.\u00a0<\/p>\n","protected":false},"excerpt":{"rendered":"<p>Compact et l\u00e9ger (570 grammes)<br \/>\nVid\u00e9o en 4k@60 ims avec bitrate 120 Mb\/s<br \/>\nSyst\u00e8me d&rsquo;\u00e9vitement des obstacles APAS 3.0<br \/>\nAutonomie jusqu&rsquo;\u00e0 34 minutes<br \/>\nOcusync 2.0, avec retour vid\u00e9o 1080p \u00e0 30ims<\/p>\n","protected":false},"featured_media":19,"template":"","meta":{"content-type":"","rop_custom_images_group":[],"rop_custom_messages_group":[],"rop_publish_now":"initial","rop_publish_now_accounts":[],"rop_publish_now_history":[],"rop_publish_now_status":"pending"},"product_brand":[],"product_cat":[16,58],"product_tag":[],"class_list":{"0":"post-2148","1":"product","2":"type-product","3":"status-publish","4":"has-post-thumbnail","6":"product_cat-dji-mavic","7":"product_cat-mavic-air-2","9":"first","10":"instock","11":"purchasable","12":"product-type-simple"},"jetpack-related-posts":[{"id":2261,"url":"https:\/\/store.droneway.ma\/index.php\/produit\/dji-goggles-3\/","url_meta":{"origin":2148,"position":0},"title":"DJI Goggles","author":"admin","date":"21 novembre 2020","format":false,"excerpt":"Retour FULL HD 1080p \u00c9crans 5\" \/ FOV de 85\u00b0 Connectique HDMI 110 millisecondes de latence Compatible Mavic, Inspire, Phantom 4, Spark...","rel":"","context":"Article similaire","block_context":{"text":"Article similaire","link":""},"img":{"alt_text":"DJI Goggles","src":"https:\/\/i0.wp.com\/store.droneway.ma\/wp-content\/uploads\/2020\/11\/casque-dji-goggles-p-image-188044-grande.jpg?resize=350%2C200&ssl=1","width":350,"height":200},"classes":[]},{"id":2093,"url":"https:\/\/store.droneway.ma\/index.php\/produit\/dji-goggles-2\/","url_meta":{"origin":2148,"position":1},"title":"DJI Goggles","author":"admin","date":"21 novembre 2020","format":false,"excerpt":"Retour FULL HD 1080p \u00c9crans 5\" \/ FOV de 85\u00b0 Connectique HDMI 110 millisecondes de latence Compatible Mavic, Inspire, Phantom 4, Spark...","rel":"","context":"Article similaire","block_context":{"text":"Article similaire","link":""},"img":{"alt_text":"DJI Goggles","src":"https:\/\/i0.wp.com\/store.droneway.ma\/wp-content\/uploads\/2020\/11\/casque-dji-goggles-p-image-188044-grande.jpg?resize=350%2C200&ssl=1","width":350,"height":200},"classes":[]},{"id":2066,"url":"https:\/\/store.droneway.ma\/index.php\/produit\/dji-goggles\/","url_meta":{"origin":2148,"position":2},"title":"DJI Goggles","author":"admin","date":"21 novembre 2020","format":false,"excerpt":"Retour FULL HD 1080p \u00c9crans 5\" \/ FOV de 85\u00b0 Connectique HDMI 110 millisecondes de latence Compatible Mavic, Inspire, Phantom 4, Spark...","rel":"","context":"Article similaire","block_context":{"text":"Article similaire","link":""},"img":{"alt_text":"DJI Goggles","src":"https:\/\/i0.wp.com\/store.droneway.ma\/wp-content\/uploads\/2020\/11\/casque-dji-goggles-p-image-188044-grande.jpg?resize=350%2C200&ssl=1","width":350,"height":200},"classes":[]},{"id":2262,"url":"https:\/\/store.droneway.ma\/index.php\/produit\/radiocommande-dji-smart-controller\/","url_meta":{"origin":2148,"position":3},"title":"Radiocommande DJI Smart Controller","author":"admin","date":"21 novembre 2020","format":false,"excerpt":"Radiocommande avec \u00e9cran 5,5 pouces 1080p Compatible transmission OcuSync 2.0 Syst\u00e8me Android personnalis\u00e9 DJI Go Share pour le partage Applis tierces support\u00e9es Compatible DJI Mavic Air 2","rel":"","context":"Article similaire","block_context":{"text":"Article similaire","link":""},"img":{"alt_text":"Radiocommande DJI Smart Controller","src":"https:\/\/i0.wp.com\/store.droneway.ma\/wp-content\/uploads\/2020\/11\/radiocommande-dji-smart-controller-p-image-204965-grande.jpg?resize=350%2C200&ssl=1","width":350,"height":200},"classes":[]},{"id":2147,"url":"https:\/\/store.droneway.ma\/index.php\/produit\/dji-mavic-air-2-fly-more-combo\/","url_meta":{"origin":2148,"position":4},"title":"DJI Mavic Air 2 Fly More Combo","author":"admin","date":"21 novembre 2020","format":false,"excerpt":"Version Fly More Combo : plus d'accessoires H\u00e9lices et batteries suppl\u00e9mentaires Autonomie totale de 102 minutes Chargeur triple et adaptateur batterie externe inclus inclus Sac bandouli\u00e8re pour contenir le drone et ses accessoires Set de filtres ND inclus pour am\u00e9liorer les prises de vue par temps tr\u00e8s ensoleill\u00e9","rel":"","context":"Article similaire","block_context":{"text":"Article similaire","link":""},"img":{"alt_text":"DJI Mavic Air 2 Fly More Combo","src":"https:\/\/i0.wp.com\/store.droneway.ma\/wp-content\/uploads\/2020\/11\/dji-mavic-air-2-fly-more-combo-p-image-217461-grande.jpg?resize=350%2C200&ssl=1","width":350,"height":200,"srcset":"https:\/\/i0.wp.com\/store.droneway.ma\/wp-content\/uploads\/2020\/11\/dji-mavic-air-2-fly-more-combo-p-image-217461-grande.jpg?resize=350%2C200&ssl=1 1x, https:\/\/i0.wp.com\/store.droneway.ma\/wp-content\/uploads\/2020\/11\/dji-mavic-air-2-fly-more-combo-p-image-217461-grande.jpg?resize=525%2C300&ssl=1 1.5x, https:\/\/i0.wp.com\/store.droneway.ma\/wp-content\/uploads\/2020\/11\/dji-mavic-air-2-fly-more-combo-p-image-217461-grande.jpg?resize=700%2C400&ssl=1 2x"},"classes":[]},{"id":2162,"url":"https:\/\/store.droneway.ma\/index.php\/produit\/chargeur-multiple-pour-dji-mavic-air-2\/","url_meta":{"origin":2148,"position":5},"title":"Chargeur multiple pour DJI Mavic Air 2","author":"admin","date":"21 novembre 2020","format":false,"excerpt":"Chargeur con\u00e7u pour le DJI Mavic Air 2 Possibilit\u00e9 de recharger quatre batteries simultan\u00e9ment Permet de recharger la radiocommande et le smartphone Alimentation fournie","rel":"","context":"Article similaire","block_context":{"text":"Article similaire","link":""},"img":{"alt_text":"Chargeur multiple pour DJI Mavic Air 2","src":"https:\/\/i0.wp.com\/store.droneway.ma\/wp-content\/uploads\/2020\/11\/chargeur-multiple-pour-dji-mavic-mini-p-image-217808-grande.jpg?resize=350%2C200&ssl=1","width":350,"height":200,"srcset":"https:\/\/i0.wp.com\/store.droneway.ma\/wp-content\/uploads\/2020\/11\/chargeur-multiple-pour-dji-mavic-mini-p-image-217808-grande.jpg?resize=350%2C200&ssl=1 1x, https:\/\/i0.wp.com\/store.droneway.ma\/wp-content\/uploads\/2020\/11\/chargeur-multiple-pour-dji-mavic-mini-p-image-217808-grande.jpg?resize=525%2C300&ssl=1 1.5x, https:\/\/i0.wp.com\/store.droneway.ma\/wp-content\/uploads\/2020\/11\/chargeur-multiple-pour-dji-mavic-mini-p-image-217808-grande.jpg?resize=700%2C400&ssl=1 2x"},"classes":[]}],"jetpack_sharing_enabled":true,"_links":{"self":[{"href":"https:\/\/store.droneway.ma\/index.php\/wp-json\/wp\/v2\/product\/2148","targetHints":{"allow":["GET"]}}],"collection":[{"href":"https:\/\/store.droneway.ma\/index.php\/wp-json\/wp\/v2\/product"}],"about":[{"href":"https:\/\/store.droneway.ma\/index.php\/wp-json\/wp\/v2\/types\/product"}],"wp:featuredmedia":[{"embeddable":true,"href":"https:\/\/store.droneway.ma\/index.php\/wp-json\/wp\/v2\/media\/19"}],"wp:attachment":[{"href":"https:\/\/store.droneway.ma\/index.php\/wp-json\/wp\/v2\/media?parent=2148"}],"wp:term":[{"taxonomy":"product_brand","embeddable":true,"href":"https:\/\/store.droneway.ma\/index.php\/wp-json\/wp\/v2\/product_brand?post=2148"},{"taxonomy":"product_cat","embeddable":true,"href":"https:\/\/store.droneway.ma\/index.php\/wp-json\/wp\/v2\/product_cat?post=2148"},{"taxonomy":"product_tag","embeddable":true,"href":"https:\/\/store.droneway.ma\/index.php\/wp-json\/wp\/v2\/product_tag?post=2148"}],"curies":[{"name":"wp","href":"https:\/\/api.w.org\/{rel}","templated":true}]}}