{"id":2146,"date":"2020-11-21T19:01:53","date_gmt":"2020-11-21T18:01:53","guid":{"rendered":"http:\/\/store.droneway.ma\/index.php\/produit\/valise-de-transport-pour-dji-matrice-600-pro\/"},"modified":"2020-11-21T19:02:01","modified_gmt":"2020-11-21T18:02:01","slug":"valise-de-transport-pour-dji-matrice-600-pro","status":"publish","type":"product","link":"https:\/\/store.droneway.ma\/index.php\/produit\/valise-de-transport-pour-dji-matrice-600-pro\/","title":{"rendered":"Valise de transport pour DJI Matrice 600 Pro"},"content":{"rendered":"<p>Cette valise de transport pour DJI Matrice 600 Pro vous permettra de transporter votre drone enti\u00e8rement assembl\u00e9 et pr\u00eat \u00e0 voler.\u00a0 L&rsquo;\u00e9tui est en polypropyl\u00e8ne r\u00e9sistant aux chocs, \u00e0 la poussi\u00e8re et \u00e0 l&rsquo;humidit\u00e9 et offre une protection optimale m\u00eame dans des conditions extr\u00eames.  Le m\u00e9canisme d&rsquo;ouverture est bas\u00e9 sur dix boucles \u00e0 d\u00e9clenchement rapide qui ferment le bo\u00eetier de mani\u00e8re s\u00fbre et \u00e9tanche.  Niveau rangement vous pourrez int\u00e9grer 2 radiocommandes, le chargeur et son HUB et ses batteries.<\/p>\n","protected":false},"excerpt":{"rendered":"<p>Cette valise de transport pour DJI Matrice 600 Pro vous permettra de transporter votre drone enti\u00e8rement assembl\u00e9 et pr\u00eat \u00e0&hellip;<\/p>\n","protected":false},"featured_media":1907,"template":"","meta":{"content-type":"","rop_custom_images_group":[],"rop_custom_messages_group":[],"rop_publish_now":"initial","rop_publish_now_accounts":[],"rop_publish_now_history":[],"rop_publish_now_status":"pending"},"product_brand":[],"product_cat":[18,33],"product_tag":[],"class_list":{"0":"post-2146","1":"product","2":"type-product","3":"status-publish","4":"has-post-thumbnail","6":"product_cat-dji-matrice","7":"product_cat-matrice-600","9":"first","10":"instock","11":"purchasable","12":"product-type-simple"},"jetpack-related-posts":[{"id":2143,"url":"https:\/\/store.droneway.ma\/index.php\/produit\/valise-pour-chargeurs-et-batteries-dji-matrice\/","url_meta":{"origin":2146,"position":0},"title":"Valise pour chargeurs et batteries DJI Matrice","author":"admin","date":"21 novembre 2020","format":false,"excerpt":"Valise pour chargeur et batteries DJI Matrice 600","rel":"","context":"Article similaire","block_context":{"text":"Article similaire","link":""},"img":{"alt_text":"Valise pour chargeurs et batteries DJI Matrice","src":"https:\/\/i0.wp.com\/store.droneway.ma\/wp-content\/uploads\/2020\/11\/valise-pour-chargeurs-et-batteries-dji-matrice-600-p-image-183238-grande.jpg?resize=350%2C200&ssl=1","width":350,"height":200,"srcset":"https:\/\/i0.wp.com\/store.droneway.ma\/wp-content\/uploads\/2020\/11\/valise-pour-chargeurs-et-batteries-dji-matrice-600-p-image-183238-grande.jpg?resize=350%2C200&ssl=1 1x, https:\/\/i0.wp.com\/store.droneway.ma\/wp-content\/uploads\/2020\/11\/valise-pour-chargeurs-et-batteries-dji-matrice-600-p-image-183238-grande.jpg?resize=525%2C300&ssl=1 1.5x, https:\/\/i0.wp.com\/store.droneway.ma\/wp-content\/uploads\/2020\/11\/valise-pour-chargeurs-et-batteries-dji-matrice-600-p-image-183238-grande.jpg?resize=700%2C400&ssl=1 2x"},"classes":[]},{"id":2145,"url":"https:\/\/store.droneway.ma\/index.php\/produit\/valise-pour-chargeurs-et-batteries-dji-matrice-2\/","url_meta":{"origin":2146,"position":1},"title":"Valise pour chargeurs et batteries DJI Matrice","author":"admin","date":"21 novembre 2020","format":false,"excerpt":"Transportez ais\u00e9ment vos chargeurs et batteries intelligentes gr\u00e2ce \u00e0 cette mallette DJI. Elle peut contenir jusqu'\u00e0 2 chargeurs Hex DJI et 18 Batteries de type TB47S, TB48S, TB47D et TB48D. \u00c9quip\u00e9e de roues et d'une double poign\u00e9e, cette valise est id\u00e9ale pour le transport de votre \u00e9quipement. Des emplacements pour\u2026","rel":"","context":"Article similaire","block_context":{"text":"Article similaire","link":""},"img":{"alt_text":"Valise pour chargeurs et batteries DJI Matrice","src":"https:\/\/i0.wp.com\/store.droneway.ma\/wp-content\/uploads\/2020\/11\/valise-pour-chargeurs-et-batteries-dji-matrice-600-p-image-183238-grande.jpg?resize=350%2C200&ssl=1","width":350,"height":200,"srcset":"https:\/\/i0.wp.com\/store.droneway.ma\/wp-content\/uploads\/2020\/11\/valise-pour-chargeurs-et-batteries-dji-matrice-600-p-image-183238-grande.jpg?resize=350%2C200&ssl=1 1x, https:\/\/i0.wp.com\/store.droneway.ma\/wp-content\/uploads\/2020\/11\/valise-pour-chargeurs-et-batteries-dji-matrice-600-p-image-183238-grande.jpg?resize=525%2C300&ssl=1 1.5x, https:\/\/i0.wp.com\/store.droneway.ma\/wp-content\/uploads\/2020\/11\/valise-pour-chargeurs-et-batteries-dji-matrice-600-p-image-183238-grande.jpg?resize=700%2C400&ssl=1 2x"},"classes":[]},{"id":2134,"url":"https:\/\/store.droneway.ma\/index.php\/produit\/valise-etanche-2800w-pour-dji-matrice-300-rtk-hprc\/","url_meta":{"origin":2146,"position":2},"title":"Valise \u00e9tanche 2800W pour DJI Matrice 300 RTK &#8211; HPRC","author":"admin","date":"21 novembre 2020","format":false,"excerpt":"Valise haut de gamme de chez HPRC Mousse haute densit\u00e9 permettant le respect du mat\u00e9riel Con\u00e7ue pour le drone DJI Matrice 300 RTK et ses accessoires Indice de protection IP67","rel":"","context":"Article similaire","block_context":{"text":"Article similaire","link":""},"img":{"alt_text":"Valise \u00e9tanche 2800W pour DJI Matrice 300 RTK - HPRC","src":"https:\/\/i0.wp.com\/store.droneway.ma\/wp-content\/uploads\/2020\/11\/valise-etanche-2800w-pour-dji-matrice-300-rtk-hprc-p-image-218929-grande.jpg?resize=350%2C200&ssl=1","width":350,"height":200,"srcset":"https:\/\/i0.wp.com\/store.droneway.ma\/wp-content\/uploads\/2020\/11\/valise-etanche-2800w-pour-dji-matrice-300-rtk-hprc-p-image-218929-grande.jpg?resize=350%2C200&ssl=1 1x, https:\/\/i0.wp.com\/store.droneway.ma\/wp-content\/uploads\/2020\/11\/valise-etanche-2800w-pour-dji-matrice-300-rtk-hprc-p-image-218929-grande.jpg?resize=525%2C300&ssl=1 1.5x, https:\/\/i0.wp.com\/store.droneway.ma\/wp-content\/uploads\/2020\/11\/valise-etanche-2800w-pour-dji-matrice-300-rtk-hprc-p-image-218929-grande.jpg?resize=700%2C400&ssl=1 2x"},"classes":[]},{"id":2140,"url":"https:\/\/store.droneway.ma\/index.php\/produit\/dji-matrice-600-pro\/","url_meta":{"origin":2146,"position":3},"title":"DJI Matrice 600 Pro","author":"admin","date":"21 novembre 2020","format":false,"excerpt":"Le DJI Matrice 600 Pro est la version am\u00e9lior\u00e9e de la plateforme M600 ! Le M600 Pro int\u00e8gre le contr\u00f4leur de vol A3 Pro ainsi que le Lightbridge offrant un comportement en vol plus sain gr\u00e2ce \u00e0 la redondance du contr\u00f4leur de vol.","rel":"","context":"Article similaire","block_context":{"text":"Article similaire","link":""},"img":{"alt_text":"DJI Matrice 600 Pro","src":"https:\/\/i0.wp.com\/store.droneway.ma\/wp-content\/uploads\/2020\/11\/dji-matrice-600-pro-p-image-183694-grande.jpg?resize=350%2C200&ssl=1","width":350,"height":200,"srcset":"https:\/\/i0.wp.com\/store.droneway.ma\/wp-content\/uploads\/2020\/11\/dji-matrice-600-pro-p-image-183694-grande.jpg?resize=350%2C200&ssl=1 1x, https:\/\/i0.wp.com\/store.droneway.ma\/wp-content\/uploads\/2020\/11\/dji-matrice-600-pro-p-image-183694-grande.jpg?resize=525%2C300&ssl=1 1.5x, https:\/\/i0.wp.com\/store.droneway.ma\/wp-content\/uploads\/2020\/11\/dji-matrice-600-pro-p-image-183694-grande.jpg?resize=700%2C400&ssl=1 2x"},"classes":[]},{"id":2107,"url":"https:\/\/store.droneway.ma\/index.php\/produit\/valise-2460-etanche-pour-dji-cendence-et-crystalsky-hprc-2\/","url_meta":{"origin":2146,"position":4},"title":"Valise 2460 \u00e9tanche pour DJI Cendence et Crystalsky &#8211; HPRC","author":"admin","date":"21 novembre 2020","format":false,"excerpt":"Valise \u00e9tanche haute gamme HPRC pour Cendence et Crystalsky Mousse haute densit\u00e9 pr\u00e9d\u00e9coup\u00e9e avec 6 emplacements S\u00e9curis\u00e9e \/ emplacements pour cadenas","rel":"","context":"Article similaire","block_context":{"text":"Article similaire","link":""},"img":{"alt_text":"Valise 2460 \u00e9tanche pour DJI Cendence et Crystalsky - HPRC","src":"https:\/\/i0.wp.com\/store.droneway.ma\/wp-content\/uploads\/2020\/11\/valise-hprc2460-pour-dji-cendence-et-cristalsky-p-image-201889-grande.jpg?resize=350%2C200&ssl=1","width":350,"height":200,"srcset":"https:\/\/i0.wp.com\/store.droneway.ma\/wp-content\/uploads\/2020\/11\/valise-hprc2460-pour-dji-cendence-et-cristalsky-p-image-201889-grande.jpg?resize=350%2C200&ssl=1 1x, https:\/\/i0.wp.com\/store.droneway.ma\/wp-content\/uploads\/2020\/11\/valise-hprc2460-pour-dji-cendence-et-cristalsky-p-image-201889-grande.jpg?resize=525%2C300&ssl=1 1.5x, https:\/\/i0.wp.com\/store.droneway.ma\/wp-content\/uploads\/2020\/11\/valise-hprc2460-pour-dji-cendence-et-cristalsky-p-image-201889-grande.jpg?resize=700%2C400&ssl=1 2x"},"classes":[]},{"id":2144,"url":"https:\/\/store.droneway.ma\/index.php\/produit\/chargeur-hex-dji\/","url_meta":{"origin":2146,"position":5},"title":"Chargeur HEX DJI","author":"admin","date":"21 novembre 2020","format":false,"excerpt":"Chargeur Hex DJI","rel":"","context":"Article similaire","block_context":{"text":"Article similaire","link":""},"img":{"alt_text":"Chargeur HEX DJI","src":"https:\/\/i0.wp.com\/store.droneway.ma\/wp-content\/uploads\/2020\/11\/chargeur-hex-dji-p-image-183261-grande.jpg?resize=350%2C200&ssl=1","width":350,"height":200,"srcset":"https:\/\/i0.wp.com\/store.droneway.ma\/wp-content\/uploads\/2020\/11\/chargeur-hex-dji-p-image-183261-grande.jpg?resize=350%2C200&ssl=1 1x, https:\/\/i0.wp.com\/store.droneway.ma\/wp-content\/uploads\/2020\/11\/chargeur-hex-dji-p-image-183261-grande.jpg?resize=525%2C300&ssl=1 1.5x, https:\/\/i0.wp.com\/store.droneway.ma\/wp-content\/uploads\/2020\/11\/chargeur-hex-dji-p-image-183261-grande.jpg?resize=700%2C400&ssl=1 2x"},"classes":[]}],"jetpack_sharing_enabled":true,"_links":{"self":[{"href":"https:\/\/store.droneway.ma\/index.php\/wp-json\/wp\/v2\/product\/2146","targetHints":{"allow":["GET"]}}],"collection":[{"href":"https:\/\/store.droneway.ma\/index.php\/wp-json\/wp\/v2\/product"}],"about":[{"href":"https:\/\/store.droneway.ma\/index.php\/wp-json\/wp\/v2\/types\/product"}],"wp:featuredmedia":[{"embeddable":true,"href":"https:\/\/store.droneway.ma\/index.php\/wp-json\/wp\/v2\/media\/1907"}],"wp:attachment":[{"href":"https:\/\/store.droneway.ma\/index.php\/wp-json\/wp\/v2\/media?parent=2146"}],"wp:term":[{"taxonomy":"product_brand","embeddable":true,"href":"https:\/\/store.droneway.ma\/index.php\/wp-json\/wp\/v2\/product_brand?post=2146"},{"taxonomy":"product_cat","embeddable":true,"href":"https:\/\/store.droneway.ma\/index.php\/wp-json\/wp\/v2\/product_cat?post=2146"},{"taxonomy":"product_tag","embeddable":true,"href":"https:\/\/store.droneway.ma\/index.php\/wp-json\/wp\/v2\/product_tag?post=2146"}],"curies":[{"name":"wp","href":"https:\/\/api.w.org\/{rel}","templated":true}]}}