{"id":2145,"date":"2020-11-21T19:01:53","date_gmt":"2020-11-21T18:01:53","guid":{"rendered":"http:\/\/store.droneway.ma\/index.php\/produit\/valise-pour-chargeurs-et-batteries-dji-matrice-2\/"},"modified":"2020-11-21T19:02:00","modified_gmt":"2020-11-21T18:02:00","slug":"valise-pour-chargeurs-et-batteries-dji-matrice-2","status":"publish","type":"product","link":"https:\/\/store.droneway.ma\/index.php\/produit\/valise-pour-chargeurs-et-batteries-dji-matrice-2\/","title":{"rendered":"Valise pour chargeurs et batteries DJI Matrice"},"content":{"rendered":"<p>Transportez ais\u00e9ment vos chargeurs et batteries intelligentes gr\u00e2ce \u00e0 cette mallette DJI. Elle peut contenir jusqu&rsquo;\u00e0 2 chargeurs Hex DJI et 18 Batteries de type TB47S, TB48S, TB47D et TB48D. \u00c9quip\u00e9e de roues et d&rsquo;une double poign\u00e9e, cette valise est id\u00e9ale pour le transport de votre \u00e9quipement. Des emplacements pour cadenas sont disponibles afin de s\u00e9curiser son contenu.<\/p>\n","protected":false},"excerpt":{"rendered":"<p>Transportez ais\u00e9ment vos chargeurs et batteries intelligentes gr\u00e2ce \u00e0 cette mallette DJI. Elle peut contenir jusqu&rsquo;\u00e0 2 chargeurs Hex DJI&hellip;<\/p>\n","protected":false},"featured_media":1896,"template":"","meta":{"content-type":"","rop_custom_images_group":[],"rop_custom_messages_group":[],"rop_publish_now":"initial","rop_publish_now_accounts":[],"rop_publish_now_history":[],"rop_publish_now_status":"pending"},"product_brand":[],"product_cat":[18,33],"product_tag":[],"class_list":{"0":"post-2145","1":"product","2":"type-product","3":"status-publish","4":"has-post-thumbnail","6":"product_cat-dji-matrice","7":"product_cat-matrice-600","9":"first","10":"instock","11":"purchasable","12":"product-type-simple"},"jetpack-related-posts":[{"id":2143,"url":"https:\/\/store.droneway.ma\/index.php\/produit\/valise-pour-chargeurs-et-batteries-dji-matrice\/","url_meta":{"origin":2145,"position":0},"title":"Valise pour chargeurs et batteries DJI Matrice","author":"admin","date":"21 novembre 2020","format":false,"excerpt":"Valise pour chargeur et batteries DJI Matrice 600","rel":"","context":"Article similaire","block_context":{"text":"Article similaire","link":""},"img":{"alt_text":"Valise pour chargeurs et batteries DJI Matrice","src":"https:\/\/i0.wp.com\/store.droneway.ma\/wp-content\/uploads\/2020\/11\/valise-pour-chargeurs-et-batteries-dji-matrice-600-p-image-183238-grande.jpg?resize=350%2C200&ssl=1","width":350,"height":200,"srcset":"https:\/\/i0.wp.com\/store.droneway.ma\/wp-content\/uploads\/2020\/11\/valise-pour-chargeurs-et-batteries-dji-matrice-600-p-image-183238-grande.jpg?resize=350%2C200&ssl=1 1x, https:\/\/i0.wp.com\/store.droneway.ma\/wp-content\/uploads\/2020\/11\/valise-pour-chargeurs-et-batteries-dji-matrice-600-p-image-183238-grande.jpg?resize=525%2C300&ssl=1 1.5x, https:\/\/i0.wp.com\/store.droneway.ma\/wp-content\/uploads\/2020\/11\/valise-pour-chargeurs-et-batteries-dji-matrice-600-p-image-183238-grande.jpg?resize=700%2C400&ssl=1 2x"},"classes":[]},{"id":2082,"url":"https:\/\/store.droneway.ma\/index.php\/produit\/valise-2550w-pour-batteries-dji-inspire-2-jaune-hprc\/","url_meta":{"origin":2145,"position":1},"title":"Valise 2550W pour batteries DJI Inspire 2 (Jaune) &#8211; HPRC","author":"admin","date":"21 novembre 2020","format":false,"excerpt":"Compatible batteries DJI Inspire 2 Peut contenir jusqu'\u00e0 10 batteries TB50 Compartiments pour 2 chargeurs + Hub Valise \u00e9tanche IP67","rel":"","context":"Article similaire","block_context":{"text":"Article similaire","link":""},"img":{"alt_text":"Valise 2550W pour batteries DJI Inspire 2 (Jaune) - HPRC","src":"https:\/\/i0.wp.com\/store.droneway.ma\/wp-content\/uploads\/2020\/11\/valise-hprc-pour-batteries-dji-inspire-2-p-image-193247-grande.jpg?resize=350%2C200&ssl=1","width":350,"height":200,"srcset":"https:\/\/i0.wp.com\/store.droneway.ma\/wp-content\/uploads\/2020\/11\/valise-hprc-pour-batteries-dji-inspire-2-p-image-193247-grande.jpg?resize=350%2C200&ssl=1 1x, https:\/\/i0.wp.com\/store.droneway.ma\/wp-content\/uploads\/2020\/11\/valise-hprc-pour-batteries-dji-inspire-2-p-image-193247-grande.jpg?resize=525%2C300&ssl=1 1.5x, https:\/\/i0.wp.com\/store.droneway.ma\/wp-content\/uploads\/2020\/11\/valise-hprc-pour-batteries-dji-inspire-2-p-image-193247-grande.jpg?resize=700%2C400&ssl=1 2x"},"classes":[]},{"id":2144,"url":"https:\/\/store.droneway.ma\/index.php\/produit\/chargeur-hex-dji\/","url_meta":{"origin":2145,"position":2},"title":"Chargeur HEX DJI","author":"admin","date":"21 novembre 2020","format":false,"excerpt":"Chargeur Hex DJI","rel":"","context":"Article similaire","block_context":{"text":"Article similaire","link":""},"img":{"alt_text":"Chargeur HEX DJI","src":"https:\/\/i0.wp.com\/store.droneway.ma\/wp-content\/uploads\/2020\/11\/chargeur-hex-dji-p-image-183261-grande.jpg?resize=350%2C200&ssl=1","width":350,"height":200,"srcset":"https:\/\/i0.wp.com\/store.droneway.ma\/wp-content\/uploads\/2020\/11\/chargeur-hex-dji-p-image-183261-grande.jpg?resize=350%2C200&ssl=1 1x, https:\/\/i0.wp.com\/store.droneway.ma\/wp-content\/uploads\/2020\/11\/chargeur-hex-dji-p-image-183261-grande.jpg?resize=525%2C300&ssl=1 1.5x, https:\/\/i0.wp.com\/store.droneway.ma\/wp-content\/uploads\/2020\/11\/chargeur-hex-dji-p-image-183261-grande.jpg?resize=700%2C400&ssl=1 2x"},"classes":[]},{"id":2105,"url":"https:\/\/store.droneway.ma\/index.php\/produit\/valise-4600w-etanche-pour-dji-matrice-200-210-hprc\/","url_meta":{"origin":2145,"position":3},"title":"Valise 4600W \u00e9tanche pour DJI Matrice 200 &#038; 210 &#8211; HPRC","author":"admin","date":"21 novembre 2020","format":false,"excerpt":"Valise haut de gamme HPRC Compatible DJI Matrice 200\/210 Supporte le drone avec son train en landing mode IP67 : prot\u00e9g\u00e9e contre eau & poussi\u00e8re Plus de 12 rangements","rel":"","context":"Article similaire","block_context":{"text":"Article similaire","link":""},"img":{"alt_text":"Valise 4600W \u00e9tanche pour DJI Matrice 200 & 210 - HPRC","src":"https:\/\/i0.wp.com\/store.droneway.ma\/wp-content\/uploads\/2020\/11\/valise-hprc-pour-dji-matrice-200-210-p-image-201677-grande.jpg?resize=350%2C200&ssl=1","width":350,"height":200,"srcset":"https:\/\/i0.wp.com\/store.droneway.ma\/wp-content\/uploads\/2020\/11\/valise-hprc-pour-dji-matrice-200-210-p-image-201677-grande.jpg?resize=350%2C200&ssl=1 1x, https:\/\/i0.wp.com\/store.droneway.ma\/wp-content\/uploads\/2020\/11\/valise-hprc-pour-dji-matrice-200-210-p-image-201677-grande.jpg?resize=525%2C300&ssl=1 1.5x, https:\/\/i0.wp.com\/store.droneway.ma\/wp-content\/uploads\/2020\/11\/valise-hprc-pour-dji-matrice-200-210-p-image-201677-grande.jpg?resize=700%2C400&ssl=1 2x"},"classes":[]},{"id":2146,"url":"https:\/\/store.droneway.ma\/index.php\/produit\/valise-de-transport-pour-dji-matrice-600-pro\/","url_meta":{"origin":2145,"position":4},"title":"Valise de transport pour DJI Matrice 600 Pro","author":"admin","date":"21 novembre 2020","format":false,"excerpt":"Cette valise de transport pour DJI Matrice 600 Pro vous permettra de transporter votre drone enti\u00e8rement assembl\u00e9 et pr\u00eat \u00e0 voler.\u00a0 L'\u00e9tui est en polypropyl\u00e8ne r\u00e9sistant aux chocs, \u00e0 la poussi\u00e8re et \u00e0 l'humidit\u00e9 et offre une protection optimale m\u00eame dans des conditions extr\u00eames. Le m\u00e9canisme d'ouverture est bas\u00e9 sur\u2026","rel":"","context":"Article similaire","block_context":{"text":"Article similaire","link":""},"img":{"alt_text":"Valise de transport pour DJI Matrice 600 Pro","src":"https:\/\/i0.wp.com\/store.droneway.ma\/wp-content\/uploads\/2020\/11\/valise-m600-p-image-209527-grande.jpg?resize=350%2C200&ssl=1","width":350,"height":200},"classes":[]},{"id":2085,"url":"https:\/\/store.droneway.ma\/index.php\/produit\/valise-4600w-simple-a-roulettes-pour-dji-inspire-2-hprc\/","url_meta":{"origin":2145,"position":5},"title":"Valise 4600W simple \u00e0 roulettes pour DJI Inspire 2 &#8211; HPRC","author":"admin","date":"21 novembre 2020","format":false,"excerpt":"Valise \u00e0 roulettes haut de gamme HPRC Compatible DJI Inspire 2 Supporte la nacelle mont\u00e9e sur le drone IP67 : prot\u00e9g\u00e9e contre eau & poussi\u00e8re 14 rangements S\u00e9curis\u00e9e","rel":"","context":"Article similaire","block_context":{"text":"Article similaire","link":""},"img":{"alt_text":"Valise 4600W simple \u00e0 roulettes pour DJI Inspire 2 - HPRC","src":"https:\/\/i0.wp.com\/store.droneway.ma\/wp-content\/uploads\/2020\/11\/valise-a-roulettes-hprc-simple-pour-dji-inspire-2-p-image-187227-grande.jpg?resize=350%2C200&ssl=1","width":350,"height":200},"classes":[]}],"jetpack_sharing_enabled":true,"_links":{"self":[{"href":"https:\/\/store.droneway.ma\/index.php\/wp-json\/wp\/v2\/product\/2145","targetHints":{"allow":["GET"]}}],"collection":[{"href":"https:\/\/store.droneway.ma\/index.php\/wp-json\/wp\/v2\/product"}],"about":[{"href":"https:\/\/store.droneway.ma\/index.php\/wp-json\/wp\/v2\/types\/product"}],"wp:featuredmedia":[{"embeddable":true,"href":"https:\/\/store.droneway.ma\/index.php\/wp-json\/wp\/v2\/media\/1896"}],"wp:attachment":[{"href":"https:\/\/store.droneway.ma\/index.php\/wp-json\/wp\/v2\/media?parent=2145"}],"wp:term":[{"taxonomy":"product_brand","embeddable":true,"href":"https:\/\/store.droneway.ma\/index.php\/wp-json\/wp\/v2\/product_brand?post=2145"},{"taxonomy":"product_cat","embeddable":true,"href":"https:\/\/store.droneway.ma\/index.php\/wp-json\/wp\/v2\/product_cat?post=2145"},{"taxonomy":"product_tag","embeddable":true,"href":"https:\/\/store.droneway.ma\/index.php\/wp-json\/wp\/v2\/product_tag?post=2145"}],"curies":[{"name":"wp","href":"https:\/\/api.w.org\/{rel}","templated":true}]}}