{"id":2144,"date":"2020-11-21T19:01:53","date_gmt":"2020-11-21T18:01:53","guid":{"rendered":"http:\/\/store.droneway.ma\/index.php\/produit\/chargeur-hex-dji\/"},"modified":"2020-11-21T19:02:00","modified_gmt":"2020-11-21T18:02:00","slug":"chargeur-hex-dji","status":"publish","type":"product","link":"https:\/\/store.droneway.ma\/index.php\/produit\/chargeur-hex-dji\/","title":{"rendered":"Chargeur HEX DJI"},"content":{"rendered":"<p>Le chargeur Hex de DJI peut charger jusqu&rsquo;\u00e0 six batteries intelligentes et deux radiocommandes simultan\u00e9ment.  Il sera particuli\u00e8rement int\u00e9ressant pour les drones DJI Inspire 1, Matrice 100 et 600 qui n\u00e9cessitent plusieurs batteries pour leur fonctionnement ou multiplier les vols.  Ce chargeur Hex est compatible avec la valise de batteries DJI.<\/p>\n","protected":false},"excerpt":{"rendered":"<p>Chargeur Hex DJI<\/p>\n","protected":false},"featured_media":1899,"template":"","meta":{"content-type":"","rop_custom_images_group":[],"rop_custom_messages_group":[],"rop_publish_now":"initial","rop_publish_now_accounts":[],"rop_publish_now_history":[],"rop_publish_now_status":"pending"},"product_brand":[],"product_cat":[18,33],"product_tag":[],"class_list":{"0":"post-2144","1":"product","2":"type-product","3":"status-publish","4":"has-post-thumbnail","6":"product_cat-dji-matrice","7":"product_cat-matrice-600","9":"first","10":"instock","11":"purchasable","12":"product-type-simple"},"jetpack-related-posts":[{"id":2143,"url":"https:\/\/store.droneway.ma\/index.php\/produit\/valise-pour-chargeurs-et-batteries-dji-matrice\/","url_meta":{"origin":2144,"position":0},"title":"Valise pour chargeurs et batteries DJI Matrice","author":"admin","date":"21 novembre 2020","format":false,"excerpt":"Valise pour chargeur et batteries DJI Matrice 600","rel":"","context":"Article similaire","block_context":{"text":"Article similaire","link":""},"img":{"alt_text":"Valise pour chargeurs et batteries DJI Matrice","src":"https:\/\/i0.wp.com\/store.droneway.ma\/wp-content\/uploads\/2020\/11\/valise-pour-chargeurs-et-batteries-dji-matrice-600-p-image-183238-grande.jpg?resize=350%2C200&ssl=1","width":350,"height":200,"srcset":"https:\/\/i0.wp.com\/store.droneway.ma\/wp-content\/uploads\/2020\/11\/valise-pour-chargeurs-et-batteries-dji-matrice-600-p-image-183238-grande.jpg?resize=350%2C200&ssl=1 1x, https:\/\/i0.wp.com\/store.droneway.ma\/wp-content\/uploads\/2020\/11\/valise-pour-chargeurs-et-batteries-dji-matrice-600-p-image-183238-grande.jpg?resize=525%2C300&ssl=1 1.5x, https:\/\/i0.wp.com\/store.droneway.ma\/wp-content\/uploads\/2020\/11\/valise-pour-chargeurs-et-batteries-dji-matrice-600-p-image-183238-grande.jpg?resize=700%2C400&ssl=1 2x"},"classes":[]},{"id":2079,"url":"https:\/\/store.droneway.ma\/index.php\/produit\/chargeur-multiple-pour-batteries-dji-inspire-1-et-inspire-2\/","url_meta":{"origin":2144,"position":1},"title":"Chargeur multiple pour batteries DJI Inspire 1 et Inspire 2","author":"admin","date":"21 novembre 2020","format":false,"excerpt":"Rechargez simultan\u00e9ment jusqu'\u00e0 quatre batteries du DJI Inspire, sa radiocommande ainsi que vos p\u00e9riph\u00e9riques mobiles (smartphone, tablette etc...) gr\u00e2ce \u00e0 ce chargeur multifonctions. Con\u00e7u pour les batteries de DJI Inspire 1 et DJI Inspire 2, ce chargeur dispose de quatre connecteurs pour recharger ces batteries ainsi que de quatre ports\u2026","rel":"","context":"Article similaire","block_context":{"text":"Article similaire","link":""},"img":{"alt_text":"Chargeur multiple pour batteries DJI Inspire 1 et Inspire 2","src":"https:\/\/i0.wp.com\/store.droneway.ma\/wp-content\/uploads\/2020\/11\/chargeur-multiple-pour-batteries-dji-inspire-1-et-inspire-2-p-image-219635-grande.jpg?resize=350%2C200&ssl=1","width":350,"height":200,"srcset":"https:\/\/i0.wp.com\/store.droneway.ma\/wp-content\/uploads\/2020\/11\/chargeur-multiple-pour-batteries-dji-inspire-1-et-inspire-2-p-image-219635-grande.jpg?resize=350%2C200&ssl=1 1x, https:\/\/i0.wp.com\/store.droneway.ma\/wp-content\/uploads\/2020\/11\/chargeur-multiple-pour-batteries-dji-inspire-1-et-inspire-2-p-image-219635-grande.jpg?resize=525%2C300&ssl=1 1.5x, https:\/\/i0.wp.com\/store.droneway.ma\/wp-content\/uploads\/2020\/11\/chargeur-multiple-pour-batteries-dji-inspire-1-et-inspire-2-p-image-219635-grande.jpg?resize=700%2C400&ssl=1 2x"},"classes":[]},{"id":2193,"url":"https:\/\/store.droneway.ma\/index.php\/produit\/chargeur-de-batterie-pour-dji-mavic-2\/","url_meta":{"origin":2144,"position":2},"title":"Chargeur de batterie pour DJI Mavic 2","author":"admin","date":"21 novembre 2020","format":false,"excerpt":"Il est compatible avec la version Pro et Zoom du DJI Mavic 2, et int\u00e8gre une interface USB Type A ainsi qu'une interface micro USB.","rel":"","context":"Article similaire","block_context":{"text":"Article similaire","link":""},"img":{"alt_text":"Chargeur de batterie pour DJI Mavic 2","src":"https:\/\/i0.wp.com\/store.droneway.ma\/wp-content\/uploads\/2020\/11\/Chargeur-de-batterie-pour-DJI-Mavic-2.jpg?resize=350%2C200&ssl=1","width":350,"height":200},"classes":[]},{"id":2145,"url":"https:\/\/store.droneway.ma\/index.php\/produit\/valise-pour-chargeurs-et-batteries-dji-matrice-2\/","url_meta":{"origin":2144,"position":3},"title":"Valise pour chargeurs et batteries DJI Matrice","author":"admin","date":"21 novembre 2020","format":false,"excerpt":"Transportez ais\u00e9ment vos chargeurs et batteries intelligentes gr\u00e2ce \u00e0 cette mallette DJI. Elle peut contenir jusqu'\u00e0 2 chargeurs Hex DJI et 18 Batteries de type TB47S, TB48S, TB47D et TB48D. \u00c9quip\u00e9e de roues et d'une double poign\u00e9e, cette valise est id\u00e9ale pour le transport de votre \u00e9quipement. Des emplacements pour\u2026","rel":"","context":"Article similaire","block_context":{"text":"Article similaire","link":""},"img":{"alt_text":"Valise pour chargeurs et batteries DJI Matrice","src":"https:\/\/i0.wp.com\/store.droneway.ma\/wp-content\/uploads\/2020\/11\/valise-pour-chargeurs-et-batteries-dji-matrice-600-p-image-183238-grande.jpg?resize=350%2C200&ssl=1","width":350,"height":200,"srcset":"https:\/\/i0.wp.com\/store.droneway.ma\/wp-content\/uploads\/2020\/11\/valise-pour-chargeurs-et-batteries-dji-matrice-600-p-image-183238-grande.jpg?resize=350%2C200&ssl=1 1x, https:\/\/i0.wp.com\/store.droneway.ma\/wp-content\/uploads\/2020\/11\/valise-pour-chargeurs-et-batteries-dji-matrice-600-p-image-183238-grande.jpg?resize=525%2C300&ssl=1 1.5x, https:\/\/i0.wp.com\/store.droneway.ma\/wp-content\/uploads\/2020\/11\/valise-pour-chargeurs-et-batteries-dji-matrice-600-p-image-183238-grande.jpg?resize=700%2C400&ssl=1 2x"},"classes":[]},{"id":2054,"url":"https:\/\/store.droneway.ma\/index.php\/produit\/chargeur-dji-agras-1s-1p-et-hub-6-connexions\/","url_meta":{"origin":2144,"position":4},"title":"Chargeur DJI Agras 1S\/1P et hub 6 connexions","author":"admin","date":"21 novembre 2020","format":false,"excerpt":"Chargeur DJI sp\u00e9cialis\u00e9 puissant : 2400W Recharge 2 batteries simultan\u00e9ment Recharge 6 batteries successivement Mode de charges : lente et rapide","rel":"","context":"Article similaire","block_context":{"text":"Article similaire","link":""},"img":{"alt_text":"Chargeur DJI Agras 1S\/1P et hub 6 connexions","src":"https:\/\/i0.wp.com\/store.droneway.ma\/wp-content\/uploads\/2020\/11\/chargeur-dji-agras-1s-1p-6-connexions-p-image-209217-grande.jpg?resize=350%2C200&ssl=1","width":350,"height":200,"srcset":"https:\/\/i0.wp.com\/store.droneway.ma\/wp-content\/uploads\/2020\/11\/chargeur-dji-agras-1s-1p-6-connexions-p-image-209217-grande.jpg?resize=350%2C200&ssl=1 1x, https:\/\/i0.wp.com\/store.droneway.ma\/wp-content\/uploads\/2020\/11\/chargeur-dji-agras-1s-1p-6-connexions-p-image-209217-grande.jpg?resize=525%2C300&ssl=1 1.5x"},"classes":[]},{"id":2473,"url":"https:\/\/store.droneway.ma\/index.php\/produit\/chargeur-dji-pour-robomaster-s1\/","url_meta":{"origin":2144,"position":5},"title":"Chargeur DJI pour RoboMaster S1","author":"admin","date":"21 novembre 2020","format":false,"excerpt":"Chargeur d\u00e9di\u00e9 au DJI RoboMaster S1 Recharge en 90 minutes","rel":"","context":"Article similaire","block_context":{"text":"Article similaire","link":""},"img":{"alt_text":"Chargeur DJI pour RoboMaster S1","src":"https:\/\/i0.wp.com\/store.droneway.ma\/wp-content\/uploads\/2020\/11\/robomaster-s1-part4-intelligent-battery-charger-p-image-213988-grande.jpg?resize=350%2C200&ssl=1","width":350,"height":200,"srcset":"https:\/\/i0.wp.com\/store.droneway.ma\/wp-content\/uploads\/2020\/11\/robomaster-s1-part4-intelligent-battery-charger-p-image-213988-grande.jpg?resize=350%2C200&ssl=1 1x, https:\/\/i0.wp.com\/store.droneway.ma\/wp-content\/uploads\/2020\/11\/robomaster-s1-part4-intelligent-battery-charger-p-image-213988-grande.jpg?resize=525%2C300&ssl=1 1.5x, https:\/\/i0.wp.com\/store.droneway.ma\/wp-content\/uploads\/2020\/11\/robomaster-s1-part4-intelligent-battery-charger-p-image-213988-grande.jpg?resize=700%2C400&ssl=1 2x"},"classes":[]}],"jetpack_sharing_enabled":true,"_links":{"self":[{"href":"https:\/\/store.droneway.ma\/index.php\/wp-json\/wp\/v2\/product\/2144","targetHints":{"allow":["GET"]}}],"collection":[{"href":"https:\/\/store.droneway.ma\/index.php\/wp-json\/wp\/v2\/product"}],"about":[{"href":"https:\/\/store.droneway.ma\/index.php\/wp-json\/wp\/v2\/types\/product"}],"wp:featuredmedia":[{"embeddable":true,"href":"https:\/\/store.droneway.ma\/index.php\/wp-json\/wp\/v2\/media\/1899"}],"wp:attachment":[{"href":"https:\/\/store.droneway.ma\/index.php\/wp-json\/wp\/v2\/media?parent=2144"}],"wp:term":[{"taxonomy":"product_brand","embeddable":true,"href":"https:\/\/store.droneway.ma\/index.php\/wp-json\/wp\/v2\/product_brand?post=2144"},{"taxonomy":"product_cat","embeddable":true,"href":"https:\/\/store.droneway.ma\/index.php\/wp-json\/wp\/v2\/product_cat?post=2144"},{"taxonomy":"product_tag","embeddable":true,"href":"https:\/\/store.droneway.ma\/index.php\/wp-json\/wp\/v2\/product_tag?post=2144"}],"curies":[{"name":"wp","href":"https:\/\/api.w.org\/{rel}","templated":true}]}}