{"id":2141,"date":"2020-11-21T19:01:53","date_gmt":"2020-11-21T18:01:53","guid":{"rendered":"http:\/\/store.droneway.ma\/index.php\/produit\/batterie-tb48s-5700-mah-dji-matrice-600\/"},"modified":"2020-11-21T19:01:58","modified_gmt":"2020-11-21T18:01:58","slug":"batterie-tb48s-5700-mah-dji-matrice-600","status":"publish","type":"product","link":"https:\/\/store.droneway.ma\/index.php\/produit\/batterie-tb48s-5700-mah-dji-matrice-600\/","title":{"rendered":"Batterie TB48S 5700 mAh DJI Matrice 600"},"content":{"rendered":"<p>La batterie DJI TB48S de 5700 mAh permet d&rsquo;alimenter votre drone Matrice 600. Il faudra vous en procurer six afin de le faire voler. Tr\u00e8s bien con\u00e7ue, cette batterie dispose d&rsquo;indicateurs LEDs afin de g\u00e9rer au mieux l&rsquo;autonomie et la gestion de la charge\/d\u00e9charge.\u00a0Plus puissante que celle fournie d&rsquo;origine, cette LiPo vous procura une meilleure autonomie pour des prises de vues rallong\u00e9es !<\/p>\n","protected":false},"excerpt":{"rendered":"<p>Batterie TB48S 5700 mAh DJI Matrice 600<\/p>\n","protected":false},"featured_media":1890,"template":"","meta":{"content-type":"","rop_custom_images_group":[],"rop_custom_messages_group":[],"rop_publish_now":"initial","rop_publish_now_accounts":[],"rop_publish_now_history":[],"rop_publish_now_status":"pending"},"product_brand":[],"product_cat":[18,33],"product_tag":[],"class_list":{"0":"post-2141","1":"product","2":"type-product","3":"status-publish","4":"has-post-thumbnail","6":"product_cat-dji-matrice","7":"product_cat-matrice-600","9":"first","10":"instock","11":"purchasable","12":"product-type-simple"},"jetpack-related-posts":[{"id":2142,"url":"https:\/\/store.droneway.ma\/index.php\/produit\/batterie-tb47s-4500-mah-dji-matrice-600\/","url_meta":{"origin":2141,"position":0},"title":"Batterie TB47S 4500 mAh DJI Matrice 600","author":"admin","date":"21 novembre 2020","format":false,"excerpt":"Batterie TB47S 4500 mAh DJI Matrice 600","rel":"","context":"Article similaire","block_context":{"text":"Article similaire","link":""},"img":{"alt_text":"Batterie TB47S 4500 mAh DJI Matrice 600","src":"https:\/\/i0.wp.com\/store.droneway.ma\/wp-content\/uploads\/2020\/11\/batterie-tb47s-4500-mah-dji-matrice-600-p-image-180502-grande.jpg?resize=350%2C200&ssl=1","width":350,"height":200},"classes":[]},{"id":2123,"url":"https:\/\/store.droneway.ma\/index.php\/produit\/batterie-tb50-4280-mah-pour-dji-matrice-200\/","url_meta":{"origin":2141,"position":1},"title":"Batterie TB50 4280 mAh pour DJI Matrice 200","author":"admin","date":"21 novembre 2020","format":false,"excerpt":"Batterie TB50 pour DJI Matrice 200 et 210","rel":"","context":"Article similaire","block_context":{"text":"Article similaire","link":""},"img":{"alt_text":"Batterie TB50 4280 mAh pour DJI Matrice 200","src":"https:\/\/i0.wp.com\/store.droneway.ma\/wp-content\/uploads\/2020\/11\/batterie-tb50-pour-dji-matrice-200-p-image-189655-grande.jpg?resize=350%2C200&ssl=1","width":350,"height":200},"classes":[]},{"id":2127,"url":"https:\/\/store.droneway.ma\/index.php\/produit\/batterie-tb60-pour-dji-matrice-300-rtk\/","url_meta":{"origin":2141,"position":2},"title":"Batterie TB60 pour DJI Matrice 300 RTK","author":"admin","date":"21 novembre 2020","format":false,"excerpt":"Batterie con\u00e7ue pour le Matrice 300 RTK Puissance et capacit\u00e9 impressionnante : 12S 5935 mAh Syst\u00e8me auto-chauffant Grande autonomie","rel":"","context":"Article similaire","block_context":{"text":"Article similaire","link":""},"img":{"alt_text":"Batterie TB60 pour DJI Matrice 300 RTK","src":"https:\/\/i0.wp.com\/store.droneway.ma\/wp-content\/uploads\/2020\/11\/batterie-tb60-pour-dji-matrice-300-rtk-p-image-218760-grande.jpg?resize=350%2C200&ssl=1","width":350,"height":200},"classes":[]},{"id":2120,"url":"https:\/\/store.droneway.ma\/index.php\/produit\/batterie-tb55-pour-dji-matrice-200-et-210\/","url_meta":{"origin":2141,"position":3},"title":"Batterie TB55 pour DJI Matrice 200 et 210","author":"admin","date":"21 novembre 2020","format":false,"excerpt":"Batterie grande autonomie Pour gamme M200\/210 Syst\u00e8me de r\u00e9chauffement","rel":"","context":"Article similaire","block_context":{"text":"Article similaire","link":""},"img":{"alt_text":"Batterie TB55 pour DJI Matrice 200 et 210","src":"https:\/\/i0.wp.com\/store.droneway.ma\/wp-content\/uploads\/2020\/11\/batteries-tb55-pour-dji-matrice-200-et-210-p-image-191120-grande.jpg?resize=350%2C200&ssl=1","width":350,"height":200},"classes":[]},{"id":2126,"url":"https:\/\/store.droneway.ma\/index.php\/produit\/batterie-wb37-dji-2\/","url_meta":{"origin":2141,"position":4},"title":"Batterie WB37 &#8211; DJI","author":"admin","date":"21 novembre 2020","format":false,"excerpt":"4H \u00e0 5H avec Crystalsky 7.85\" 5H \u00e0 6H avec Crystalsky 5.5\" 4H avec radio DJI Cendence","rel":"","context":"Article similaire","block_context":{"text":"Article similaire","link":""},"img":{"alt_text":"Batterie WB37 - DJI","src":"https:\/\/i0.wp.com\/store.droneway.ma\/wp-content\/uploads\/2020\/11\/batterie-pour-dji-crystalsky-cendence-p-image-190296-grande.jpg?resize=350%2C200&ssl=1","width":350,"height":200},"classes":[]},{"id":2143,"url":"https:\/\/store.droneway.ma\/index.php\/produit\/valise-pour-chargeurs-et-batteries-dji-matrice\/","url_meta":{"origin":2141,"position":5},"title":"Valise pour chargeurs et batteries DJI Matrice","author":"admin","date":"21 novembre 2020","format":false,"excerpt":"Valise pour chargeur et batteries DJI Matrice 600","rel":"","context":"Article similaire","block_context":{"text":"Article similaire","link":""},"img":{"alt_text":"Valise pour chargeurs et batteries DJI Matrice","src":"https:\/\/i0.wp.com\/store.droneway.ma\/wp-content\/uploads\/2020\/11\/valise-pour-chargeurs-et-batteries-dji-matrice-600-p-image-183238-grande.jpg?resize=350%2C200&ssl=1","width":350,"height":200,"srcset":"https:\/\/i0.wp.com\/store.droneway.ma\/wp-content\/uploads\/2020\/11\/valise-pour-chargeurs-et-batteries-dji-matrice-600-p-image-183238-grande.jpg?resize=350%2C200&ssl=1 1x, https:\/\/i0.wp.com\/store.droneway.ma\/wp-content\/uploads\/2020\/11\/valise-pour-chargeurs-et-batteries-dji-matrice-600-p-image-183238-grande.jpg?resize=525%2C300&ssl=1 1.5x, https:\/\/i0.wp.com\/store.droneway.ma\/wp-content\/uploads\/2020\/11\/valise-pour-chargeurs-et-batteries-dji-matrice-600-p-image-183238-grande.jpg?resize=700%2C400&ssl=1 2x"},"classes":[]}],"jetpack_sharing_enabled":true,"_links":{"self":[{"href":"https:\/\/store.droneway.ma\/index.php\/wp-json\/wp\/v2\/product\/2141","targetHints":{"allow":["GET"]}}],"collection":[{"href":"https:\/\/store.droneway.ma\/index.php\/wp-json\/wp\/v2\/product"}],"about":[{"href":"https:\/\/store.droneway.ma\/index.php\/wp-json\/wp\/v2\/types\/product"}],"wp:featuredmedia":[{"embeddable":true,"href":"https:\/\/store.droneway.ma\/index.php\/wp-json\/wp\/v2\/media\/1890"}],"wp:attachment":[{"href":"https:\/\/store.droneway.ma\/index.php\/wp-json\/wp\/v2\/media?parent=2141"}],"wp:term":[{"taxonomy":"product_brand","embeddable":true,"href":"https:\/\/store.droneway.ma\/index.php\/wp-json\/wp\/v2\/product_brand?post=2141"},{"taxonomy":"product_cat","embeddable":true,"href":"https:\/\/store.droneway.ma\/index.php\/wp-json\/wp\/v2\/product_cat?post=2141"},{"taxonomy":"product_tag","embeddable":true,"href":"https:\/\/store.droneway.ma\/index.php\/wp-json\/wp\/v2\/product_tag?post=2141"}],"curies":[{"name":"wp","href":"https:\/\/api.w.org\/{rel}","templated":true}]}}