{"id":2140,"date":"2020-11-21T19:01:53","date_gmt":"2020-11-21T18:01:53","guid":{"rendered":"http:\/\/store.droneway.ma\/index.php\/produit\/dji-matrice-600-pro\/"},"modified":"2020-11-21T19:01:58","modified_gmt":"2020-11-21T18:01:58","slug":"dji-matrice-600-pro","status":"publish","type":"product","link":"https:\/\/store.droneway.ma\/index.php\/produit\/dji-matrice-600-pro\/","title":{"rendered":"DJI Matrice 600 Pro"},"content":{"rendered":"<p>Le DJI Matrice 600 Pro est la version am\u00e9lior\u00e9e de la plateforme M600 ! Le M600 Pro int\u00e8gre le contr\u00f4leur de vol A3 Pro ainsi que le Lightbridge offrant un comportement en vol plus sain gr\u00e2ce \u00e0 la redondance du contr\u00f4leur de vol.<\/p>\n","protected":false},"excerpt":{"rendered":"<p>Le DJI Matrice 600 Pro est la version am\u00e9lior\u00e9e de la plateforme M600 ! Le M600 Pro int\u00e8gre le contr\u00f4leur&hellip;<\/p>\n","protected":false},"featured_media":1881,"template":"","meta":{"content-type":"","rop_custom_images_group":[],"rop_custom_messages_group":[],"rop_publish_now":"initial","rop_publish_now_accounts":[],"rop_publish_now_history":[],"rop_publish_now_status":"pending"},"product_brand":[],"product_cat":[18,33],"product_tag":[],"class_list":{"0":"post-2140","1":"product","2":"type-product","3":"status-publish","4":"has-post-thumbnail","6":"product_cat-dji-matrice","7":"product_cat-matrice-600","9":"first","10":"instock","11":"purchasable","12":"product-type-simple"},"jetpack-related-posts":[{"id":2113,"url":"https:\/\/store.droneway.ma\/index.php\/produit\/dji-manifold-2-c-256g\/","url_meta":{"origin":2140,"position":0},"title":"DJI Manifold 2-C 256G","author":"admin","date":"21 novembre 2020","format":false,"excerpt":"Personnalisation et extensibilit\u00e9 Compatibilit\u00e9 avec le Kit de d\u00e9veloppement mobile (SDK) Vol autonome Analyse de donn\u00e9es en temps r\u00e9el Connectivit\u00e9 avec les stations au sol Applications robotiques","rel":"","context":"Article similaire","block_context":{"text":"Article similaire","link":""},"img":{"alt_text":"DJI Manifold 2-C 256G","src":"https:\/\/i0.wp.com\/store.droneway.ma\/wp-content\/uploads\/2020\/11\/manifold-2-c-256g-eu-p-image-209475-grande.png?resize=350%2C200&ssl=1","width":350,"height":200,"srcset":"https:\/\/i0.wp.com\/store.droneway.ma\/wp-content\/uploads\/2020\/11\/manifold-2-c-256g-eu-p-image-209475-grande.png?resize=350%2C200&ssl=1 1x, https:\/\/i0.wp.com\/store.droneway.ma\/wp-content\/uploads\/2020\/11\/manifold-2-c-256g-eu-p-image-209475-grande.png?resize=525%2C300&ssl=1 1.5x, https:\/\/i0.wp.com\/store.droneway.ma\/wp-content\/uploads\/2020\/11\/manifold-2-c-256g-eu-p-image-209475-grande.png?resize=700%2C400&ssl=1 2x"},"classes":[]},{"id":2136,"url":"https:\/\/store.droneway.ma\/index.php\/produit\/dji-manifold-2-c-256g-2\/","url_meta":{"origin":2140,"position":1},"title":"DJI Manifold 2-C 256G","author":"admin","date":"21 novembre 2020","format":false,"excerpt":"Personnalisation et extensibilit\u00e9 Compatibilit\u00e9 avec le Kit de d\u00e9veloppement mobile (SDK) Vol autonome Analyse de donn\u00e9es en temps r\u00e9el Connectivit\u00e9 avec les stations au sol Applications robotiques","rel":"","context":"Article similaire","block_context":{"text":"Article similaire","link":""},"img":{"alt_text":"DJI Manifold 2-C 256G","src":"https:\/\/i0.wp.com\/store.droneway.ma\/wp-content\/uploads\/2020\/11\/manifold-2-c-256g-eu-p-image-209475-grande.png?resize=350%2C200&ssl=1","width":350,"height":200,"srcset":"https:\/\/i0.wp.com\/store.droneway.ma\/wp-content\/uploads\/2020\/11\/manifold-2-c-256g-eu-p-image-209475-grande.png?resize=350%2C200&ssl=1 1x, https:\/\/i0.wp.com\/store.droneway.ma\/wp-content\/uploads\/2020\/11\/manifold-2-c-256g-eu-p-image-209475-grande.png?resize=525%2C300&ssl=1 1.5x, https:\/\/i0.wp.com\/store.droneway.ma\/wp-content\/uploads\/2020\/11\/manifold-2-c-256g-eu-p-image-209475-grande.png?resize=700%2C400&ssl=1 2x"},"classes":[]},{"id":2112,"url":"https:\/\/store.droneway.ma\/index.php\/produit\/dji-manifold-2-g-128g\/","url_meta":{"origin":2140,"position":2},"title":"DJI Manifold 2-G 128G","author":"admin","date":"21 novembre 2020","format":false,"excerpt":"Personnalisation et extensibilit\u00e9 Compatibilit\u00e9 avec le Kit de d\u00e9veloppement mobile (SDK) Intelligence artificielle Reconnaissance d'objets Analyse des mouvements Traitements d'image","rel":"","context":"Article similaire","block_context":{"text":"Article similaire","link":""},"img":{"alt_text":"DJI Manifold 2-G 128G","src":"https:\/\/i0.wp.com\/store.droneway.ma\/wp-content\/uploads\/2020\/11\/p-image-209481-grande.png?resize=350%2C200&ssl=1","width":350,"height":200,"srcset":"https:\/\/i0.wp.com\/store.droneway.ma\/wp-content\/uploads\/2020\/11\/p-image-209481-grande.png?resize=350%2C200&ssl=1 1x, https:\/\/i0.wp.com\/store.droneway.ma\/wp-content\/uploads\/2020\/11\/p-image-209481-grande.png?resize=525%2C300&ssl=1 1.5x, https:\/\/i0.wp.com\/store.droneway.ma\/wp-content\/uploads\/2020\/11\/p-image-209481-grande.png?resize=700%2C400&ssl=1 2x"},"classes":[]},{"id":2135,"url":"https:\/\/store.droneway.ma\/index.php\/produit\/dji-manifold-2-g-128g-2\/","url_meta":{"origin":2140,"position":3},"title":"DJI Manifold 2-G 128G","author":"admin","date":"21 novembre 2020","format":false,"excerpt":"Personnalisation et extensibilit\u00e9 Compatibilit\u00e9 avec le Kit de d\u00e9veloppement mobile (SDK) Intelligence artificielle Reconnaissance d'objets Analyse des mouvements Traitements d'image","rel":"","context":"Article similaire","block_context":{"text":"Article similaire","link":""},"img":{"alt_text":"DJI Manifold 2-G 128G","src":"https:\/\/i0.wp.com\/store.droneway.ma\/wp-content\/uploads\/2020\/11\/p-image-209481-grande.png?resize=350%2C200&ssl=1","width":350,"height":200,"srcset":"https:\/\/i0.wp.com\/store.droneway.ma\/wp-content\/uploads\/2020\/11\/p-image-209481-grande.png?resize=350%2C200&ssl=1 1x, https:\/\/i0.wp.com\/store.droneway.ma\/wp-content\/uploads\/2020\/11\/p-image-209481-grande.png?resize=525%2C300&ssl=1 1.5x, https:\/\/i0.wp.com\/store.droneway.ma\/wp-content\/uploads\/2020\/11\/p-image-209481-grande.png?resize=700%2C400&ssl=1 2x"},"classes":[]},{"id":2146,"url":"https:\/\/store.droneway.ma\/index.php\/produit\/valise-de-transport-pour-dji-matrice-600-pro\/","url_meta":{"origin":2140,"position":4},"title":"Valise de transport pour DJI Matrice 600 Pro","author":"admin","date":"21 novembre 2020","format":false,"excerpt":"Cette valise de transport pour DJI Matrice 600 Pro vous permettra de transporter votre drone enti\u00e8rement assembl\u00e9 et pr\u00eat \u00e0 voler.\u00a0 L'\u00e9tui est en polypropyl\u00e8ne r\u00e9sistant aux chocs, \u00e0 la poussi\u00e8re et \u00e0 l'humidit\u00e9 et offre une protection optimale m\u00eame dans des conditions extr\u00eames. Le m\u00e9canisme d'ouverture est bas\u00e9 sur\u2026","rel":"","context":"Article similaire","block_context":{"text":"Article similaire","link":""},"img":{"alt_text":"Valise de transport pour DJI Matrice 600 Pro","src":"https:\/\/i0.wp.com\/store.droneway.ma\/wp-content\/uploads\/2020\/11\/valise-m600-p-image-209527-grande.jpg?resize=350%2C200&ssl=1","width":350,"height":200},"classes":[]},{"id":2142,"url":"https:\/\/store.droneway.ma\/index.php\/produit\/batterie-tb47s-4500-mah-dji-matrice-600\/","url_meta":{"origin":2140,"position":5},"title":"Batterie TB47S 4500 mAh DJI Matrice 600","author":"admin","date":"21 novembre 2020","format":false,"excerpt":"Batterie TB47S 4500 mAh DJI Matrice 600","rel":"","context":"Article similaire","block_context":{"text":"Article similaire","link":""},"img":{"alt_text":"Batterie TB47S 4500 mAh DJI Matrice 600","src":"https:\/\/i0.wp.com\/store.droneway.ma\/wp-content\/uploads\/2020\/11\/batterie-tb47s-4500-mah-dji-matrice-600-p-image-180502-grande.jpg?resize=350%2C200&ssl=1","width":350,"height":200},"classes":[]}],"jetpack_sharing_enabled":true,"_links":{"self":[{"href":"https:\/\/store.droneway.ma\/index.php\/wp-json\/wp\/v2\/product\/2140","targetHints":{"allow":["GET"]}}],"collection":[{"href":"https:\/\/store.droneway.ma\/index.php\/wp-json\/wp\/v2\/product"}],"about":[{"href":"https:\/\/store.droneway.ma\/index.php\/wp-json\/wp\/v2\/types\/product"}],"wp:featuredmedia":[{"embeddable":true,"href":"https:\/\/store.droneway.ma\/index.php\/wp-json\/wp\/v2\/media\/1881"}],"wp:attachment":[{"href":"https:\/\/store.droneway.ma\/index.php\/wp-json\/wp\/v2\/media?parent=2140"}],"wp:term":[{"taxonomy":"product_brand","embeddable":true,"href":"https:\/\/store.droneway.ma\/index.php\/wp-json\/wp\/v2\/product_brand?post=2140"},{"taxonomy":"product_cat","embeddable":true,"href":"https:\/\/store.droneway.ma\/index.php\/wp-json\/wp\/v2\/product_cat?post=2140"},{"taxonomy":"product_tag","embeddable":true,"href":"https:\/\/store.droneway.ma\/index.php\/wp-json\/wp\/v2\/product_tag?post=2140"}],"curies":[{"name":"wp","href":"https:\/\/api.w.org\/{rel}","templated":true}]}}