{"id":2134,"date":"2020-11-21T19:01:53","date_gmt":"2020-11-21T18:01:53","guid":{"rendered":"http:\/\/store.droneway.ma\/index.php\/produit\/valise-etanche-2800w-pour-dji-matrice-300-rtk-hprc\/"},"modified":"2020-11-21T19:01:55","modified_gmt":"2020-11-21T18:01:55","slug":"valise-etanche-2800w-pour-dji-matrice-300-rtk-hprc","status":"publish","type":"product","link":"https:\/\/store.droneway.ma\/index.php\/produit\/valise-etanche-2800w-pour-dji-matrice-300-rtk-hprc\/","title":{"rendered":"Valise \u00e9tanche 2800W pour DJI Matrice 300 RTK &#8211; HPRC"},"content":{"rendered":"<p>La valise \u00e9tanche 2800W de chez HPRC vous permettra de transporter le drone DJI Matrice 300 RTK ainsi que tous ses accessoires en toute s\u00e9curit\u00e9.  \u00c0 l&rsquo;int\u00e9rieur, une mousse haute densit\u00e9 permet de prot\u00e9ger et maintenir le mat\u00e9riel. Elle est divis\u00e9e en deux niveaux pour permettre d&rsquo;accueillir le drone avec ses trains d&rsquo;atterrissage mont\u00e9s pour un d\u00e9ploiement plus rapide sur le terrain.  Ainsi, vous pourrez y stocker et transporter le drone DJI Matrice 300 RTK avec deux nacelles mont\u00e9es dessous, une nacelle suppl\u00e9mentaire, huit batteries TB60, quatre batteries WB37, deux radiocommandes SmartController Enterprise, deux iPad (ou \u00e9crans CrystalSky 7,85 pouces) ainsi que divers accessoires comme les h\u00e9lices ou les chargeurs.  Cette valise HPRC est \u00e9quip\u00e9e de la technologie Drykeeper qui permet de faire barri\u00e8re \u00e0 l&rsquo;humidit\u00e9 lorsque le drone y est stock\u00e9 et ainsi \u00e9viter tout risque de moisissures. Elle dispose \u00e9galement d&rsquo;un indice de protection IP67. Des roulettes ainsi qu&rsquo;une poign\u00e9e facilitent le transport du mat\u00e9riel sur le lieu d&rsquo;intervention.<\/p>\n","protected":false},"excerpt":{"rendered":"<p>Valise haut de gamme de chez HPRC  Mousse haute densit\u00e9 permettant le respect du mat\u00e9riel  Con\u00e7ue pour le drone DJI Matrice 300 RTK et ses accessoires  Indice de protection IP67<\/p>\n","protected":false},"featured_media":1859,"template":"","meta":{"content-type":"","rop_custom_images_group":[],"rop_custom_messages_group":[],"rop_publish_now":"initial","rop_publish_now_accounts":[],"rop_publish_now_history":[],"rop_publish_now_status":"pending"},"product_brand":[],"product_cat":[18,32],"product_tag":[],"class_list":{"0":"post-2134","1":"product","2":"type-product","3":"status-publish","4":"has-post-thumbnail","6":"product_cat-dji-matrice","7":"product_cat-matrice-300","9":"first","10":"instock","11":"purchasable","12":"product-type-simple"},"jetpack-related-posts":[{"id":2105,"url":"https:\/\/store.droneway.ma\/index.php\/produit\/valise-4600w-etanche-pour-dji-matrice-200-210-hprc\/","url_meta":{"origin":2134,"position":0},"title":"Valise 4600W \u00e9tanche pour DJI Matrice 200 &#038; 210 &#8211; HPRC","author":"admin","date":"21 novembre 2020","format":false,"excerpt":"Valise haut de gamme HPRC Compatible DJI Matrice 200\/210 Supporte le drone avec son train en landing mode IP67 : prot\u00e9g\u00e9e contre eau & poussi\u00e8re Plus de 12 rangements","rel":"","context":"Article similaire","block_context":{"text":"Article similaire","link":""},"img":{"alt_text":"Valise 4600W \u00e9tanche pour DJI Matrice 200 & 210 - HPRC","src":"https:\/\/i0.wp.com\/store.droneway.ma\/wp-content\/uploads\/2020\/11\/valise-hprc-pour-dji-matrice-200-210-p-image-201677-grande.jpg?resize=350%2C200&ssl=1","width":350,"height":200,"srcset":"https:\/\/i0.wp.com\/store.droneway.ma\/wp-content\/uploads\/2020\/11\/valise-hprc-pour-dji-matrice-200-210-p-image-201677-grande.jpg?resize=350%2C200&ssl=1 1x, https:\/\/i0.wp.com\/store.droneway.ma\/wp-content\/uploads\/2020\/11\/valise-hprc-pour-dji-matrice-200-210-p-image-201677-grande.jpg?resize=525%2C300&ssl=1 1.5x, https:\/\/i0.wp.com\/store.droneway.ma\/wp-content\/uploads\/2020\/11\/valise-hprc-pour-dji-matrice-200-210-p-image-201677-grande.jpg?resize=700%2C400&ssl=1 2x"},"classes":[]},{"id":2084,"url":"https:\/\/store.droneway.ma\/index.php\/produit\/valise-2780w-double-a-roulettes-pour-dji-inspire-2-hprc\/","url_meta":{"origin":2134,"position":1},"title":"Valise 2780W double \u00e0 roulettes pour DJI Inspire 2 &#8211; HPRC","author":"admin","date":"21 novembre 2020","format":false,"excerpt":"Valise \u00e0 roulettes haut de gamme HPRC Supporte la nacelle mont\u00e9e sur le drone IP67 : prot\u00e9g\u00e9e contre eau & poussi\u00e8re Double compartiment : 17 rangements S\u00e9curis\u00e9e","rel":"","context":"Article similaire","block_context":{"text":"Article similaire","link":""},"img":{"alt_text":"Valise 2780W double \u00e0 roulettes pour DJI Inspire 2 - HPRC","src":"https:\/\/i0.wp.com\/store.droneway.ma\/wp-content\/uploads\/2020\/11\/valise-hprc-a-roulettes-double-pour-dji-inspire-2-p-image-187266-grande.jpg?resize=350%2C200&ssl=1","width":350,"height":200},"classes":[]},{"id":2454,"url":"https:\/\/store.droneway.ma\/index.php\/produit\/valise-2700w-etanche-pour-dji-phantom-4-rtk-hprc\/","url_meta":{"origin":2134,"position":2},"title":"Valise 2700W \u00e9tanche pour DJI Phantom 4 RTK &#8211; HPRC","author":"admin","date":"21 novembre 2020","format":false,"excerpt":"Pesant 9.40 kg, cette valise est cependant tr\u00e8s agr\u00e9able \u00e0 manipuler avec ses roues et son syst\u00e8me de poign\u00e9e r\u00e9tractable. Les emplacements sp\u00e9cifiques cadenas permettront de la s\u00e9curiser durant tous vos d\u00e9placements.","rel":"","context":"Article similaire","block_context":{"text":"Article similaire","link":""},"img":{"alt_text":"Valise 2700W \u00e9tanche pour DJI Phantom 4 RTK - HPRC","src":"https:\/\/i0.wp.com\/store.droneway.ma\/wp-content\/uploads\/2020\/11\/Valise-2700W-etanche-pour-DJI-Phantom-4-RTK-HPRC.jpg?resize=350%2C200&ssl=1","width":350,"height":200},"classes":[]},{"id":2458,"url":"https:\/\/store.droneway.ma\/index.php\/produit\/valise-2780w-pour-phantom-4-rtk-et-station-d-rtk-hprc\/","url_meta":{"origin":2134,"position":3},"title":"Valise 2780W pour Phantom 4 RTK et station D-RTK &#8211; HPRC","author":"admin","date":"21 novembre 2020","format":false,"excerpt":"Tous les \u00e9l\u00e9ments sont r\u00e9partis selon deux niveaux : le drone et ses batteries sur le dessus et la station mobile et le reste des accessoires en dessous. La mousse haute densit\u00e9 contenue dans la valise assurer une protection \u00e0 toute \u00e9preuve de votre mat\u00e9riel.","rel":"","context":"Article similaire","block_context":{"text":"Article similaire","link":""},"img":{"alt_text":"Valise 2780W pour Phantom 4 RTK et station D-RTK - HPRC","src":"https:\/\/i0.wp.com\/store.droneway.ma\/wp-content\/uploads\/2020\/11\/Valise-2780W-pour-Phantom-4-RTK-et-station-D-RTK-HPRC.jpg?resize=350%2C200&ssl=1","width":350,"height":200,"srcset":"https:\/\/i0.wp.com\/store.droneway.ma\/wp-content\/uploads\/2020\/11\/Valise-2780W-pour-Phantom-4-RTK-et-station-D-RTK-HPRC.jpg?resize=350%2C200&ssl=1 1x, https:\/\/i0.wp.com\/store.droneway.ma\/wp-content\/uploads\/2020\/11\/Valise-2780W-pour-Phantom-4-RTK-et-station-D-RTK-HPRC.jpg?resize=525%2C300&ssl=1 1.5x, https:\/\/i0.wp.com\/store.droneway.ma\/wp-content\/uploads\/2020\/11\/Valise-2780W-pour-Phantom-4-RTK-et-station-D-RTK-HPRC.jpg?resize=700%2C400&ssl=1 2x"},"classes":[]},{"id":2131,"url":"https:\/\/store.droneway.ma\/index.php\/produit\/connecteur-double-de-nacelle-inferieur-pour-dji-matrice-300-rtk\/","url_meta":{"origin":2134,"position":4},"title":"Connecteur double de nacelle inf\u00e9rieur pour DJI Matrice 300 RTK","author":"admin","date":"21 novembre 2020","format":false,"excerpt":"Cet accessoire permet de connecter deux nacelles compatibles en dessous du drone Matrice 300 RTK. Vous pourrez y connecter les nacelles de la s\u00e9rie Zenmuse H20 mais \u00e9galement la XT2, Z30 et XT S.","rel":"","context":"Article similaire","block_context":{"text":"Article similaire","link":""},"img":{"alt_text":"Connecteur double de nacelle inf\u00e9rieur pour DJI Matrice 300 RTK","src":"https:\/\/i0.wp.com\/store.droneway.ma\/wp-content\/uploads\/2020\/11\/connecteur-double-de-nacelle-inferieur-pour-dji-matrice-300-rtk-p-image-217668-grande.jpg?resize=350%2C200&ssl=1","width":350,"height":200,"srcset":"https:\/\/i0.wp.com\/store.droneway.ma\/wp-content\/uploads\/2020\/11\/connecteur-double-de-nacelle-inferieur-pour-dji-matrice-300-rtk-p-image-217668-grande.jpg?resize=350%2C200&ssl=1 1x, https:\/\/i0.wp.com\/store.droneway.ma\/wp-content\/uploads\/2020\/11\/connecteur-double-de-nacelle-inferieur-pour-dji-matrice-300-rtk-p-image-217668-grande.jpg?resize=525%2C300&ssl=1 1.5x, https:\/\/i0.wp.com\/store.droneway.ma\/wp-content\/uploads\/2020\/11\/connecteur-double-de-nacelle-inferieur-pour-dji-matrice-300-rtk-p-image-217668-grande.jpg?resize=700%2C400&ssl=1 2x"},"classes":[]},{"id":2127,"url":"https:\/\/store.droneway.ma\/index.php\/produit\/batterie-tb60-pour-dji-matrice-300-rtk\/","url_meta":{"origin":2134,"position":5},"title":"Batterie TB60 pour DJI Matrice 300 RTK","author":"admin","date":"21 novembre 2020","format":false,"excerpt":"Batterie con\u00e7ue pour le Matrice 300 RTK Puissance et capacit\u00e9 impressionnante : 12S 5935 mAh Syst\u00e8me auto-chauffant Grande autonomie","rel":"","context":"Article similaire","block_context":{"text":"Article similaire","link":""},"img":{"alt_text":"Batterie TB60 pour DJI Matrice 300 RTK","src":"https:\/\/i0.wp.com\/store.droneway.ma\/wp-content\/uploads\/2020\/11\/batterie-tb60-pour-dji-matrice-300-rtk-p-image-218760-grande.jpg?resize=350%2C200&ssl=1","width":350,"height":200},"classes":[]}],"jetpack_sharing_enabled":true,"_links":{"self":[{"href":"https:\/\/store.droneway.ma\/index.php\/wp-json\/wp\/v2\/product\/2134","targetHints":{"allow":["GET"]}}],"collection":[{"href":"https:\/\/store.droneway.ma\/index.php\/wp-json\/wp\/v2\/product"}],"about":[{"href":"https:\/\/store.droneway.ma\/index.php\/wp-json\/wp\/v2\/types\/product"}],"wp:featuredmedia":[{"embeddable":true,"href":"https:\/\/store.droneway.ma\/index.php\/wp-json\/wp\/v2\/media\/1859"}],"wp:attachment":[{"href":"https:\/\/store.droneway.ma\/index.php\/wp-json\/wp\/v2\/media?parent=2134"}],"wp:term":[{"taxonomy":"product_brand","embeddable":true,"href":"https:\/\/store.droneway.ma\/index.php\/wp-json\/wp\/v2\/product_brand?post=2134"},{"taxonomy":"product_cat","embeddable":true,"href":"https:\/\/store.droneway.ma\/index.php\/wp-json\/wp\/v2\/product_cat?post=2134"},{"taxonomy":"product_tag","embeddable":true,"href":"https:\/\/store.droneway.ma\/index.php\/wp-json\/wp\/v2\/product_tag?post=2134"}],"curies":[{"name":"wp","href":"https:\/\/api.w.org\/{rel}","templated":true}]}}