{"id":2130,"date":"2020-11-21T19:01:53","date_gmt":"2020-11-21T18:01:53","guid":{"rendered":"http:\/\/store.droneway.ma\/index.php\/produit\/radiocommande-dji-smart-controller-enterprise\/"},"modified":"2020-11-21T19:01:54","modified_gmt":"2020-11-21T18:01:54","slug":"radiocommande-dji-smart-controller-enterprise","status":"publish","type":"product","link":"https:\/\/store.droneway.ma\/index.php\/produit\/radiocommande-dji-smart-controller-enterprise\/","title":{"rendered":"Radiocommande DJI Smart Controller Enterprise"},"content":{"rendered":"<p>La radiocommande DJI Smart Controller Enterprise est con\u00e7ue pour le drone DJI Matrice 300 RTK.  Elle int\u00e8gre la technologie OcuSync Enterprise qui permet de b\u00e9n\u00e9ficier du retour vid\u00e9o du drone en 1080p et ce, jusqu&rsquo;\u00e0 8kms (norme CE). Elle permet \u00e0 un ou plusieurs op\u00e9rateurs (jusqu&rsquo;\u00e0 3 simultan\u00e9ment) de contr\u00f4ler les mouvements du drone et ceux de la cam\u00e9ra. Son \u00e9cran int\u00e9gr\u00e9 de 5,5 pouces lumineux (1000 cd\/m\u00b2) poss\u00e8de une r\u00e9solution de 1920 x 1080 pixels. Elle poss\u00e8de le WiFi et peut accueillir un dongle 4G pour exploiter les donn\u00e9es du module RTK de fa\u00e7on ultra pr\u00e9cise.  La radiocommande DJI Smart Controller Enterprise dispose d&rsquo;une batterie interne qui lui assure 2,5 heures d&rsquo;autonomie. Il est possible d&rsquo;\u00e9tendre ce temps d&rsquo;utilisation en ajoutant une batterie WB37 \u00e0 l&rsquo;arri\u00e8re de la radiocommande pour ainsi atteindre 4,5 heures en totalit\u00e9.<\/p>\n","protected":false},"excerpt":{"rendered":"<p>La radiocommande DJI Smart Controller Enterprise est con\u00e7ue pour le drone DJI Matrice 300 RTK. Elle int\u00e8gre la technologie OcuSync&hellip;<\/p>\n","protected":false},"featured_media":1848,"template":"","meta":{"content-type":"","rop_custom_images_group":[],"rop_custom_messages_group":[],"rop_publish_now":"initial","rop_publish_now_accounts":[],"rop_publish_now_history":[],"rop_publish_now_status":"pending"},"product_brand":[],"product_cat":[18,32],"product_tag":[],"class_list":{"0":"post-2130","1":"product","2":"type-product","3":"status-publish","4":"has-post-thumbnail","6":"product_cat-dji-matrice","7":"product_cat-matrice-300","9":"first","10":"instock","11":"purchasable","12":"product-type-simple"},"jetpack-related-posts":[{"id":2184,"url":"https:\/\/store.droneway.ma\/index.php\/produit\/dji-mavic-2-enterprise-dual-thermal-et-smart-controller\/","url_meta":{"origin":2130,"position":0},"title":"DJI Mavic 2 Enterprise Dual (thermal) et Smart Controller","author":"admin","date":"21 novembre 2020","format":false,"excerpt":"Le drone Mavic 2 Enterprise Dual (thermal) est un drone destin\u00e9 aux professionnels \u00e9quip\u00e9 d'un capteur thermique radiom\u00e9trique FLIR. Enti\u00e8rement param\u00e9trable, ce drone permet le r\u00e9glage fin des valeurs d'\u00e9missivit\u00e9 pour s'adapter aux interventions sur les zones \u00e0 risque (incendies etc...). Il int\u00e8gre FLIR MSX permettant l'affichage simultan\u00e9 de l'infrarouge\u2026","rel":"","context":"Article similaire","block_context":{"text":"Article similaire","link":""},"img":{"alt_text":"DJI Mavic 2 Enterprise Dual (thermal) et Smart Controller","src":"https:\/\/i0.wp.com\/store.droneway.ma\/wp-content\/uploads\/2020\/11\/DJI-Mavic-2-Enterprise-Dual-thermal-et-Smart-Controller.jpg?resize=350%2C200&ssl=1","width":350,"height":200,"srcset":"https:\/\/i0.wp.com\/store.droneway.ma\/wp-content\/uploads\/2020\/11\/DJI-Mavic-2-Enterprise-Dual-thermal-et-Smart-Controller.jpg?resize=350%2C200&ssl=1 1x, https:\/\/i0.wp.com\/store.droneway.ma\/wp-content\/uploads\/2020\/11\/DJI-Mavic-2-Enterprise-Dual-thermal-et-Smart-Controller.jpg?resize=525%2C300&ssl=1 1.5x, https:\/\/i0.wp.com\/store.droneway.ma\/wp-content\/uploads\/2020\/11\/DJI-Mavic-2-Enterprise-Dual-thermal-et-Smart-Controller.jpg?resize=700%2C400&ssl=1 2x"},"classes":[]},{"id":2133,"url":"https:\/\/store.droneway.ma\/index.php\/produit\/systeme-de-fixation-pour-crystalsky-et-dji-smart-controller-enterprise\/","url_meta":{"origin":2130,"position":1},"title":"Syst\u00e8me de fixation pour Crystalsky et DJI Smart Controller Enterprise","author":"admin","date":"21 novembre 2020","format":false,"excerpt":"Installez un \u00e9cran DJI CrystalSky sur la radiocommande Smart Controller Enterprise de votre DJI Matrice 300 RTK. Facile \u00e0 installer sur la radiocommande, cette fixation vous permet de b\u00e9n\u00e9ficier d'un plus grand \u00e9cran plus lumineux de la gamme CrystalSky.","rel":"","context":"Article similaire","block_context":{"text":"Article similaire","link":""},"img":{"alt_text":"Syst\u00e8me de fixation pour Crystalsky et DJI Smart Controller Enterprise","src":"https:\/\/i0.wp.com\/store.droneway.ma\/wp-content\/uploads\/2020\/11\/systeme-de-fixation-pour-crystalsky-et-dji-smart-controller-enterprise-p-image-217663-grande.jpg?resize=350%2C200&ssl=1","width":350,"height":200,"srcset":"https:\/\/i0.wp.com\/store.droneway.ma\/wp-content\/uploads\/2020\/11\/systeme-de-fixation-pour-crystalsky-et-dji-smart-controller-enterprise-p-image-217663-grande.jpg?resize=350%2C200&ssl=1 1x, https:\/\/i0.wp.com\/store.droneway.ma\/wp-content\/uploads\/2020\/11\/systeme-de-fixation-pour-crystalsky-et-dji-smart-controller-enterprise-p-image-217663-grande.jpg?resize=525%2C300&ssl=1 1.5x, https:\/\/i0.wp.com\/store.droneway.ma\/wp-content\/uploads\/2020\/11\/systeme-de-fixation-pour-crystalsky-et-dji-smart-controller-enterprise-p-image-217663-grande.jpg?resize=700%2C400&ssl=1 2x"},"classes":[]},{"id":2180,"url":"https:\/\/store.droneway.ma\/index.php\/produit\/dji-mavic-2-enterprise-et-smart-controller\/","url_meta":{"origin":2130,"position":2},"title":"DJI Mavic 2 Enterprise et Smart Controller","author":"admin","date":"21 novembre 2020","format":false,"excerpt":"Le drone Mavic 2 Enterprise reprend le design et la cam\u00e9ra du Mavic 2 Zoom en ajoutant des fonctionnalit\u00e9s orient\u00e9es pour une utilisation professionnelle. On retrouve une connectique pour installer trois diff\u00e9rents modules sur le drone : un haut-parleur de 100dB, un projecteur \u00e0 2 LED et un feu auxiliaire.\u2026","rel":"","context":"Article similaire","block_context":{"text":"Article similaire","link":""},"img":{"alt_text":"DJI Mavic 2 Enterprise et Smart Controller","src":"https:\/\/i0.wp.com\/store.droneway.ma\/wp-content\/uploads\/2020\/11\/DJI-Mavic-2-Enterprise-et-Smart-Controller.jpg?resize=350%2C200&ssl=1","width":350,"height":200,"srcset":"https:\/\/i0.wp.com\/store.droneway.ma\/wp-content\/uploads\/2020\/11\/DJI-Mavic-2-Enterprise-et-Smart-Controller.jpg?resize=350%2C200&ssl=1 1x, https:\/\/i0.wp.com\/store.droneway.ma\/wp-content\/uploads\/2020\/11\/DJI-Mavic-2-Enterprise-et-Smart-Controller.jpg?resize=525%2C300&ssl=1 1.5x, https:\/\/i0.wp.com\/store.droneway.ma\/wp-content\/uploads\/2020\/11\/DJI-Mavic-2-Enterprise-et-Smart-Controller.jpg?resize=700%2C400&ssl=1 2x"},"classes":[]},{"id":2262,"url":"https:\/\/store.droneway.ma\/index.php\/produit\/radiocommande-dji-smart-controller\/","url_meta":{"origin":2130,"position":3},"title":"Radiocommande DJI Smart Controller","author":"admin","date":"21 novembre 2020","format":false,"excerpt":"Radiocommande avec \u00e9cran 5,5 pouces 1080p Compatible transmission OcuSync 2.0 Syst\u00e8me Android personnalis\u00e9 DJI Go Share pour le partage Applis tierces support\u00e9es Compatible DJI Mavic Air 2","rel":"","context":"Article similaire","block_context":{"text":"Article similaire","link":""},"img":{"alt_text":"Radiocommande DJI Smart Controller","src":"https:\/\/i0.wp.com\/store.droneway.ma\/wp-content\/uploads\/2020\/11\/radiocommande-dji-smart-controller-p-image-204965-grande.jpg?resize=350%2C200&ssl=1","width":350,"height":200},"classes":[]},{"id":2173,"url":"https:\/\/store.droneway.ma\/index.php\/produit\/dji-mavic-2-zoom-smart-controller\/","url_meta":{"origin":2130,"position":4},"title":"DJI Mavic 2 Zoom &#038; Smart controller","author":"admin","date":"21 novembre 2020","format":false,"excerpt":"Le DJI Smart Controller permet l'acc\u00e8s aux applications tierces (r\u00e9seaux sociaux notamment) en plus des applications DJI, notamment DJI Go 4 qui int\u00e8gre la fonctionnalit\u00e9 \"Go Share\" pour transf\u00e9rer rapidement les photos de la radiocommande vers votre smartphone ou tablette.","rel":"","context":"Article similaire","block_context":{"text":"Article similaire","link":""},"img":{"alt_text":"DJI Mavic 2 Zoom & Smart controller","src":"https:\/\/i0.wp.com\/store.droneway.ma\/wp-content\/uploads\/2020\/11\/dji-mavic-2-zoom-smart-controller-p-image-204870-grande.jpg?resize=350%2C200&ssl=1","width":350,"height":200,"srcset":"https:\/\/i0.wp.com\/store.droneway.ma\/wp-content\/uploads\/2020\/11\/dji-mavic-2-zoom-smart-controller-p-image-204870-grande.jpg?resize=350%2C200&ssl=1 1x, https:\/\/i0.wp.com\/store.droneway.ma\/wp-content\/uploads\/2020\/11\/dji-mavic-2-zoom-smart-controller-p-image-204870-grande.jpg?resize=525%2C300&ssl=1 1.5x, https:\/\/i0.wp.com\/store.droneway.ma\/wp-content\/uploads\/2020\/11\/dji-mavic-2-zoom-smart-controller-p-image-204870-grande.jpg?resize=700%2C400&ssl=1 2x"},"classes":[]},{"id":2174,"url":"https:\/\/store.droneway.ma\/index.php\/produit\/dji-mavic-2-pro-smart-controller\/","url_meta":{"origin":2130,"position":5},"title":"DJI Mavic 2 Pro &#038; Smart controller","author":"admin","date":"21 novembre 2020","format":false,"excerpt":"Capable d'accueillir des applications tierces (Instagram, Facebook, Youtube...), le Smart Controller de votre Mavic 2 Pro dispose en plus d'une sortie HDMI, d'un microphone, et d'un haut parleur. Dot\u00e9e d'une batterie de 5000 mAh, cette radiocommande offrira une belle autonomie de 2h30.","rel":"","context":"Article similaire","block_context":{"text":"Article similaire","link":""},"img":{"alt_text":"DJI Mavic 2 Pro & Smart controller","src":"https:\/\/i0.wp.com\/store.droneway.ma\/wp-content\/uploads\/2020\/11\/dji-mavic-2-pro-smart-controller-p-image-204869-grande.jpg?resize=350%2C200&ssl=1","width":350,"height":200,"srcset":"https:\/\/i0.wp.com\/store.droneway.ma\/wp-content\/uploads\/2020\/11\/dji-mavic-2-pro-smart-controller-p-image-204869-grande.jpg?resize=350%2C200&ssl=1 1x, https:\/\/i0.wp.com\/store.droneway.ma\/wp-content\/uploads\/2020\/11\/dji-mavic-2-pro-smart-controller-p-image-204869-grande.jpg?resize=525%2C300&ssl=1 1.5x, https:\/\/i0.wp.com\/store.droneway.ma\/wp-content\/uploads\/2020\/11\/dji-mavic-2-pro-smart-controller-p-image-204869-grande.jpg?resize=700%2C400&ssl=1 2x"},"classes":[]}],"jetpack_sharing_enabled":true,"_links":{"self":[{"href":"https:\/\/store.droneway.ma\/index.php\/wp-json\/wp\/v2\/product\/2130","targetHints":{"allow":["GET"]}}],"collection":[{"href":"https:\/\/store.droneway.ma\/index.php\/wp-json\/wp\/v2\/product"}],"about":[{"href":"https:\/\/store.droneway.ma\/index.php\/wp-json\/wp\/v2\/types\/product"}],"wp:featuredmedia":[{"embeddable":true,"href":"https:\/\/store.droneway.ma\/index.php\/wp-json\/wp\/v2\/media\/1848"}],"wp:attachment":[{"href":"https:\/\/store.droneway.ma\/index.php\/wp-json\/wp\/v2\/media?parent=2130"}],"wp:term":[{"taxonomy":"product_brand","embeddable":true,"href":"https:\/\/store.droneway.ma\/index.php\/wp-json\/wp\/v2\/product_brand?post=2130"},{"taxonomy":"product_cat","embeddable":true,"href":"https:\/\/store.droneway.ma\/index.php\/wp-json\/wp\/v2\/product_cat?post=2130"},{"taxonomy":"product_tag","embeddable":true,"href":"https:\/\/store.droneway.ma\/index.php\/wp-json\/wp\/v2\/product_tag?post=2130"}],"curies":[{"name":"wp","href":"https:\/\/api.w.org\/{rel}","templated":true}]}}