{"id":2127,"date":"2020-11-21T19:01:44","date_gmt":"2020-11-21T18:01:44","guid":{"rendered":"http:\/\/store.droneway.ma\/index.php\/produit\/batterie-tb60-pour-dji-matrice-300-rtk\/"},"modified":"2020-11-21T19:01:51","modified_gmt":"2020-11-21T18:01:51","slug":"batterie-tb60-pour-dji-matrice-300-rtk","status":"publish","type":"product","link":"https:\/\/store.droneway.ma\/index.php\/produit\/batterie-tb60-pour-dji-matrice-300-rtk\/","title":{"rendered":"Batterie TB60 pour DJI Matrice 300 RTK"},"content":{"rendered":"<p>La batterie DJI TB60 pour le drone Matrice 300 RTK utilise des capacit\u00e9s et densit\u00e9s plus \u00e9lev\u00e9es : 12S 5935 mAh.  Deux batteries de ce type sont n\u00e9cessaires pour voler 55 minutes avec le DJI Matrice 300 RTK ou pendant 45 minutes avec la nacelle Zenmuse H20.  Ses performances dans des environnements \u00e0 basse temp\u00e9rature ont \u00e9t\u00e9 optimis\u00e9es par un syst\u00e8me auto-chauffant int\u00e9gr\u00e9, activable manuellement ou de fa\u00e7on automatique (en dessous de 5\u00b0C).<\/p>\n","protected":false},"excerpt":{"rendered":"<p>Batterie con\u00e7ue pour le Matrice 300 RTK  Puissance et capacit\u00e9 impressionnante : 12S 5935 mAh  Syst\u00e8me auto-chauffant  Grande autonomie<\/p>\n","protected":false},"featured_media":1838,"template":"","meta":{"content-type":"","rop_custom_images_group":[],"rop_custom_messages_group":[],"rop_publish_now":"initial","rop_publish_now_accounts":[],"rop_publish_now_history":[],"rop_publish_now_status":"pending"},"product_brand":[],"product_cat":[18,32],"product_tag":[],"class_list":{"0":"post-2127","1":"product","2":"type-product","3":"status-publish","4":"has-post-thumbnail","6":"product_cat-dji-matrice","7":"product_cat-matrice-300","9":"first","10":"instock","11":"purchasable","12":"product-type-simple"},"jetpack-related-posts":[{"id":2128,"url":"https:\/\/store.droneway.ma\/index.php\/produit\/station-de-charge-bs60-pour-dji-matrice-300-rtk\/","url_meta":{"origin":2127,"position":0},"title":"Station de charge BS60 pour DJI Matrice 300 RTK","author":"admin","date":"21 novembre 2020","format":false,"excerpt":"Permet de transporter et recharger 8 TB60 et 4 WB37 Solution de stockage s\u00e9curis\u00e9e","rel":"","context":"Article similaire","block_context":{"text":"Article similaire","link":""},"img":{"alt_text":"Station de charge BS60 pour DJI Matrice 300 RTK","src":"https:\/\/i0.wp.com\/store.droneway.ma\/wp-content\/uploads\/2020\/11\/station-de-charge-bs60-pour-dji-matrice-300-rtk-p-image-217603-grande.jpg?resize=350%2C200&ssl=1","width":350,"height":200,"srcset":"https:\/\/i0.wp.com\/store.droneway.ma\/wp-content\/uploads\/2020\/11\/station-de-charge-bs60-pour-dji-matrice-300-rtk-p-image-217603-grande.jpg?resize=350%2C200&ssl=1 1x, https:\/\/i0.wp.com\/store.droneway.ma\/wp-content\/uploads\/2020\/11\/station-de-charge-bs60-pour-dji-matrice-300-rtk-p-image-217603-grande.jpg?resize=525%2C300&ssl=1 1.5x, https:\/\/i0.wp.com\/store.droneway.ma\/wp-content\/uploads\/2020\/11\/station-de-charge-bs60-pour-dji-matrice-300-rtk-p-image-217603-grande.jpg?resize=700%2C400&ssl=1 2x"},"classes":[]},{"id":2134,"url":"https:\/\/store.droneway.ma\/index.php\/produit\/valise-etanche-2800w-pour-dji-matrice-300-rtk-hprc\/","url_meta":{"origin":2127,"position":1},"title":"Valise \u00e9tanche 2800W pour DJI Matrice 300 RTK &#8211; HPRC","author":"admin","date":"21 novembre 2020","format":false,"excerpt":"Valise haut de gamme de chez HPRC Mousse haute densit\u00e9 permettant le respect du mat\u00e9riel Con\u00e7ue pour le drone DJI Matrice 300 RTK et ses accessoires Indice de protection IP67","rel":"","context":"Article similaire","block_context":{"text":"Article similaire","link":""},"img":{"alt_text":"Valise \u00e9tanche 2800W pour DJI Matrice 300 RTK - HPRC","src":"https:\/\/i0.wp.com\/store.droneway.ma\/wp-content\/uploads\/2020\/11\/valise-etanche-2800w-pour-dji-matrice-300-rtk-hprc-p-image-218929-grande.jpg?resize=350%2C200&ssl=1","width":350,"height":200,"srcset":"https:\/\/i0.wp.com\/store.droneway.ma\/wp-content\/uploads\/2020\/11\/valise-etanche-2800w-pour-dji-matrice-300-rtk-hprc-p-image-218929-grande.jpg?resize=350%2C200&ssl=1 1x, https:\/\/i0.wp.com\/store.droneway.ma\/wp-content\/uploads\/2020\/11\/valise-etanche-2800w-pour-dji-matrice-300-rtk-hprc-p-image-218929-grande.jpg?resize=525%2C300&ssl=1 1.5x, https:\/\/i0.wp.com\/store.droneway.ma\/wp-content\/uploads\/2020\/11\/valise-etanche-2800w-pour-dji-matrice-300-rtk-hprc-p-image-218929-grande.jpg?resize=700%2C400&ssl=1 2x"},"classes":[]},{"id":2099,"url":"https:\/\/store.droneway.ma\/index.php\/produit\/dji-matrice-210-rtk\/","url_meta":{"origin":2127,"position":2},"title":"DJI Matrice 210 RTK","author":"admin","date":"21 novembre 2020","format":false,"excerpt":"Le drone DJI Matrice s\u00e9rie 200 Con\u00e7u pour durer: Des moteurs haute performance associ\u00e9s \u00e0 des h\u00e9lices de 17 pouces assurent un vol stable par vent fort. Le nouveau syst\u00e8me d'alimentation \u00e0 double batterie chauffe automatiquement les batteries lors du vol \u00e0 des temp\u00e9ratures inf\u00e9rieures \u00e0 z\u00e9ro, tandis qu'une conception\u2026","rel":"","context":"Article similaire","block_context":{"text":"Article similaire","link":""},"img":{"alt_text":"DJI Matrice 210 RTK","src":"https:\/\/i0.wp.com\/store.droneway.ma\/wp-content\/uploads\/2020\/11\/dji-matrice-210-rtk-p-image-198019-grande.jpg?resize=350%2C200&ssl=1","width":350,"height":200,"srcset":"https:\/\/i0.wp.com\/store.droneway.ma\/wp-content\/uploads\/2020\/11\/dji-matrice-210-rtk-p-image-198019-grande.jpg?resize=350%2C200&ssl=1 1x, https:\/\/i0.wp.com\/store.droneway.ma\/wp-content\/uploads\/2020\/11\/dji-matrice-210-rtk-p-image-198019-grande.jpg?resize=525%2C300&ssl=1 1.5x, https:\/\/i0.wp.com\/store.droneway.ma\/wp-content\/uploads\/2020\/11\/dji-matrice-210-rtk-p-image-198019-grande.jpg?resize=700%2C400&ssl=1 2x"},"classes":[]},{"id":2129,"url":"https:\/\/store.droneway.ma\/index.php\/produit\/station-mobile-dji-d-rtk-2-haute-precision-gnss-pour-dji-phantom-4-rtk\/","url_meta":{"origin":2127,"position":3},"title":"Station mobile DJI D-RTK 2 haute pr\u00e9cision GNSS pour DJI Phantom 4 RTK","author":"admin","date":"21 novembre 2020","format":false,"excerpt":"Solution de positionnement centim\u00e9trique : 1cm + 1 ppm Autonomie variable : 2h, 50h ou en continu Compatible DJI Phantom 4 RTK","rel":"","context":"Article similaire","block_context":{"text":"Article similaire","link":""},"img":{"alt_text":"Station mobile DJI D-RTK 2 haute pr\u00e9cision GNSS pour DJI Phantom 4 RTK","src":"https:\/\/i0.wp.com\/store.droneway.ma\/wp-content\/uploads\/2020\/11\/station-mobile-dji-d-rtk-2-haute-precision-gnss-p-image-202399-grande.jpg?resize=350%2C200&ssl=1","width":350,"height":200},"classes":[]},{"id":2883,"url":"https:\/\/store.droneway.ma\/index.php\/produit\/dji-matrice-350-rtk\/","url_meta":{"origin":2127,"position":4},"title":"DJI Matrice 350 RTK","author":"admin","date":"1 juillet 2024","format":false,"excerpt":"Le drone DJI Matrice 350 RTK est capable d'emporter jusqu'\u00e0 trois nacelles dont les Zenmuse H20 et H20T, les cam\u00e9ras Zenmuse P1 et Zenmuse L2 ainsi que d'autres mod\u00e8les comme les Z30, XT2 et XTS (jusque 2,7 kgs d'emport max.).","rel":"","context":"Article similaire","block_context":{"text":"Article similaire","link":""},"img":{"alt_text":"DJI Matrice 350","src":"https:\/\/i0.wp.com\/store.droneway.ma\/wp-content\/uploads\/2024\/07\/DJI-Matrice-350.jpg?resize=350%2C200&ssl=1","width":350,"height":200,"srcset":"https:\/\/i0.wp.com\/store.droneway.ma\/wp-content\/uploads\/2024\/07\/DJI-Matrice-350.jpg?resize=350%2C200&ssl=1 1x, https:\/\/i0.wp.com\/store.droneway.ma\/wp-content\/uploads\/2024\/07\/DJI-Matrice-350.jpg?resize=525%2C300&ssl=1 1.5x"},"classes":[]},{"id":2126,"url":"https:\/\/store.droneway.ma\/index.php\/produit\/batterie-wb37-dji-2\/","url_meta":{"origin":2127,"position":5},"title":"Batterie WB37 &#8211; DJI","author":"admin","date":"21 novembre 2020","format":false,"excerpt":"4H \u00e0 5H avec Crystalsky 7.85\" 5H \u00e0 6H avec Crystalsky 5.5\" 4H avec radio DJI Cendence","rel":"","context":"Article similaire","block_context":{"text":"Article similaire","link":""},"img":{"alt_text":"Batterie WB37 - DJI","src":"https:\/\/i0.wp.com\/store.droneway.ma\/wp-content\/uploads\/2020\/11\/batterie-pour-dji-crystalsky-cendence-p-image-190296-grande.jpg?resize=350%2C200&ssl=1","width":350,"height":200},"classes":[]}],"jetpack_sharing_enabled":true,"_links":{"self":[{"href":"https:\/\/store.droneway.ma\/index.php\/wp-json\/wp\/v2\/product\/2127","targetHints":{"allow":["GET"]}}],"collection":[{"href":"https:\/\/store.droneway.ma\/index.php\/wp-json\/wp\/v2\/product"}],"about":[{"href":"https:\/\/store.droneway.ma\/index.php\/wp-json\/wp\/v2\/types\/product"}],"wp:featuredmedia":[{"embeddable":true,"href":"https:\/\/store.droneway.ma\/index.php\/wp-json\/wp\/v2\/media\/1838"}],"wp:attachment":[{"href":"https:\/\/store.droneway.ma\/index.php\/wp-json\/wp\/v2\/media?parent=2127"}],"wp:term":[{"taxonomy":"product_brand","embeddable":true,"href":"https:\/\/store.droneway.ma\/index.php\/wp-json\/wp\/v2\/product_brand?post=2127"},{"taxonomy":"product_cat","embeddable":true,"href":"https:\/\/store.droneway.ma\/index.php\/wp-json\/wp\/v2\/product_cat?post=2127"},{"taxonomy":"product_tag","embeddable":true,"href":"https:\/\/store.droneway.ma\/index.php\/wp-json\/wp\/v2\/product_tag?post=2127"}],"curies":[{"name":"wp","href":"https:\/\/api.w.org\/{rel}","templated":true}]}}