{"id":2125,"date":"2020-11-21T19:01:44","date_gmt":"2020-11-21T18:01:44","guid":{"rendered":"http:\/\/store.droneway.ma\/index.php\/produit\/dji-matrice-300-rtk\/"},"modified":"2020-11-24T00:16:13","modified_gmt":"2020-11-23T23:16:13","slug":"dji-matrice-300-rtk","status":"publish","type":"product","link":"https:\/\/store.droneway.ma\/index.php\/produit\/dji-matrice-300-rtk\/","title":{"rendered":"DJI Matrice 300 RTK"},"content":{"rendered":"<p>Con\u00e7u par DJI, le leader mondial du drone, le Matrice 300 RTK se pr\u00e9sente comme une machine et r\u00e9volutionnaire sur le march\u00e9 du drone. Plac\u00e9 entre la gamme Matrice 200 et 600, il apporte une nouvelle polyvalence sur le march\u00e9 du drone. Le Matrice 300 RTK s\u2019impose comme une machine r\u00e9solument technique et polyvalente.<\/p>\n<p>Sa certification IP45 monte d\u2019un cran la r\u00e9sistance que l\u2019on connaissait sur les drones Matrice 200. Le M300 RTK saura s\u2019adapter \u00e0 des environnements extr\u00eames (froid, chaud, poussi\u00e8re, pluie, neige) avec la multitude de capteurs efficaces et performants qu\u2019il peut emporter dans diff\u00e9rentes configurations. Sa d\u00e9tection d\u2019obstacle dans 6 directions en fait \u00e9galement un drone particuli\u00e8rement s\u00e9curisant \u00e0 piloter.  Avec toutes ces am\u00e9liorations, le Matrice 300 RTK devient le drone endurci de r\u00e9f\u00e9rence.<\/p>\n<p>Avec la nouvelle capacit\u00e9 d\u2019emport du M300 RTK, vous pourrez maintenant \u00e9quiper jusqu\u2019\u00e0 3 capteurs en simultan\u00e9 (deux en dessous, un au dessus) ce qui donne la capacit\u00e9 de r\u00e9aliser des vid\u00e9os \/ photos \/ inspections verticales. Cette possibilit\u00e9 de s\u2019adapter \u00e0 tous types de circonstances ext\u00e9rieures cumul\u00e9e avec la diversit\u00e9 et performance des capteurs qu\u2019il peut embarquer est unique. De plus, un op\u00e9rateur pourra s\u2019occuper du pilotage pendant qu\u2019un cadreur pourra se focaliser uniquement sur les images.<\/p>\n<p>Que ce soit pour r\u00e9aliser des inspections visuelles d\u2019ouvrages d\u2019art, de la d\u00e9tection thermique  ou encore de l\u2019observation\/surveillance longue port\u00e9e verticale, ou les trois \u00e0 la fois le Matrice 300 RTK ne rechignera pas \u00e0 la t\u00e2che.<\/p>\n","protected":false},"excerpt":{"rendered":"<p>Le drone DJI Matrice 300 RTK est capable d&#8217;emporter jusqu&rsquo;\u00e0 trois nacelles dont les Zenmuse H20 et H20T, les cam\u00e9ras Zenmuse P1 et Zenmuse L1 ainsi que d&rsquo;autres mod\u00e8les comme les Z30, XT2 et XT S (jusque 2,7 kgs d&#8217;emport max.).<\/p>\n","protected":false},"featured_media":1831,"template":"","meta":{"content-type":"","rop_custom_images_group":[],"rop_custom_messages_group":[],"rop_publish_now":"initial","rop_publish_now_accounts":[],"rop_publish_now_history":[],"rop_publish_now_status":"pending"},"product_brand":[],"product_cat":[18,32],"product_tag":[],"class_list":{"0":"post-2125","1":"product","2":"type-product","3":"status-publish","4":"has-post-thumbnail","6":"product_cat-dji-matrice","7":"product_cat-matrice-300","9":"first","10":"instock","11":"featured","12":"purchasable","13":"product-type-simple"},"jetpack-related-posts":[{"id":2883,"url":"https:\/\/store.droneway.ma\/index.php\/produit\/dji-matrice-350-rtk\/","url_meta":{"origin":2125,"position":0},"title":"DJI Matrice 350 RTK","author":"admin","date":"1 juillet 2024","format":false,"excerpt":"Le drone DJI Matrice 350 RTK est capable d'emporter jusqu'\u00e0 trois nacelles dont les Zenmuse H20 et H20T, les cam\u00e9ras Zenmuse P1 et Zenmuse L2 ainsi que d'autres mod\u00e8les comme les Z30, XT2 et XTS (jusque 2,7 kgs d'emport max.).","rel":"","context":"Article similaire","block_context":{"text":"Article similaire","link":""},"img":{"alt_text":"DJI Matrice 350","src":"https:\/\/i0.wp.com\/store.droneway.ma\/wp-content\/uploads\/2024\/07\/DJI-Matrice-350.jpg?resize=350%2C200&ssl=1","width":350,"height":200,"srcset":"https:\/\/i0.wp.com\/store.droneway.ma\/wp-content\/uploads\/2024\/07\/DJI-Matrice-350.jpg?resize=350%2C200&ssl=1 1x, https:\/\/i0.wp.com\/store.droneway.ma\/wp-content\/uploads\/2024\/07\/DJI-Matrice-350.jpg?resize=525%2C300&ssl=1 1.5x"},"classes":[]},{"id":2134,"url":"https:\/\/store.droneway.ma\/index.php\/produit\/valise-etanche-2800w-pour-dji-matrice-300-rtk-hprc\/","url_meta":{"origin":2125,"position":1},"title":"Valise \u00e9tanche 2800W pour DJI Matrice 300 RTK &#8211; HPRC","author":"admin","date":"21 novembre 2020","format":false,"excerpt":"Valise haut de gamme de chez HPRC Mousse haute densit\u00e9 permettant le respect du mat\u00e9riel Con\u00e7ue pour le drone DJI Matrice 300 RTK et ses accessoires Indice de protection IP67","rel":"","context":"Article similaire","block_context":{"text":"Article similaire","link":""},"img":{"alt_text":"Valise \u00e9tanche 2800W pour DJI Matrice 300 RTK - HPRC","src":"https:\/\/i0.wp.com\/store.droneway.ma\/wp-content\/uploads\/2020\/11\/valise-etanche-2800w-pour-dji-matrice-300-rtk-hprc-p-image-218929-grande.jpg?resize=350%2C200&ssl=1","width":350,"height":200,"srcset":"https:\/\/i0.wp.com\/store.droneway.ma\/wp-content\/uploads\/2020\/11\/valise-etanche-2800w-pour-dji-matrice-300-rtk-hprc-p-image-218929-grande.jpg?resize=350%2C200&ssl=1 1x, https:\/\/i0.wp.com\/store.droneway.ma\/wp-content\/uploads\/2020\/11\/valise-etanche-2800w-pour-dji-matrice-300-rtk-hprc-p-image-218929-grande.jpg?resize=525%2C300&ssl=1 1.5x, https:\/\/i0.wp.com\/store.droneway.ma\/wp-content\/uploads\/2020\/11\/valise-etanche-2800w-pour-dji-matrice-300-rtk-hprc-p-image-218929-grande.jpg?resize=700%2C400&ssl=1 2x"},"classes":[]},{"id":2132,"url":"https:\/\/store.droneway.ma\/index.php\/produit\/connecteur-de-nacelle-superieur-pour-dji-matrice-300-rtk\/","url_meta":{"origin":2125,"position":2},"title":"Connecteur de nacelle sup\u00e9rieur pour DJI Matrice 300 RTK","author":"admin","date":"21 novembre 2020","format":false,"excerpt":"Cet accessoire permet de connecter une nacelle compatible sur le dessus du drone Matrice 300 RTK. Vous pourrez y connecter les nacelles de la s\u00e9rie Zenmuse H20 mais \u00e9galement la XT2, Z30 et XT S.","rel":"","context":"Article similaire","block_context":{"text":"Article similaire","link":""},"img":{"alt_text":"Connecteur de nacelle sup\u00e9rieur pour DJI Matrice 300 RTK","src":"https:\/\/i0.wp.com\/store.droneway.ma\/wp-content\/uploads\/2020\/11\/connecteur-de-nacelle-superieur-pour-dji-matrice-300-rtk-p-image-217665-grande.jpg?resize=350%2C200&ssl=1","width":350,"height":200,"srcset":"https:\/\/i0.wp.com\/store.droneway.ma\/wp-content\/uploads\/2020\/11\/connecteur-de-nacelle-superieur-pour-dji-matrice-300-rtk-p-image-217665-grande.jpg?resize=350%2C200&ssl=1 1x, https:\/\/i0.wp.com\/store.droneway.ma\/wp-content\/uploads\/2020\/11\/connecteur-de-nacelle-superieur-pour-dji-matrice-300-rtk-p-image-217665-grande.jpg?resize=525%2C300&ssl=1 1.5x, https:\/\/i0.wp.com\/store.droneway.ma\/wp-content\/uploads\/2020\/11\/connecteur-de-nacelle-superieur-pour-dji-matrice-300-rtk-p-image-217665-grande.jpg?resize=700%2C400&ssl=1 2x"},"classes":[]},{"id":2131,"url":"https:\/\/store.droneway.ma\/index.php\/produit\/connecteur-double-de-nacelle-inferieur-pour-dji-matrice-300-rtk\/","url_meta":{"origin":2125,"position":3},"title":"Connecteur double de nacelle inf\u00e9rieur pour DJI Matrice 300 RTK","author":"admin","date":"21 novembre 2020","format":false,"excerpt":"Cet accessoire permet de connecter deux nacelles compatibles en dessous du drone Matrice 300 RTK. Vous pourrez y connecter les nacelles de la s\u00e9rie Zenmuse H20 mais \u00e9galement la XT2, Z30 et XT S.","rel":"","context":"Article similaire","block_context":{"text":"Article similaire","link":""},"img":{"alt_text":"Connecteur double de nacelle inf\u00e9rieur pour DJI Matrice 300 RTK","src":"https:\/\/i0.wp.com\/store.droneway.ma\/wp-content\/uploads\/2020\/11\/connecteur-double-de-nacelle-inferieur-pour-dji-matrice-300-rtk-p-image-217668-grande.jpg?resize=350%2C200&ssl=1","width":350,"height":200,"srcset":"https:\/\/i0.wp.com\/store.droneway.ma\/wp-content\/uploads\/2020\/11\/connecteur-double-de-nacelle-inferieur-pour-dji-matrice-300-rtk-p-image-217668-grande.jpg?resize=350%2C200&ssl=1 1x, https:\/\/i0.wp.com\/store.droneway.ma\/wp-content\/uploads\/2020\/11\/connecteur-double-de-nacelle-inferieur-pour-dji-matrice-300-rtk-p-image-217668-grande.jpg?resize=525%2C300&ssl=1 1.5x, https:\/\/i0.wp.com\/store.droneway.ma\/wp-content\/uploads\/2020\/11\/connecteur-double-de-nacelle-inferieur-pour-dji-matrice-300-rtk-p-image-217668-grande.jpg?resize=700%2C400&ssl=1 2x"},"classes":[]},{"id":2127,"url":"https:\/\/store.droneway.ma\/index.php\/produit\/batterie-tb60-pour-dji-matrice-300-rtk\/","url_meta":{"origin":2125,"position":4},"title":"Batterie TB60 pour DJI Matrice 300 RTK","author":"admin","date":"21 novembre 2020","format":false,"excerpt":"Batterie con\u00e7ue pour le Matrice 300 RTK Puissance et capacit\u00e9 impressionnante : 12S 5935 mAh Syst\u00e8me auto-chauffant Grande autonomie","rel":"","context":"Article similaire","block_context":{"text":"Article similaire","link":""},"img":{"alt_text":"Batterie TB60 pour DJI Matrice 300 RTK","src":"https:\/\/i0.wp.com\/store.droneway.ma\/wp-content\/uploads\/2020\/11\/batterie-tb60-pour-dji-matrice-300-rtk-p-image-218760-grande.jpg?resize=350%2C200&ssl=1","width":350,"height":200},"classes":[]},{"id":2128,"url":"https:\/\/store.droneway.ma\/index.php\/produit\/station-de-charge-bs60-pour-dji-matrice-300-rtk\/","url_meta":{"origin":2125,"position":5},"title":"Station de charge BS60 pour DJI Matrice 300 RTK","author":"admin","date":"21 novembre 2020","format":false,"excerpt":"Permet de transporter et recharger 8 TB60 et 4 WB37 Solution de stockage s\u00e9curis\u00e9e","rel":"","context":"Article similaire","block_context":{"text":"Article similaire","link":""},"img":{"alt_text":"Station de charge BS60 pour DJI Matrice 300 RTK","src":"https:\/\/i0.wp.com\/store.droneway.ma\/wp-content\/uploads\/2020\/11\/station-de-charge-bs60-pour-dji-matrice-300-rtk-p-image-217603-grande.jpg?resize=350%2C200&ssl=1","width":350,"height":200,"srcset":"https:\/\/i0.wp.com\/store.droneway.ma\/wp-content\/uploads\/2020\/11\/station-de-charge-bs60-pour-dji-matrice-300-rtk-p-image-217603-grande.jpg?resize=350%2C200&ssl=1 1x, https:\/\/i0.wp.com\/store.droneway.ma\/wp-content\/uploads\/2020\/11\/station-de-charge-bs60-pour-dji-matrice-300-rtk-p-image-217603-grande.jpg?resize=525%2C300&ssl=1 1.5x, https:\/\/i0.wp.com\/store.droneway.ma\/wp-content\/uploads\/2020\/11\/station-de-charge-bs60-pour-dji-matrice-300-rtk-p-image-217603-grande.jpg?resize=700%2C400&ssl=1 2x"},"classes":[]}],"jetpack_sharing_enabled":true,"_links":{"self":[{"href":"https:\/\/store.droneway.ma\/index.php\/wp-json\/wp\/v2\/product\/2125","targetHints":{"allow":["GET"]}}],"collection":[{"href":"https:\/\/store.droneway.ma\/index.php\/wp-json\/wp\/v2\/product"}],"about":[{"href":"https:\/\/store.droneway.ma\/index.php\/wp-json\/wp\/v2\/types\/product"}],"wp:featuredmedia":[{"embeddable":true,"href":"https:\/\/store.droneway.ma\/index.php\/wp-json\/wp\/v2\/media\/1831"}],"wp:attachment":[{"href":"https:\/\/store.droneway.ma\/index.php\/wp-json\/wp\/v2\/media?parent=2125"}],"wp:term":[{"taxonomy":"product_brand","embeddable":true,"href":"https:\/\/store.droneway.ma\/index.php\/wp-json\/wp\/v2\/product_brand?post=2125"},{"taxonomy":"product_cat","embeddable":true,"href":"https:\/\/store.droneway.ma\/index.php\/wp-json\/wp\/v2\/product_cat?post=2125"},{"taxonomy":"product_tag","embeddable":true,"href":"https:\/\/store.droneway.ma\/index.php\/wp-json\/wp\/v2\/product_tag?post=2125"}],"curies":[{"name":"wp","href":"https:\/\/api.w.org\/{rel}","templated":true}]}}