{"id":2123,"date":"2020-11-21T19:01:44","date_gmt":"2020-11-21T18:01:44","guid":{"rendered":"http:\/\/store.droneway.ma\/index.php\/produit\/batterie-tb50-4280-mah-pour-dji-matrice-200\/"},"modified":"2020-11-21T19:01:50","modified_gmt":"2020-11-21T18:01:50","slug":"batterie-tb50-4280-mah-pour-dji-matrice-200","status":"publish","type":"product","link":"https:\/\/store.droneway.ma\/index.php\/produit\/batterie-tb50-4280-mah-pour-dji-matrice-200\/","title":{"rendered":"Batterie TB50 4280 mAh pour DJI Matrice 200"},"content":{"rendered":"<p>Cette batterie TB50 est destin\u00e9e \u00e0 alimenter votre drone de la gamme Matrice 200 et 210. Pr\u00e9vue pour fonctionner en bin\u00f4me, cette batterie 6S TB50 de 4280 mAh, offrira une tr\u00e8s belle autonomie \u00e0 votre machine. Elle pourra \u00eatre recharg\u00e9e via la station de charge ou les diff\u00e9rents chargeurs propos\u00e9s pour le DJI Matrice 200 ou 210.  Tout comme les drones DJI Matrice 200 et 210, la batterie TB50 dispose d&rsquo;une certification IP43, permettant une utilisation dans des conditions d&rsquo;humidit\u00e9 relativement importante.<\/p>\n","protected":false},"excerpt":{"rendered":"<p>Batterie TB50 pour DJI Matrice 200 et 210<\/p>\n","protected":false},"featured_media":592,"template":"","meta":{"content-type":"","rop_custom_images_group":[],"rop_custom_messages_group":[],"rop_publish_now":"initial","rop_publish_now_accounts":[],"rop_publish_now_history":[],"rop_publish_now_status":"pending"},"product_brand":[],"product_cat":[18,31],"product_tag":[],"class_list":{"0":"post-2123","1":"product","2":"type-product","3":"status-publish","4":"has-post-thumbnail","6":"product_cat-dji-matrice","7":"product_cat-matrice-200","9":"first","10":"instock","11":"purchasable","12":"product-type-simple"},"jetpack-related-posts":[{"id":2105,"url":"https:\/\/store.droneway.ma\/index.php\/produit\/valise-4600w-etanche-pour-dji-matrice-200-210-hprc\/","url_meta":{"origin":2123,"position":0},"title":"Valise 4600W \u00e9tanche pour DJI Matrice 200 &#038; 210 &#8211; HPRC","author":"admin","date":"21 novembre 2020","format":false,"excerpt":"Valise haut de gamme HPRC Compatible DJI Matrice 200\/210 Supporte le drone avec son train en landing mode IP67 : prot\u00e9g\u00e9e contre eau & poussi\u00e8re Plus de 12 rangements","rel":"","context":"Article similaire","block_context":{"text":"Article similaire","link":""},"img":{"alt_text":"Valise 4600W \u00e9tanche pour DJI Matrice 200 & 210 - HPRC","src":"https:\/\/i0.wp.com\/store.droneway.ma\/wp-content\/uploads\/2020\/11\/valise-hprc-pour-dji-matrice-200-210-p-image-201677-grande.jpg?resize=350%2C200&ssl=1","width":350,"height":200,"srcset":"https:\/\/i0.wp.com\/store.droneway.ma\/wp-content\/uploads\/2020\/11\/valise-hprc-pour-dji-matrice-200-210-p-image-201677-grande.jpg?resize=350%2C200&ssl=1 1x, https:\/\/i0.wp.com\/store.droneway.ma\/wp-content\/uploads\/2020\/11\/valise-hprc-pour-dji-matrice-200-210-p-image-201677-grande.jpg?resize=525%2C300&ssl=1 1.5x, https:\/\/i0.wp.com\/store.droneway.ma\/wp-content\/uploads\/2020\/11\/valise-hprc-pour-dji-matrice-200-210-p-image-201677-grande.jpg?resize=700%2C400&ssl=1 2x"},"classes":[]},{"id":2118,"url":"https:\/\/store.droneway.ma\/index.php\/produit\/hub-de-chargement-dji-inspire-2-et-matrice-200-2\/","url_meta":{"origin":2123,"position":1},"title":"Hub de chargement DJI Inspire 2 et Matrice 200","author":"admin","date":"21 novembre 2020","format":false,"excerpt":"Jusqu'\u00e0 4 batteries ! Charge automatique Compatible batteries TB50","rel":"","context":"Article similaire","block_context":{"text":"Article similaire","link":""},"img":{"alt_text":"Hub de chargement DJI Inspire 2 et Matrice 200","src":"https:\/\/i0.wp.com\/store.droneway.ma\/wp-content\/uploads\/2020\/11\/hub-de-chargement-dji-inspire-2-p-image-194240-grande.jpg?resize=350%2C200&ssl=1","width":350,"height":200,"srcset":"https:\/\/i0.wp.com\/store.droneway.ma\/wp-content\/uploads\/2020\/11\/hub-de-chargement-dji-inspire-2-p-image-194240-grande.jpg?resize=350%2C200&ssl=1 1x, https:\/\/i0.wp.com\/store.droneway.ma\/wp-content\/uploads\/2020\/11\/hub-de-chargement-dji-inspire-2-p-image-194240-grande.jpg?resize=525%2C300&ssl=1 1.5x"},"classes":[]},{"id":2074,"url":"https:\/\/store.droneway.ma\/index.php\/produit\/hub-de-chargement-dji-inspire-2-et-matrice-200\/","url_meta":{"origin":2123,"position":2},"title":"Hub de chargement DJI Inspire 2 et Matrice 200","author":"admin","date":"21 novembre 2020","format":false,"excerpt":"Jusqu'\u00e0 4 batteries ! Charge automatique Compatible batteries TB50","rel":"","context":"Article similaire","block_context":{"text":"Article similaire","link":""},"img":{"alt_text":"Hub de chargement DJI Inspire 2 et Matrice 200","src":"https:\/\/i0.wp.com\/store.droneway.ma\/wp-content\/uploads\/2020\/11\/hub-de-chargement-dji-inspire-2-p-image-194240-grande.jpg?resize=350%2C200&ssl=1","width":350,"height":200,"srcset":"https:\/\/i0.wp.com\/store.droneway.ma\/wp-content\/uploads\/2020\/11\/hub-de-chargement-dji-inspire-2-p-image-194240-grande.jpg?resize=350%2C200&ssl=1 1x, https:\/\/i0.wp.com\/store.droneway.ma\/wp-content\/uploads\/2020\/11\/hub-de-chargement-dji-inspire-2-p-image-194240-grande.jpg?resize=525%2C300&ssl=1 1.5x"},"classes":[]},{"id":2120,"url":"https:\/\/store.droneway.ma\/index.php\/produit\/batterie-tb55-pour-dji-matrice-200-et-210\/","url_meta":{"origin":2123,"position":3},"title":"Batterie TB55 pour DJI Matrice 200 et 210","author":"admin","date":"21 novembre 2020","format":false,"excerpt":"Batterie grande autonomie Pour gamme M200\/210 Syst\u00e8me de r\u00e9chauffement","rel":"","context":"Article similaire","block_context":{"text":"Article similaire","link":""},"img":{"alt_text":"Batterie TB55 pour DJI Matrice 200 et 210","src":"https:\/\/i0.wp.com\/store.droneway.ma\/wp-content\/uploads\/2020\/11\/batteries-tb55-pour-dji-matrice-200-et-210-p-image-191120-grande.jpg?resize=350%2C200&ssl=1","width":350,"height":200},"classes":[]},{"id":2124,"url":"https:\/\/store.droneway.ma\/index.php\/produit\/station-de-charge-dji-pour-tb50-2\/","url_meta":{"origin":2123,"position":4},"title":"Station de charge DJI pour TB50","author":"admin","date":"21 novembre 2020","format":false,"excerpt":"Transport et stockage pour 12 TB50, 2 Li-Pos CrystalSky\/Cendence et 1 Li-Po CrystalSky\/Cendence Rechargement simultan\u00e9 de 8 TB50, 1 radio Inspire 2, 2 Li-Po CrystalSky \/ Cendence et un smartphone \/ tablette Fonction de d\u00e9charge intelligente : am\u00e9lioration dur\u00e9e de vie des batteries pour leur rangement et transport. Monitoring des\u2026","rel":"","context":"Article similaire","block_context":{"text":"Article similaire","link":""},"img":{"alt_text":"Station de charge DJI pour TB50","src":"https:\/\/i0.wp.com\/store.droneway.ma\/wp-content\/uploads\/2020\/11\/station-de-charge-dji-pour-tb50-p-image-200338-grande.jpg?resize=350%2C200&ssl=1","width":350,"height":200},"classes":[]},{"id":2076,"url":"https:\/\/store.droneway.ma\/index.php\/produit\/batterie-tb50-4280-mah-pour-dji-inspire-2-ronin-2\/","url_meta":{"origin":2123,"position":5},"title":"Batterie TB50 4280 mAh pour DJI Inspire 2 &#038; Ronin 2","author":"admin","date":"21 novembre 2020","format":false,"excerpt":"Syst\u00e8me d'auto-chauffage \u00e0 5\u00b0C Redondance de l'alimentation DJI GO : gestion intelligente Compatible DJI Inspire 2 & Ronin 2","rel":"","context":"Article similaire","block_context":{"text":"Article similaire","link":""},"img":{"alt_text":"Batterie TB50 4280 mAh pour DJI Inspire 2 & Ronin 2","src":"https:\/\/i0.wp.com\/store.droneway.ma\/wp-content\/uploads\/2020\/11\/batterie-tb50-4280-mah-pour-dji-inspire-2-p-image-183804-grande.jpg?resize=350%2C200&ssl=1","width":350,"height":200},"classes":[]}],"jetpack_sharing_enabled":true,"_links":{"self":[{"href":"https:\/\/store.droneway.ma\/index.php\/wp-json\/wp\/v2\/product\/2123","targetHints":{"allow":["GET"]}}],"collection":[{"href":"https:\/\/store.droneway.ma\/index.php\/wp-json\/wp\/v2\/product"}],"about":[{"href":"https:\/\/store.droneway.ma\/index.php\/wp-json\/wp\/v2\/types\/product"}],"wp:featuredmedia":[{"embeddable":true,"href":"https:\/\/store.droneway.ma\/index.php\/wp-json\/wp\/v2\/media\/592"}],"wp:attachment":[{"href":"https:\/\/store.droneway.ma\/index.php\/wp-json\/wp\/v2\/media?parent=2123"}],"wp:term":[{"taxonomy":"product_brand","embeddable":true,"href":"https:\/\/store.droneway.ma\/index.php\/wp-json\/wp\/v2\/product_brand?post=2123"},{"taxonomy":"product_cat","embeddable":true,"href":"https:\/\/store.droneway.ma\/index.php\/wp-json\/wp\/v2\/product_cat?post=2123"},{"taxonomy":"product_tag","embeddable":true,"href":"https:\/\/store.droneway.ma\/index.php\/wp-json\/wp\/v2\/product_tag?post=2123"}],"curies":[{"name":"wp","href":"https:\/\/api.w.org\/{rel}","templated":true}]}}