{"id":2116,"date":"2020-11-21T19:01:44","date_gmt":"2020-11-21T18:01:44","guid":{"rendered":"http:\/\/store.droneway.ma\/index.php\/produit\/megaphone-mp130-cytop\/"},"modified":"2020-11-21T19:01:47","modified_gmt":"2020-11-21T18:01:47","slug":"megaphone-mp130-cytop","status":"publish","type":"product","link":"https:\/\/store.droneway.ma\/index.php\/produit\/megaphone-mp130-cytop\/","title":{"rendered":"M\u00e9gaphone MP130 &#8211; Cytop"},"content":{"rendered":"<p>Le m\u00e9gaphone MP130 du constructeur CZZN permet de diffuser des messages audio par l&rsquo;interm\u00e9diaire d&rsquo;un drone DJI.  Compatible avec le DJI Matrice 300 RTK ainsi que les s\u00e9ries V1 et V2 du DJI Matrice 200, cet outil servira \u00e0 plusieurs domaines d&rsquo;application : recherche de personnes et sauvetage, diffusion de messages d&rsquo;alertes, ordres de dispersion par les forces de l&rsquo;ordre etc..  Faisant office de haut-parleur, cet outil a \u00e9t\u00e9 d\u00e9velopp\u00e9 \u00e0 l&rsquo;aide du SDK DJI et se connecte au drone via le connecteur SkyPort (comme vous le feriez pour connecter une nacelle DJI). Le MP130 d\u00e9livre un son clair, puissant \u00e0 un volume maximal de 130dB. Son poids de 550 g n&rsquo;affectera que tr\u00e8s peu l&rsquo;autonomie du drone. Vous disposerez d&rsquo;une tr\u00e8s bonne transmission du son sur 2000 m\u00e8tres.  Diff\u00e9rents modes sont disponibles vous permettant de jouer un son pr\u00e9-enregistr\u00e9 ou bien de parler via l&rsquo;application en live. Vous pourrez le faire soit via DJI Pilot ou via l&rsquo;application CZZN du constructeur.<\/p>\n","protected":false},"excerpt":{"rendered":"<p>M\u00e9gaphone pour les professionnels  Compatible DJI M300RTK et M200 V1 &#038; V2  Diffusion de messages en direct  Jusqu&rsquo;\u00e0 130 dB<\/p>\n","protected":false},"featured_media":567,"template":"","meta":{"content-type":"","rop_custom_images_group":[],"rop_custom_messages_group":[],"rop_publish_now":"initial","rop_publish_now_accounts":[],"rop_publish_now_history":[],"rop_publish_now_status":"pending"},"product_brand":[],"product_cat":[18,31],"product_tag":[],"class_list":{"0":"post-2116","1":"product","2":"type-product","3":"status-publish","4":"has-post-thumbnail","6":"product_cat-dji-matrice","7":"product_cat-matrice-200","9":"first","10":"instock","11":"purchasable","12":"product-type-simple"},"jetpack-related-posts":[{"id":2137,"url":"https:\/\/store.droneway.ma\/index.php\/produit\/megaphone-mp130-cytop-2\/","url_meta":{"origin":2116,"position":0},"title":"M\u00e9gaphone MP130 &#8211; Cytop","author":"admin","date":"21 novembre 2020","format":false,"excerpt":"Le m\u00e9gaphone MP130 du constructeur CZZN permet de diffuser des messages audio par l'interm\u00e9diaire d'un drone DJI. Compatible avec le DJI Matrice 300 RTK ainsi que les s\u00e9ries V1 et V2 du DJI Matrice 200, cet outil servira \u00e0 plusieurs domaines d'application : recherche de personnes et sauvetage, diffusion de\u2026","rel":"","context":"Article similaire","block_context":{"text":"Article similaire","link":""},"img":{"alt_text":"M\u00e9gaphone MP130 - Cytop","src":"https:\/\/i0.wp.com\/store.droneway.ma\/wp-content\/uploads\/2020\/11\/megaphone-mp130-cytop-p-image-219954-grande.jpg?resize=350%2C200&ssl=1","width":350,"height":200,"srcset":"https:\/\/i0.wp.com\/store.droneway.ma\/wp-content\/uploads\/2020\/11\/megaphone-mp130-cytop-p-image-219954-grande.jpg?resize=350%2C200&ssl=1 1x, https:\/\/i0.wp.com\/store.droneway.ma\/wp-content\/uploads\/2020\/11\/megaphone-mp130-cytop-p-image-219954-grande.jpg?resize=525%2C300&ssl=1 1.5x, https:\/\/i0.wp.com\/store.droneway.ma\/wp-content\/uploads\/2020\/11\/megaphone-mp130-cytop-p-image-219954-grande.jpg?resize=700%2C400&ssl=1 2x"},"classes":[]},{"id":2099,"url":"https:\/\/store.droneway.ma\/index.php\/produit\/dji-matrice-210-rtk\/","url_meta":{"origin":2116,"position":1},"title":"DJI Matrice 210 RTK","author":"admin","date":"21 novembre 2020","format":false,"excerpt":"Le drone DJI Matrice s\u00e9rie 200 Con\u00e7u pour durer: Des moteurs haute performance associ\u00e9s \u00e0 des h\u00e9lices de 17 pouces assurent un vol stable par vent fort. Le nouveau syst\u00e8me d'alimentation \u00e0 double batterie chauffe automatiquement les batteries lors du vol \u00e0 des temp\u00e9ratures inf\u00e9rieures \u00e0 z\u00e9ro, tandis qu'une conception\u2026","rel":"","context":"Article similaire","block_context":{"text":"Article similaire","link":""},"img":{"alt_text":"DJI Matrice 210 RTK","src":"https:\/\/i0.wp.com\/store.droneway.ma\/wp-content\/uploads\/2020\/11\/dji-matrice-210-rtk-p-image-198019-grande.jpg?resize=350%2C200&ssl=1","width":350,"height":200,"srcset":"https:\/\/i0.wp.com\/store.droneway.ma\/wp-content\/uploads\/2020\/11\/dji-matrice-210-rtk-p-image-198019-grande.jpg?resize=350%2C200&ssl=1 1x, https:\/\/i0.wp.com\/store.droneway.ma\/wp-content\/uploads\/2020\/11\/dji-matrice-210-rtk-p-image-198019-grande.jpg?resize=525%2C300&ssl=1 1.5x, https:\/\/i0.wp.com\/store.droneway.ma\/wp-content\/uploads\/2020\/11\/dji-matrice-210-rtk-p-image-198019-grande.jpg?resize=700%2C400&ssl=1 2x"},"classes":[]},{"id":2905,"url":"https:\/\/store.droneway.ma\/index.php\/produit\/dji-dock\/","url_meta":{"origin":2116,"position":2},"title":"DJI Dock 1 &#038; 2","author":"admin","date":"1 juillet 2024","format":false,"excerpt":"Le DJI Dock 1 et Dock 2, plus capable mais nettement plus petit, d\u00e9ploie des drones Matrice 30T, 3D ou 3TD avec facilit\u00e9 et s\u00e9curit\u00e9. Le Dock est l\u00e9ger, offre des capacit\u00e9s op\u00e9rationnelles de haut niveau et dispose de fonctions intelligentes bas\u00e9es sur le cloud qui apportent efficacit\u00e9 et qualit\u00e9\u2026","rel":"","context":"Article similaire","block_context":{"text":"Article similaire","link":""},"img":{"alt_text":"DJI Dock","src":"https:\/\/i0.wp.com\/store.droneway.ma\/wp-content\/uploads\/2024\/07\/dock-1-et-2.png?resize=350%2C200&ssl=1","width":350,"height":200,"srcset":"https:\/\/i0.wp.com\/store.droneway.ma\/wp-content\/uploads\/2024\/07\/dock-1-et-2.png?resize=350%2C200&ssl=1 1x, https:\/\/i0.wp.com\/store.droneway.ma\/wp-content\/uploads\/2024\/07\/dock-1-et-2.png?resize=525%2C300&ssl=1 1.5x, https:\/\/i0.wp.com\/store.droneway.ma\/wp-content\/uploads\/2024\/07\/dock-1-et-2.png?resize=700%2C400&ssl=1 2x"},"classes":[]},{"id":2123,"url":"https:\/\/store.droneway.ma\/index.php\/produit\/batterie-tb50-4280-mah-pour-dji-matrice-200\/","url_meta":{"origin":2116,"position":3},"title":"Batterie TB50 4280 mAh pour DJI Matrice 200","author":"admin","date":"21 novembre 2020","format":false,"excerpt":"Batterie TB50 pour DJI Matrice 200 et 210","rel":"","context":"Article similaire","block_context":{"text":"Article similaire","link":""},"img":{"alt_text":"Batterie TB50 4280 mAh pour DJI Matrice 200","src":"https:\/\/i0.wp.com\/store.droneway.ma\/wp-content\/uploads\/2020\/11\/batterie-tb50-pour-dji-matrice-200-p-image-189655-grande.jpg?resize=350%2C200&ssl=1","width":350,"height":200},"classes":[]},{"id":2100,"url":"https:\/\/store.droneway.ma\/index.php\/produit\/dji-matrice-210-rtk-v2-et-station-gnss\/","url_meta":{"origin":2116,"position":4},"title":"DJI Matrice 210 RTK V2 et station GNSS","author":"admin","date":"21 novembre 2020","format":false,"excerpt":"Le drone DJI Matrice s\u00e9rie 200 Con\u00e7u pour durer: Des moteurs haute performance associ\u00e9s \u00e0 des h\u00e9lices de 17 pouces assurent un vol stable par vent fort. Le nouveau syst\u00e8me d'alimentation \u00e0 double batterie chauffe automatiquement les batteries lors du vol \u00e0 des temp\u00e9ratures inf\u00e9rieures \u00e0 z\u00e9ro, tandis qu'une conception\u2026","rel":"","context":"Article similaire","block_context":{"text":"Article similaire","link":""},"img":{"alt_text":"DJI Matrice 210 RTK V2 et station GNSS","src":"https:\/\/i0.wp.com\/store.droneway.ma\/wp-content\/uploads\/2020\/11\/dji-matrice-210-rtk-v2-et-station-mobile-gnss-de-haute-precision-p-image-206250-grande.jpg?resize=350%2C200&ssl=1","width":350,"height":200,"srcset":"https:\/\/i0.wp.com\/store.droneway.ma\/wp-content\/uploads\/2020\/11\/dji-matrice-210-rtk-v2-et-station-mobile-gnss-de-haute-precision-p-image-206250-grande.jpg?resize=350%2C200&ssl=1 1x, https:\/\/i0.wp.com\/store.droneway.ma\/wp-content\/uploads\/2020\/11\/dji-matrice-210-rtk-v2-et-station-mobile-gnss-de-haute-precision-p-image-206250-grande.jpg?resize=525%2C300&ssl=1 1.5x, https:\/\/i0.wp.com\/store.droneway.ma\/wp-content\/uploads\/2020\/11\/dji-matrice-210-rtk-v2-et-station-mobile-gnss-de-haute-precision-p-image-206250-grande.jpg?resize=700%2C400&ssl=1 2x"},"classes":[]},{"id":2117,"url":"https:\/\/store.droneway.ma\/index.php\/produit\/module-dexpansion-osdk-dji\/","url_meta":{"origin":2116,"position":5},"title":"Module d&rsquo;expansion OSDK &#8211; DJI","author":"admin","date":"21 novembre 2020","format":false,"excerpt":"Module OSDK","rel":"","context":"Article similaire","block_context":{"text":"Article similaire","link":""},"img":{"alt_text":"Module d'expansion OSDK - DJI","src":"https:\/\/i0.wp.com\/store.droneway.ma\/wp-content\/uploads\/2020\/11\/module-d-expansion-osdk-dji-p-image-219104-grande.jpg?resize=350%2C200&ssl=1","width":350,"height":200,"srcset":"https:\/\/i0.wp.com\/store.droneway.ma\/wp-content\/uploads\/2020\/11\/module-d-expansion-osdk-dji-p-image-219104-grande.jpg?resize=350%2C200&ssl=1 1x, https:\/\/i0.wp.com\/store.droneway.ma\/wp-content\/uploads\/2020\/11\/module-d-expansion-osdk-dji-p-image-219104-grande.jpg?resize=525%2C300&ssl=1 1.5x, https:\/\/i0.wp.com\/store.droneway.ma\/wp-content\/uploads\/2020\/11\/module-d-expansion-osdk-dji-p-image-219104-grande.jpg?resize=700%2C400&ssl=1 2x"},"classes":[]}],"jetpack_sharing_enabled":true,"_links":{"self":[{"href":"https:\/\/store.droneway.ma\/index.php\/wp-json\/wp\/v2\/product\/2116","targetHints":{"allow":["GET"]}}],"collection":[{"href":"https:\/\/store.droneway.ma\/index.php\/wp-json\/wp\/v2\/product"}],"about":[{"href":"https:\/\/store.droneway.ma\/index.php\/wp-json\/wp\/v2\/types\/product"}],"wp:featuredmedia":[{"embeddable":true,"href":"https:\/\/store.droneway.ma\/index.php\/wp-json\/wp\/v2\/media\/567"}],"wp:attachment":[{"href":"https:\/\/store.droneway.ma\/index.php\/wp-json\/wp\/v2\/media?parent=2116"}],"wp:term":[{"taxonomy":"product_brand","embeddable":true,"href":"https:\/\/store.droneway.ma\/index.php\/wp-json\/wp\/v2\/product_brand?post=2116"},{"taxonomy":"product_cat","embeddable":true,"href":"https:\/\/store.droneway.ma\/index.php\/wp-json\/wp\/v2\/product_cat?post=2116"},{"taxonomy":"product_tag","embeddable":true,"href":"https:\/\/store.droneway.ma\/index.php\/wp-json\/wp\/v2\/product_tag?post=2116"}],"curies":[{"name":"wp","href":"https:\/\/api.w.org\/{rel}","templated":true}]}}