{"id":2114,"date":"2020-11-21T19:01:44","date_gmt":"2020-11-21T18:01:44","guid":{"rendered":"http:\/\/store.droneway.ma\/index.php\/produit\/projecteur-led-wingsland-z15-pour-dji-m200-dji\/"},"modified":"2020-11-21T19:01:46","modified_gmt":"2020-11-21T18:01:46","slug":"projecteur-led-wingsland-z15-pour-dji-m200-dji","status":"publish","type":"product","link":"https:\/\/store.droneway.ma\/index.php\/produit\/projecteur-led-wingsland-z15-pour-dji-m200-dji\/","title":{"rendered":"Projecteur LED Wingsland Z15 pour DJI M200 &#8211; DJI"},"content":{"rendered":"<p>Le Wingsland Z15 est un puissant projecteur LED stabilis\u00e9 sur nacelle 3 axes sp\u00e9cialement d\u00e9velopp\u00e9 pour les drones professionnels DJI M200.  Ce projecteur Z15 peut \u00eatre mont\u00e9 en parall\u00e8le sur les M200 avec une autre nacelle comme une Zenmuse XT2, une Z30 ou une X5S, en configuration basse double nacelles. Il offre une port\u00e9e maximale de 150 m\u00e8tres et peut s&rsquo;int\u00e9grer aux drones DJI Matrice 200 S\u00e9ries V1 et V2. Elle dispose d&rsquo;un syst\u00e8me de refroidissement automatique qui s&rsquo;active d\u00e8s 90\u00b0C.  Les professionnels des services de lutte contre l&rsquo;incendie, d&rsquo;intervention d&rsquo;urgence, de maintien de l&rsquo;ordre.<\/p>\n","protected":false},"excerpt":{"rendered":"<p>Projecteur LED stabilis\u00e9 sur nacelle 3 axes pour drones DJI M200  Plusieurs modes d&rsquo;\u00e9clairage disponibles : On, Flashing et SOS  Compatible avec tous les drones de la s\u00e9rie Matrice 200  Support double nacelles en configuration basse  Protection thermique automatique d\u00e8s 90\u00b0C  Puissant : 10 200 lumens<\/p>\n","protected":false},"featured_media":551,"template":"","meta":{"content-type":"","rop_custom_images_group":[],"rop_custom_messages_group":[],"rop_publish_now":"initial","rop_publish_now_accounts":[],"rop_publish_now_history":[],"rop_publish_now_status":"pending"},"product_brand":[],"product_cat":[18,31],"product_tag":[],"class_list":{"0":"post-2114","1":"product","2":"type-product","3":"status-publish","4":"has-post-thumbnail","6":"product_cat-dji-matrice","7":"product_cat-matrice-200","9":"first","10":"instock","11":"purchasable","12":"product-type-simple"},"jetpack-related-posts":[{"id":2116,"url":"https:\/\/store.droneway.ma\/index.php\/produit\/megaphone-mp130-cytop\/","url_meta":{"origin":2114,"position":0},"title":"M\u00e9gaphone MP130 &#8211; Cytop","author":"admin","date":"21 novembre 2020","format":false,"excerpt":"M\u00e9gaphone pour les professionnels Compatible DJI M300RTK et M200 V1 & V2 Diffusion de messages en direct Jusqu'\u00e0 130 dB","rel":"","context":"Article similaire","block_context":{"text":"Article similaire","link":""},"img":{"alt_text":"M\u00e9gaphone MP130 - Cytop","src":"https:\/\/i0.wp.com\/store.droneway.ma\/wp-content\/uploads\/2020\/11\/megaphone-mp130-cytop-p-image-219954-grande.jpg?resize=350%2C200&ssl=1","width":350,"height":200,"srcset":"https:\/\/i0.wp.com\/store.droneway.ma\/wp-content\/uploads\/2020\/11\/megaphone-mp130-cytop-p-image-219954-grande.jpg?resize=350%2C200&ssl=1 1x, https:\/\/i0.wp.com\/store.droneway.ma\/wp-content\/uploads\/2020\/11\/megaphone-mp130-cytop-p-image-219954-grande.jpg?resize=525%2C300&ssl=1 1.5x, https:\/\/i0.wp.com\/store.droneway.ma\/wp-content\/uploads\/2020\/11\/megaphone-mp130-cytop-p-image-219954-grande.jpg?resize=700%2C400&ssl=1 2x"},"classes":[]},{"id":2131,"url":"https:\/\/store.droneway.ma\/index.php\/produit\/connecteur-double-de-nacelle-inferieur-pour-dji-matrice-300-rtk\/","url_meta":{"origin":2114,"position":1},"title":"Connecteur double de nacelle inf\u00e9rieur pour DJI Matrice 300 RTK","author":"admin","date":"21 novembre 2020","format":false,"excerpt":"Cet accessoire permet de connecter deux nacelles compatibles en dessous du drone Matrice 300 RTK. Vous pourrez y connecter les nacelles de la s\u00e9rie Zenmuse H20 mais \u00e9galement la XT2, Z30 et XT S.","rel":"","context":"Article similaire","block_context":{"text":"Article similaire","link":""},"img":{"alt_text":"Connecteur double de nacelle inf\u00e9rieur pour DJI Matrice 300 RTK","src":"https:\/\/i0.wp.com\/store.droneway.ma\/wp-content\/uploads\/2020\/11\/connecteur-double-de-nacelle-inferieur-pour-dji-matrice-300-rtk-p-image-217668-grande.jpg?resize=350%2C200&ssl=1","width":350,"height":200,"srcset":"https:\/\/i0.wp.com\/store.droneway.ma\/wp-content\/uploads\/2020\/11\/connecteur-double-de-nacelle-inferieur-pour-dji-matrice-300-rtk-p-image-217668-grande.jpg?resize=350%2C200&ssl=1 1x, https:\/\/i0.wp.com\/store.droneway.ma\/wp-content\/uploads\/2020\/11\/connecteur-double-de-nacelle-inferieur-pour-dji-matrice-300-rtk-p-image-217668-grande.jpg?resize=525%2C300&ssl=1 1.5x, https:\/\/i0.wp.com\/store.droneway.ma\/wp-content\/uploads\/2020\/11\/connecteur-double-de-nacelle-inferieur-pour-dji-matrice-300-rtk-p-image-217668-grande.jpg?resize=700%2C400&ssl=1 2x"},"classes":[]},{"id":2108,"url":"https:\/\/store.droneway.ma\/index.php\/produit\/connecteur-de-nacelle-superieur-dji-pour-matrice-210-v2\/","url_meta":{"origin":2114,"position":2},"title":"Connecteur de nacelle sup\u00e9rieur DJI pour Matrice 210 V2","author":"admin","date":"21 novembre 2020","format":false,"excerpt":"Connecteur pour fixer une nacelle en position haute Pour Matrice 210 RTK V2 Dampers int\u00e9gr\u00e9s","rel":"","context":"Article similaire","block_context":{"text":"Article similaire","link":""},"img":{"alt_text":"Connecteur de nacelle sup\u00e9rieur DJI pour Matrice 210 V2","src":"https:\/\/i0.wp.com\/store.droneway.ma\/wp-content\/uploads\/2020\/11\/connecteur-de-nacelle-superieur-dji-pour-matrice-210-v2-p-image-206557-grande.jpg?resize=350%2C200&ssl=1","width":350,"height":200},"classes":[]},{"id":2098,"url":"https:\/\/store.droneway.ma\/index.php\/produit\/dji-matrice-210-v2\/","url_meta":{"origin":2114,"position":3},"title":"DJI Matrice 210 V2","author":"admin","date":"21 novembre 2020","format":false,"excerpt":"Le drone DJI Matrice s\u00e9rie 200 Con\u00e7u pour durer: Des moteurs haute performance associ\u00e9s \u00e0 des h\u00e9lices de 17 pouces assurent un vol stable par vent fort. Le nouveau syst\u00e8me d'alimentation \u00e0 double batterie chauffe automatiquement les batteries lors du vol \u00e0 des temp\u00e9ratures inf\u00e9rieures \u00e0 z\u00e9ro, tandis qu'une conception\u2026","rel":"","context":"Article similaire","block_context":{"text":"Article similaire","link":""},"img":{"alt_text":"DJI Matrice 210 V2","src":"https:\/\/i0.wp.com\/store.droneway.ma\/wp-content\/uploads\/2020\/11\/dji-matrice-210-v2-p-image-206573-grande.jpg?resize=350%2C200&ssl=1","width":350,"height":200,"srcset":"https:\/\/i0.wp.com\/store.droneway.ma\/wp-content\/uploads\/2020\/11\/dji-matrice-210-v2-p-image-206573-grande.jpg?resize=350%2C200&ssl=1 1x, https:\/\/i0.wp.com\/store.droneway.ma\/wp-content\/uploads\/2020\/11\/dji-matrice-210-v2-p-image-206573-grande.jpg?resize=525%2C300&ssl=1 1.5x, https:\/\/i0.wp.com\/store.droneway.ma\/wp-content\/uploads\/2020\/11\/dji-matrice-210-v2-p-image-206573-grande.jpg?resize=700%2C400&ssl=1 2x"},"classes":[]},{"id":2132,"url":"https:\/\/store.droneway.ma\/index.php\/produit\/connecteur-de-nacelle-superieur-pour-dji-matrice-300-rtk\/","url_meta":{"origin":2114,"position":4},"title":"Connecteur de nacelle sup\u00e9rieur pour DJI Matrice 300 RTK","author":"admin","date":"21 novembre 2020","format":false,"excerpt":"Cet accessoire permet de connecter une nacelle compatible sur le dessus du drone Matrice 300 RTK. Vous pourrez y connecter les nacelles de la s\u00e9rie Zenmuse H20 mais \u00e9galement la XT2, Z30 et XT S.","rel":"","context":"Article similaire","block_context":{"text":"Article similaire","link":""},"img":{"alt_text":"Connecteur de nacelle sup\u00e9rieur pour DJI Matrice 300 RTK","src":"https:\/\/i0.wp.com\/store.droneway.ma\/wp-content\/uploads\/2020\/11\/connecteur-de-nacelle-superieur-pour-dji-matrice-300-rtk-p-image-217665-grande.jpg?resize=350%2C200&ssl=1","width":350,"height":200,"srcset":"https:\/\/i0.wp.com\/store.droneway.ma\/wp-content\/uploads\/2020\/11\/connecteur-de-nacelle-superieur-pour-dji-matrice-300-rtk-p-image-217665-grande.jpg?resize=350%2C200&ssl=1 1x, https:\/\/i0.wp.com\/store.droneway.ma\/wp-content\/uploads\/2020\/11\/connecteur-de-nacelle-superieur-pour-dji-matrice-300-rtk-p-image-217665-grande.jpg?resize=525%2C300&ssl=1 1.5x, https:\/\/i0.wp.com\/store.droneway.ma\/wp-content\/uploads\/2020\/11\/connecteur-de-nacelle-superieur-pour-dji-matrice-300-rtk-p-image-217665-grande.jpg?resize=700%2C400&ssl=1 2x"},"classes":[]},{"id":2120,"url":"https:\/\/store.droneway.ma\/index.php\/produit\/batterie-tb55-pour-dji-matrice-200-et-210\/","url_meta":{"origin":2114,"position":5},"title":"Batterie TB55 pour DJI Matrice 200 et 210","author":"admin","date":"21 novembre 2020","format":false,"excerpt":"Batterie grande autonomie Pour gamme M200\/210 Syst\u00e8me de r\u00e9chauffement","rel":"","context":"Article similaire","block_context":{"text":"Article similaire","link":""},"img":{"alt_text":"Batterie TB55 pour DJI Matrice 200 et 210","src":"https:\/\/i0.wp.com\/store.droneway.ma\/wp-content\/uploads\/2020\/11\/batteries-tb55-pour-dji-matrice-200-et-210-p-image-191120-grande.jpg?resize=350%2C200&ssl=1","width":350,"height":200},"classes":[]}],"jetpack_sharing_enabled":true,"_links":{"self":[{"href":"https:\/\/store.droneway.ma\/index.php\/wp-json\/wp\/v2\/product\/2114","targetHints":{"allow":["GET"]}}],"collection":[{"href":"https:\/\/store.droneway.ma\/index.php\/wp-json\/wp\/v2\/product"}],"about":[{"href":"https:\/\/store.droneway.ma\/index.php\/wp-json\/wp\/v2\/types\/product"}],"wp:featuredmedia":[{"embeddable":true,"href":"https:\/\/store.droneway.ma\/index.php\/wp-json\/wp\/v2\/media\/551"}],"wp:attachment":[{"href":"https:\/\/store.droneway.ma\/index.php\/wp-json\/wp\/v2\/media?parent=2114"}],"wp:term":[{"taxonomy":"product_brand","embeddable":true,"href":"https:\/\/store.droneway.ma\/index.php\/wp-json\/wp\/v2\/product_brand?post=2114"},{"taxonomy":"product_cat","embeddable":true,"href":"https:\/\/store.droneway.ma\/index.php\/wp-json\/wp\/v2\/product_cat?post=2114"},{"taxonomy":"product_tag","embeddable":true,"href":"https:\/\/store.droneway.ma\/index.php\/wp-json\/wp\/v2\/product_tag?post=2114"}],"curies":[{"name":"wp","href":"https:\/\/api.w.org\/{rel}","templated":true}]}}