{"id":2113,"date":"2020-11-21T19:01:44","date_gmt":"2020-11-21T18:01:44","guid":{"rendered":"http:\/\/store.droneway.ma\/index.php\/produit\/dji-manifold-2-c-256g\/"},"modified":"2020-11-21T19:01:46","modified_gmt":"2020-11-21T18:01:46","slug":"dji-manifold-2-c-256g","status":"publish","type":"product","link":"https:\/\/store.droneway.ma\/index.php\/produit\/dji-manifold-2-c-256g\/","title":{"rendered":"DJI Manifold 2-C 256G"},"content":{"rendered":"<p>Le Manifold 2 est le micro-ordinateur de deuxi\u00e8me g\u00e9n\u00e9ration de DJI destin\u00e9 aux d\u00e9veloppeurs de SDK pour d\u00e9velopper des solutions de drones personnalis\u00e9s et autonomes. Ce CPU embarqu\u00e9 est d\u00e9clin\u00e9 en deux versions: Manifold 2-G (128G) et Manifold 2-C (256G). Le Manifold 2-C est \u00e9quip\u00e9 d\u2019un processeur Intel Core i7-8550U qui offre une incroyable puissance de traitement et une tr\u00e8s grande r\u00e9activit\u00e9. Cette unit\u00e9 est id\u00e9ale pour le vol autonome, l&rsquo;analyse de donn\u00e9es en temps r\u00e9el, la connectivit\u00e9 avec les stations au sol et les applications robotiques. Avec une vari\u00e9t\u00e9 de ports permettant de connecter diff\u00e9rents p\u00e9riph\u00e9riques externes, le Manifold 2 est compatible avec de nombreux drones DJI : M600 Pro, Matrice 210 V1 et V2, Matrice 210 RTK V1 et V2 ainsi que les contr\u00f4leurs de vol DJI N3 et A3.<\/p>\n","protected":false},"excerpt":{"rendered":"<p>Personnalisation et extensibilit\u00e9  Compatibilit\u00e9 avec le Kit de d\u00e9veloppement mobile (SDK)  Vol autonome  Analyse de donn\u00e9es en temps r\u00e9el  Connectivit\u00e9 avec les stations au sol  Applications robotiques<\/p>\n","protected":false},"featured_media":549,"template":"","meta":{"content-type":"","rop_custom_images_group":[],"rop_custom_messages_group":[],"rop_publish_now":"initial","rop_publish_now_accounts":[],"rop_publish_now_history":[],"rop_publish_now_status":"pending"},"product_brand":[],"product_cat":[18,31],"product_tag":[],"class_list":{"0":"post-2113","1":"product","2":"type-product","3":"status-publish","4":"has-post-thumbnail","6":"product_cat-dji-matrice","7":"product_cat-matrice-200","9":"first","10":"instock","11":"purchasable","12":"product-type-simple"},"jetpack-related-posts":[{"id":2136,"url":"https:\/\/store.droneway.ma\/index.php\/produit\/dji-manifold-2-c-256g-2\/","url_meta":{"origin":2113,"position":0},"title":"DJI Manifold 2-C 256G","author":"admin","date":"21 novembre 2020","format":false,"excerpt":"Personnalisation et extensibilit\u00e9 Compatibilit\u00e9 avec le Kit de d\u00e9veloppement mobile (SDK) Vol autonome Analyse de donn\u00e9es en temps r\u00e9el Connectivit\u00e9 avec les stations au sol Applications robotiques","rel":"","context":"Article similaire","block_context":{"text":"Article similaire","link":""},"img":{"alt_text":"DJI Manifold 2-C 256G","src":"https:\/\/i0.wp.com\/store.droneway.ma\/wp-content\/uploads\/2020\/11\/manifold-2-c-256g-eu-p-image-209475-grande.png?resize=350%2C200&ssl=1","width":350,"height":200,"srcset":"https:\/\/i0.wp.com\/store.droneway.ma\/wp-content\/uploads\/2020\/11\/manifold-2-c-256g-eu-p-image-209475-grande.png?resize=350%2C200&ssl=1 1x, https:\/\/i0.wp.com\/store.droneway.ma\/wp-content\/uploads\/2020\/11\/manifold-2-c-256g-eu-p-image-209475-grande.png?resize=525%2C300&ssl=1 1.5x, https:\/\/i0.wp.com\/store.droneway.ma\/wp-content\/uploads\/2020\/11\/manifold-2-c-256g-eu-p-image-209475-grande.png?resize=700%2C400&ssl=1 2x"},"classes":[]},{"id":2135,"url":"https:\/\/store.droneway.ma\/index.php\/produit\/dji-manifold-2-g-128g-2\/","url_meta":{"origin":2113,"position":1},"title":"DJI Manifold 2-G 128G","author":"admin","date":"21 novembre 2020","format":false,"excerpt":"Personnalisation et extensibilit\u00e9 Compatibilit\u00e9 avec le Kit de d\u00e9veloppement mobile (SDK) Intelligence artificielle Reconnaissance d'objets Analyse des mouvements Traitements d'image","rel":"","context":"Article similaire","block_context":{"text":"Article similaire","link":""},"img":{"alt_text":"DJI Manifold 2-G 128G","src":"https:\/\/i0.wp.com\/store.droneway.ma\/wp-content\/uploads\/2020\/11\/p-image-209481-grande.png?resize=350%2C200&ssl=1","width":350,"height":200,"srcset":"https:\/\/i0.wp.com\/store.droneway.ma\/wp-content\/uploads\/2020\/11\/p-image-209481-grande.png?resize=350%2C200&ssl=1 1x, https:\/\/i0.wp.com\/store.droneway.ma\/wp-content\/uploads\/2020\/11\/p-image-209481-grande.png?resize=525%2C300&ssl=1 1.5x, https:\/\/i0.wp.com\/store.droneway.ma\/wp-content\/uploads\/2020\/11\/p-image-209481-grande.png?resize=700%2C400&ssl=1 2x"},"classes":[]},{"id":2112,"url":"https:\/\/store.droneway.ma\/index.php\/produit\/dji-manifold-2-g-128g\/","url_meta":{"origin":2113,"position":2},"title":"DJI Manifold 2-G 128G","author":"admin","date":"21 novembre 2020","format":false,"excerpt":"Personnalisation et extensibilit\u00e9 Compatibilit\u00e9 avec le Kit de d\u00e9veloppement mobile (SDK) Intelligence artificielle Reconnaissance d'objets Analyse des mouvements Traitements d'image","rel":"","context":"Article similaire","block_context":{"text":"Article similaire","link":""},"img":{"alt_text":"DJI Manifold 2-G 128G","src":"https:\/\/i0.wp.com\/store.droneway.ma\/wp-content\/uploads\/2020\/11\/p-image-209481-grande.png?resize=350%2C200&ssl=1","width":350,"height":200,"srcset":"https:\/\/i0.wp.com\/store.droneway.ma\/wp-content\/uploads\/2020\/11\/p-image-209481-grande.png?resize=350%2C200&ssl=1 1x, https:\/\/i0.wp.com\/store.droneway.ma\/wp-content\/uploads\/2020\/11\/p-image-209481-grande.png?resize=525%2C300&ssl=1 1.5x, https:\/\/i0.wp.com\/store.droneway.ma\/wp-content\/uploads\/2020\/11\/p-image-209481-grande.png?resize=700%2C400&ssl=1 2x"},"classes":[]},{"id":2110,"url":"https:\/\/store.droneway.ma\/index.php\/produit\/support-dji-pour-manifold-2-et-matrice-200-series\/","url_meta":{"origin":2113,"position":3},"title":"Support DJI pour Manifold 2 et Matrice 200 series","author":"admin","date":"21 novembre 2020","format":false,"excerpt":"Support pour montage DJI Manifold 2 Compatible M210, M210V2 et RTK Installation ais\u00e9e : passage des c\u00e2bles","rel":"","context":"Article similaire","block_context":{"text":"Article similaire","link":""},"img":{"alt_text":"Support DJI pour Manifold 2 et Matrice 200 series","src":"https:\/\/i0.wp.com\/store.droneway.ma\/wp-content\/uploads\/2020\/11\/support-dji-pour-manifold-2-et-matrice-200-series-p-image-209486-grande.jpg?resize=350%2C200&ssl=1","width":350,"height":200},"classes":[]},{"id":2138,"url":"https:\/\/store.droneway.ma\/index.php\/produit\/module-dexpansion-osdk-dji-2\/","url_meta":{"origin":2113,"position":4},"title":"Module d&rsquo;expansion OSDK &#8211; DJI","author":"admin","date":"21 novembre 2020","format":false,"excerpt":"Le module OSDK est \u00e0 installer sur le drone Matrice 300 RTK (ou Matrice 210 V2) afin de connecter le Manifold 2. Ainsi les d\u00e9veloppeurs peuvent r\u00e9cup\u00e9rer les informations du drone dans l'interface OSDK. Ce module permet notamment d'avoir acc\u00e8s au vol automatis\u00e9, au contr\u00f4le de la charge utile etc.,\u2026","rel":"","context":"Article similaire","block_context":{"text":"Article similaire","link":""},"img":{"alt_text":"Module d'expansion OSDK - DJI","src":"https:\/\/i0.wp.com\/store.droneway.ma\/wp-content\/uploads\/2020\/11\/module-d-expansion-osdk-dji-p-image-219104-grande.jpg?resize=350%2C200&ssl=1","width":350,"height":200,"srcset":"https:\/\/i0.wp.com\/store.droneway.ma\/wp-content\/uploads\/2020\/11\/module-d-expansion-osdk-dji-p-image-219104-grande.jpg?resize=350%2C200&ssl=1 1x, https:\/\/i0.wp.com\/store.droneway.ma\/wp-content\/uploads\/2020\/11\/module-d-expansion-osdk-dji-p-image-219104-grande.jpg?resize=525%2C300&ssl=1 1.5x, https:\/\/i0.wp.com\/store.droneway.ma\/wp-content\/uploads\/2020\/11\/module-d-expansion-osdk-dji-p-image-219104-grande.jpg?resize=700%2C400&ssl=1 2x"},"classes":[]},{"id":2117,"url":"https:\/\/store.droneway.ma\/index.php\/produit\/module-dexpansion-osdk-dji\/","url_meta":{"origin":2113,"position":5},"title":"Module d&rsquo;expansion OSDK &#8211; DJI","author":"admin","date":"21 novembre 2020","format":false,"excerpt":"Module OSDK","rel":"","context":"Article similaire","block_context":{"text":"Article similaire","link":""},"img":{"alt_text":"Module d'expansion OSDK - DJI","src":"https:\/\/i0.wp.com\/store.droneway.ma\/wp-content\/uploads\/2020\/11\/module-d-expansion-osdk-dji-p-image-219104-grande.jpg?resize=350%2C200&ssl=1","width":350,"height":200,"srcset":"https:\/\/i0.wp.com\/store.droneway.ma\/wp-content\/uploads\/2020\/11\/module-d-expansion-osdk-dji-p-image-219104-grande.jpg?resize=350%2C200&ssl=1 1x, https:\/\/i0.wp.com\/store.droneway.ma\/wp-content\/uploads\/2020\/11\/module-d-expansion-osdk-dji-p-image-219104-grande.jpg?resize=525%2C300&ssl=1 1.5x, https:\/\/i0.wp.com\/store.droneway.ma\/wp-content\/uploads\/2020\/11\/module-d-expansion-osdk-dji-p-image-219104-grande.jpg?resize=700%2C400&ssl=1 2x"},"classes":[]}],"jetpack_sharing_enabled":true,"_links":{"self":[{"href":"https:\/\/store.droneway.ma\/index.php\/wp-json\/wp\/v2\/product\/2113","targetHints":{"allow":["GET"]}}],"collection":[{"href":"https:\/\/store.droneway.ma\/index.php\/wp-json\/wp\/v2\/product"}],"about":[{"href":"https:\/\/store.droneway.ma\/index.php\/wp-json\/wp\/v2\/types\/product"}],"wp:featuredmedia":[{"embeddable":true,"href":"https:\/\/store.droneway.ma\/index.php\/wp-json\/wp\/v2\/media\/549"}],"wp:attachment":[{"href":"https:\/\/store.droneway.ma\/index.php\/wp-json\/wp\/v2\/media?parent=2113"}],"wp:term":[{"taxonomy":"product_brand","embeddable":true,"href":"https:\/\/store.droneway.ma\/index.php\/wp-json\/wp\/v2\/product_brand?post=2113"},{"taxonomy":"product_cat","embeddable":true,"href":"https:\/\/store.droneway.ma\/index.php\/wp-json\/wp\/v2\/product_cat?post=2113"},{"taxonomy":"product_tag","embeddable":true,"href":"https:\/\/store.droneway.ma\/index.php\/wp-json\/wp\/v2\/product_tag?post=2113"}],"curies":[{"name":"wp","href":"https:\/\/api.w.org\/{rel}","templated":true}]}}