{"id":2111,"date":"2020-11-21T19:01:44","date_gmt":"2020-11-21T18:01:44","guid":{"rendered":"http:\/\/store.droneway.ma\/index.php\/produit\/mini-switch-dji-pour-manifold-2\/"},"modified":"2020-11-21T19:01:45","modified_gmt":"2020-11-21T18:01:45","slug":"mini-switch-dji-pour-manifold-2","status":"publish","type":"product","link":"https:\/\/store.droneway.ma\/index.php\/produit\/mini-switch-dji-pour-manifold-2\/","title":{"rendered":"Mini-switch DJI pour Manifold 2"},"content":{"rendered":"<p>Le mini-switch pour DJI Manifold 2 poss\u00e8de 5 ports Ethernet pour transf\u00e9rer les donn\u00e9es \u00e0 1 000 Mbits \/ s et connecter d&rsquo;autres p\u00e9riph\u00e9riques.  Les appareils connect\u00e9s pourront acc\u00e9der \u00e0 Internet via le commutateur lorsque celui-ci est connect\u00e9 \u00e0 Internet.<\/p>\n","protected":false},"excerpt":{"rendered":"<p>Mini-commutateur sp\u00e9cialement con\u00e7u pour DJI Manifold 2  5 Ports Ethernet \u00e0 1000 Mbits \/ s  Ajout de p\u00e9riph\u00e9riques<\/p>\n","protected":false},"featured_media":543,"template":"","meta":{"content-type":"","rop_custom_images_group":[],"rop_custom_messages_group":[],"rop_publish_now":"initial","rop_publish_now_accounts":[],"rop_publish_now_history":[],"rop_publish_now_status":"pending"},"product_brand":[],"product_cat":[18,31],"product_tag":[],"class_list":{"0":"post-2111","1":"product","2":"type-product","3":"status-publish","4":"has-post-thumbnail","6":"product_cat-dji-matrice","7":"product_cat-matrice-200","9":"first","10":"instock","11":"purchasable","12":"product-type-simple"},"jetpack-related-posts":[{"id":2135,"url":"https:\/\/store.droneway.ma\/index.php\/produit\/dji-manifold-2-g-128g-2\/","url_meta":{"origin":2111,"position":0},"title":"DJI Manifold 2-G 128G","author":"admin","date":"21 novembre 2020","format":false,"excerpt":"Personnalisation et extensibilit\u00e9 Compatibilit\u00e9 avec le Kit de d\u00e9veloppement mobile (SDK) Intelligence artificielle Reconnaissance d'objets Analyse des mouvements Traitements d'image","rel":"","context":"Article similaire","block_context":{"text":"Article similaire","link":""},"img":{"alt_text":"DJI Manifold 2-G 128G","src":"https:\/\/i0.wp.com\/store.droneway.ma\/wp-content\/uploads\/2020\/11\/p-image-209481-grande.png?resize=350%2C200&ssl=1","width":350,"height":200,"srcset":"https:\/\/i0.wp.com\/store.droneway.ma\/wp-content\/uploads\/2020\/11\/p-image-209481-grande.png?resize=350%2C200&ssl=1 1x, https:\/\/i0.wp.com\/store.droneway.ma\/wp-content\/uploads\/2020\/11\/p-image-209481-grande.png?resize=525%2C300&ssl=1 1.5x, https:\/\/i0.wp.com\/store.droneway.ma\/wp-content\/uploads\/2020\/11\/p-image-209481-grande.png?resize=700%2C400&ssl=1 2x"},"classes":[]},{"id":2112,"url":"https:\/\/store.droneway.ma\/index.php\/produit\/dji-manifold-2-g-128g\/","url_meta":{"origin":2111,"position":1},"title":"DJI Manifold 2-G 128G","author":"admin","date":"21 novembre 2020","format":false,"excerpt":"Personnalisation et extensibilit\u00e9 Compatibilit\u00e9 avec le Kit de d\u00e9veloppement mobile (SDK) Intelligence artificielle Reconnaissance d'objets Analyse des mouvements Traitements d'image","rel":"","context":"Article similaire","block_context":{"text":"Article similaire","link":""},"img":{"alt_text":"DJI Manifold 2-G 128G","src":"https:\/\/i0.wp.com\/store.droneway.ma\/wp-content\/uploads\/2020\/11\/p-image-209481-grande.png?resize=350%2C200&ssl=1","width":350,"height":200,"srcset":"https:\/\/i0.wp.com\/store.droneway.ma\/wp-content\/uploads\/2020\/11\/p-image-209481-grande.png?resize=350%2C200&ssl=1 1x, https:\/\/i0.wp.com\/store.droneway.ma\/wp-content\/uploads\/2020\/11\/p-image-209481-grande.png?resize=525%2C300&ssl=1 1.5x, https:\/\/i0.wp.com\/store.droneway.ma\/wp-content\/uploads\/2020\/11\/p-image-209481-grande.png?resize=700%2C400&ssl=1 2x"},"classes":[]},{"id":2136,"url":"https:\/\/store.droneway.ma\/index.php\/produit\/dji-manifold-2-c-256g-2\/","url_meta":{"origin":2111,"position":2},"title":"DJI Manifold 2-C 256G","author":"admin","date":"21 novembre 2020","format":false,"excerpt":"Personnalisation et extensibilit\u00e9 Compatibilit\u00e9 avec le Kit de d\u00e9veloppement mobile (SDK) Vol autonome Analyse de donn\u00e9es en temps r\u00e9el Connectivit\u00e9 avec les stations au sol Applications robotiques","rel":"","context":"Article similaire","block_context":{"text":"Article similaire","link":""},"img":{"alt_text":"DJI Manifold 2-C 256G","src":"https:\/\/i0.wp.com\/store.droneway.ma\/wp-content\/uploads\/2020\/11\/manifold-2-c-256g-eu-p-image-209475-grande.png?resize=350%2C200&ssl=1","width":350,"height":200,"srcset":"https:\/\/i0.wp.com\/store.droneway.ma\/wp-content\/uploads\/2020\/11\/manifold-2-c-256g-eu-p-image-209475-grande.png?resize=350%2C200&ssl=1 1x, https:\/\/i0.wp.com\/store.droneway.ma\/wp-content\/uploads\/2020\/11\/manifold-2-c-256g-eu-p-image-209475-grande.png?resize=525%2C300&ssl=1 1.5x, https:\/\/i0.wp.com\/store.droneway.ma\/wp-content\/uploads\/2020\/11\/manifold-2-c-256g-eu-p-image-209475-grande.png?resize=700%2C400&ssl=1 2x"},"classes":[]},{"id":2113,"url":"https:\/\/store.droneway.ma\/index.php\/produit\/dji-manifold-2-c-256g\/","url_meta":{"origin":2111,"position":3},"title":"DJI Manifold 2-C 256G","author":"admin","date":"21 novembre 2020","format":false,"excerpt":"Personnalisation et extensibilit\u00e9 Compatibilit\u00e9 avec le Kit de d\u00e9veloppement mobile (SDK) Vol autonome Analyse de donn\u00e9es en temps r\u00e9el Connectivit\u00e9 avec les stations au sol Applications robotiques","rel":"","context":"Article similaire","block_context":{"text":"Article similaire","link":""},"img":{"alt_text":"DJI Manifold 2-C 256G","src":"https:\/\/i0.wp.com\/store.droneway.ma\/wp-content\/uploads\/2020\/11\/manifold-2-c-256g-eu-p-image-209475-grande.png?resize=350%2C200&ssl=1","width":350,"height":200,"srcset":"https:\/\/i0.wp.com\/store.droneway.ma\/wp-content\/uploads\/2020\/11\/manifold-2-c-256g-eu-p-image-209475-grande.png?resize=350%2C200&ssl=1 1x, https:\/\/i0.wp.com\/store.droneway.ma\/wp-content\/uploads\/2020\/11\/manifold-2-c-256g-eu-p-image-209475-grande.png?resize=525%2C300&ssl=1 1.5x, https:\/\/i0.wp.com\/store.droneway.ma\/wp-content\/uploads\/2020\/11\/manifold-2-c-256g-eu-p-image-209475-grande.png?resize=700%2C400&ssl=1 2x"},"classes":[]},{"id":2110,"url":"https:\/\/store.droneway.ma\/index.php\/produit\/support-dji-pour-manifold-2-et-matrice-200-series\/","url_meta":{"origin":2111,"position":4},"title":"Support DJI pour Manifold 2 et Matrice 200 series","author":"admin","date":"21 novembre 2020","format":false,"excerpt":"Support pour montage DJI Manifold 2 Compatible M210, M210V2 et RTK Installation ais\u00e9e : passage des c\u00e2bles","rel":"","context":"Article similaire","block_context":{"text":"Article similaire","link":""},"img":{"alt_text":"Support DJI pour Manifold 2 et Matrice 200 series","src":"https:\/\/i0.wp.com\/store.droneway.ma\/wp-content\/uploads\/2020\/11\/support-dji-pour-manifold-2-et-matrice-200-series-p-image-209486-grande.jpg?resize=350%2C200&ssl=1","width":350,"height":200},"classes":[]},{"id":2138,"url":"https:\/\/store.droneway.ma\/index.php\/produit\/module-dexpansion-osdk-dji-2\/","url_meta":{"origin":2111,"position":5},"title":"Module d&rsquo;expansion OSDK &#8211; DJI","author":"admin","date":"21 novembre 2020","format":false,"excerpt":"Le module OSDK est \u00e0 installer sur le drone Matrice 300 RTK (ou Matrice 210 V2) afin de connecter le Manifold 2. Ainsi les d\u00e9veloppeurs peuvent r\u00e9cup\u00e9rer les informations du drone dans l'interface OSDK. Ce module permet notamment d'avoir acc\u00e8s au vol automatis\u00e9, au contr\u00f4le de la charge utile etc.,\u2026","rel":"","context":"Article similaire","block_context":{"text":"Article similaire","link":""},"img":{"alt_text":"Module d'expansion OSDK - DJI","src":"https:\/\/i0.wp.com\/store.droneway.ma\/wp-content\/uploads\/2020\/11\/module-d-expansion-osdk-dji-p-image-219104-grande.jpg?resize=350%2C200&ssl=1","width":350,"height":200,"srcset":"https:\/\/i0.wp.com\/store.droneway.ma\/wp-content\/uploads\/2020\/11\/module-d-expansion-osdk-dji-p-image-219104-grande.jpg?resize=350%2C200&ssl=1 1x, https:\/\/i0.wp.com\/store.droneway.ma\/wp-content\/uploads\/2020\/11\/module-d-expansion-osdk-dji-p-image-219104-grande.jpg?resize=525%2C300&ssl=1 1.5x, https:\/\/i0.wp.com\/store.droneway.ma\/wp-content\/uploads\/2020\/11\/module-d-expansion-osdk-dji-p-image-219104-grande.jpg?resize=700%2C400&ssl=1 2x"},"classes":[]}],"jetpack_sharing_enabled":true,"_links":{"self":[{"href":"https:\/\/store.droneway.ma\/index.php\/wp-json\/wp\/v2\/product\/2111","targetHints":{"allow":["GET"]}}],"collection":[{"href":"https:\/\/store.droneway.ma\/index.php\/wp-json\/wp\/v2\/product"}],"about":[{"href":"https:\/\/store.droneway.ma\/index.php\/wp-json\/wp\/v2\/types\/product"}],"wp:featuredmedia":[{"embeddable":true,"href":"https:\/\/store.droneway.ma\/index.php\/wp-json\/wp\/v2\/media\/543"}],"wp:attachment":[{"href":"https:\/\/store.droneway.ma\/index.php\/wp-json\/wp\/v2\/media?parent=2111"}],"wp:term":[{"taxonomy":"product_brand","embeddable":true,"href":"https:\/\/store.droneway.ma\/index.php\/wp-json\/wp\/v2\/product_brand?post=2111"},{"taxonomy":"product_cat","embeddable":true,"href":"https:\/\/store.droneway.ma\/index.php\/wp-json\/wp\/v2\/product_cat?post=2111"},{"taxonomy":"product_tag","embeddable":true,"href":"https:\/\/store.droneway.ma\/index.php\/wp-json\/wp\/v2\/product_tag?post=2111"}],"curies":[{"name":"wp","href":"https:\/\/api.w.org\/{rel}","templated":true}]}}