{"id":2109,"date":"2020-11-21T19:01:44","date_gmt":"2020-11-21T18:01:44","guid":{"rendered":"http:\/\/store.droneway.ma\/index.php\/produit\/radiocommande-dji-cendence-s-2\/"},"modified":"2020-11-21T19:01:44","modified_gmt":"2020-11-21T18:01:44","slug":"radiocommande-dji-cendence-s-2","status":"publish","type":"product","link":"https:\/\/store.droneway.ma\/index.php\/produit\/radiocommande-dji-cendence-s-2\/","title":{"rendered":"Radiocommande DJI Cendence S"},"content":{"rendered":"<p>DJI Cendence S est une radiocommande d\u00e9velopp\u00e9e sp\u00e9cialement pour la gamme de drones DJI Matrice 200 version 2. Cette radiocommande est con\u00e7ue pour les professionnels et les d\u00e9veloppeurs.  Vous pourrez utiliser une tablette sur la version S \u00e0 la place du DJI CrystalSky, ce qui facilitera \u00e9norm\u00e9ment les d\u00e9veloppements d\u2019applications pour les drones DJI Matrice 200 version 2.  Elle reprend l\u2019ergonomie de la version pr\u00e9c\u00e9dente, un nombre impressionnant de voies et de boutons personnalisables.  Elle propose un syst\u00e8me d\u2019antenne interchangeable pour basculer sur une antenne \u00e0 haut gain ou encore sur le syst\u00e8me DJI Tracktenna pour atteindre une port\u00e9e de 10km !  Une connectique riche, HDMI, SDI, USB et CAN, permettra de r\u00e9cup\u00e9rer le flux vid\u00e9o et de g\u00e9rer de futurs modules.<\/p>\n","protected":false},"excerpt":{"rendered":"<p>Radio professionnelle hautement personnalisable  Version sp\u00e9ciale pour pros et d\u00e9veloppeurs  Prise en charge des tablettes iPad et Android  Antenne interchangeable : DJI Tracktenna  Nombreux ports d&rsquo;extension  Sorties HDMI\/SDI<\/p>\n","protected":false},"featured_media":535,"template":"","meta":{"content-type":"","rop_custom_images_group":[],"rop_custom_messages_group":[],"rop_publish_now":"initial","rop_publish_now_accounts":[],"rop_publish_now_history":[],"rop_publish_now_status":"pending"},"product_brand":[],"product_cat":[18,31],"product_tag":[],"class_list":{"0":"post-2109","1":"product","2":"type-product","3":"status-publish","4":"has-post-thumbnail","6":"product_cat-dji-matrice","7":"product_cat-matrice-200","9":"first","10":"instock","11":"purchasable","12":"product-type-simple"},"jetpack-related-posts":[{"id":2092,"url":"https:\/\/store.droneway.ma\/index.php\/produit\/radiocommande-dji-cendence-s\/","url_meta":{"origin":2109,"position":0},"title":"Radiocommande DJI Cendence S","author":"admin","date":"21 novembre 2020","format":false,"excerpt":"Radio professionnelle hautement personnalisable Version sp\u00e9ciale pour pros et d\u00e9veloppeurs Prise en charge des tablettes iPad et Android","rel":"","context":"Article similaire","block_context":{"text":"Article similaire","link":""},"img":{"alt_text":"Radiocommande DJI Cendence S","src":"https:\/\/i0.wp.com\/store.droneway.ma\/wp-content\/uploads\/2020\/11\/p-image-209829-grande.jpg?resize=350%2C200&ssl=1","width":350,"height":200},"classes":[]},{"id":2104,"url":"https:\/\/store.droneway.ma\/index.php\/produit\/radiocommande-dji-cendence-2\/","url_meta":{"origin":2109,"position":1},"title":"Radiocommande DJI Cendence","author":"admin","date":"21 novembre 2020","format":false,"excerpt":"Radio professionnelle hautement personnalisable Antenne interchangeable : DJI Tracktenna Nombreux ports d'extension Compatible CrystalSky Sorties HDMI\/SDI Remarque : Hub de chargement non fourni.","rel":"","context":"Article similaire","block_context":{"text":"Article similaire","link":""},"img":{"alt_text":"Radiocommande DJI Cendence","src":"https:\/\/i0.wp.com\/store.droneway.ma\/wp-content\/uploads\/2020\/11\/radiocommande-dji-cendence-p-image-188001-grande.jpg?resize=350%2C200&ssl=1","width":350,"height":200},"classes":[]},{"id":2090,"url":"https:\/\/store.droneway.ma\/index.php\/produit\/radiocommande-dji-cendence\/","url_meta":{"origin":2109,"position":2},"title":"Radiocommande DJI Cendence","author":"admin","date":"21 novembre 2020","format":false,"excerpt":"Radio professionnelle hautement personnalisable Antenne interchangeable : DJI Tracktenna Nombreux ports d'extension Compatible CrystalSky Sorties HDMI\/SDI","rel":"","context":"Article similaire","block_context":{"text":"Article similaire","link":""},"img":{"alt_text":"Radiocommande DJI Cendence","src":"https:\/\/i0.wp.com\/store.droneway.ma\/wp-content\/uploads\/2020\/11\/radiocommande-dji-cendence-p-image-188001-grande.jpg?resize=350%2C200&ssl=1","width":350,"height":200},"classes":[]},{"id":2101,"url":"https:\/\/store.droneway.ma\/index.php\/produit\/dji-matrice-200-v2\/","url_meta":{"origin":2109,"position":3},"title":"DJI Matrice 200 V2","author":"admin","date":"21 novembre 2020","format":false,"excerpt":"Le drone DJI Matrice s\u00e9rie 200 Con\u00e7u pour durer: Des moteurs haute performance associ\u00e9s \u00e0 des h\u00e9lices de 17 pouces assurent un vol stable par vent fort. Le nouveau syst\u00e8me d'alimentation \u00e0 double batterie chauffe automatiquement les batteries lors du vol \u00e0 des temp\u00e9ratures inf\u00e9rieures \u00e0 z\u00e9ro, tandis qu'une conception\u2026","rel":"","context":"Article similaire","block_context":{"text":"Article similaire","link":""},"img":{"alt_text":"DJI Matrice 200 V2","src":"https:\/\/i0.wp.com\/store.droneway.ma\/wp-content\/uploads\/2020\/11\/dji-matrice-200-v2-p-image-206841-grande.jpg?resize=350%2C200&ssl=1","width":350,"height":200},"classes":[]},{"id":2097,"url":"https:\/\/store.droneway.ma\/index.php\/produit\/radiocommande-dji-inspire-2-matrice-200-2\/","url_meta":{"origin":2109,"position":4},"title":"Radiocommande DJI Inspire 2 \/ Matrice 200","author":"admin","date":"21 novembre 2020","format":false,"excerpt":"Radiocommande ergonomique Lightbridge int\u00e9gr\u00e9 Id\u00e9al pour remplacement ou cadreur Port\u00e9e radio : 3.5Km (CE) Compatible DJI Inspire 2 et M200 series","rel":"","context":"Article similaire","block_context":{"text":"Article similaire","link":""},"img":{"alt_text":"Radiocommande DJI Inspire 2 \/ Matrice 200","src":"https:\/\/i0.wp.com\/store.droneway.ma\/wp-content\/uploads\/2020\/11\/radiocommande-dji-inspire-2-p-image-199921-grande.jpg?resize=350%2C200&ssl=1","width":350,"height":200},"classes":[]},{"id":2094,"url":"https:\/\/store.droneway.ma\/index.php\/produit\/radiocommande-dji-inspire-2-matrice-200\/","url_meta":{"origin":2109,"position":5},"title":"Radiocommande DJI Inspire 2 \/ Matrice 200","author":"admin","date":"21 novembre 2020","format":false,"excerpt":"Radiocommande ergonomique Lightbridge int\u00e9gr\u00e9 Id\u00e9al pour remplacement ou cadreur Port\u00e9e radio : 3.5Km (CE) Compatible DJI Inspire 2 et M200 series","rel":"","context":"Article similaire","block_context":{"text":"Article similaire","link":""},"img":{"alt_text":"Radiocommande DJI Inspire 2 \/ Matrice 200","src":"https:\/\/i0.wp.com\/store.droneway.ma\/wp-content\/uploads\/2020\/11\/radiocommande-dji-inspire-2-p-image-199921-grande.jpg?resize=350%2C200&ssl=1","width":350,"height":200},"classes":[]}],"jetpack_sharing_enabled":true,"_links":{"self":[{"href":"https:\/\/store.droneway.ma\/index.php\/wp-json\/wp\/v2\/product\/2109","targetHints":{"allow":["GET"]}}],"collection":[{"href":"https:\/\/store.droneway.ma\/index.php\/wp-json\/wp\/v2\/product"}],"about":[{"href":"https:\/\/store.droneway.ma\/index.php\/wp-json\/wp\/v2\/types\/product"}],"wp:featuredmedia":[{"embeddable":true,"href":"https:\/\/store.droneway.ma\/index.php\/wp-json\/wp\/v2\/media\/535"}],"wp:attachment":[{"href":"https:\/\/store.droneway.ma\/index.php\/wp-json\/wp\/v2\/media?parent=2109"}],"wp:term":[{"taxonomy":"product_brand","embeddable":true,"href":"https:\/\/store.droneway.ma\/index.php\/wp-json\/wp\/v2\/product_brand?post=2109"},{"taxonomy":"product_cat","embeddable":true,"href":"https:\/\/store.droneway.ma\/index.php\/wp-json\/wp\/v2\/product_cat?post=2109"},{"taxonomy":"product_tag","embeddable":true,"href":"https:\/\/store.droneway.ma\/index.php\/wp-json\/wp\/v2\/product_tag?post=2109"}],"curies":[{"name":"wp","href":"https:\/\/api.w.org\/{rel}","templated":true}]}}